{"id":1154,"date":"2017-05-11T15:47:52","date_gmt":"2017-05-11T12:47:52","guid":{"rendered":"https:\/\/www.teeninduskool.ee\/?page_id=1154"},"modified":"2020-05-23T19:54:21","modified_gmt":"2020-05-23T16:54:21","slug":"23-augustil-2017-uhiskulastus-erm-i","status":"publish","type":"page","link":"https:\/\/www.teeninduskool.ee\/?page_id=1154","title":{"rendered":"23 augustil 2017 \u00fchisk\u00fclastus ERM-i"},"content":{"rendered":"<h2 class=\"art-postheader\">&#8211; 23 augustil 2017 \u00fchisk\u00fclastus ERM-i<\/h2>\n<div class=\"art-postcontent\">\n<div class=\"art-article\">\n<p><img decoding=\"async\" src=\"https:\/\/www.teeninduskool.ee\/images\/erm2017.jpg\" border=\"0\" \/><\/p>\n<p>23 augustil 2017 toimub Teko t\u00f6\u00f6tajatele \u00fchisk\u00fclastus Eesti Rahva Muuseumi.<\/p>\n<p>Eelregistreerimine <a href=\"https:\/\/docs.google.com\/forms\/d\/e\/1FAIpQLSffAREtvIkDP5Ri_cCTsJHMl-cZNzx4fAZG5L8VOeA6o33ljw\/viewform?embedded=true\" target=\"_blank\" rel=\"noopener noreferrer\">siit<\/a>.<\/p>\n<\/div>\n<\/div>\n","protected":false},"excerpt":{"rendered":"<p>&#8211; 23 augustil 2017 \u00fchisk\u00fclastus ERM-i 23 augustil 2017 toimub Teko t\u00f6\u00f6tajatele \u00fchisk\u00fclastus Eesti Rahva Muuseumi. Eelregistreerimine siit.<\/p>\n","protected":false},"author":4,"featured_media":0,"parent":254,"menu_order":0,"comment_status":"closed","ping_status":"closed","template":"","meta":{"footnotes":""},"class_list":["post-1154","page","type-page","status-publish","hentry"],"_links":{"self":[{"href":"https:\/\/www.teeninduskool.ee\/index.php?rest_route=\/wp\/v2\/pages\/1154","targetHints":{"allow":["GET"]}}],"collection":[{"href":"https:\/\/www.teeninduskool.ee\/index.php?rest_route=\/wp\/v2\/pages"}],"about":[{"href":"https:\/\/www.teeninduskool.ee\/index.php?rest_route=\/wp\/v2\/types\/page"}],"author":[{"embeddable":true,"href":"https:\/\/www.teeninduskool.ee\/index.php?rest_route=\/wp\/v2\/users\/4"}],"replies":[{"embeddable":true,"href":"https:\/\/www.teeninduskool.ee\/index.php?rest_route=%2Fwp%2Fv2%2Fcomments&post=1154"}],"version-history":[{"count":1,"href":"https:\/\/www.teeninduskool.ee\/index.php?rest_route=\/wp\/v2\/pages\/1154\/revisions"}],"predecessor-version":[{"id":10744,"href":"https:\/\/www.teeninduskool.ee\/index.php?rest_route=\/wp\/v2\/pages\/1154\/revisions\/10744"}],"up":[{"embeddable":true,"href":"https:\/\/www.teeninduskool.ee\/index.php?rest_route=\/wp\/v2\/pages\/254"}],"wp:attachment":[{"href":"https:\/\/www.teeninduskool.ee\/index.php?rest_route=%2Fwp%2Fv2%2Fmedia&parent=1154"}],"curies":[{"name":"wp","href":"https:\/\/api.w.org\/{rel}","templated":true}]}}