{"id":12258,"date":"2020-09-24T16:42:30","date_gmt":"2020-09-24T13:42:30","guid":{"rendered":"https:\/\/www.teeninduskool.ee\/?page_id=12258"},"modified":"2021-08-16T09:35:54","modified_gmt":"2021-08-16T06:35:54","slug":"oppetoetuste-maaramise-komisjon","status":"publish","type":"page","link":"https:\/\/www.teeninduskool.ee\/?page_id=12258","title":{"rendered":"\u00d5ppetoetuste m\u00e4\u00e4ramise komisjon"},"content":{"rendered":"<p style=\"text-align: right;\"><span style=\"font-size: 10pt;\">Tallinna Teeninduskooli <\/span><br \/>\n<span style=\"font-size: 10pt;\">direktori k\u00e4skkiri <\/span><br \/>\n<span style=\"font-size: 10pt;\">7. september 2020 nr 1-1\/540<\/span><\/p>\n<table style=\"border-collapse: collapse; width: 100%;\">\n<tbody>\n<tr>\n<td style=\"width: 100%; background-color: #cd2662; text-align: left; vertical-align: top;\" colspan=\"2\"><span style=\"color: #ffffff;\"><em><strong>\u00d5ppetoetuste m\u00e4\u00e4ramise komisjon<\/strong><\/em><\/span><\/td>\n<\/tr>\n<tr>\n<td style=\"width: 28.6666%; text-align: left; vertical-align: top;\">esimees<\/td>\n<td style=\"width: 71.3334%; text-align: left; vertical-align: top;\"><strong>Tiina Plukk<\/strong>, \u00f5ppedirektor<\/td>\n<\/tr>\n<tr>\n<td style=\"width: 28.6666%; text-align: left; vertical-align: top;\">liikmed<\/td>\n<td style=\"width: 71.3334%; text-align: left; vertical-align: top;\"><strong>Evelin Lambut<\/strong>, juhiabi<\/td>\n<\/tr>\n<tr>\n<td style=\"width: 28.6666%; text-align: left; vertical-align: top;\"><\/td>\n<td style=\"width: 71.3334%; text-align: left; vertical-align: top;\"><strong>Riina Laht<\/strong>, majutamise-toitlustamise \u00f5ppekavar\u00fchm<\/td>\n<\/tr>\n<tr>\n<td style=\"width: 28.6666%; text-align: left; vertical-align: top;\"><\/td>\n<td style=\"width: 71.3334%; text-align: left; vertical-align: top;\"><strong>Diana Kaurkina<\/strong>, toiduainet\u00f6\u00f6tluse \u00f5ppekavar\u00fchm<\/td>\n<\/tr>\n<tr>\n<td style=\"width: 28.6666%; text-align: left; vertical-align: top;\"><\/td>\n<td style=\"width: 71.3334%; text-align: left; vertical-align: top;\"><strong>Svetlana Brjauzova<\/strong>, \u00fcldainete valdkond<\/td>\n<\/tr>\n<tr>\n<td style=\"width: 28.6666%; text-align: left; vertical-align: top;\"><\/td>\n<td style=\"width: 71.3334%; text-align: left; vertical-align: top;\"><strong>Meeli Uibom\u00e4gi<\/strong>, sotsiaalpedagoog<\/td>\n<\/tr>\n<tr>\n<td style=\"width: 28.6666%; text-align: left; vertical-align: top;\"><\/td>\n<td style=\"width: 71.3334%; text-align: left; vertical-align: top;\"><strong>Sigrid Veski<\/strong>, r\u00fchma KK18-PE1 \u00f5pilane, \u00f5pilasesinduse esindaja \u00f5pilane<\/td>\n<\/tr>\n<\/tbody>\n<\/table>\n","protected":false},"excerpt":{"rendered":"<p>Tallinna Teeninduskooli direktori k\u00e4skkiri 7. september 2020 nr 1-1\/540 \u00d5ppetoetuste m\u00e4\u00e4ramise komisjon esimees Tiina Plukk, \u00f5ppedirektor liikmed Evelin Lambut, juhiabi Riina Laht, majutamise-toitlustamise \u00f5ppekavar\u00fchm Diana Kaurkina, toiduainet\u00f6\u00f6tluse \u00f5ppekavar\u00fchm Svetlana Brjauzova, \u00fcldainete valdkond Meeli Uibom\u00e4gi,&#46;&#46;&#46;<\/p>\n","protected":false},"author":4,"featured_media":5814,"parent":4221,"menu_order":0,"comment_status":"closed","ping_status":"closed","template":"","meta":{"footnotes":""},"class_list":["post-12258","page","type-page","status-publish","has-post-thumbnail","hentry"],"_links":{"self":[{"href":"https:\/\/www.teeninduskool.ee\/index.php?rest_route=\/wp\/v2\/pages\/12258","targetHints":{"allow":["GET"]}}],"collection":[{"href":"https:\/\/www.teeninduskool.ee\/index.php?rest_route=\/wp\/v2\/pages"}],"about":[{"href":"https:\/\/www.teeninduskool.ee\/index.php?rest_route=\/wp\/v2\/types\/page"}],"author":[{"embeddable":true,"href":"https:\/\/www.teeninduskool.ee\/index.php?rest_route=\/wp\/v2\/users\/4"}],"replies":[{"embeddable":true,"href":"https:\/\/www.teeninduskool.ee\/index.php?rest_route=%2Fwp%2Fv2%2Fcomments&post=12258"}],"version-history":[{"count":2,"href":"https:\/\/www.teeninduskool.ee\/index.php?rest_route=\/wp\/v2\/pages\/12258\/revisions"}],"predecessor-version":[{"id":13630,"href":"https:\/\/www.teeninduskool.ee\/index.php?rest_route=\/wp\/v2\/pages\/12258\/revisions\/13630"}],"up":[{"embeddable":true,"href":"https:\/\/www.teeninduskool.ee\/index.php?rest_route=\/wp\/v2\/pages\/4221"}],"wp:featuredmedia":[{"embeddable":true,"href":"https:\/\/www.teeninduskool.ee\/index.php?rest_route=\/wp\/v2\/media\/5814"}],"wp:attachment":[{"href":"https:\/\/www.teeninduskool.ee\/index.php?rest_route=%2Fwp%2Fv2%2Fmedia&parent=12258"}],"curies":[{"name":"wp","href":"https:\/\/api.w.org\/{rel}","templated":true}]}}