{"id":12304,"date":"2020-10-16T19:30:46","date_gmt":"2020-10-16T16:30:46","guid":{"rendered":"https:\/\/www.teeninduskool.ee\/?page_id=12304"},"modified":"2026-02-19T10:37:38","modified_gmt":"2026-02-19T08:37:38","slug":"oppekavad","status":"publish","type":"page","link":"https:\/\/www.teeninduskool.ee\/?page_id=12304","title":{"rendered":"\u00d5ppekavad"},"content":{"rendered":"<p class=\"art-postheader\">Tallinna Teeninduskooli k\u00f5ik \u00f5ppekavad on <a href=\"https:\/\/tahvel.edu.ee\/#\/curriculums?_menu\">Tahvlis<\/a>.<\/p>\n<div class=\"art-postcontent\">\n<div class=\"art-article\">\n<table class=\"mceItemTable\" style=\"width: 100%; height: 1080px;\" border=\"0\" cellspacing=\"0\" cellpadding=\"0\">\n<tbody>\n<tr style=\"height: 56px;\">\n<td style=\"width: 45.7518%; height: 24px; vertical-align: top; background-color: #ffffff; text-align: left;\" colspan=\"3\">\n<p class=\"art-postheader\"><span style=\"color: #cd2662;\"><strong>P\u00d5HIHARIDUSE BAASIL\u00a0<\/strong><strong>KUTSEKESKHARIDUS\u00d5PE<\/strong><\/span><\/p>\n<\/td>\n<\/tr>\n<tr style=\"height: 24px;\">\n<td style=\"width: 24.4647%; height: 24px; vertical-align: top; background-color: #ffffff; text-align: left;\"><em>\u00d5ppekava koos rakenduskavaga<\/em><\/td>\n<td style=\"width: 6.14754%; height: 24px; vertical-align: top; background-color: #ffffff; text-align: left;\"><em>\u00d5ppeaeg<\/em><\/td>\n<td style=\"width: 15.1396%; height: 24px; vertical-align: top; background-color: #ffffff; text-align: left;\"><em>\u00d5ppekeel \u00a0<\/em><\/td>\n<\/tr>\n<tr class=\"alt\" style=\"height: 48px;\">\n<td style=\"width: 24.4647%; height: 71px; vertical-align: top; background-color: #ffffff; text-align: left;\"><strong><a href=\"https:\/\/tahvel.edu.ee\/#\/curriculum\/1158\">Hotelliteenindus<\/a><\/strong><\/td>\n<td style=\"width: 6.14754%; height: 71px; vertical-align: top; background-color: #ffffff; text-align: left;\">3 aastat<\/td>\n<td style=\"width: 15.1396%; height: 71px; vertical-align: top; background-color: #ffffff; text-align: left;\">100% eesti keel<\/p>\n<p>60% eesti keel \/ 40% vene keel<\/td>\n<\/tr>\n<tr class=\"md-row odd\" style=\"height: 56px;\">\n<td class=\"md-cell\" style=\"width: 24.4647%; vertical-align: top; height: 56px; background-color: #ffffff; text-align: left;\"><strong><a href=\"https:\/\/tahvel.edu.ee\/#\/curriculum\/2567\">Kaubandus<\/a><\/strong><\/td>\n<td style=\"width: 6.14754%; vertical-align: top; height: 56px; background-color: #ffffff; text-align: left;\">3 aastat<\/td>\n<td style=\"width: 15.1396%; vertical-align: top; height: 56px; background-color: #ffffff; text-align: left;\">100% eesti keel<\/td>\n<\/tr>\n<tr class=\"md-row odd\" style=\"height: 96px;\">\n<td class=\"md-cell\" style=\"width: 24.4647%; vertical-align: top; height: 96px; background-color: #ffffff; text-align: left;\"><strong><a href=\"https:\/\/tahvel.edu.ee\/#\/curriculum\/3005\">Kokk<\/a><\/strong><\/td>\n<td style=\"width: 6.14754%; height: 96px; vertical-align: top; background-color: #ffffff; text-align: left;\">3 aastat<\/td>\n<td style=\"width: 15.1396%; height: 96px; vertical-align: top; background-color: #ffffff; text-align: left;\">100% eesti keel<\/p>\n<p>100% vene keel<\/td>\n<\/tr>\n<tr class=\"alt\" style=\"height: 48px;\">\n<td style=\"width: 24.4647%; height: 49px; vertical-align: top; background-color: #ffffff; text-align: left;\"><strong><a href=\"https:\/\/www.teeninduskool.ee\/wp-content\/uploads\/2025\/03\/Pagari-ja-kondiitritoodete-tehnoloogia.pdf\">Pagari- ja kondiitritoodete tehnoloogia<\/a><\/strong><\/td>\n<td style=\"width: 6.14754%; height: 49px; vertical-align: top; background-color: #ffffff; text-align: left;\">3 aastat<\/td>\n<td style=\"width: 15.1396%; height: 49px; vertical-align: top; background-color: #ffffff; text-align: left;\">eesti keel<\/p>\n<p>60% eesti keel, 40% vene keel<\/td>\n<\/tr>\n<tr style=\"height: 56px;\">\n<td style=\"width: 24.4647%; vertical-align: top; height: 56px; background-color: #ffffff; text-align: left;\"><strong><a href=\"https:\/\/tahvel.edu.ee\/#\/curriculum\/2550\">Spaateenindaja<\/a><\/strong><\/td>\n<td style=\"width: 6.14754%; vertical-align: top; height: 56px; background-color: #ffffff; text-align: left;\">3 aastat<\/td>\n<td style=\"width: 15.1396%; vertical-align: top; height: 56px; background-color: #ffffff; text-align: left;\">eesti keel<\/td>\n<\/tr>\n<tr style=\"height: 24px;\">\n<td style=\"width: 24.4647%; vertical-align: top; background-color: #ffffff; text-align: left; height: 24px;\"><a href=\"https:\/\/tahvel.edu.ee\/#\/curriculum\/3549\"><strong>Ilu- ja heaoluteenused<\/strong><\/a><\/td>\n<td style=\"width: 6.14754%; vertical-align: top; background-color: #ffffff; text-align: left; height: 24px;\">4 aastat<\/td>\n<td style=\"width: 15.1396%; vertical-align: top; background-color: #ffffff; text-align: left; height: 24px;\">eesti keel<\/td>\n<\/tr>\n<tr style=\"height: 56px;\">\n<td style=\"width: 45.7518%; vertical-align: top; height: 56px; background-color: #ffffff; text-align: left;\" colspan=\"3\"><span style=\"color: #cd2662;\"><strong>P\u00d5HIHARIDUSE N\u00d5UDETA KUTSE\u00d5PE<\/strong><\/span><\/td>\n<\/tr>\n<tr style=\"height: 56px;\">\n<td style=\"width: 24.4647%; vertical-align: top; height: 56px; background-color: #ffffff; text-align: left;\"><em>\u00d5ppekava koos rakenduskavaga<\/em><\/td>\n<td style=\"width: 6.14754%; vertical-align: top; height: 56px; background-color: #ffffff; text-align: left;\"><em>\u00d5ppeaeg<\/em><\/td>\n<td style=\"width: 15.1396%; vertical-align: top; height: 56px; background-color: #ffffff; text-align: left;\"><em>\u00d5ppekeel\u00a0 \u00a0 \u00a0 \u00a0 \u00a0 \u00a0 \u00a0 \u00a0 \u00a0 \u00a0 \u00a0 \u00a0\u00a0<\/em><\/td>\n<\/tr>\n<tr class=\"alt\" style=\"height: 24px;\">\n<td style=\"width: 24.4647%; height: 24px; vertical-align: top; background-color: #ffffff; text-align: left;\"><strong><a href=\"https:\/\/tahvel.edu.ee\/#\/curriculum\/2598\">Abipagar<\/a><\/strong><\/td>\n<td style=\"width: 6.14754%; height: 24px; vertical-align: top; background-color: #ffffff; text-align: left;\">1 aasta<\/td>\n<td style=\"width: 15.1396%; height: 24px; vertical-align: top; background-color: #ffffff; text-align: left;\">vene keel<\/td>\n<\/tr>\n<tr style=\"height: 24px;\">\n<td style=\"width: 24.4647%; height: 24px; vertical-align: top; background-color: #ffffff; text-align: left;\"><strong><a href=\"https:\/\/tahvel.edu.ee\/#\/curriculum\/3006\">Abikokk<\/a><\/strong><\/p>\n<p>&nbsp;<\/td>\n<td style=\"width: 6.14754%; height: 24px; vertical-align: top; background-color: #ffffff; text-align: left;\">1 aasta<\/td>\n<td style=\"width: 15.1396%; height: 24px; vertical-align: top; background-color: #ffffff; text-align: left;\">eesti keel<\/td>\n<\/tr>\n<tr style=\"height: 24px;\">\n<td style=\"width: 45.7518%; height: 24px; vertical-align: top; background-color: #ffffff; text-align: left;\" colspan=\"3\"><strong style=\"color: #cd2662;\">KESKHARIDUSE BAASIL\u00a0<\/strong><strong style=\"color: #cd2662;\">KUTSE\u00d5PE<\/strong><strong><br \/>\n<\/strong><\/td>\n<\/tr>\n<tr style=\"height: 56px;\">\n<td style=\"width: 24.4647%; vertical-align: top; height: 56px; background-color: #ffffff; text-align: left;\"><em>\u00d5ppekava koos rakenduskavaga<\/em><\/td>\n<td style=\"width: 6.14754%; vertical-align: top; height: 56px; background-color: #ffffff; text-align: left;\"><em>\u00d5ppeaeg<\/em><\/td>\n<td style=\"width: 15.1396%; vertical-align: top; height: 56px; background-color: #ffffff; text-align: left;\"><em>\u00d5ppekeel<\/em><\/td>\n<\/tr>\n<tr style=\"height: 48px;\">\n<td style=\"width: 24.4647%; height: 48px; vertical-align: top; background-color: #ffffff; text-align: left;\"><strong><a href=\"https:\/\/tahvel.edu.ee\/#\/curriculum\/1167\">Kokk<\/a><\/strong><\/td>\n<td style=\"width: 6.14754%; height: 48px; vertical-align: top; background-color: #ffffff; text-align: left;\">1 aasta<\/td>\n<td style=\"width: 15.1396%; height: 48px; vertical-align: top; background-color: #ffffff; text-align: left;\">eesti keel<br \/>\nvene keel<\/td>\n<\/tr>\n<tr style=\"height: 48px;\">\n<td style=\"width: 24.4647%; height: 48px; vertical-align: top; background-color: #ffffff; text-align: left;\"><strong><a href=\"https:\/\/tahvel.edu.ee\/#\/curriculum\/2597\">Kondiiter<\/a><\/strong><\/td>\n<td style=\"width: 6.14754%; height: 48px; vertical-align: top; background-color: #ffffff; text-align: left;\">1 aasta<\/td>\n<td style=\"width: 15.1396%; height: 48px; vertical-align: top; background-color: #ffffff; text-align: left;\">eesti keel<br \/>\nvene keel<\/td>\n<\/tr>\n<tr style=\"height: 24px;\">\n<td style=\"width: 24.4647%; vertical-align: top; background-color: #ffffff; text-align: left; height: 24px;\"><strong><a href=\"https:\/\/www.teeninduskool.ee\/wp-content\/uploads\/2025\/03\/Kuunetehnik.pdf\">K\u00fc\u00fcnetehnik<\/a><\/strong><\/td>\n<td style=\"width: 6.14754%; vertical-align: top; background-color: #ffffff; text-align: left; height: 24px;\">1 aasta<\/td>\n<td style=\"width: 15.1396%; vertical-align: top; background-color: #ffffff; text-align: left; height: 24px;\">eesti keel<\/td>\n<\/tr>\n<tr style=\"height: 24px;\">\n<td style=\"width: 24.4647%; vertical-align: top; background-color: #ffffff; text-align: left; height: 24px;\"><strong><a href=\"https:\/\/tahvel.edu.ee\/#\/curriculum\/1427\">Spaateenindaja<\/a><\/strong><strong><br \/>\n<\/strong><\/td>\n<td style=\"width: 6.14754%; vertical-align: top; background-color: #ffffff; text-align: left; height: 24px;\">1,5 aastat<\/td>\n<td style=\"width: 15.1396%; vertical-align: top; background-color: #ffffff; text-align: left; height: 24px;\">eesti keel<\/td>\n<\/tr>\n<tr style=\"height: 24px;\">\n<td style=\"width: 24.4647%; height: 24px; vertical-align: top; background-color: #ffffff; text-align: left;\"><strong><a href=\"https:\/\/tahvel.edu.ee\/#\/curriculum\/1171\">Kosmeetik <\/a>(ainult talvine vastuv\u00f5tt)<\/strong><\/td>\n<td style=\"width: 6.14754%; height: 24px; vertical-align: top; background-color: #ffffff; text-align: left;\">6 kuud<\/td>\n<td style=\"width: 15.1396%; height: 24px; vertical-align: top; background-color: #ffffff; text-align: left;\">eesti keel<\/td>\n<\/tr>\n<tr class=\"md-row even\" style=\"height: 24px;\">\n<td class=\"md-cell\" style=\"width: 24.4647%; background-color: #ffffff; vertical-align: top; text-align: left; height: 24px;\"><strong><a href=\"https:\/\/tahvel.edu.ee\/#\/curriculum\/1154\">Magustoidukokk <\/a>(ainult talvine vastuv\u00f5tt)<\/strong><\/td>\n<td style=\"width: 6.14754%; height: 24px; vertical-align: top; background-color: #ffffff; text-align: left;\">6 kuud<\/td>\n<td style=\"width: 15.1396%; height: 24px; vertical-align: top; background-color: #ffffff; text-align: left;\">eesti keel<\/td>\n<\/tr>\n<tr style=\"height: 144px;\">\n<td style=\"width: 45.7518%; vertical-align: top; height: 144px; background-color: #ffffff; text-align: left;\" colspan=\"3\"><span style=\"color: #cd2662;\"><strong>T\u00d6\u00d6KOHAP\u00d5HINE \u00d5PE (KUTSE\u00d5PE KESKHARIDUSE BAASIL)<br \/>\n<\/strong><\/span>T\u00f6\u00f6kohap\u00f5hine \u00f5pe on kutse\u00f5ppe taseme\u00f5ppe vorm, kus ettev\u00f5ttes v\u00f5i asutuses toimuva \u00f5ppe osakaal on tavap\u00e4rasest oluliselt suurem ja moodustab v\u00e4hemalt 2\/3 \u00f5ppe mahust. T\u00f6\u00f6kohap\u00f5hine \u00f5pe toimub kutse\u00f5ppeasutuse, \u00f5pilase ja t\u00f6\u00f6andja koost\u00f6\u00f6s kutse\u00f5ppe \u00f5ppekava alusel. \u00d5pilane t\u00e4idab t\u00f6\u00f6kohas ettev\u00f5ttepoolseid t\u00f6\u00f6\u00fclesandeid, mis aitavad tal saavutada \u00f5ppekavas kirjeldatud \u00f5piv\u00e4ljundeid, lisaks toimub \u00f5ppet\u00f6\u00f6 \u00f5ppeasutuses. Loe <a href=\"https:\/\/www.riigiteataja.ee\/akt\/129122013002?leiaKehtiv\">l\u00e4hemalt<\/a>.<\/td>\n<\/tr>\n<tr style=\"height: 56px;\">\n<td style=\"width: 24.4647%; vertical-align: top; height: 56px; background-color: #ffffff; text-align: left;\"><em>\u00d5ppekava koos rakenduskavaga<\/em><\/td>\n<td style=\"width: 6.14754%; vertical-align: top; height: 56px; background-color: #ffffff; text-align: left;\"><em>\u00d5ppeaeg<\/em><\/td>\n<td style=\"width: 15.1396%; vertical-align: top; height: 56px; background-color: #ffffff; text-align: left;\"><em>\u00d5ppekeel<\/em><\/td>\n<\/tr>\n<tr class=\"alt\" style=\"height: 48px;\">\n<td style=\"width: 24.4647%; vertical-align: top; height: 48px; background-color: #ffffff; text-align: left;\"><strong><a href=\"https:\/\/tahvel.edu.ee\/#\/curriculum\/1919\">M\u00fc\u00fcgikorraldaja<\/a><\/strong><\/td>\n<td style=\"width: 6.14754%; vertical-align: top; height: 48px; background-color: #ffffff; text-align: left;\">1 aasta<\/td>\n<td style=\"width: 15.1396%; vertical-align: top; height: 48px; background-color: #ffffff; text-align: left;\">eesti keel<\/td>\n<\/tr>\n<\/tbody>\n<\/table>\n<\/div>\n<\/div>\n","protected":false},"excerpt":{"rendered":"<p>Tallinna Teeninduskooli k\u00f5ik \u00f5ppekavad on Tahvlis. P\u00d5HIHARIDUSE BAASIL\u00a0KUTSEKESKHARIDUS\u00d5PE \u00d5ppekava koos rakenduskavaga \u00d5ppeaeg \u00d5ppekeel \u00a0 Hotelliteenindus 3 aastat 100% eesti keel 60% eesti keel \/ 40% vene keel Kaubandus 3 aastat 100% eesti keel Kokk&#46;&#46;&#46;<\/p>\n","protected":false},"author":4,"featured_media":5814,"parent":0,"menu_order":0,"comment_status":"closed","ping_status":"closed","template":"","meta":{"footnotes":""},"class_list":["post-12304","page","type-page","status-publish","has-post-thumbnail","hentry"],"_links":{"self":[{"href":"https:\/\/www.teeninduskool.ee\/index.php?rest_route=\/wp\/v2\/pages\/12304","targetHints":{"allow":["GET"]}}],"collection":[{"href":"https:\/\/www.teeninduskool.ee\/index.php?rest_route=\/wp\/v2\/pages"}],"about":[{"href":"https:\/\/www.teeninduskool.ee\/index.php?rest_route=\/wp\/v2\/types\/page"}],"author":[{"embeddable":true,"href":"https:\/\/www.teeninduskool.ee\/index.php?rest_route=\/wp\/v2\/users\/4"}],"replies":[{"embeddable":true,"href":"https:\/\/www.teeninduskool.ee\/index.php?rest_route=%2Fwp%2Fv2%2Fcomments&post=12304"}],"version-history":[{"count":5,"href":"https:\/\/www.teeninduskool.ee\/index.php?rest_route=\/wp\/v2\/pages\/12304\/revisions"}],"predecessor-version":[{"id":22862,"href":"https:\/\/www.teeninduskool.ee\/index.php?rest_route=\/wp\/v2\/pages\/12304\/revisions\/22862"}],"wp:featuredmedia":[{"embeddable":true,"href":"https:\/\/www.teeninduskool.ee\/index.php?rest_route=\/wp\/v2\/media\/5814"}],"wp:attachment":[{"href":"https:\/\/www.teeninduskool.ee\/index.php?rest_route=%2Fwp%2Fv2%2Fmedia&parent=12304"}],"curies":[{"name":"wp","href":"https:\/\/api.w.org\/{rel}","templated":true}]}}