{"id":12913,"date":"2021-03-01T12:43:27","date_gmt":"2021-03-01T10:43:27","guid":{"rendered":"https:\/\/www.teeninduskool.ee\/?page_id=12913"},"modified":"2025-08-27T14:27:10","modified_gmt":"2025-08-27T11:27:10","slug":"distantsope","status":"publish","type":"page","link":"https:\/\/www.teeninduskool.ee\/?page_id=12913","title":{"rendered":"Distants\u00f5ppe kord Tallinna Teeninduskoolis"},"content":{"rendered":"<p style=\"text-align: right;\"><span style=\"font-size: 10pt;\">Kinnitatud direktori k\u00e4skkirjaga nr 1-2\/25\/11<\/span><br \/>\n<span style=\"font-size: 10pt;\">22. august 2025. a<\/span><\/p>\n<h3><strong>1. M\u00f5isted<\/strong><\/h3>\n<p>1.1 Distants\u00f5pe on v\u00e4ljaspool \u00f5ppeasutust toimuv \u00f5pe, kus \u00f5pingud toimuvad virtuaalselt \u00f5petaja juhendamisel. Distants\u00f5ppe puhul ei viibi \u00f5pilased koolimajas \u2013 \u00f5petajad suhtlevad \u00f5pilastega tehnoloogia abil. Distants\u00f5ppe tund v\u00f5ib toimuda s\u00fcnkroonselt v\u00f5i as\u00fcnkroonselt.<\/p>\n<p>1.2 S\u00fcnkroonne distants\u00f5pe on \u00f5pe, mille korral \u00f5ppijad ja \u00f5petaja osalevad suhtluses samaaegselt, reaalajas. S\u00fcnkroonse distants\u00f5ppe tund toimub \u00fcldjuhul videotunnina Teams\u2019is v\u00f5i Moodle\u2019i vahendi BigBlueButton vahendusel v\u00f5i distants\u00f5ppes kasutatava platvormi foorumis ja\/ v\u00f5i vestluskanalis (nt Moodle\u2019i foorum, Teams\u2019i vestluskanal).<\/p>\n<p>1.3 As\u00fcnkroonne distants\u00f5pe on \u00f5pe, mille korral \u00f5ppijad ja \u00f5petaja ei osale suhtluses saamaaegselt, \u00f5ppijad saavad \u00f5ppida oma tempos j\u00e4rgides \u00f5petaja poolt antud t\u00e4htaegu.<\/p>\n<p>1.4 Vestlusala e chat on videotunnis kasutatav ala teksts\u00f5numite edastamiseks.<\/p>\n<p>1.5 H\u00fcbriid\u00f5pe (ka haja\u00f5pe v\u00f5i paind\u00f5pe) on \u00f5pe, kus osa \u00f5pilasi osaleb tunnis kontakt\u00f5ppena (koolis koos \u00f5petajaga) ja teine osa \u00f5pilastest videotunnina.<\/p>\n<p>1.6 Digi\u00f5pe on digivahendite abil t\u00f5hustatud \u00f5ppimise viis mistahes \u00f5ppevormis (kontakttunnis, distants\u00f5ppes, p\u00f5im\u00f5ppes jm).<\/p>\n<p>&nbsp;<\/p>\n<h3><strong>2. \u00d5ppet\u00f6\u00f6 korraldus distants\u00f5ppe ajal<\/strong><\/h3>\n<p>2.1 \u00d5ppet\u00f6\u00f6 toimub distants\u00f5ppe ajal kehtiva tunniplaani alusel.<\/p>\n<p>2.2 Distants\u00f5pe toimub<br \/>\n\u25aa videotunnina, st reaalajas kasutades IKT-vahendeid v\u00f5i<br \/>\n\u25aa iseseisva t\u00f6\u00f6na \u00f5petaja antud \u00fclesannete ja juhiste alusel ning kasutades \u00f5ppesisu ja -\u00fclesannete edasi andmiseks ning suhtlemiseks \u00fcldjuhul IKT-vahendeid. Eelneval kokkuleppel v\u00f5ib kasutada ka teisi suhtlusviise.<\/p>\n<p>2.3 Distants\u00f5ppes osalemiseks vajab \u00f5pilane ja \u00f5petaja interneti\u00fchendusega, heli ja videot edastavat IKT-vahendit (eelistatult kasutada mikrofoni, k\u00f5larite ja kaameraga varustatud arvutit v\u00f5i nutiseadet).<\/p>\n<p>2.4 \u00d5petaja valib vahendid, metoodika ja suhtluskanali, mille abil \u00f5ppet\u00f6\u00f6d l\u00e4bi viiakse, reeglina Office 365 rakendus Teams v\u00f5i Moodle\u2019i vahend BigBlueButton.<\/p>\n<p>2.5 As\u00fcnkroonselt toimuva distants\u00f5ppe korral sisestab \u00f5petaja \u00fclesanded Tahvlisse tunniplaanis m\u00e4rgitud tunni alguseks. S\u00fcnkroonse distants\u00f5ppe korral saadab \u00f5petaja lingi Tahvlisse v\u00f5i Teamsi hiljemalt 30 minutit enne tunni algust. K\u00f5ik distants\u00f5ppe tundides antud \u00fclesanded ja nende esitamise t\u00e4htajad kajastuvad Tahvlis.<\/p>\n<p>2.6 S\u00fcnkroonse distants\u00f5ppe tunni toimumise ajal on \u00f5petaja \u00f5ppijale k\u00e4ttesaadav, et \u00f5pilane saaks vajadusel \u00fchendust v\u00f5tta ja n\u00f5u k\u00fcsida. Muudest kokkulepetest informeerib \u00f5petaja \u00f5pilasi iga distants\u00f5ppe tunni algul.<\/p>\n<p>2.7 Kui \u00f5ppetund toimub distants\u00f5ppes, siis on tunniplaanis vastava tunni juures m\u00e4rge \u201edistants\u201c, ruuminumbrit pole. \u00d5ppija ja \u00f5petaja on kohustatud j\u00e4rgima tunniplaani.<\/p>\n<p>&nbsp;<\/p>\n<h3><strong>3. Distants\u00f5ppest puudumine\u00a0<\/strong><\/h3>\n<p>Distants\u00f5ppe tunnist puudujad fikseeritakse Tahvlis tavap\u00e4rasel viisil (as\u00fcnkroonsest tunnist puudumiseks loetakse olukorda, kus \u00f5ppija pole tunni\u00fclesandeid t\u00e4htajaks esitanud).<\/p>\n<p>&nbsp;<\/p>\n<h3><strong>4. Tugi distants\u00f5ppe ajal<\/strong><\/h3>\n<p>4.1 Arvutiprogrammide, veebirakenduste, \u00f5pikeskkondade jms k\u00fcsimuste ning probleemide korral saab p\u00f6\u00f6rduda haridustehnoloogi poole (katrin.uurman@teeninduskool.ee). Moodle\u2019i kasutamise k\u00fcsimuste ning probleemide korral saab p\u00f6\u00f6rduda Moodle\u2019i administraatori poole (kaido.tiits@teeninduskool.ee).<\/p>\n<p>4.2 IT-tehniliste k\u00fcsimuste ja probleemide korral saab p\u00f6\u00f6rduda IT-spetsialisti poole (sergei.ustrikov@teeninduskool.ee)<\/p>\n<h3><strong>5. S\u00fcnkroonses distants\u00f5ppes osalemise reeglid \u00f5pilasele<\/strong><\/h3>\n<p>5.1 Videotunnis osalemine on \u00f5pilasele kohustuslik.<\/p>\n<p>5.2 Kui \u00f5ppijal puuduvad kodus seadmed (ka juhul, kui on seade, aga puuduvad\/ei ole t\u00f6\u00f6korras mikrofon v\u00f5i kaamera) videotunnis osalemiseks, teavitab ta sellest \u00f5ppeaasta alguses r\u00fchmajuhendajat. Sellele \u00f5pilasele luuakse personaalsed lahendused, n\u00e4iteks ka koolis individuaalselt \u00f5ppimine, kasutades kooli seadmeid.<\/p>\n<p>5.3 Enne videotundi kontrollib \u00f5pilane \u00fcle oma seadme tehnilise korrasoleku ja interneti\u00fchenduse olemasolu (interneti\u00fchendus, kaamera, mikrofon). Tehniliste probleemide ilmnemisel kontakteerub \u00f5pilane tundi l\u00e4biviiva \u00f5petajaga v\u00f5i kooli IT-spetsialistiga abi saamiseks.<\/p>\n<p>5.4 Videotunnis ollakse kohal \u00f5igel ajal. \u00d5pilane siseneb videotundi tehniliste t\u00f5rgete v\u00e4ltimiseks v\u00e4hemalt 5 minutit enne tunni algust. Videotundi siseneb \u00f5pilane alati oma koolikontoga, Moodle\u2019is oma kasutajakontoga, oma nime ja n\u00e4oga.<\/p>\n<p>5.5 Videotunnis osaleb \u00f5pilane sissel\u00fclitatud kaameraga, kui tundi l\u00e4biviiv \u00f5petaja ei ole kehtestanud teisiti.<\/p>\n<p>5.6 Videotunnis osalemiseks valitakse vaikne ruum ja veebikaamera pildile neutraalne taust. Veebikaamera pildi tausta v\u00f5ib h\u00e4gustada.<\/p>\n<p>5.7 Videotunnis viibides kannab \u00f5ppija korrektset riietust ning k\u00e4itub viisakalt.<\/p>\n<p>5.8 Videotundi ja\/ v\u00f5i vestlusruumi (s\u00fcnkroonselt kasutatav vestluskanal v\u00f5i foorum) sisenedes ja sealt lahkudes annab \u00f5pilane endast m\u00e4rku kasutades viisakusavaldusi.<\/p>\n<p>5.9 Videotunnis l\u00fclitab \u00f5pilane mikrofoni sisse ainult siis, kui selleks on vajadus.<\/p>\n<p>5.10 Videotunni vestlusalas (chatis) kirjutab \u00f5pilane ainult \u00f5ppet\u00f6\u00f6ga seotud infot.<\/p>\n<p>5.11 \u00d5pilane ei tegele videotunnis \u00f5ppet\u00f6\u00f6v\u00e4liste tegevustega (m\u00e4ngimine, s\u00f6\u00f6mine jne).<\/p>\n<p>5.12 \u00d5pilane ei jaga videotunni linki k\u00f5rvaliste isikutega.<\/p>\n<p>5.13 Videotunnis osalevad ainult selle \u00f5pper\u00fchma \u00f5ppijad ja \u00f5petaja(d), vajadusel kooli personal (tugispetsialist, r\u00fchmajuhendaja, haridustehnoloog vm).<\/p>\n<p>5.14 \u00d5pilane v\u00f5ib ajutiselt lahkuda videotunnist, kui \u00f5petaja on andnud selleks loa.<\/p>\n<p>5.15 Videotunni l\u00f5petab \u00f5petaja.<\/p>\n<p>5.16 Videotunni salvestamine ja ekraani kuvat\u00f5mmiste tegemine on keelatud!<\/p>\n<p>&nbsp;<\/p>\n","protected":false},"excerpt":{"rendered":"<p>Kinnitatud direktori k\u00e4skkirjaga nr 1-2\/25\/11 22. august 2025. a 1. M\u00f5isted 1.1 Distants\u00f5pe on v\u00e4ljaspool \u00f5ppeasutust toimuv \u00f5pe, kus \u00f5pingud toimuvad virtuaalselt \u00f5petaja juhendamisel. Distants\u00f5ppe puhul ei viibi \u00f5pilased koolimajas \u2013 \u00f5petajad suhtlevad \u00f5pilastega&#46;&#46;&#46;<\/p>\n","protected":false},"author":4,"featured_media":12914,"parent":3019,"menu_order":0,"comment_status":"closed","ping_status":"closed","template":"page-templates\/child-menu.php","meta":{"footnotes":""},"class_list":["post-12913","page","type-page","status-publish","has-post-thumbnail","hentry"],"_links":{"self":[{"href":"https:\/\/www.teeninduskool.ee\/index.php?rest_route=\/wp\/v2\/pages\/12913","targetHints":{"allow":["GET"]}}],"collection":[{"href":"https:\/\/www.teeninduskool.ee\/index.php?rest_route=\/wp\/v2\/pages"}],"about":[{"href":"https:\/\/www.teeninduskool.ee\/index.php?rest_route=\/wp\/v2\/types\/page"}],"author":[{"embeddable":true,"href":"https:\/\/www.teeninduskool.ee\/index.php?rest_route=\/wp\/v2\/users\/4"}],"replies":[{"embeddable":true,"href":"https:\/\/www.teeninduskool.ee\/index.php?rest_route=%2Fwp%2Fv2%2Fcomments&post=12913"}],"version-history":[{"count":4,"href":"https:\/\/www.teeninduskool.ee\/index.php?rest_route=\/wp\/v2\/pages\/12913\/revisions"}],"predecessor-version":[{"id":21944,"href":"https:\/\/www.teeninduskool.ee\/index.php?rest_route=\/wp\/v2\/pages\/12913\/revisions\/21944"}],"up":[{"embeddable":true,"href":"https:\/\/www.teeninduskool.ee\/index.php?rest_route=\/wp\/v2\/pages\/3019"}],"wp:featuredmedia":[{"embeddable":true,"href":"https:\/\/www.teeninduskool.ee\/index.php?rest_route=\/wp\/v2\/media\/12914"}],"wp:attachment":[{"href":"https:\/\/www.teeninduskool.ee\/index.php?rest_route=%2Fwp%2Fv2%2Fmedia&parent=12913"}],"curies":[{"name":"wp","href":"https:\/\/api.w.org\/{rel}","templated":true}]}}