{"id":13076,"date":"2021-03-26T12:19:41","date_gmt":"2021-03-26T10:19:41","guid":{"rendered":"https:\/\/www.teeninduskool.ee\/?page_id=13076"},"modified":"2022-06-20T14:34:36","modified_gmt":"2022-06-20T11:34:36","slug":"kutsevaliku%e2%98%9d%ef%b8%8foppekava","status":"publish","type":"page","link":"https:\/\/www.teeninduskool.ee\/?page_id=13076","title":{"rendered":"Kutsevaliku&#x261d;&#xfe0f;\u00f5ppekava"},"content":{"rendered":"<p>Kutsevaliku \u00f5ppekava eesm\u00e4rk on pakkuda noortele toetust sobiva ja j\u00f5ukohase elukutse valikul ning vajadusel ettevalmistust kutse\u00f5ppesse v\u00f5i t\u00f6\u00f6turule sisenemiseks. Pakume n\u00f5u ja tuge noortele, kes ei ole kindlad, kas ja millist eriala \u00f5ppida.<\/p>\n<p><strong>\u00d5ppevorm:<\/strong>\u00a0kutse\u00f5pe, tase 2<br \/>\n<strong>N\u00f5uded alustamiseks:<\/strong>\u00a0p\u00f5hihariduse n\u00f5udeta<br \/>\n<strong>\u00d5ppekeel:\u00a0<\/strong>eesti<br \/>\n<strong>\u00d5ppeaeg:<\/strong> 1 aasta<br \/>\nTutvu <a href=\"https:\/\/tahvel.edu.ee\/#\/curriculum\/2132\">\u00f5ppekavaga<\/a><br \/>\nLoe <a href=\"https:\/\/sway.office.com\/ayqiIXoWGzj5URDd\">kutsevaliku 2021\/2022 blogi<\/a><\/p>\n<p>Kui Sa pole kindel, millises valdkonnas tahaksid t\u00f6\u00f6tada v\u00f5i edasi \u00f5ppida, siis on meie kooli kutsevaliku\u00f5ppe kursus just \u00f5ige koht selguse saamisel. Vaata videost j\u00e4rele!<\/p>\n<div class=\"video-container\"><iframe loading=\"lazy\" title=\"Kutsevaliku \u00f5ppe tutvustus \/ mai 2021\" width=\"500\" height=\"281\" src=\"https:\/\/www.youtube.com\/embed\/QI2DL8hTQAU?feature=oembed&#038;wmode=opaque\" frameborder=\"0\" allow=\"accelerometer; autoplay; clipboard-write; encrypted-media; gyroscope; picture-in-picture; web-share\" referrerpolicy=\"strict-origin-when-cross-origin\" allowfullscreen><\/iframe><\/div>\n<h3><strong>Mis puhul on kutsevaliku\u00f5pingud asjakohased?<\/strong><\/h3>\n<p>V\u00f5ivad olla mitmed p\u00f5hjused, miks vajad pikemat aega \u00f5ppimiseks. Sa v\u00f5id olla l\u00f5petanud p\u00f5hikooli lihtsustatud \u00f5ppekava alusel, saanud \u00f5piabi, mille j\u00e4tkamine kutsekoolis on Sulle vajalik tingimus, Sul v\u00f5ib olla p\u00f5hikool l\u00f5petamata, Sa ei \u00f5pi ega t\u00f6\u00f6ta. Sul v\u00f5ivad olla keelelised v\u00f5i muud \u00f5piraskused ning toimetulekut ja iseseisvumist m\u00f5jutavad asjaolud. Valik\u00f5pingute kursusel saad rohkem juhendamist ja toetust.<\/p>\n<p><strong>\u00d5ppes osalemine v\u00f5imaldab:<\/strong><\/p>\n<ul>\n<li>t\u00e4iendada juhendamisel enda karj\u00e4\u00e4rialaseid oskuseid (enesetundmine, sotsiaalsed oskused, \u00f5pioskused, p\u00fcsivus, anal\u00fc\u00fcsioskused, eesm\u00e4rkide seadmine jm)<\/li>\n<li>tutvuda erinevate erialadega<\/li>\n<li>hoida end aktiivsena<\/li>\n<li>karj\u00e4\u00e4rin\u00f5ustaja abiga saada paremat selgust enda tugevustest ja soovidest ning t\u00f6\u00f6tamise v\u00f5imalustest.<\/li>\n<li>teadlikumalt teha karj\u00e4\u00e4rivalikuid, koostada juhendamisel oma karj\u00e4\u00e4riplaan, j\u00e4tkata \u00f5piteed, leida t\u00f6\u00f6d.<\/li>\n<\/ul>\n<p>Kutsevaliku \u00f5pe kestab 9 kuud. Alustame r\u00fchmaga septembris, kuid meiega v\u00f5ib \u00fchendust v\u00f5tta aastaringselt.<\/p>\n<p>\u00d5piaja jooksul tutvume paljude erialadega oma- ja teistes kutsekoolides ning t\u00f6\u00f6kohtadel. P\u00f5hjalikumaks tutvuseks saad sobivamatel erialadel teha ka praktika. Juba tuttavad \u00f5ppeained nagu suhtlemis\u00f5petus, eesti keel, arvuti\u00f5petus,\u00a0 matemaatika jms on pigem tuleviku valikuid toetava iseloomuga. Individuaalset tuge pakuvad muidugi ka \u00f5petajad. Kui Sinu eesti keele oskus vajab t\u00e4iendamist, siis ka see v\u00f5imalus on olemas. \u00d5pinguid l\u00e4bivaks teemaks on iseseisvuse toetamine l\u00e4bi oma \u00f5ppimise teadvustamise ja seel\u00e4bi valmisoleku saavutamine karj\u00e4\u00e4risammu astumiseks.<\/p>\n<p>Tunnid toimuvad, nagu ikka koolis tavaks, esmasp\u00e4evast reedeni tunniplaani alusel. R\u00fchmal on r\u00fchmajuhataja &#8211; karj\u00e4\u00e4rin\u00f5ustaja, vajadusel on v\u00f5imalik saada ps\u00fchholoogi-, sotsiaal- ja eripedagoogi n\u00f5ustamist, olemas on \u00a0tugiisikud\/mentorid. Kursusel \u00f5ppimise ajal numbrilisi hindeid ei saa, kuid saad tagasisidet \u00f5pingute edenemise kohta. Peame h\u00e4sti oluliseks Sinu enda aktiivset osalemist, soovi \u00f5ppida v\u00f5i t\u00f6\u00f6le minna.<\/p>\n<p>Koolis \u00f5ppimisega kaasnevad Sulle mitmed soodustused, kui osaled \u00f5ppet\u00f6\u00f6s ja t\u00f6\u00f6tad tunnis kaasa. Sul on Haigekassa kindlustus, v\u00f5imalus on taotleda \u00f5ppetoetust (teisel poolaastal), eritoetust, vajadusel s\u00f5idutoetust. K\u00f5ik \u00f5ppijad saavad tasuta l\u00f5unas\u00f6\u00f6ki.<\/p>\n<p>Tekkis k\u00fcsimusi? <a href=\"https:\/\/www.teeninduskool.ee\/wp-content\/uploads\/2021\/06\/kutsevalik2021.pdf\">Slaidid<\/a> aitavad!<\/p>\n<p><img loading=\"lazy\" decoding=\"async\" class=\"size-medium wp-image-13425 alignnone\" src=\"https:\/\/www.teeninduskool.ee\/wp-content\/uploads\/2021\/05\/liech-300x214.png\" alt=\"\" width=\"300\" height=\"214\" srcset=\"https:\/\/www.teeninduskool.ee\/wp-content\/uploads\/2021\/05\/liech-300x214.png 300w, https:\/\/www.teeninduskool.ee\/wp-content\/uploads\/2021\/05\/liech.png 480w\" sizes=\"auto, (max-width: 300px) 100vw, 300px\" \/><\/p>\n<p><strong>Kutsevalikuaasta \u00f5pet finantseeritakse\u00a0Euroopa Majanduspiirkonna ja Norra perioodi 2014\u20132021 finantsmehhanismide programmi \u201eKohalik areng ja vaesuse v\u00e4hendamine\u201c projekti &#8220;Teko kutsevaliku \u00f5pe&#8221; raames.<\/strong><\/p>\n<p><strong>LISAINFO\u00a0<\/strong><a href=\"mailto:kai.rannastu@teeninduskool.ee\">kai.rannastu@teeninduskool.ee<\/a> v\u00f5i telefon 682 6130<\/p>\n<p><strong>VASTUV\u00d5TUINFO<\/strong> <a href=\"https:\/\/www.teeninduskool.ee\/?page_id=10\">bit.do\/vastuv\u00f5tt<\/a><\/p>\n","protected":false},"excerpt":{"rendered":"<p>Kutsevaliku \u00f5ppekava eesm\u00e4rk on pakkuda noortele toetust sobiva ja j\u00f5ukohase elukutse valikul ning vajadusel ettevalmistust kutse\u00f5ppesse v\u00f5i t\u00f6\u00f6turule sisenemiseks. Pakume n\u00f5u ja tuge noortele, kes ei ole kindlad, kas ja millist eriala \u00f5ppida. \u00d5ppevorm:\u00a0kutse\u00f5pe,&#46;&#46;&#46;<\/p>\n","protected":false},"author":4,"featured_media":0,"parent":0,"menu_order":0,"comment_status":"closed","ping_status":"closed","template":"","meta":{"footnotes":""},"class_list":["post-13076","page","type-page","status-publish","hentry"],"_links":{"self":[{"href":"https:\/\/www.teeninduskool.ee\/index.php?rest_route=\/wp\/v2\/pages\/13076","targetHints":{"allow":["GET"]}}],"collection":[{"href":"https:\/\/www.teeninduskool.ee\/index.php?rest_route=\/wp\/v2\/pages"}],"about":[{"href":"https:\/\/www.teeninduskool.ee\/index.php?rest_route=\/wp\/v2\/types\/page"}],"author":[{"embeddable":true,"href":"https:\/\/www.teeninduskool.ee\/index.php?rest_route=\/wp\/v2\/users\/4"}],"replies":[{"embeddable":true,"href":"https:\/\/www.teeninduskool.ee\/index.php?rest_route=%2Fwp%2Fv2%2Fcomments&post=13076"}],"version-history":[{"count":5,"href":"https:\/\/www.teeninduskool.ee\/index.php?rest_route=\/wp\/v2\/pages\/13076\/revisions"}],"predecessor-version":[{"id":15248,"href":"https:\/\/www.teeninduskool.ee\/index.php?rest_route=\/wp\/v2\/pages\/13076\/revisions\/15248"}],"wp:attachment":[{"href":"https:\/\/www.teeninduskool.ee\/index.php?rest_route=%2Fwp%2Fv2%2Fmedia&parent=13076"}],"curies":[{"name":"wp","href":"https:\/\/api.w.org\/{rel}","templated":true}]}}