{"id":13246,"date":"2021-05-05T09:47:34","date_gmt":"2021-05-05T06:47:34","guid":{"rendered":"https:\/\/www.teeninduskool.ee\/?page_id=13246"},"modified":"2022-07-26T11:21:28","modified_gmt":"2022-07-26T08:21:28","slug":"tallinna-teeninduskool-pohja-eesti-suurim-kulalislahkuse-opet-pakkuv-kool","status":"publish","type":"page","link":"https:\/\/www.teeninduskool.ee\/?page_id=13246","title":{"rendered":"Tallinna Teeninduskool \u2013 P\u00f5hja-Eesti suurim k\u00fclalislahkuse \u00f5pet pakkuv kool"},"content":{"rendered":"<p><strong>Kesk<\/strong><strong>hariduse\u00a0<\/strong><strong>baasil\u00a0<\/strong><strong>\u00f5ppekavadele saab esitada avaldusi kuni <\/strong><strong>21.08 <a href=\"http:\/\/www.sais.ee\">www. sais.ee<\/a> ja kuni 18.08 koolis koha peal E-R 10-14 kabinetis B122.<br \/>\n<\/strong>Lisainfo <a href=\"mailto:vastuvott@teeninduskool.ee\">vastuvott@teeninduskool.ee<\/a> ja telefonil 682 6138. Kogu vastuv\u00f5tuinfo <strong><a href=\"https:\/\/www.teeninduskool.ee\/?page_id=10\">siin<\/a><\/strong><\/p>\n<h4><span style=\"color: #cd2662;\">ERIALAD:<\/span><\/h4>\n<ul>\n<li><span style=\"color: #cd2662;\"><a style=\"color: #cd2662;\" href=\"https:\/\/www.teeninduskool.ee\/?page_id=14265\"><strong>Kokk<\/strong><\/a><\/span>,\u00a0\u00f5ppeaeg 1 aasta 4. taseme esma\u00f5pe. Tutvu <a href=\"https:\/\/tahvel.edu.ee\/#\/curriculum\/1167\">\u00f5ppekavaga<\/a>. <strong>Esita avaldus SAISis<\/strong>\n<ul>\n<li><a href=\"https:\/\/sais.ee\/AdmissionSearch\/View\/9996f4a5-9fa0-4911-a7ea-b39c4fec3481\">100% eestikeelsele \u00f5ppele<\/a><a href=\"https:\/\/www.teeninduskool.ee\/?p=14971\"><img loading=\"lazy\" decoding=\"async\" class=\"size-medium wp-image-15296 alignright\" src=\"https:\/\/www.teeninduskool.ee\/wp-content\/uploads\/2022\/07\/koka-kursus-01-1080x1080-roman-z-1-300x300.png\" alt=\"\" width=\"300\" height=\"300\" srcset=\"https:\/\/www.teeninduskool.ee\/wp-content\/uploads\/2022\/07\/koka-kursus-01-1080x1080-roman-z-1-300x300.png 300w, https:\/\/www.teeninduskool.ee\/wp-content\/uploads\/2022\/07\/koka-kursus-01-1080x1080-roman-z-1-1024x1024.png 1024w, https:\/\/www.teeninduskool.ee\/wp-content\/uploads\/2022\/07\/koka-kursus-01-1080x1080-roman-z-1-150x150.png 150w, https:\/\/www.teeninduskool.ee\/wp-content\/uploads\/2022\/07\/koka-kursus-01-1080x1080-roman-z-1-768x768.png 768w, https:\/\/www.teeninduskool.ee\/wp-content\/uploads\/2022\/07\/koka-kursus-01-1080x1080-roman-z-1-80x80.png 80w, https:\/\/www.teeninduskool.ee\/wp-content\/uploads\/2022\/07\/koka-kursus-01-1080x1080-roman-z-1-320x320.png 320w, https:\/\/www.teeninduskool.ee\/wp-content\/uploads\/2022\/07\/koka-kursus-01-1080x1080-roman-z-1.png 1080w\" sizes=\"auto, (max-width: 300px) 100vw, 300px\" \/><\/a><\/li>\n<li><a href=\"https:\/\/sais.ee\/AdmissionSearch\/View\/0fb765f9-bc49-459b-aea4-d65dd08e143b\">100% venekeelsele \u00f5ppele<\/a>\u00a0(l\u00f5peb eestikeelse kutseeksamiga)<\/li>\n<li>Loe lisaks\u00a0<strong><a href=\"https:\/\/www.teeninduskool.ee\/?p=14971\">noorte kokkade superkursusest<\/a><\/strong><\/li>\n<\/ul>\n<\/li>\n<li><span style=\"color: #cd2662;\"><a style=\"color: #cd2662;\" href=\"https:\/\/www.teeninduskool.ee\/?page_id=616\"><strong>Kondiiter<\/strong><\/a><\/span><strong>,\u00a0<\/strong>\u00f5ppeaeg 1 aasta, 4. taseme esma\u00f5pe. Tutvu <a href=\"https:\/\/tahvel.edu.ee\/#\/curriculum\/2597\">\u00f5ppekavaga<\/a>.\n<ul>\n<li><a href=\"https:\/\/sais.ee\/AdmissionSearch\/View\/008e41d9-5665-4921-a5d3-a2eb769c1360\">100% eestikeelsele \u00f5ppele<\/a><\/li>\n<li><a href=\"https:\/\/sais.ee\/AdmissionSearch\/View\/1f76e80e-0427-40d6-b871-d5473ca76341\">100% venekeelsele \u00f5ppele<\/a>\u00a0(l\u00f5peb eestikeelse kutseeksamiga)<\/li>\n<\/ul>\n<\/li>\n<li><a href=\"https:\/\/www.teeninduskool.ee\/?page_id=14255\"><strong><span style=\"color: #cd2662;\">K\u00fc\u00fcnetehnik<\/span><\/strong><\/a><strong>,\u00a0<\/strong><span style=\"font-family: inherit; font-size: inherit;\">\u00f5ppeaeg 1 aasta,\u00a0<\/span><span style=\"font-family: inherit; font-size: inherit;\">4. taseme esma\u00f5pe. Tutvu\u00a0<\/span><a style=\"font-family: inherit; font-size: inherit;\" href=\"https:\/\/tahvel.edu.ee\/#\/curriculum\/1426\">\u00f5ppekavaga<\/a>.\u00a0<strong>Esita avaldus SAISis<\/strong>\n<ul>\n<li><a href=\"https:\/\/sais.ee\/AdmissionSearch\/View\/45e426fd-21b1-4a83-9e99-cd46077fd435\">100% eestikeelsele \u00f5ppele<\/a><\/li>\n<\/ul>\n<\/li>\n<li><a href=\"https:\/\/www.teeninduskool.ee\/?page_id=14270\"><strong><span style=\"color: #cd2662;\">Esmatasandi juht kaubanduses \/ m\u00fc\u00fcgikorraldaja<\/span><\/strong><\/a><strong>,\u00a0<\/strong><span style=\"font-family: inherit; font-size: inherit;\">\u00f5ppeaeg 1 aasta,\u00a0<\/span><span style=\"font-family: inherit; font-size: inherit;\">5. taseme esma\u00f5pe,\u00a0<\/span><span style=\"font-family: inherit; font-size: inherit;\">t\u00f6\u00f6kohap\u00f5hine \u00f5pe, vajalik t\u00f6\u00f6koht kaubandusettev\u00f5ttes. Tutvu\u00a0<\/span><a style=\"font-family: inherit; font-size: inherit;\" href=\"https:\/\/tahvel.edu.ee\/#\/curriculum\/1919\">\u00f5ppekavaga.\u00a0<\/a><strong>Esita avaldus SAISis<\/strong>\n<ul>\n<li><a href=\"https:\/\/sais.ee\/AdmissionSearch\/View\/ae6a23f3-c277-4bcd-8a82-05b3dbf8d2a8\">100% eestikeelsele \u00f5ppele<\/a><\/li>\n<\/ul>\n<\/li>\n<li><a href=\"https:\/\/www.teeninduskool.ee\/?page_id=14258\"><strong><span style=\"color: #cd2662;\">Spaateenindaja<\/span><\/strong><\/a><strong>,\u00a0<\/strong><span style=\"font-family: inherit; font-size: inherit;\">\u00f5ppeaeg 1,5 aastat, <\/span><span style=\"font-family: inherit; font-size: inherit;\">4. taseme esma\u00f5pe. Tutvu <\/span><a style=\"font-family: inherit; font-size: inherit;\" href=\"https:\/\/tahvel.edu.ee\/#\/curriculum\/1427\">\u00f5ppekavaga.\u00a0<\/a><strong>Esita avaldus SAISis<\/strong>\n<ul>\n<li>100% eestikeelsele \u00f5ppele<\/li>\n<\/ul>\n<\/li>\n<li><a href=\"https:\/\/www.teeninduskool.ee\/?page_id=14356\"><strong><span style=\"color: #cd2662;\">Vanemkokk<\/span><\/strong><\/a>, \u00f5ppeaeg 1 aasta,\u00a05. taseme j\u00e4tku\u00f5pe,\u00a0spetsialiseerumine suurk\u00f6\u00f6gi v\u00f5i restorani t\u00f6\u00f6le,\u00a0vajalik kokk EKR 4 kutsetunnistus. Tutvu <a href=\"https:\/\/tahvel.edu.ee\/#\/curriculum\/2505\">\u00f5ppekavaga<\/a> ja <strong>esita avaldus SAISis<\/strong>\n<ul>\n<li><a href=\"https:\/\/sais.ee\/AdmissionSearch\/View\/0ea7a657-2b44-41e6-aecf-80324ab9f81a\">100% eestikeelsele \u00f5ppele<\/a><\/li>\n<\/ul>\n<\/li>\n<\/ul>\n<p>Dokumentide esitamine <strong>p\u00f5hikoolij\u00e4rgsetele \u00f5ppekavadele on enamuses l\u00f5ppenud, kuni 18.08 on pikendatud on j\u00e4rgmised konkursid:<\/strong><\/p>\n<ul>\n<li style=\"text-align: left;\"><a href=\"https:\/\/www.teeninduskool.ee\/?page_id=15009\"><strong>Kaubandus, kutsekeskharidus\u00f5pe: <\/strong><\/a>esita avaldus SAISis\u00a0<a href=\"https:\/\/sais.ee\/AdmissionSearch\/View\/704ebdaf-0593-4a62-9acb-1de29126790b\">100% eestikeelsele \u00f5ppele<\/a><\/li>\n<li><a href=\"https:\/\/www.teeninduskool.ee\/?page_id=12953\"><strong>Pagari ja kondiitritoodete<\/strong>\u00a0<strong>tehnoloogia, kutsekeskharidus\u00f5pe:<\/strong> <\/a>esita avaldus SAISis\u00a0<a href=\"https:\/\/sais.ee\/AdmissionSearch\/View\/d0f07310-43a6-45f1-a947-c0c7838034df\">100% eestikeelsele \u00f5ppele<\/a><\/li>\n<li><a href=\"https:\/\/www.teeninduskool.ee\/?page_id=620\"><strong>Abipagar, kutse\u00f5pe p\u00f5hihariduse baasil:<\/strong><\/a> esita avaldus SAISis <a href=\"https:\/\/sais.ee\/AdmissionSearch\/View\/30df5551-bd31-4f79-98b3-31ed69b83d6a\">100% eestikeelsele \u00f5ppele<\/a><\/li>\n<li><a href=\"https:\/\/www.teeninduskool.ee\/?page_id=13076\"><strong>Kutsevaliku\u00f5pe:<\/strong><\/a> esita avaldus SAISis <a href=\"https:\/\/sais.ee\/AdmissionSearch\/View\/c7502b69-1805-4fdd-8bcf-4dd5283e1954\">100% eestikeelsele \u00f5ppele<\/a><\/li>\n<\/ul>\n<p style=\"text-align: center;\"><strong>Kooli uudiste lugemiseks kliki\u00a0<a href=\"https:\/\/www.teeninduskool.ee\/?post_type=post\">siia<\/a><\/strong><\/p>\n<p style=\"text-align: center;\"><strong><span style=\"color: #cd2662;\">K\u00f5rget lendu k\u00f5igile l\u00f5petajatele, ilusat suve kooliperele!<\/span><\/strong><\/p>\n<p style=\"text-align: center;\"><strong><a href=\"https:\/\/www.teeninduskool.ee\/?post_type=post\"><img loading=\"lazy\" decoding=\"async\" class=\"wp-image-13248 size-medium aligncenter\" src=\"https:\/\/www.teeninduskool.ee\/wp-content\/uploads\/2021\/05\/kodukale2-300x300.png\" alt=\"\" width=\"300\" height=\"300\" srcset=\"https:\/\/www.teeninduskool.ee\/wp-content\/uploads\/2021\/05\/kodukale2-300x300.png 300w, https:\/\/www.teeninduskool.ee\/wp-content\/uploads\/2021\/05\/kodukale2-1024x1024.png 1024w, https:\/\/www.teeninduskool.ee\/wp-content\/uploads\/2021\/05\/kodukale2-150x150.png 150w, https:\/\/www.teeninduskool.ee\/wp-content\/uploads\/2021\/05\/kodukale2-768x768.png 768w, https:\/\/www.teeninduskool.ee\/wp-content\/uploads\/2021\/05\/kodukale2-80x80.png 80w, https:\/\/www.teeninduskool.ee\/wp-content\/uploads\/2021\/05\/kodukale2-320x320.png 320w, https:\/\/www.teeninduskool.ee\/wp-content\/uploads\/2021\/05\/kodukale2.png 1080w\" sizes=\"auto, (max-width: 300px) 100vw, 300px\" \/><\/a><\/strong><\/p>\n","protected":false},"excerpt":{"rendered":"<p>Keskhariduse\u00a0baasil\u00a0\u00f5ppekavadele saab esitada avaldusi kuni 21.08 www. sais.ee ja kuni 18.08 koolis koha peal E-R 10-14 kabinetis B122. Lisainfo vastuvott@teeninduskool.ee ja telefonil 682 6138. Kogu vastuv\u00f5tuinfo siin ERIALAD: Kokk,\u00a0\u00f5ppeaeg 1 aasta 4. taseme esma\u00f5pe.&#46;&#46;&#46;<\/p>\n","protected":false},"author":4,"featured_media":581,"parent":0,"menu_order":0,"comment_status":"closed","ping_status":"closed","template":"","meta":{"footnotes":""},"class_list":["post-13246","page","type-page","status-publish","has-post-thumbnail","hentry"],"_links":{"self":[{"href":"https:\/\/www.teeninduskool.ee\/index.php?rest_route=\/wp\/v2\/pages\/13246","targetHints":{"allow":["GET"]}}],"collection":[{"href":"https:\/\/www.teeninduskool.ee\/index.php?rest_route=\/wp\/v2\/pages"}],"about":[{"href":"https:\/\/www.teeninduskool.ee\/index.php?rest_route=\/wp\/v2\/types\/page"}],"author":[{"embeddable":true,"href":"https:\/\/www.teeninduskool.ee\/index.php?rest_route=\/wp\/v2\/users\/4"}],"replies":[{"embeddable":true,"href":"https:\/\/www.teeninduskool.ee\/index.php?rest_route=%2Fwp%2Fv2%2Fcomments&post=13246"}],"version-history":[{"count":5,"href":"https:\/\/www.teeninduskool.ee\/index.php?rest_route=\/wp\/v2\/pages\/13246\/revisions"}],"predecessor-version":[{"id":15297,"href":"https:\/\/www.teeninduskool.ee\/index.php?rest_route=\/wp\/v2\/pages\/13246\/revisions\/15297"}],"wp:featuredmedia":[{"embeddable":true,"href":"https:\/\/www.teeninduskool.ee\/index.php?rest_route=\/wp\/v2\/media\/581"}],"wp:attachment":[{"href":"https:\/\/www.teeninduskool.ee\/index.php?rest_route=%2Fwp%2Fv2%2Fmedia&parent=13246"}],"curies":[{"name":"wp","href":"https:\/\/api.w.org\/{rel}","templated":true}]}}