{"id":13371,"date":"2021-05-12T13:36:36","date_gmt":"2021-05-12T10:36:36","guid":{"rendered":"https:\/\/www.teeninduskool.ee\/?page_id=13371"},"modified":"2023-10-20T09:23:10","modified_gmt":"2023-10-20T06:23:10","slug":"it-tugi-wifi-office-365-jne","status":"publish","type":"page","link":"https:\/\/www.teeninduskool.ee\/?page_id=13371","title":{"rendered":"IT tugi. WiFi, Office 365 jne"},"content":{"rendered":"<p>Arvutiklassides kehtivad \u00fcldised eetika ja k\u00f5lblusnormid, palun loe <a href=\"https:\/\/www.teeninduskool.ee\/?p=8561\">sellel lehel<\/a>.<\/p>\n<p>Meie koolis on kasutusel Microsoft 365 lahendus, sh Outlook, Teams, Onedrive jt. Sisselogida saad <a href=\"https:\/\/www.office.com\">Office kodulehel<\/a>.<\/p>\n<p>Kooli \u00f5pilastele on m\u00e4\u00e4ratud WiFi v\u00f5rk Teko guest, loe l\u00e4hemalt <a href=\"https:\/\/www.teeninduskool.ee\/?page_id=248\">siit<\/a>.<\/p>\n<p>Distants\u00f5ppeks saab koolist laenutada s\u00fclearvuti, tingimused leiad <a href=\"https:\/\/www.teeninduskool.ee\/?page_id=13366\">siit<\/a>.<\/p>\n<p>&nbsp;<\/p>\n","protected":false},"excerpt":{"rendered":"<p>Arvutiklassides kehtivad \u00fcldised eetika ja k\u00f5lblusnormid, palun loe sellel lehel. Meie koolis on kasutusel Microsoft 365 lahendus, sh Outlook, Teams, Onedrive jt. Sisselogida saad Office kodulehel. Kooli \u00f5pilastele on m\u00e4\u00e4ratud WiFi v\u00f5rk Teko guest,&#46;&#46;&#46;<\/p>\n","protected":false},"author":9,"featured_media":0,"parent":200,"menu_order":0,"comment_status":"closed","ping_status":"closed","template":"","meta":{"footnotes":""},"class_list":["post-13371","page","type-page","status-publish","hentry"],"_links":{"self":[{"href":"https:\/\/www.teeninduskool.ee\/index.php?rest_route=\/wp\/v2\/pages\/13371","targetHints":{"allow":["GET"]}}],"collection":[{"href":"https:\/\/www.teeninduskool.ee\/index.php?rest_route=\/wp\/v2\/pages"}],"about":[{"href":"https:\/\/www.teeninduskool.ee\/index.php?rest_route=\/wp\/v2\/types\/page"}],"author":[{"embeddable":true,"href":"https:\/\/www.teeninduskool.ee\/index.php?rest_route=\/wp\/v2\/users\/9"}],"replies":[{"embeddable":true,"href":"https:\/\/www.teeninduskool.ee\/index.php?rest_route=%2Fwp%2Fv2%2Fcomments&post=13371"}],"version-history":[{"count":1,"href":"https:\/\/www.teeninduskool.ee\/index.php?rest_route=\/wp\/v2\/pages\/13371\/revisions"}],"predecessor-version":[{"id":13372,"href":"https:\/\/www.teeninduskool.ee\/index.php?rest_route=\/wp\/v2\/pages\/13371\/revisions\/13372"}],"up":[{"embeddable":true,"href":"https:\/\/www.teeninduskool.ee\/index.php?rest_route=\/wp\/v2\/pages\/200"}],"wp:attachment":[{"href":"https:\/\/www.teeninduskool.ee\/index.php?rest_route=%2Fwp%2Fv2%2Fmedia&parent=13371"}],"curies":[{"name":"wp","href":"https:\/\/api.w.org\/{rel}","templated":true}]}}