{"id":14,"date":"2017-02-28T09:19:30","date_gmt":"2017-02-28T07:19:30","guid":{"rendered":"https:\/\/www.teeninduskool.ee\/?page_id=14"},"modified":"2023-10-20T09:38:25","modified_gmt":"2023-10-20T06:38:25","slug":"projektid","status":"publish","type":"page","link":"https:\/\/www.teeninduskool.ee\/?page_id=14","title":{"rendered":"Projektid"},"content":{"rendered":"<p><strong>Projektitegevused ja koost\u00f6\u00f6 on Tallinna Teeninduskooli koolielu loomulik osa, mille tulemusel mitmekesistame \u00f5ppet\u00f6\u00f6d ja rakendame parimaid praktikaid \u00f5ppet\u00f6\u00f6sse.<\/strong><\/p>\n<h4><a href=\"#ESF\"><strong>ESF projektid<\/strong><\/a><\/h4>\n<p><img loading=\"lazy\" decoding=\"async\" class=\"alignnone size-medium wp-image-4623\" src=\"https:\/\/www.teeninduskool.ee\/wp-content\/uploads\/2018\/01\/ESF_hor-300x158.jpg\" alt=\"\" width=\"300\" height=\"158\" \/><\/p>\n<p><strong><a id=\"ESF\"><\/a>ESF meede \u201e\u00d5petajate ja haridusasutuste juhtide koolitus (2014-2020.1.2.1)\u201c raames viib Tallinna Teeninduskool ellu projekti \u201e\u00dchised eesm\u00e4rgid ja p\u00f5hiv\u00e4\u00e4rtused on \u00fchtse meeskonna aluseks\u201c<\/strong><\/p>\n<p>Projekti periood: 17.08.2020 \u2013 21.12.2020<\/p>\n<p>Projekti eesm\u00e4rk on koolitada kooli meeskonda, et nii \u00f5petajad kui juhid j\u00f5uaksid \u00fchtsetele seisukohtadele \u00f5ppijakeskse kooli toimimisest.<\/p>\n<p>Projekti raames toimub kaks \u00f5pi\u00fcritust:<\/p>\n<ul>\n<li>\u201e\u00d5ppijakeskse \u00f5ppe kontseptsioon ning arengueesm\u00e4rgid \u201c ning \u201eKoolimeeskonna p\u00f5hiv\u00e4\u00e4rtused muutuva \u00f5pik\u00e4sitluse valguses\u201c .<\/li>\n<li>Projekti tulemina valmib Tekole \u00f5ppijakeskse kooli kontseptsioon, mis baseerub \u00fchistel eesm\u00e4rkidel ja \u00fchiselt s\u00f5nastatud p\u00f5hiv\u00e4\u00e4rtuste rakendamises igap\u00e4evat\u00f6\u00f6s.<\/li>\n<\/ul>\n<p class=\"art-postheader\"><a href=\"http:\/\/projektid\/mobiilne-teko\/\">Mobiilne Teko<\/a><\/p>\n<p><a href=\"http:\/\/projektid\/loppenud-projektid\/\"><span class=\"subheading-category\">L\u00f5ppenud projektid<\/span><\/a><\/p>\n<p class=\"art-postheader\"><a href=\"http:\/\/projektid\/rahvusvahelistumise-programm\/\">Rahvusvahelistumise programm<\/a><\/p>\n<p class=\"art-postheader\">\n","protected":false},"excerpt":{"rendered":"<p>Projektitegevused ja koost\u00f6\u00f6 on Tallinna Teeninduskooli koolielu loomulik osa, mille tulemusel mitmekesistame \u00f5ppet\u00f6\u00f6d ja rakendame parimaid praktikaid \u00f5ppet\u00f6\u00f6sse. ESF projektid ESF meede \u201e\u00d5petajate ja haridusasutuste juhtide koolitus (2014-2020.1.2.1)\u201c raames viib Tallinna Teeninduskool ellu projekti&#46;&#46;&#46;<\/p>\n","protected":false},"author":4,"featured_media":0,"parent":0,"menu_order":0,"comment_status":"closed","ping_status":"closed","template":"","meta":{"footnotes":""},"class_list":["post-14","page","type-page","status-publish","hentry"],"_links":{"self":[{"href":"https:\/\/www.teeninduskool.ee\/index.php?rest_route=\/wp\/v2\/pages\/14","targetHints":{"allow":["GET"]}}],"collection":[{"href":"https:\/\/www.teeninduskool.ee\/index.php?rest_route=\/wp\/v2\/pages"}],"about":[{"href":"https:\/\/www.teeninduskool.ee\/index.php?rest_route=\/wp\/v2\/types\/page"}],"author":[{"embeddable":true,"href":"https:\/\/www.teeninduskool.ee\/index.php?rest_route=\/wp\/v2\/users\/4"}],"replies":[{"embeddable":true,"href":"https:\/\/www.teeninduskool.ee\/index.php?rest_route=%2Fwp%2Fv2%2Fcomments&post=14"}],"version-history":[{"count":5,"href":"https:\/\/www.teeninduskool.ee\/index.php?rest_route=\/wp\/v2\/pages\/14\/revisions"}],"predecessor-version":[{"id":13267,"href":"https:\/\/www.teeninduskool.ee\/index.php?rest_route=\/wp\/v2\/pages\/14\/revisions\/13267"}],"wp:attachment":[{"href":"https:\/\/www.teeninduskool.ee\/index.php?rest_route=%2Fwp%2Fv2%2Fmedia&parent=14"}],"curies":[{"name":"wp","href":"https:\/\/api.w.org\/{rel}","templated":true}]}}