{"id":14255,"date":"2021-12-07T08:17:57","date_gmt":"2021-12-07T06:17:57","guid":{"rendered":"https:\/\/www.teeninduskool.ee\/?page_id=14255"},"modified":"2023-06-12T11:01:53","modified_gmt":"2023-06-12T08:01:53","slug":"kuunetehnik-%f0%9f%92%85","status":"publish","type":"page","link":"https:\/\/www.teeninduskool.ee\/?page_id=14255","title":{"rendered":"K\u00fc\u00fcnetehnik"},"content":{"rendered":"<ul style=\"list-style-type: circle;\">\n<li><strong>\u00d5ppeliik:<\/strong> kutse\u00f5pe<\/li>\n<li><strong>\u00d5ppevorm:<\/strong> <span style=\"font-weight: 400;\"> statsionaarne koolip\u00f5hine \u00f5pe<\/span><\/li>\n<li><strong>N\u00f5uded alustamiseks:<\/strong> p\u00f5hiharidus, vanus v\u00e4hemalt 18 eluaastat<\/li>\n<li><strong>\u00d5ppekeel:<\/strong> eesti<\/li>\n<li><strong>\u00d5ppeaeg:<\/strong> 10 kuud<\/li>\n<li>Tutvu <a href=\"https:\/\/tahvel.edu.ee\/#\/curriculum\/1426\"><strong>\u00f5ppekavaga<\/strong><\/a><\/li>\n<li>Tutvu <a href=\"https:\/\/www.kutseregister.ee\/ctrl\/et\/Standardid\/vaata\/11132570\">kutsestandardiga<\/a><\/li>\n<\/ul>\n<p><strong>K\u00fc\u00fcnetehnik<\/strong> on klienditeenindaja, kes t\u00f6\u00f6tab ilusalongis v\u00f5i FIE-na ja l\u00e4htub oma t\u00f6\u00f6s k\u00f5rgetest h\u00fcgieenin\u00f5uetest ja v\u00e4\u00e4rtustab head klienditeenindust. K\u00fc\u00fcnetehnik oskab teha manik\u00fc\u00fcri ja pedik\u00fc\u00fcri ning on omandanud oskused geelitehnoloogias. K\u00fc\u00fcnetehniku oskused ei piirdu vaid geelk\u00fc\u00fcnte paigaldamise\/hooldamise\/eemaldamisega, n\u00e4iteks manik\u00fc\u00fcri osas on kohustuslik ka geellakkimise, elektriviili kasutamise ja k\u00fc\u00fcnte kaunistamise oskus. Kutsekoolide l\u00f5petajatele on kutsetunnistuse <strong>kehtivus alatine<\/strong>. Kutsetunnistusega k\u00fc\u00fcnetehnik on hinnatud iluteenindaja, kellel on kutsetunnistusele vastavad teadmised, oskused ja hoiakud.<\/p>\n<p>Erialal \u00f5ppimine eeldab teenindus- ja suhtlemisvalmidust, konfidentsiaalset k\u00e4itumist, pingetaluvust, kiiret reageerimist erinevates olukordades, ausust, t\u00e4psust ja loomingulisust.<\/p>\n<p><strong>\u00d5pitakse<\/strong><\/p>\n<ul>\n<li>Anatoomia ja f\u00fcsioloogia aluseid<\/li>\n<li>Epilatsiooni<\/li>\n<li>Erialast inglise keelt<\/li>\n<li>Erialast v\u00f5\u00f5rkeelt<\/li>\n<li>Geelk\u00fc\u00fcnte katmist, pikendamist, hooldamist ja eemaldamist<\/li>\n<li>Infograafikat<\/li>\n<li>Klienditeenindust<\/li>\n<li>Kulmude- ja ripsmete v\u00e4rvimist<\/li>\n<li>K\u00fc\u00fcnte kaunistamist<\/li>\n<li>Loomingulise t\u00f6\u00f6 aluseid<\/li>\n<li>Manik\u00fc\u00fcri ja k\u00e4te hooldust<\/li>\n<li>Pedik\u00fc\u00fcri<\/li>\n<li>\u00d5piteed ja t\u00f6\u00f6d muutuvas keskkonnas<\/li>\n<\/ul>\n<p>\u00d5ppet\u00f6\u00f6s kasutatakse ka e-\u00f5pet.<\/p>\n<p><strong>Praktika:<\/strong> k\u00fc\u00fcnetehniku praktika toimub ilusalongis ja\/v\u00f5i \u00f5ppesalongis. Praktikaid on v\u00f5imalik sooritada ka v\u00e4lismaal\u00a0\u00a0<a href=\"https:\/\/www.teeninduskool.ee\/?page_id=13307\">Erasmus+ \u00f5pir\u00e4nde<\/a>\u00a0raames.<\/p>\n<p><strong>Kutsekvalifikatsiooni eksamid:<\/strong> \u00f5pingute l\u00f5ppedes on kohustus sooritada K\u00fc\u00fcnetehnik, tase 4 kutseeksam (Spetsialiseerumine geelitehnoloogiale). V\u00f5imalik valida ka lisaks juurde valitav kompetents: pedik\u00fc\u00fcr.<\/p>\n<p><strong>T\u00f6\u00f6turu v\u00f5imalused:<\/strong> t\u00f6\u00f6tada salongides v\u00f5i\/ja FIEna<\/p>\n<p><strong>T\u00e4helepanu!<\/strong> \u00d5pilastel tuleb osta t\u00f6\u00f6ks vajalikud instrumendid ja riided ning tuua terviset\u00f5end.<\/p>\n<p><strong>Toetustena<\/strong>\u00a0pakume s\u00f5idu-, eri- ja p\u00f5hitoetusi. Koolil on t\u00e4nap\u00e4evane \u00f5ppekeskkond, sportimisv\u00f5imalused, kasutada saab n\u00f5ustamisteenuseid ja tugispetsialistide abi. V\u00f5imalus osaleda koolisisestel ja vabariiklikel v\u00f5istlustel.<\/p>\n<p>&nbsp;<\/p>\n<p><em>Viimati muudetud 12.06.2023<\/em><\/p>\n","protected":false},"excerpt":{"rendered":"<p>\u00d5ppeliik: kutse\u00f5pe \u00d5ppevorm: statsionaarne koolip\u00f5hine \u00f5pe N\u00f5uded alustamiseks: p\u00f5hiharidus, vanus v\u00e4hemalt 18 eluaastat \u00d5ppekeel: eesti \u00d5ppeaeg: 10 kuud Tutvu \u00f5ppekavaga Tutvu kutsestandardiga K\u00fc\u00fcnetehnik on klienditeenindaja, kes t\u00f6\u00f6tab ilusalongis v\u00f5i FIE-na ja l\u00e4htub oma t\u00f6\u00f6s&#46;&#46;&#46;<\/p>\n","protected":false},"author":4,"featured_media":4580,"parent":0,"menu_order":0,"comment_status":"closed","ping_status":"closed","template":"","meta":{"footnotes":""},"class_list":["post-14255","page","type-page","status-publish","has-post-thumbnail","hentry"],"_links":{"self":[{"href":"https:\/\/www.teeninduskool.ee\/index.php?rest_route=\/wp\/v2\/pages\/14255","targetHints":{"allow":["GET"]}}],"collection":[{"href":"https:\/\/www.teeninduskool.ee\/index.php?rest_route=\/wp\/v2\/pages"}],"about":[{"href":"https:\/\/www.teeninduskool.ee\/index.php?rest_route=\/wp\/v2\/types\/page"}],"author":[{"embeddable":true,"href":"https:\/\/www.teeninduskool.ee\/index.php?rest_route=\/wp\/v2\/users\/4"}],"replies":[{"embeddable":true,"href":"https:\/\/www.teeninduskool.ee\/index.php?rest_route=%2Fwp%2Fv2%2Fcomments&post=14255"}],"version-history":[{"count":4,"href":"https:\/\/www.teeninduskool.ee\/index.php?rest_route=\/wp\/v2\/pages\/14255\/revisions"}],"predecessor-version":[{"id":17062,"href":"https:\/\/www.teeninduskool.ee\/index.php?rest_route=\/wp\/v2\/pages\/14255\/revisions\/17062"}],"wp:featuredmedia":[{"embeddable":true,"href":"https:\/\/www.teeninduskool.ee\/index.php?rest_route=\/wp\/v2\/media\/4580"}],"wp:attachment":[{"href":"https:\/\/www.teeninduskool.ee\/index.php?rest_route=%2Fwp%2Fv2%2Fmedia&parent=14255"}],"curies":[{"name":"wp","href":"https:\/\/api.w.org\/{rel}","templated":true}]}}