{"id":14258,"date":"2021-12-07T08:27:49","date_gmt":"2021-12-07T06:27:49","guid":{"rendered":"https:\/\/www.teeninduskool.ee\/?page_id=14258"},"modified":"2023-06-12T11:07:26","modified_gmt":"2023-06-12T08:07:26","slug":"spaateenindaja","status":"publish","type":"page","link":"https:\/\/www.teeninduskool.ee\/?page_id=14258","title":{"rendered":"Spaateenindaja"},"content":{"rendered":"<ul>\n<li><span style=\"color: #000000;\"><strong>\u00d5ppeliik:<\/strong> kutse\u00f5pe <\/span><\/li>\n<li><span style=\"color: #000000;\"><strong>N\u00f5uded alustamiseks:<\/strong> keskharidus <\/span><\/li>\n<li><span style=\"color: #000000;\"><strong>\u00d5ppekeel:<\/strong> eesti <\/span><\/li>\n<li><span style=\"color: #000000;\"><strong>\u00d5ppeaeg:<\/strong> 1 aasta ja 6 kuud<\/span><\/li>\n<li>Tutvu <a href=\"https:\/\/tahvel.edu.ee\/#\/curriculum\/1427\">\u00f5ppekavaga<\/a><\/li>\n<li>Tutvu <a href=\"https:\/\/www.kutseregister.ee\/ctrl\/et\/Standardid\/vaata\/10718099\">kutsestandardiga<\/a><\/li>\n<\/ul>\n<p><span style=\"color: #000000;\"><span style=\"color: #cd2662;\"><strong>Spaateenindaja<\/strong><\/span> erialale \u00f5ppima asumiseks on vajalik eelnevalt omandatud keskharidus. \u00a0\u00d5pingud l\u00f5pevad kutseeksamiga. \u00d5ppet\u00f6\u00f6 toimub sessioonidena, \u00fcks sessioon kestab tavap\u00e4raselt esmasp\u00e4evast reedeni. Sessioonid toimuvad 3-4 n\u00e4dala tagant.<\/span><\/p>\n<p><span style=\"color: #000000;\">Spaateenindaja eriala l\u00f5petanu <strong>t\u00f6\u00f6 sisu<\/strong> on k\u00fclalisele spaateenuste osutamine, arvestades viimase soove, vajadusi, tervislikku seisundit ja ettev\u00f5tte v\u00f5imalusi. Spaateenindaja on laiap\u00f5hjalise ettevalmistusega isikuteenuse pakkuja, kes t\u00f6\u00f6tab spaateenuseid pakkuvas ettev\u00f5ttes. Spaateenindaja viib l\u00e4bi spaahoolitsusi, millel on tervist tugevdav, l\u00f5\u00f5gastav m\u00f5ju. NB! Spaateenindaja ei lahenda terviseprobleeme.<\/span><\/p>\n<p><span style=\"color: #000000;\">Spaahoolitsus <strong>annab kliendile<\/strong> emotsionaalse ja f\u00fc\u00fcsilise heaolu tunde. Spaateenindaja peamised t\u00f6\u00f6\u00fclesanded on k\u00fclaliste n\u00f5ustamine spaahoolitsuse valikul; seadmete, vahendite ja ruumide ning k\u00fclastaja valmisseadmine; ilu- ja heaoluhoolitsuse, vee-, sauna- ja terviseprotseduuride l\u00e4biviimine. Spaateenindaja soovitab kliendile koduseks hoolitsuseks sobivaid hooldusvahendeid ja hoolitsust vastavalt kliendi isikup\u00e4rale ja spaas tehtud hoolitsusele.<\/span><\/p>\n<p><span style=\"color: #000000;\">Spaateenindaja<strong> kutse eeldab<\/strong> sihip\u00e4rast ja loomingulist suhtumist t\u00f6\u00f6sse, paindlikkust, head suhtlemisoskust ja vastutust oma t\u00f6\u00f6 tulemuste eest. Oluline on empaatiav\u00f5ime, delikaatsus, tolerantsus, vastutus-, koost\u00f6\u00f6-, anal\u00fc\u00fcsi- ja kohanemisv\u00f5ime. T\u00f6\u00f6 eeldab teenindusvalmidust, korrektsust, stressitaluvust ja f\u00fc\u00fcsilist suutlikkust ning tervislikke eluviise. T\u00e4htsad on k\u00e4eline osavus, liigutuste t\u00e4psus, kiirus ja hea koordinatsioon. T\u00f6\u00f6d p\u00e4rsivad kroonilised haigused ja allergiad. T\u00f6\u00f6 erip\u00e4raks on sageli ka v\u00e4ltimatu f\u00fc\u00fcsiline kontakt kliendiga, mis loob delikaatse situatsiooni, kus klient peab tundma end turvaliselt.<\/span><\/p>\n<p><span style=\"color: #cd2662;\"><strong>\u00d5ppe jooksul l\u00e4bitakse j\u00e4rgmised moodulid:<\/strong><\/span><\/p>\n<ul style=\"list-style-type: circle;\">\n<li>Aktiivsed kehalised tegevused<\/li>\n<li>Anatoomia ja f\u00fcsioloogia<\/li>\n<li>Aroomi- ja hooldustooted<\/li>\n<li>Erialane inglise keel<\/li>\n<li>Erialane v\u00f5\u00f5rkeel<\/li>\n<li>Hommikuv\u00f5imlemine ja kepik\u00f5nd<\/li>\n<li>Iluhoolitsused<\/li>\n<li>Karj\u00e4\u00e4ri planeerimine ja ettev\u00f5tluse alused<\/li>\n<li>Kehahoolitsused<\/li>\n<li>Klienditeenindus<\/li>\n<li>Kutsealane isikukuvand<\/li>\n<li>K\u00fc\u00fcnlamassaa\u017e<\/li>\n<li>Laavakivimassaa\u017e<\/li>\n<li>Lilleseade ja ruumikujundus<\/li>\n<li>N\u00e4o fitnessmassaa\u017e<\/li>\n<li>N\u00e4ohoolitsused<\/li>\n<li>Spaahoolitsused, spaamassaa\u017eid<\/li>\n<li>Spaakultuur<\/li>\n<li>Spaateenindaja klienditeenindus<\/li>\n<li>Spaateeninduse praktika<\/li>\n<li>Spaateenuste korraldamine<\/li>\n<li>\u0160okolaadimassaa\u017e<\/li>\n<\/ul>\n<p><span style=\"color: #000000;\">Spaateenindaja praktikad toimuvad spaades. P\u00e4rast koolituse l\u00e4bimist on l\u00f5petanud oodatud t\u00f6\u00f6le ettev\u00f5tetesse, kes pakuvad vastavalt oma spetsiifikale mitmekesiseid hooldus-, l\u00f5\u00f5gastus- ja teisi heaoluteenuseid. Praktikaid on v\u00f5imalik sooritada ka v\u00e4lismaal\u00a0\u00a0<a href=\"https:\/\/www.teeninduskool.ee\/?page_id=13307\">Erasmus+ \u00f5pir\u00e4nde<\/a>\u00a0raames.<\/span><\/p>\n<p><span style=\"color: #000000;\"><span style=\"color: #cd2662;\"><strong>T\u00e4helepanu!<\/strong><\/span> \u00d5pilastel tuleb osta t\u00f6\u00f6riided, jalan\u00f5ud ning t\u00f6\u00f6ks vajalikud isiklikud vahendid. Lisaks tuleb tuua terviset\u00f5end.<\/span><\/p>\n<p><strong>Toetustena<\/strong>\u00a0pakume s\u00f5idu-, eri- ja p\u00f5hitoetusi. Koolil on t\u00e4nap\u00e4evane \u00f5ppekeskkond, sportimisv\u00f5imalused, kasutada saab n\u00f5ustamisteenuseid ja tugispetsialistide abi. V\u00f5imalus osaleda koolisisestel ja vabariiklikel v\u00f5istlustel.<\/p>\n<p>&nbsp;<\/p>\n<p><em>Viimati muudetud 12.06.2023<\/em><\/p>\n","protected":false},"excerpt":{"rendered":"<p>\u00d5ppeliik: kutse\u00f5pe N\u00f5uded alustamiseks: keskharidus \u00d5ppekeel: eesti \u00d5ppeaeg: 1 aasta ja 6 kuud Tutvu \u00f5ppekavaga Tutvu kutsestandardiga Spaateenindaja erialale \u00f5ppima asumiseks on vajalik eelnevalt omandatud keskharidus. \u00a0\u00d5pingud l\u00f5pevad kutseeksamiga. \u00d5ppet\u00f6\u00f6 toimub sessioonidena, \u00fcks sessioon&#46;&#46;&#46;<\/p>\n","protected":false},"author":4,"featured_media":1193,"parent":12304,"menu_order":0,"comment_status":"closed","ping_status":"closed","template":"","meta":{"footnotes":""},"class_list":["post-14258","page","type-page","status-publish","has-post-thumbnail","hentry"],"_links":{"self":[{"href":"https:\/\/www.teeninduskool.ee\/index.php?rest_route=\/wp\/v2\/pages\/14258","targetHints":{"allow":["GET"]}}],"collection":[{"href":"https:\/\/www.teeninduskool.ee\/index.php?rest_route=\/wp\/v2\/pages"}],"about":[{"href":"https:\/\/www.teeninduskool.ee\/index.php?rest_route=\/wp\/v2\/types\/page"}],"author":[{"embeddable":true,"href":"https:\/\/www.teeninduskool.ee\/index.php?rest_route=\/wp\/v2\/users\/4"}],"replies":[{"embeddable":true,"href":"https:\/\/www.teeninduskool.ee\/index.php?rest_route=%2Fwp%2Fv2%2Fcomments&post=14258"}],"version-history":[{"count":5,"href":"https:\/\/www.teeninduskool.ee\/index.php?rest_route=\/wp\/v2\/pages\/14258\/revisions"}],"predecessor-version":[{"id":17066,"href":"https:\/\/www.teeninduskool.ee\/index.php?rest_route=\/wp\/v2\/pages\/14258\/revisions\/17066"}],"up":[{"embeddable":true,"href":"https:\/\/www.teeninduskool.ee\/index.php?rest_route=\/wp\/v2\/pages\/12304"}],"wp:featuredmedia":[{"embeddable":true,"href":"https:\/\/www.teeninduskool.ee\/index.php?rest_route=\/wp\/v2\/media\/1193"}],"wp:attachment":[{"href":"https:\/\/www.teeninduskool.ee\/index.php?rest_route=%2Fwp%2Fv2%2Fmedia&parent=14258"}],"curies":[{"name":"wp","href":"https:\/\/api.w.org\/{rel}","templated":true}]}}