{"id":14265,"date":"2021-12-07T09:17:06","date_gmt":"2021-12-07T07:17:06","guid":{"rendered":"https:\/\/www.teeninduskool.ee\/?page_id=14265"},"modified":"2023-06-12T10:56:54","modified_gmt":"2023-06-12T07:56:54","slug":"kokk-%f0%9f%91%a8%e2%80%8d%f0%9f%8d%b3","status":"publish","type":"page","link":"https:\/\/www.teeninduskool.ee\/?page_id=14265","title":{"rendered":"Kokk \u200d"},"content":{"rendered":"<ul>\n<li><strong>\u00d5ppeliik:<\/strong> kutse\u00f5pe keskhariduse baasil<\/li>\n<li><strong>\u00d5ppevorm:<\/strong> koolip\u00f5hine \u00f5pe<\/li>\n<li><strong>N\u00f5uded alustamiseks:<\/strong> keskharidus<\/li>\n<li><strong>\u00d5ppekeel:<\/strong> 100 % eesti keel ja 100 % vene keel<\/li>\n<li><strong>\u00d5ppeaeg:<\/strong> 1 aasta<\/li>\n<li>Tutvu <a href=\"https:\/\/tahvel.edu.ee\/#\/curriculum\/1167\">\u00f5ppekavaga<\/a><\/li>\n<li>Tutvu <a href=\"https:\/\/www.kutseregister.ee\/ctrl\/et\/Standardid\/vaata\/10668013\">kutsestandardiga<\/a><\/li>\n<\/ul>\n<p><strong>Eriala l\u00fchitutvustus:<\/strong>\u00a0kokk oskab valmistada ja serveerida erinevaid toite vastavalt klientide vajadustele ja soovidele. Koka t\u00f6\u00f6 eeldab majanduslikku m\u00f5tteviisi, samuti on t\u00e4htis oskus planeerida oma t\u00f6\u00f6d iseseisvalt ja ratsionaalselt. Kokat\u00f6\u00f6s on vajalik oskus t\u00f6\u00f6tada meeskonnas.<\/p>\n<p>Erialal \u00f5ppimine eeldab: k\u00e4elist osavust, head maitsemeelt (nii l\u00f5hna- kui maitsetaju ja kunstimeel), kiiret reaktsiooni, oskust jaotada t\u00e4helepanu \u00fchel ajal mitmele t\u00f6\u00f6le, v\u00e4ga head f\u00fc\u00fcsilist ja vaimset vastupidavust, puhtusearmastust.<\/p>\n<p><strong>\u00d5pitakse:<\/strong><\/p>\n<ul>\n<li>toiduvalmistamine ja t\u00f6\u00f6korraldus suurk\u00f6\u00f6gis<\/li>\n<li>toiduvalmistamine ja t\u00f6\u00f6korraldus restoranik\u00f6\u00f6gis<\/li>\n<li>toiduh\u00fcgieen ja j\u00e4\u00e4tmemajandus<\/li>\n<li>klienditeenindus<\/li>\n<li>erialased v\u00f5\u00f5rkeeled<\/li>\n<li>majanduse ja ettev\u00f5tluse alused<\/li>\n<li>toitlusteenindus<\/li>\n<\/ul>\n<p>\u00d5ppet\u00f6\u00f6s kasutatakse ka e-\u00f5pet.<\/p>\n<p><strong>Praktika:<\/strong> praktiline v\u00e4lja\u00f5pe kutse\u00f5petaja juhendamisel toimub kooli \u00f5ppek\u00f6\u00f6kides ning Tallinna parimates toitlustusettev\u00f5tetes. Praktikaid on v\u00f5imalik sooritada ka v\u00e4lismaal\u00a0\u00a0<a href=\"https:\/\/www.teeninduskool.ee\/?page_id=13307\">Erasmus+ \u00f5pir\u00e4nde<\/a>\u00a0raames.<\/p>\n<p><strong>Kutsekvalifikatsiooni eksamid:<\/strong>\u00a0v\u00f5imalik sooritada 4. taseme\u00a0koka\u00a0kutseeksam.<\/p>\n<p><strong>T\u00f6\u00f6turuv\u00f5imalused:<\/strong>\u00a0kokad t\u00f6\u00f6tavad erinevates majutus-toitlustusettev\u00f5tetes, haridusasutuste toitlustuses, personalitoitlustuse ettev\u00f5tetes, restoranides, kohvikutes, bistroodes.<\/p>\n<p><strong>Erialased edasi\u00f5ppimise v\u00f5imalused:<\/strong>\u00a0Tallinna Tehnika\u00fclikooli Toiduainete Instituut, rakendus- ja diplomiinsener toiduainete tehnoloogia, toiduainete keemia ja toitlustamise tehnoloogia erialadel.<\/p>\n<p><strong>T\u00e4helepanu!<\/strong>\u00a0\u00d5pilastel tuleb osta t\u00f6\u00f6riided ja jalan\u00f5ud ning tuua terviset\u00f5end (tulenevalt\u00a0<a href=\"https:\/\/www.riigiteataja.ee\/akt\/ToiduS\">Toiduseadusest<\/a>).<\/p>\n<p><strong>Toetustena<\/strong>\u00a0pakume s\u00f5idu-, eri- ja p\u00f5hitoetusi. Koolil on t\u00e4nap\u00e4evane \u00f5ppekeskkond, sportimisv\u00f5imalused, kasutada saab n\u00f5ustamisteenuseid ja tugispetsialistide abi. V\u00f5imalus osaleda koolisisestel ja vabariiklikel v\u00f5istlustel.<\/p>\n<p><strong>Vaatad tulevikku?<\/strong>\u00a0Tutvu valdkonna\u00a0<a href=\"https:\/\/www.palgad.ee\/salaryinfo\">palgainfoga<\/a><\/p>\n<p>&nbsp;<\/p>\n<p><em>Viimati muudetud 12.06.2023<\/em><\/p>\n","protected":false},"excerpt":{"rendered":"<p>\u00d5ppeliik: kutse\u00f5pe keskhariduse baasil \u00d5ppevorm: koolip\u00f5hine \u00f5pe N\u00f5uded alustamiseks: keskharidus \u00d5ppekeel: 100 % eesti keel ja 100 % vene keel \u00d5ppeaeg: 1 aasta Tutvu \u00f5ppekavaga Tutvu kutsestandardiga Eriala l\u00fchitutvustus:\u00a0kokk oskab valmistada ja serveerida erinevaid&#46;&#46;&#46;<\/p>\n","protected":false},"author":4,"featured_media":8331,"parent":0,"menu_order":0,"comment_status":"closed","ping_status":"closed","template":"","meta":{"footnotes":""},"class_list":["post-14265","page","type-page","status-publish","has-post-thumbnail","hentry"],"_links":{"self":[{"href":"https:\/\/www.teeninduskool.ee\/index.php?rest_route=\/wp\/v2\/pages\/14265","targetHints":{"allow":["GET"]}}],"collection":[{"href":"https:\/\/www.teeninduskool.ee\/index.php?rest_route=\/wp\/v2\/pages"}],"about":[{"href":"https:\/\/www.teeninduskool.ee\/index.php?rest_route=\/wp\/v2\/types\/page"}],"author":[{"embeddable":true,"href":"https:\/\/www.teeninduskool.ee\/index.php?rest_route=\/wp\/v2\/users\/4"}],"replies":[{"embeddable":true,"href":"https:\/\/www.teeninduskool.ee\/index.php?rest_route=%2Fwp%2Fv2%2Fcomments&post=14265"}],"version-history":[{"count":2,"href":"https:\/\/www.teeninduskool.ee\/index.php?rest_route=\/wp\/v2\/pages\/14265\/revisions"}],"predecessor-version":[{"id":17059,"href":"https:\/\/www.teeninduskool.ee\/index.php?rest_route=\/wp\/v2\/pages\/14265\/revisions\/17059"}],"wp:featuredmedia":[{"embeddable":true,"href":"https:\/\/www.teeninduskool.ee\/index.php?rest_route=\/wp\/v2\/media\/8331"}],"wp:attachment":[{"href":"https:\/\/www.teeninduskool.ee\/index.php?rest_route=%2Fwp%2Fv2%2Fmedia&parent=14265"}],"curies":[{"name":"wp","href":"https:\/\/api.w.org\/{rel}","templated":true}]}}