{"id":14270,"date":"2021-12-07T10:17:13","date_gmt":"2021-12-07T08:17:13","guid":{"rendered":"https:\/\/www.teeninduskool.ee\/?page_id=14270"},"modified":"2023-06-12T11:07:47","modified_gmt":"2023-06-12T08:07:47","slug":"muugikorraldaja-%f0%9f%9b%8d%ef%b8%8f","status":"publish","type":"page","link":"https:\/\/www.teeninduskool.ee\/?page_id=14270","title":{"rendered":"M\u00fc\u00fcgikorraldaja \ufe0f"},"content":{"rendered":"<ul>\n<li><span style=\"color: #000000;\"><strong>\u00d5ppeliik:<\/strong> kutse\u00f5pe keskhariduse baasil<\/span><\/li>\n<li><span style=\"color: #000000;\"><strong>\u00d5ppevorm:<\/strong> t\u00f6\u00f6kohap\u00f5hine \u00f5pe<\/span><\/li>\n<li><span style=\"color: #000000;\"><strong>\u00d5ppekeel:<\/strong> eesti<\/span><\/li>\n<li><span style=\"color: #000000;\"><strong>N\u00f5uded alustamiseks:<\/strong> keskharidus<\/span><\/li>\n<li><span style=\"color: #000000;\"><strong>\u00d5ppeaeg:<\/strong> 2 aastat<\/span><\/li>\n<li>Tutvu <a href=\"https:\/\/tahvel.edu.ee\/#\/curriculum\/1919\">\u00f5ppekavaga<\/a><\/li>\n<li>Tutvu <a href=\"https:\/\/www.kutseregister.ee\/ctrl\/et\/Standardid\/vaata\/10721248\">kutsestandardiga<\/a><\/li>\n<\/ul>\n<h3><span style=\"color: #cd2662;\"><strong>Eriala l\u00fchitutvustus:<\/strong> <\/span><\/h3>\n<p><span style=\"color: #000000;\">M\u00fc\u00fcgikorraldaja t\u00f6\u00f6 eesm\u00e4rk on tagada m\u00fc\u00fcgi- ja teenindust\u00f6\u00f6 sujuva korraldamisega klientide rahulolu ja ettev\u00f5tte eesm\u00e4rkide t\u00e4itmine. M\u00fc\u00fcgikorraldaja t\u00f6\u00f6tab kaubandus- ja teenindusettev\u00f5tetes v\u00f5i tootja m\u00fc\u00fcgi\u00fcksustes m\u00fc\u00fcgijuhi abina, ta on v\u00f5imeline vajadusel m\u00fc\u00fcgijuhti asendama. M\u00fc\u00fcgikorraldaja on valmis tegutsema muutuvas keskkonnas ning oskab toimida paindlikult ja loominguliselt vastavalt olukorrale ja klientide vajadustele. Ta abistab m\u00fc\u00fcgijuhti m\u00fc\u00fcgitulemuste j\u00e4lgimisel ja anal\u00fc\u00fcsimisel ning m\u00fc\u00fcgieelarvete koostamisel ja korrigeerimisel. M\u00fc\u00fcgikorraldaja teenindab ja n\u00f5ustab kliente, vormistab pakkumisi ja ostu-m\u00fc\u00fcgidokumente, lahendab iseseisvalt t\u00f6\u00f6s tekkinud probleeme ning esindab ettev\u00f5tet talle antud volituste piires. Erialal \u00f5ppimine eeldab: koost\u00f6\u00f6- ja suhtlemisvalmidust, vastutusv\u00f5imet, usaldatavust, korrektsust, kohusetunnet, enesedistsipliini, juhtimisv\u00f5imekust, planeerimis- ja anal\u00fc\u00fcsioskust, organiseerimisv\u00f5imet, initsiatiivi ja otsustamisjulgust. <\/span><\/p>\n<h3><span style=\"color: #cd2662;\">\u00d5pitakse: <\/span><\/h3>\n<ul style=\"list-style-type: circle;\">\n<li>Juhtimist ja juhendamist<\/li>\n<li>Karj\u00e4\u00e4ri planeerimist ja ettev\u00f5tluse aluseid<\/li>\n<li>Kassat\u00f6\u00f6 korraldamist<\/li>\n<li>Kaupade k\u00e4itlemise korraldamist<\/li>\n<li>Klienditeeninduse korraldamist<\/li>\n<li>M\u00fc\u00fcgit\u00f6\u00f6 korraldamist<\/li>\n<li>Arvuti\u00f5petust<\/li>\n<li>Avalikku esinemist<\/li>\n<li>E-portfoolio koostamist<\/li>\n<li>Enesejuhtimist<\/li>\n<li>Grupiprotsesse ja meeskonnat\u00f6\u00f6d<\/li>\n<li>Kultuuridevahelist kommunikatsiooni<\/li>\n<li>Kutsealast soome keelt<\/li>\n<li>L\u00e4bir\u00e4\u00e4kimise oskused<\/li>\n<\/ul>\n<p><span style=\"color: #000000;\"><strong>Praktika:<\/strong> meie praktikapartneriteks on AS Selver, AS Kaubamaja, AS Rimi Eesti Food, Circle K Eesti AS, AS R-Kiosk Estonia, AS Coop jm. Praktikaid on v\u00f5imalik sooritada ka v\u00e4lismaal\u00a0\u00a0<a href=\"https:\/\/www.teeninduskool.ee\/?page_id=13307\">Erasmus+ \u00f5pir\u00e4nde<\/a>\u00a0raames.<\/span><\/p>\n<p><span style=\"color: #000000;\"><strong>Kutsekvalifikatsiooni eksam:<\/strong> m\u00fc\u00fcgikorraldaja, tase 5 <\/span><\/p>\n<p><span style=\"color: #000000;\"><strong>T\u00f6\u00f6turuv\u00f5imalused:<\/strong> m\u00fc\u00fcgikorraldaja eriala l\u00f5petanu v\u00f5ib asuda t\u00f6\u00f6le jae- v\u00f5i hulgikaubandusettev\u00f5tte esmatasandi juhina, m\u00fc\u00fcgijuhi abina, m\u00fc\u00fcgiassistendina, tooter\u00fchmajuhina, vahetuse vanemana jne. <\/span><\/p>\n<p><span style=\"color: #000000;\"><strong>Erialased edasi\u00f5ppimise v\u00f5imalused: <\/strong><\/span>\u00f5pingute j\u00e4tkamine vastavalt huvile k\u00f5rgkoolides erinevatel erialadel (nt \u00e4rikorraldus, personalit\u00f6\u00f6 juhtimine vms).<\/p>\n<p><strong>Toetustena<\/strong>\u00a0pakume s\u00f5idu-, eri- ja p\u00f5hitoetusi. Koolil on t\u00e4nap\u00e4evane \u00f5ppekeskkond, sportimisv\u00f5imalused, kasutada saab n\u00f5ustamisteenuseid ja tugispetsialistide abi. V\u00f5imalus osaleda koolisisestel ja vabariiklikel v\u00f5istlustel.<\/p>\n<p><strong>Vaatad tulevikku?<\/strong>\u00a0Tutvu valdkonna\u00a0<a href=\"https:\/\/www.palgad.ee\/salaryinfo\">palgainfoga<\/a><\/p>\n<p>&nbsp;<\/p>\n<p><em>Viimati muudetud 12.06.2023<\/em><\/p>\n","protected":false},"excerpt":{"rendered":"<p>\u00d5ppeliik: kutse\u00f5pe keskhariduse baasil \u00d5ppevorm: t\u00f6\u00f6kohap\u00f5hine \u00f5pe \u00d5ppekeel: eesti N\u00f5uded alustamiseks: keskharidus \u00d5ppeaeg: 2 aastat Tutvu \u00f5ppekavaga Tutvu kutsestandardiga Eriala l\u00fchitutvustus: M\u00fc\u00fcgikorraldaja t\u00f6\u00f6 eesm\u00e4rk on tagada m\u00fc\u00fcgi- ja teenindust\u00f6\u00f6 sujuva korraldamisega klientide rahulolu ja&#46;&#46;&#46;<\/p>\n","protected":false},"author":4,"featured_media":6636,"parent":0,"menu_order":0,"comment_status":"closed","ping_status":"closed","template":"","meta":{"footnotes":""},"class_list":["post-14270","page","type-page","status-publish","has-post-thumbnail","hentry"],"_links":{"self":[{"href":"https:\/\/www.teeninduskool.ee\/index.php?rest_route=\/wp\/v2\/pages\/14270","targetHints":{"allow":["GET"]}}],"collection":[{"href":"https:\/\/www.teeninduskool.ee\/index.php?rest_route=\/wp\/v2\/pages"}],"about":[{"href":"https:\/\/www.teeninduskool.ee\/index.php?rest_route=\/wp\/v2\/types\/page"}],"author":[{"embeddable":true,"href":"https:\/\/www.teeninduskool.ee\/index.php?rest_route=\/wp\/v2\/users\/4"}],"replies":[{"embeddable":true,"href":"https:\/\/www.teeninduskool.ee\/index.php?rest_route=%2Fwp%2Fv2%2Fcomments&post=14270"}],"version-history":[{"count":5,"href":"https:\/\/www.teeninduskool.ee\/index.php?rest_route=\/wp\/v2\/pages\/14270\/revisions"}],"predecessor-version":[{"id":17067,"href":"https:\/\/www.teeninduskool.ee\/index.php?rest_route=\/wp\/v2\/pages\/14270\/revisions\/17067"}],"wp:featuredmedia":[{"embeddable":true,"href":"https:\/\/www.teeninduskool.ee\/index.php?rest_route=\/wp\/v2\/media\/6636"}],"wp:attachment":[{"href":"https:\/\/www.teeninduskool.ee\/index.php?rest_route=%2Fwp%2Fv2%2Fmedia&parent=14270"}],"curies":[{"name":"wp","href":"https:\/\/api.w.org\/{rel}","templated":true}]}}