{"id":14456,"date":"2021-12-27T15:56:18","date_gmt":"2021-12-27T13:56:18","guid":{"rendered":"https:\/\/www.teeninduskool.ee\/?page_id=14456"},"modified":"2021-12-27T18:05:39","modified_gmt":"2021-12-27T16:05:39","slug":"taiendkoolituse-oppekavad","status":"publish","type":"page","link":"https:\/\/www.teeninduskool.ee\/?page_id=14456","title":{"rendered":"T\u00e4iendus\u00f5ppe \u00f5ppekavad"},"content":{"rendered":"<p>Tallinna Teeninduskooli koolitus- ja n\u00f5ustamiskeskus pakub koolitusi ja kursusi j\u00e4rgmistes valdkondades:<\/p>\n<p><strong>Isikuareng<\/strong><\/p>\n<ul>\n<li><a href=\"https:\/\/www.teeninduskool.ee\/wp-content\/uploads\/2021\/12\/Taienduskoolitus-erialane_inglise_keel_B1.pdf\">Erialane inglise keel B1<\/a><\/li>\n<li><a href=\"https:\/\/www.teeninduskool.ee\/wp-content\/uploads\/2021\/12\/Taienduskoolitus-erialane_inglise_keel_B2.pdf\">Erialane inglise keel B2<\/a><\/li>\n<li><a href=\"https:\/\/www.teeninduskool.ee\/wp-content\/uploads\/2021\/12\/Oppekava-Mentorluse_koolitus_opetajatele_002.pdf\">Mentorluse koolitus \u00f5petajatele<\/a><\/li>\n<li><a href=\"https:\/\/www.teeninduskool.ee\/wp-content\/uploads\/2021\/12\/Ta\u0308ienduskoolitus-teenindusalane-soome-keel.pdf\">Teenindusalane soome keel<\/a><\/li>\n<li><a href=\"https:\/\/www.teeninduskool.ee\/wp-content\/uploads\/2021\/12\/Ta\u0308ienduskoolitus-teenindusalane-vene-keel.pdf\">Teenindusalane vene keel<\/a><\/li>\n<li><a href=\"https:\/\/www.teeninduskool.ee\/wp-content\/uploads\/2021\/12\/Taienduskoolitus-pilvepohised_tookeskkonnad_ja_nende_kasutamine.pdf\">Pilvep\u00f5hised t\u00f6\u00f6keskkonnad ja nende kasutamine<\/a><\/li>\n<\/ul>\n<p><strong>Kaubandus<\/strong><\/p>\n<ul>\n<li><a href=\"https:\/\/www.teeninduskool.ee\/wp-content\/uploads\/2021\/12\/Ta\u0308ienduskoolitus-klienditeeninduses-professionaalne-klienditeenindus-ning-toimetulek-raske-kliendiga.pdf\">Professionaalne klienditeenindus ning toimetulek raske kliendiga<\/a><\/li>\n<li><a href=\"https:\/\/www.teeninduskool.ee\/wp-content\/uploads\/2021\/12\/Ta\u0308ienduskoolitus-kaubandusettevo\u0303tetele.-Tunne-kaupa-mida-mu\u0308u\u0308d-tervisetooted.pdf\">Tunne kaupa mida mu\u0308u\u0308d \u2013 tervisetooted<\/a><\/li>\n<li><a href=\"https:\/\/www.teeninduskool.ee\/wp-content\/uploads\/2021\/12\/Ta\u0308ienduskoolitus-kaubandusettevo\u0303tete-to\u0308o\u0308tajatele.-Tunne-kaupa-mida-mu\u0308u\u0308d-kosmeetikatooted.pdf\">Tunne kaupa, mida mu\u0308u\u0308d \u2013 kosmeetikatooted<\/a><\/li>\n<\/ul>\n<p><strong>Kokandus<\/strong><\/p>\n<ul>\n<li><a href=\"https:\/\/www.teeninduskool.ee\/wp-content\/uploads\/2021\/12\/Taienduskoolitus-Abikoka-koolitus.pdf\">Abikoka koolitus<\/a><\/li>\n<li><a href=\"https:\/\/www.teeninduskool.ee\/wp-content\/uploads\/2021\/12\/Ta\u0308ienduskoolitus-HoReCa-sektorile-eritoitumine-ja-eritoidu-valmistamine_eesti-keeles.pdf\">Eritoitumine ja eritoidu valmistamine \/ HoReCa<\/a><\/li>\n<li><a href=\"https:\/\/www.teeninduskool.ee\/wp-content\/uploads\/2021\/12\/Menuu-koostamine-ja-kalkulatsioon-toitlustusettevottes.pdf\">Men\u00fc\u00fc koostamine ja kalkulatsioon toitlustusettev\u00f5ttes<\/a><\/li>\n<li><a href=\"https:\/\/www.teeninduskool.ee\/wp-content\/uploads\/2021\/12\/Taienduskoolitus-lasteasutuse-kokkadele.pdf\">T\u00e4ienduskoolitus lasteasutuse kokkadele<\/a><\/li>\n<li><a href=\"https:\/\/www.teeninduskool.ee\/wp-content\/uploads\/2021\/12\/Taienduskoolitus-toidukao-vahendamine.pdf\">Toiduj\u00e4\u00e4tmete ja toidukao v\u00e4hendamine toitlustusasutustes<\/a><\/li>\n<\/ul>\n<p><strong>Toiduainete tootmine<\/strong><\/p>\n<ul>\n<li><a href=\"https:\/\/www.teeninduskool.ee\/wp-content\/uploads\/2021\/12\/O\u0303ppekava-Choux-au-Craquelinide-kro\u0303beda-kattega-tuuletaskute-valmistamine.pdf\">Choux au Craquelin\u2019ide valmistamine<\/a><\/li>\n<li><a href=\"https:\/\/www.teeninduskool.ee\/wp-content\/uploads\/2021\/12\/O\u0303ppekava-Ekleeride-valmistamine.pdf\">Ekleeride valmistamine<\/a><\/li>\n<li><a href=\"https:\/\/www.teeninduskool.ee\/wp-content\/uploads\/2021\/12\/O\u0303ppekava-Makroonide-valmistamine.pdf\">Makroonide valmistamine<\/a><\/li>\n<li><a href=\"https:\/\/www.teeninduskool.ee\/wp-content\/uploads\/2021\/12\/O\u0303ppekava-Pagar-kondiitri-koolitus.pdf\">Pagar-kondiitri koolitus<\/a><\/li>\n<li><a href=\"https:\/\/www.teeninduskool.ee\/wp-content\/uploads\/2021\/12\/Oppekava_Truhvlite_valmistamine.pdf\">\u0160okolaaditr\u00fchvlite valmistamine<\/a><\/li>\n<\/ul>\n<p><strong>Iluteenindus<\/strong><\/p>\n<ul>\n<li><a href=\"https:\/\/www.teeninduskool.ee\/wp-content\/uploads\/2021\/12\/Oppekava_Epilatsioon.pdf\">Epilatsiooni koolitus<\/a><\/li>\n<\/ul>\n","protected":false},"excerpt":{"rendered":"<p>Tallinna Teeninduskooli koolitus- ja n\u00f5ustamiskeskus pakub koolitusi ja kursusi j\u00e4rgmistes valdkondades: Isikuareng Erialane inglise keel B1 Erialane inglise keel B2 Mentorluse koolitus \u00f5petajatele Teenindusalane soome keel Teenindusalane vene keel Pilvep\u00f5hised t\u00f6\u00f6keskkonnad ja nende kasutamine&#46;&#46;&#46;<\/p>\n","protected":false},"author":4,"featured_media":0,"parent":0,"menu_order":0,"comment_status":"closed","ping_status":"closed","template":"","meta":{"footnotes":""},"class_list":["post-14456","page","type-page","status-publish","hentry"],"_links":{"self":[{"href":"https:\/\/www.teeninduskool.ee\/index.php?rest_route=\/wp\/v2\/pages\/14456","targetHints":{"allow":["GET"]}}],"collection":[{"href":"https:\/\/www.teeninduskool.ee\/index.php?rest_route=\/wp\/v2\/pages"}],"about":[{"href":"https:\/\/www.teeninduskool.ee\/index.php?rest_route=\/wp\/v2\/types\/page"}],"author":[{"embeddable":true,"href":"https:\/\/www.teeninduskool.ee\/index.php?rest_route=\/wp\/v2\/users\/4"}],"replies":[{"embeddable":true,"href":"https:\/\/www.teeninduskool.ee\/index.php?rest_route=%2Fwp%2Fv2%2Fcomments&post=14456"}],"version-history":[{"count":5,"href":"https:\/\/www.teeninduskool.ee\/index.php?rest_route=\/wp\/v2\/pages\/14456\/revisions"}],"predecessor-version":[{"id":14485,"href":"https:\/\/www.teeninduskool.ee\/index.php?rest_route=\/wp\/v2\/pages\/14456\/revisions\/14485"}],"wp:attachment":[{"href":"https:\/\/www.teeninduskool.ee\/index.php?rest_route=%2Fwp%2Fv2%2Fmedia&parent=14456"}],"curies":[{"name":"wp","href":"https:\/\/api.w.org\/{rel}","templated":true}]}}