{"id":15009,"date":"2022-05-01T12:11:27","date_gmt":"2022-05-01T09:11:27","guid":{"rendered":"https:\/\/www.teeninduskool.ee\/?page_id=15009"},"modified":"2023-07-26T12:19:19","modified_gmt":"2023-07-26T09:19:19","slug":"kaubandus-%f0%9f%8f%aa","status":"publish","type":"page","link":"https:\/\/www.teeninduskool.ee\/?page_id=15009","title":{"rendered":"Kaubandus"},"content":{"rendered":"<ul>\n<li><strong>\u00d5ppeliik:<\/strong>\u00a0kutsekeskharidus\u00f5pe<\/li>\n<li><strong>\u00d5ppevorm:<\/strong>\u00a0koolip\u00f5hine \u00f5pe<\/li>\n<li><strong>N\u00f5uded alustamiseks:<\/strong>\u00a0p\u00f5hiharidus<\/li>\n<li><strong>\u00d5ppekeel:<\/strong> 100% eesti keel<\/li>\n<li><strong>\u00d5ppeaeg:<\/strong>\u00a03 aastat<\/li>\n<li>Tutvu <a href=\"https:\/\/tahvel.edu.ee\/#\/curriculum\/2567\"><strong>\u00f5ppekavaga<\/strong><\/a><\/li>\n<li>Loe <a href=\"https:\/\/www.ohtuleht.ee\/1088038\/laheks-oppima-tallinna-teeninduskooli-kaubanduse-erialale-oppisin-klientidega-paremini-suhtlema-probleeme-lahendama-ja-arendasin-tapsust?fbclid=IwAR0L830xkookR46K7TZTHP3I0INutB9-SCPsn7UZomGm-VGjfyxMs3alXto\"><strong>siit<\/strong><\/a>, miks \u00f5ppida kaubandust<\/li>\n<\/ul>\n<p><b>Kaubanduse <\/b>eriala l\u00f5petaja on omandanud teadmised, oskused ja hoiakud, mis v\u00f5imaldavad t\u00f6\u00f6tada klienditeenindajana kaubanduses ning j\u00e4tkata \u00f5pinguid ja osaleda elukestvas \u00f5ppes rakendades tulemuslikult kaubandusettev\u00f5ttes vajalikke suhtlemisoskusi ja t\u00f6\u00f6v\u00f5tteid ning info- ja kommunikatsioonitehnoloogiaid. P\u00f5hit\u00f6\u00f6 on kaubandusettev\u00f5ttes kaupade k\u00e4itlemine, teenindamine, m\u00fc\u00fcmine ja kassat\u00f6\u00f6 tundes kaupa ning l\u00e4htudes m\u00fc\u00fcgit\u00f6\u00f6 korraldamise p\u00f5him\u00f5tetest. L\u00f5petanu t\u00f6\u00f6tab klienditeenindajana kaubandusettev\u00f5tte meeskonnaliikmena, vastutab enda t\u00f6\u00f6 eest ja suhtub sellesse vastutustundlikult, oskab kohaneda muutuvate olukordade ning teadvustab enda eri- ja t\u00f6\u00f6alase t\u00e4iendamise vajadust.<\/p>\n<p><strong>Eriala \u00f5ppimine eeldab\u00a0<\/strong>teenindus- ja suhtlemisvalmidust, konfidentsiaalset k\u00e4itumist, pingetaluvust, meeskonnat\u00f6\u00f6oskust.<\/p>\n<p><strong>\u00d5pitakse:<\/strong><\/p>\n<ul>\n<li>elektroonika- ja b\u00fcrookaubad<\/li>\n<li>toidu- ja esmatarbekaubad<\/li>\n<li>erialast inglise, vene ja soome keelt<\/li>\n<li>kassat\u00f6\u00f6d<\/li>\n<li>kaupade k\u00e4itlemist<\/li>\n<li>klienditeenindust<\/li>\n<li>m\u00fc\u00fcgit\u00f6\u00f6 korraldamist<\/li>\n<\/ul>\n<p>\u00d5ppet\u00f6\u00f6s kasutatakse e-\u00f5pet.<\/p>\n<p><strong>Praktikad<\/strong> toimuvad erinevates Eesti kaubandusettev\u00f5tetes, praktikaid on v\u00f5imalik sooritada ka v\u00e4lismaal\u00a0 <a href=\"https:\/\/www.teeninduskool.ee\/?page_id=13307\">Erasmus+ \u00f5pir\u00e4nde<\/a>\u00a0raames.<\/p>\n<p><strong>L\u00f5petamiseks<\/strong> tuleb sooritada Klienditeenindaja kaubanduses, tase 4 kutsele vastavav kutseeksam.<\/p>\n<p><strong>Toetustena<\/strong> pakume s\u00f5idu-, eri- ja p\u00f5hitoetusi. Koolil on t\u00e4nap\u00e4evane \u00f5ppekeskkond, sportimisv\u00f5imalused, kasutada saab n\u00f5ustamisteenuseid ja tugispetsialistide abi. V\u00f5imalus osaleda koolisisestel ja vabariiklikel v\u00f5istlustel.<\/p>\n<p><strong>Vaatad tulevikku?<\/strong>\u00a0Tutvu valdkonna\u00a0<a href=\"https:\/\/www.palgad.ee\/salaryinfo\">palgainfoga<\/a><\/p>\n<p>&nbsp;<\/p>\n<p><em>Viimati muudetud 12.06.2023<\/em><\/p>\n","protected":false},"excerpt":{"rendered":"<p>\u00d5ppeliik:\u00a0kutsekeskharidus\u00f5pe \u00d5ppevorm:\u00a0koolip\u00f5hine \u00f5pe N\u00f5uded alustamiseks:\u00a0p\u00f5hiharidus \u00d5ppekeel: 100% eesti keel \u00d5ppeaeg:\u00a03 aastat Tutvu \u00f5ppekavaga Loe siit, miks \u00f5ppida kaubandust Kaubanduse eriala l\u00f5petaja on omandanud teadmised, oskused ja hoiakud, mis v\u00f5imaldavad t\u00f6\u00f6tada klienditeenindajana kaubanduses ning j\u00e4tkata&#46;&#46;&#46;<\/p>\n","protected":false},"author":4,"featured_media":15010,"parent":12304,"menu_order":0,"comment_status":"closed","ping_status":"closed","template":"","meta":{"footnotes":""},"class_list":["post-15009","page","type-page","status-publish","has-post-thumbnail","hentry"],"_links":{"self":[{"href":"https:\/\/www.teeninduskool.ee\/index.php?rest_route=\/wp\/v2\/pages\/15009","targetHints":{"allow":["GET"]}}],"collection":[{"href":"https:\/\/www.teeninduskool.ee\/index.php?rest_route=\/wp\/v2\/pages"}],"about":[{"href":"https:\/\/www.teeninduskool.ee\/index.php?rest_route=\/wp\/v2\/types\/page"}],"author":[{"embeddable":true,"href":"https:\/\/www.teeninduskool.ee\/index.php?rest_route=\/wp\/v2\/users\/4"}],"replies":[{"embeddable":true,"href":"https:\/\/www.teeninduskool.ee\/index.php?rest_route=%2Fwp%2Fv2%2Fcomments&post=15009"}],"version-history":[{"count":5,"href":"https:\/\/www.teeninduskool.ee\/index.php?rest_route=\/wp\/v2\/pages\/15009\/revisions"}],"predecessor-version":[{"id":17206,"href":"https:\/\/www.teeninduskool.ee\/index.php?rest_route=\/wp\/v2\/pages\/15009\/revisions\/17206"}],"up":[{"embeddable":true,"href":"https:\/\/www.teeninduskool.ee\/index.php?rest_route=\/wp\/v2\/pages\/12304"}],"wp:featuredmedia":[{"embeddable":true,"href":"https:\/\/www.teeninduskool.ee\/index.php?rest_route=\/wp\/v2\/media\/15010"}],"wp:attachment":[{"href":"https:\/\/www.teeninduskool.ee\/index.php?rest_route=%2Fwp%2Fv2%2Fmedia&parent=15009"}],"curies":[{"name":"wp","href":"https:\/\/api.w.org\/{rel}","templated":true}]}}