{"id":16773,"date":"2023-05-02T09:41:02","date_gmt":"2023-05-02T06:41:02","guid":{"rendered":"https:\/\/www.teeninduskool.ee\/?page_id=16773"},"modified":"2026-02-17T13:41:48","modified_gmt":"2026-02-17T11:41:48","slug":"16773-2","status":"publish","type":"page","link":"https:\/\/www.teeninduskool.ee\/?page_id=16773","title":{"rendered":"Avaldus s\u00f5idukompensatsiooni saamiseks"},"content":{"rendered":"<p>Kuidas s\u00f5idukompensatsiooni saada &#8211; Tallinna Teeninduskooli <a href=\"https:\/\/www.teeninduskool.ee\/wp-content\/uploads\/2026\/02\/Tallinna-Teeninduskooli-soidusoodustuste-kompenseerimise-kord.pdf\">s\u00f5idusoodustuste kompenseerimise kord<\/a><\/p>\n<p>&nbsp;<\/p>\n<p>S\u00f5idusoodustuste andmete kogumisega ning vormistamisega tegeleb<\/p>\n<p>finantsjuht Eve Kont-Kontson<\/p>\n<p>tel 56 833 834<\/p>\n<p>e-mail\u00a0<a href=\"mailto:eve.kont-kontson@tmk.edu.ee\">eve.kont-kontson@tmk.edu.ee<\/a>.<\/p>\n<p>&nbsp;<\/p>\n<p>Piletite esitamine iga kuu 1-5 kuup\u00e4ev.<\/p>\n<p>Pildista piletid nii, et tekst oleks h\u00e4sti n\u00e4htav. Kui pileti eest on makstud panga\u00fclekandega, <strong>lisa kindlasti pangapoolne digitaalselt allkirjastatud maksekorraldus<\/strong>, mille saad ise internetipangast allalaadida.<\/p>\n<p>Vormi t\u00e4itmisel kontrolli \u00fcle:<\/p>\n<p>1. R\u00fchma nimi<\/p>\n<p>2. Suund ja kilometraa\u017e<\/p>\n<p>3. Piletite \u00fcldsumma<\/p>\n<p>4. Panga nimetus ja konto nr<\/p>\n<p><strong>Lapsevanemate panga andmed lisage juhul kui lapsevanem soovib raha \u00fclekandmist enda arvele.<\/strong><\/p>\n<p>Kui pileti eest on makstud panga\u00fclekandega, lisada juurde pangapoolne <strong>digitaalselt allkirjastatud maksekorraldus<\/strong> (Tallinna Teeninduskooli s\u00f5idusoodustuste kompenseerimise kord, p. 8).<\/p>\n<p>Maksekorralduse faili t\u00fc\u00fcp peab olema <strong>.asice<br \/>\n<\/strong><\/p>\n<p>Vaatame Swedbanki n\u00e4itel. Mine jaotisse &#8220;Igap\u00e4eva\u00adpangandus&#8221;, vali &#8220;Makse ajalugu&#8221;, leia ja ava vajalik makse. Seej\u00e4rel leia paremalt poolt nupp &#8220;Lae alla&#8221; ja vali formaat .ASICE.<br \/>\nTeistes pankades peaks sarnane toiming samuti olema v\u00f5imalik. Vajadusel p\u00f6\u00f6rduge oma panga klienditoe poole.<strong><br \/>\n<\/strong><\/p>\n<p><span style=\"font-size: 18pt;\">T\u00e4ida taotlus <a href=\"https:\/\/www.teeninduskool.ee\/?page_id=20251\" target=\"_blank\" rel=\"noopener\">siin<\/a>.<\/span><\/p>\n<p>Link avatakse uues aknas, vaatamiseks tuleb sisse logida parooliga. Selgitus: kuna tegemist on veebirakendusega, siis t\u00e4idame j\u00e4rgmist E-ITS-i n\u00f5uet:<\/p>\n<p><a href=\"https:\/\/eits.ria.ee\/et\/versioon\/2023\/eits-poohidokumendid\/etalonturbe-kataloog\/app-rakendused\/app3-voorguteenused\/app31-veebirakendused\/3-meetmed\/32-poohimeetmed\/app31m1-veebirakenduste-autentimine\/\">https:\/\/eits.ria.ee\/et\/versioon\/2023\/eits-poohidokumendid\/etalonturbe-kataloog\/app-rakendused\/app3-voorguteenused\/app31-veebirakendused\/3-meetmed\/32-poohimeetmed\/app31m1-veebirakenduste-autentimine\/<\/a><\/p>\n","protected":false},"excerpt":{"rendered":"<p>Kuidas s\u00f5idukompensatsiooni saada &#8211; Tallinna Teeninduskooli s\u00f5idusoodustuste kompenseerimise kord &nbsp; S\u00f5idusoodustuste andmete kogumisega ning vormistamisega tegeleb finantsjuht Eve Kont-Kontson tel 56 833 834 e-mail\u00a0eve.kont-kontson@tmk.edu.ee. &nbsp; Piletite esitamine iga kuu 1-5 kuup\u00e4ev. Pildista piletid nii,&#46;&#46;&#46;<\/p>\n","protected":false},"author":9,"featured_media":0,"parent":0,"menu_order":0,"comment_status":"closed","ping_status":"closed","template":"","meta":{"footnotes":""},"class_list":["post-16773","page","type-page","status-publish","hentry"],"_links":{"self":[{"href":"https:\/\/www.teeninduskool.ee\/index.php?rest_route=\/wp\/v2\/pages\/16773","targetHints":{"allow":["GET"]}}],"collection":[{"href":"https:\/\/www.teeninduskool.ee\/index.php?rest_route=\/wp\/v2\/pages"}],"about":[{"href":"https:\/\/www.teeninduskool.ee\/index.php?rest_route=\/wp\/v2\/types\/page"}],"author":[{"embeddable":true,"href":"https:\/\/www.teeninduskool.ee\/index.php?rest_route=\/wp\/v2\/users\/9"}],"replies":[{"embeddable":true,"href":"https:\/\/www.teeninduskool.ee\/index.php?rest_route=%2Fwp%2Fv2%2Fcomments&post=16773"}],"version-history":[{"count":5,"href":"https:\/\/www.teeninduskool.ee\/index.php?rest_route=\/wp\/v2\/pages\/16773\/revisions"}],"predecessor-version":[{"id":22854,"href":"https:\/\/www.teeninduskool.ee\/index.php?rest_route=\/wp\/v2\/pages\/16773\/revisions\/22854"}],"wp:attachment":[{"href":"https:\/\/www.teeninduskool.ee\/index.php?rest_route=%2Fwp%2Fv2%2Fmedia&parent=16773"}],"curies":[{"name":"wp","href":"https:\/\/api.w.org\/{rel}","templated":true}]}}