{"id":17311,"date":"2023-08-23T09:03:06","date_gmt":"2023-08-23T06:03:06","guid":{"rendered":"https:\/\/www.teeninduskool.ee\/?page_id=17311"},"modified":"2025-08-19T11:14:22","modified_gmt":"2025-08-19T08:14:22","slug":"avaldus-opilakodu-koha-saamiseks","status":"publish","type":"page","link":"https:\/\/www.teeninduskool.ee\/?page_id=17311","title":{"rendered":"Avaldus \u00f5pilaskodu koha saamiseks"},"content":{"rendered":"<p><strong>Asukoht<\/strong><\/p>\n<p>\u00d5pilaskodu asub Mustam\u00e4el, S\u00f5pruse pst. 184, Tallinn 13424, Tallinna T\u00f6\u00f6stushariduskeskuse territooriumil.<\/p>\n<p>V\u00f5imalikud marsruudid j\u00f5udmaks \u00f5pilaskodust kooli: <a href=\"https:\/\/transport.tallinn.ee\/#plan\/02302-1,02301-1\/14804-1,14803-1,14802-1,14801-1\">VAATA SIIT<\/a><\/p>\n<p><strong>\u00d5pilaskodu administraatori kontakt:<\/strong> +372 56670945<\/p>\n<div class=\"video-container\"><iframe loading=\"lazy\" title=\"Tallinna Teeninduskooli \u00f5pilaskodu\" width=\"500\" height=\"281\" src=\"https:\/\/www.youtube.com\/embed\/UXk5QhRWo1k?feature=oembed&#038;wmode=opaque\" frameborder=\"0\" allow=\"accelerometer; autoplay; clipboard-write; encrypted-media; gyroscope; picture-in-picture; web-share\" referrerpolicy=\"strict-origin-when-cross-origin\" allowfullscreen><\/iframe><\/div>\n<p>&nbsp;<\/p>\n<p><strong>Tingimused<\/strong><\/p>\n<p>Toad \u00f5pilaskodus on kahekohalised. Boksis on kaks tuba, k\u00f6\u00f6ginurk (pliit, k\u00fclmkapp), tualett ja du\u0161\u0161inurk. \u00d5pilaskodus kohapeal on olemas voodipesu, tekid, padjad ja p\u00e4evatekid.<\/p>\n<p><img loading=\"lazy\" decoding=\"async\" class=\"wp-image-17395 aligncenter\" src=\"https:\/\/www.teeninduskool.ee\/wp-content\/uploads\/2023\/08\/IMG_20230828_141505389_HDR-300x169.jpg\" alt=\"\" width=\"450\" height=\"253\" srcset=\"https:\/\/www.teeninduskool.ee\/wp-content\/uploads\/2023\/08\/IMG_20230828_141505389_HDR-300x169.jpg 300w, https:\/\/www.teeninduskool.ee\/wp-content\/uploads\/2023\/08\/IMG_20230828_141505389_HDR-768x432.jpg 768w, https:\/\/www.teeninduskool.ee\/wp-content\/uploads\/2023\/08\/IMG_20230828_141505389_HDR.jpg 1024w\" sizes=\"auto, (max-width: 450px) 100vw, 450px\" \/><\/p>\n<p><img loading=\"lazy\" decoding=\"async\" class=\"wp-image-17397 aligncenter\" src=\"https:\/\/www.teeninduskool.ee\/wp-content\/uploads\/2023\/08\/IMG_20230828_141630402_HDR-300x169.jpg\" alt=\"\" width=\"450\" height=\"253\" srcset=\"https:\/\/www.teeninduskool.ee\/wp-content\/uploads\/2023\/08\/IMG_20230828_141630402_HDR-300x169.jpg 300w, https:\/\/www.teeninduskool.ee\/wp-content\/uploads\/2023\/08\/IMG_20230828_141630402_HDR-768x432.jpg 768w, https:\/\/www.teeninduskool.ee\/wp-content\/uploads\/2023\/08\/IMG_20230828_141630402_HDR.jpg 1024w\" sizes=\"auto, (max-width: 450px) 100vw, 450px\" \/><\/p>\n<p><img loading=\"lazy\" decoding=\"async\" class=\"wp-image-17396 aligncenter\" src=\"https:\/\/www.teeninduskool.ee\/wp-content\/uploads\/2023\/08\/IMG_20230828_141513134-300x169.jpg\" alt=\"\" width=\"450\" height=\"253\" srcset=\"https:\/\/www.teeninduskool.ee\/wp-content\/uploads\/2023\/08\/IMG_20230828_141513134-300x169.jpg 300w, https:\/\/www.teeninduskool.ee\/wp-content\/uploads\/2023\/08\/IMG_20230828_141513134-768x432.jpg 768w, https:\/\/www.teeninduskool.ee\/wp-content\/uploads\/2023\/08\/IMG_20230828_141513134.jpg 1025w\" sizes=\"auto, (max-width: 450px) 100vw, 450px\" \/><\/p>\n<p>Voodipesu vahetamine toimub kaks korda kuus pesulaos. \u00d5pilaskodust lahkudes peab \u00f5pilane tagastama voodivarustuse pesulattu.<\/p>\n<p>\u00d5pilaskodu on suletud aastavahetuse koolivaheajal ja suvevaheajal jaanip\u00e4evast augusti viimase n\u00e4dalani. Kuup\u00e4evad t\u00e4psustatakse vastavalt \u00f5ppeaasta koolivaheaegade m\u00e4\u00e4ratlemisele akadeemilises kalendris.<\/p>\n<p>\u00d5pilaskodusse elama tulles s\u00f5lmitakse \u00fc\u00fcrileping. Kui \u00f5pilane ei soovi enam \u00f5pilaskodus elada, siis teatab ta sellest 10 p\u00e4eva ette ning ta kustutatakse elanike nimekirjast. V\u00e4lja kirjutamata \u00f5pilane on kohustatud tasuma kohamaksu.<\/p>\n<p>&nbsp;<\/p>\n<p><strong>Avaldus<\/strong><\/p>\n<p>Palume t\u00e4ita avalduse vorm. Lapsevanemate andmed tuleb t\u00e4ita kui \u00fc\u00fcrnik on alaealine.<br \/>\nT\u00e4idetud avalduse saadame teile e-postile digitaalseks allkirjastamiseks ja siis palume meile tagasi saata.<\/p>\n<div id=\"usermessage6a\" class=\"cf_info \"><\/div><form enctype=\"multipart\/form-data\" action=\"\/index.php?rest_route=%2Fwp%2Fv2%2Fpages%2F17311#usermessage6a\" method=\"post\" class=\"cform avaldus-%c3%b5pilaskodu-koha-saamiseks \" id=\"cforms6form\"><ol class=\"cf-ol\"><li id=\"li-6-1\" class=\"\"><label id=\"label-6-1\" for=\"cf6_field_1\"><span>Taotleja ees- ja perekonnanimi<\/span><\/label><input type=\"text\" name=\"cf6_field_1\" id=\"cf6_field_1\" class=\"single fldrequired\" value=\"\" title=\"\"\/><span class=\"reqtxt\">(kohustuslik)<\/span><\/li><li id=\"li-6-2\" class=\"\"><label id=\"label-6-2\" for=\"cf6_field_2\"><span>Eriala nimetus<\/span><\/label><input type=\"text\" name=\"cf6_field_2\" id=\"cf6_field_2\" class=\"single fldrequired\" value=\"\" title=\"\"\/><span class=\"reqtxt\">(kohustuslik)<\/span><\/li><li id=\"li-6-3\" class=\"\"><label id=\"label-6-3\" for=\"cf6_field_3\"><span>Isikukood<\/span><\/label><input type=\"text\" name=\"cf6_field_3\" id=\"cf6_field_3\" class=\"single fldrequired\" value=\"\" title=\"\"\/><span class=\"reqtxt\">(kohustuslik)<\/span><\/li><li id=\"li-6-4\" class=\"\"><label id=\"label-6-4\" for=\"cf6_field_4\"><span>Elukoha aadress ja sihtnumber<\/span><\/label><input type=\"text\" name=\"cf6_field_4\" id=\"cf6_field_4\" class=\"single fldrequired\" value=\"\" title=\"\"\/><span class=\"reqtxt\">(kohustuslik)<\/span><\/li><li id=\"li-6-5\" class=\"\"><label id=\"label-6-5\" for=\"cf6_field_5\"><span>Taotleja telefoninumber<\/span><\/label><input type=\"text\" name=\"cf6_field_5\" id=\"cf6_field_5\" class=\"single fldrequired\" value=\"\" title=\"\"\/><span class=\"reqtxt\">(kohustuslik)<\/span><\/li><li id=\"li-6-6\" class=\"\"><label id=\"label-6-6\" for=\"cf6_field_6\"><span>Taotleja e-posti aadress<\/span><\/label><input required=\"required\"  type=\"email\" name=\"cf6_field_6\" id=\"cf6_field_6\" class=\" fldemail fldrequired\" value=\"\" title=\"\"\/><span class=\"emailreqtxt\">(e-posti aadress on kohustuslik)<\/span><\/li><li id=\"li-6-7\" class=\"\"><label id=\"label-6-7\" for=\"cf6_field_7\"><span>Taotleja pangakonto nr<\/span><\/label><input type=\"text\" name=\"cf6_field_7\" id=\"cf6_field_7\" class=\"single fldrequired\" value=\"\" title=\"\"\/><span class=\"reqtxt\">(kohustuslik)<\/span><\/li><li id=\"li-6-8\" class=\"\"><label id=\"label-6-8\" for=\"cf6_field_8\"><span>Lapsevanema ees- ja perekonnanimi<\/span><\/label><input type=\"text\" name=\"cf6_field_8\" id=\"cf6_field_8\" class=\"single\" value=\"\" title=\"\"\/><\/li><li id=\"li-6-9\" class=\"\"><label id=\"label-6-9\" for=\"cf6_field_9\"><span>Lapsevanema isikukood<\/span><\/label><input type=\"text\" name=\"cf6_field_9\" id=\"cf6_field_9\" class=\"single\" value=\"\" title=\"\"\/><\/li><li id=\"li-6-10\" class=\"\"><label id=\"label-6-10\" for=\"cf6_field_10\"><span>Lapsevanema elukoha aadress ja sihtnumber<\/span><\/label><input type=\"text\" name=\"cf6_field_10\" id=\"cf6_field_10\" class=\"single\" value=\"\" title=\"\"\/><\/li><li id=\"li-6-11\" class=\"\"><label id=\"label-6-11\" for=\"cf6_field_11\"><span>Lapsevanema telefoninumber<\/span><\/label><input type=\"text\" name=\"cf6_field_11\" id=\"cf6_field_11\" class=\"single\" value=\"\" title=\"\"\/><\/li><li id=\"li-6-12\" class=\"\"><label id=\"label-6-12\" for=\"cf6_field_12\"><span>Lapsevanema e-posti aadress<\/span><\/label><input type=\"text\" name=\"cf6_field_12\" id=\"cf6_field_12\" class=\"single\" value=\"\" title=\"\"\/><\/li><li id=\"li-6-13\" class=\"\"><label id=\"label-6-13\" for=\"cf6_field_13\"><span>Lapsevanema pangakonto nr<\/span><\/label><input type=\"text\" name=\"cf6_field_13\" id=\"cf6_field_13\" class=\"single\" value=\"\" title=\"\"\/><\/li><li id=\"li-6-14\" class=\"\"><label for=\"cf6_field_14\" class=\"secq\"><span>Anti-spam. 44+21<\/span><\/label><input type=\"text\" name=\"cforms2_question_and_answer\" id=\"cf6_field_14\" class=\"secinput fldrequired \" title=\"\"\/><input type=\"hidden\" name=\"cforms2_question_and_answer\/hint\" value=\"2\"\/><\/li><\/ol><fieldset class=\"cf_hidden\"><legend>&nbsp;<\/legend><input type=\"hidden\" name=\"cf_working6\" id=\"cf_working6\" value=\"Palun oota...\"\/><input type=\"hidden\" name=\"cf_failure6\" id=\"cf_failure6\" value=\"Vabandame, tekkis viga! Palun t\u00e4ita k\u00f5ik vajalikud andmed.\"\/><input type=\"hidden\" name=\"cf_customerr6\" id=\"cf_customerr6\" value=\"y\"\/><\/fieldset><p class=\"cf-sb\"><input type=\"submit\" name=\"sendbutton6\" id=\"sendbutton6\" class=\"sendbutton\" value=\"Saada\" \/><\/p><\/form>\n<p>&nbsp;<\/p>\n<p><strong><a href=\"https:\/\/www.teeninduskool.ee\/wp-content\/uploads\/2024\/09\/Teko_OPILASKODU_SISEKORRAEESKIRI.pdf\">O\u0303pilaskodu sisekorraeeskiri 2024<\/a><\/strong><\/p>\n<p><strong><a href=\"https:\/\/www.teeninduskool.ee\/wp-content\/uploads\/2024\/12\/Hinnakiri-01.01.2025.pdf\">Hinnakiri 2025<\/a><\/strong><\/p>\n","protected":false},"excerpt":{"rendered":"<p>Asukoht \u00d5pilaskodu asub Mustam\u00e4el, S\u00f5pruse pst. 184, Tallinn 13424, Tallinna T\u00f6\u00f6stushariduskeskuse territooriumil. V\u00f5imalikud marsruudid j\u00f5udmaks \u00f5pilaskodust kooli: VAATA SIIT \u00d5pilaskodu administraatori kontakt: +372 56670945 &nbsp; Tingimused Toad \u00f5pilaskodus on kahekohalised. Boksis on kaks tuba,&#46;&#46;&#46;<\/p>\n","protected":false},"author":9,"featured_media":0,"parent":0,"menu_order":0,"comment_status":"closed","ping_status":"closed","template":"","meta":{"footnotes":""},"class_list":["post-17311","page","type-page","status-publish","hentry"],"_links":{"self":[{"href":"https:\/\/www.teeninduskool.ee\/index.php?rest_route=\/wp\/v2\/pages\/17311","targetHints":{"allow":["GET"]}}],"collection":[{"href":"https:\/\/www.teeninduskool.ee\/index.php?rest_route=\/wp\/v2\/pages"}],"about":[{"href":"https:\/\/www.teeninduskool.ee\/index.php?rest_route=\/wp\/v2\/types\/page"}],"author":[{"embeddable":true,"href":"https:\/\/www.teeninduskool.ee\/index.php?rest_route=\/wp\/v2\/users\/9"}],"replies":[{"embeddable":true,"href":"https:\/\/www.teeninduskool.ee\/index.php?rest_route=%2Fwp%2Fv2%2Fcomments&post=17311"}],"version-history":[{"count":5,"href":"https:\/\/www.teeninduskool.ee\/index.php?rest_route=\/wp\/v2\/pages\/17311\/revisions"}],"predecessor-version":[{"id":21912,"href":"https:\/\/www.teeninduskool.ee\/index.php?rest_route=\/wp\/v2\/pages\/17311\/revisions\/21912"}],"wp:attachment":[{"href":"https:\/\/www.teeninduskool.ee\/index.php?rest_route=%2Fwp%2Fv2%2Fmedia&parent=17311"}],"curies":[{"name":"wp","href":"https:\/\/api.w.org\/{rel}","templated":true}]}}