{"id":18703,"date":"2024-01-19T08:49:08","date_gmt":"2024-01-19T06:49:08","guid":{"rendered":"https:\/\/www.teeninduskool.ee\/?page_id=18703"},"modified":"2024-01-19T11:34:32","modified_gmt":"2024-01-19T09:34:32","slug":"oppeklass-30-m2","status":"publish","type":"page","link":"https:\/\/www.teeninduskool.ee\/?page_id=18703","title":{"rendered":"\u00d5ppeklass 30 m2"},"content":{"rendered":"<h1 style=\"text-align: center;\">\u00d5ppeklass 30 m<sup>2<\/sup><\/h1>\n<p>V\u00e4ikesed \u00f5ppeklassid asuvad B-korpuses. Ruumid on varustatud arvuti- ja projektoriga.<\/p>\n<p style=\"text-align: center;\"><img loading=\"lazy\" decoding=\"async\" class=\"alignnone wp-image-18737 size-large\" src=\"https:\/\/www.teeninduskool.ee\/wp-content\/uploads\/2024\/01\/b-leesthan30m-1024x768.jpg\" alt=\"\" width=\"1024\" height=\"768\" srcset=\"https:\/\/www.teeninduskool.ee\/wp-content\/uploads\/2024\/01\/b-leesthan30m-1024x768.jpg 1024w, https:\/\/www.teeninduskool.ee\/wp-content\/uploads\/2024\/01\/b-leesthan30m-300x225.jpg 300w, https:\/\/www.teeninduskool.ee\/wp-content\/uploads\/2024\/01\/b-leesthan30m-768x576.jpg 768w, https:\/\/www.teeninduskool.ee\/wp-content\/uploads\/2024\/01\/b-leesthan30m-1536x1152.jpg 1536w, https:\/\/www.teeninduskool.ee\/wp-content\/uploads\/2024\/01\/b-leesthan30m.jpg 1920w\" sizes=\"auto, (max-width: 1024px) 100vw, 1024px\" \/><\/p>\n<p style=\"text-align: center;\"><img loading=\"lazy\" decoding=\"async\" class=\"alignnone wp-image-18738 size-large\" src=\"https:\/\/www.teeninduskool.ee\/wp-content\/uploads\/2024\/01\/b-lessthan30m2-1-1024x768.jpg\" alt=\"\" width=\"1024\" height=\"768\" srcset=\"https:\/\/www.teeninduskool.ee\/wp-content\/uploads\/2024\/01\/b-lessthan30m2-1-1024x768.jpg 1024w, https:\/\/www.teeninduskool.ee\/wp-content\/uploads\/2024\/01\/b-lessthan30m2-1-300x225.jpg 300w, https:\/\/www.teeninduskool.ee\/wp-content\/uploads\/2024\/01\/b-lessthan30m2-1-768x576.jpg 768w, https:\/\/www.teeninduskool.ee\/wp-content\/uploads\/2024\/01\/b-lessthan30m2-1-1536x1152.jpg 1536w, https:\/\/www.teeninduskool.ee\/wp-content\/uploads\/2024\/01\/b-lessthan30m2-1.jpg 1920w\" sizes=\"auto, (max-width: 1024px) 100vw, 1024px\" \/><\/p>\n","protected":false},"excerpt":{"rendered":"<p>\u00d5ppeklass 30 m2 V\u00e4ikesed \u00f5ppeklassid asuvad B-korpuses. Ruumid on varustatud arvuti- ja projektoriga.<\/p>\n","protected":false},"author":9,"featured_media":0,"parent":0,"menu_order":0,"comment_status":"closed","ping_status":"closed","template":"","meta":{"footnotes":""},"class_list":["post-18703","page","type-page","status-publish","hentry"],"_links":{"self":[{"href":"https:\/\/www.teeninduskool.ee\/index.php?rest_route=\/wp\/v2\/pages\/18703","targetHints":{"allow":["GET"]}}],"collection":[{"href":"https:\/\/www.teeninduskool.ee\/index.php?rest_route=\/wp\/v2\/pages"}],"about":[{"href":"https:\/\/www.teeninduskool.ee\/index.php?rest_route=\/wp\/v2\/types\/page"}],"author":[{"embeddable":true,"href":"https:\/\/www.teeninduskool.ee\/index.php?rest_route=\/wp\/v2\/users\/9"}],"replies":[{"embeddable":true,"href":"https:\/\/www.teeninduskool.ee\/index.php?rest_route=%2Fwp%2Fv2%2Fcomments&post=18703"}],"version-history":[{"count":3,"href":"https:\/\/www.teeninduskool.ee\/index.php?rest_route=\/wp\/v2\/pages\/18703\/revisions"}],"predecessor-version":[{"id":18709,"href":"https:\/\/www.teeninduskool.ee\/index.php?rest_route=\/wp\/v2\/pages\/18703\/revisions\/18709"}],"wp:attachment":[{"href":"https:\/\/www.teeninduskool.ee\/index.php?rest_route=%2Fwp%2Fv2%2Fmedia&parent=18703"}],"curies":[{"name":"wp","href":"https:\/\/api.w.org\/{rel}","templated":true}]}}