{"id":18714,"date":"2024-01-19T09:30:52","date_gmt":"2024-01-19T07:30:52","guid":{"rendered":"https:\/\/www.teeninduskool.ee\/?page_id=18714"},"modified":"2024-01-22T14:03:35","modified_gmt":"2024-01-22T12:03:35","slug":"oppekook-labor","status":"publish","type":"page","link":"https:\/\/www.teeninduskool.ee\/?page_id=18714","title":{"rendered":"\u00d5ppek\u00f6\u00f6k, labor"},"content":{"rendered":"<h1 style=\"text-align: center;\">\u00d5ppek\u00f6\u00f6k, labor<\/h1>\n<p>\u00d5ppek\u00f6\u00f6gid asuvad B-korpuses. Igas laboris on olemas k\u00f6\u00f6gitehnika ja k\u00f6\u00f6gin\u00f5ud, samuti on degusteerimisruum. On v\u00f5imalus kasutada ka lauaarvuti.<\/p>\n<p style=\"text-align: center;\"><img loading=\"lazy\" decoding=\"async\" class=\"alignnone wp-image-18715 size-large\" src=\"https:\/\/www.teeninduskool.ee\/wp-content\/uploads\/2024\/01\/Oppekook-labor-1024x768.jpg\" alt=\"\" width=\"1024\" height=\"768\" srcset=\"https:\/\/www.teeninduskool.ee\/wp-content\/uploads\/2024\/01\/Oppekook-labor-1024x768.jpg 1024w, https:\/\/www.teeninduskool.ee\/wp-content\/uploads\/2024\/01\/Oppekook-labor-300x225.jpg 300w, https:\/\/www.teeninduskool.ee\/wp-content\/uploads\/2024\/01\/Oppekook-labor-768x576.jpg 768w, https:\/\/www.teeninduskool.ee\/wp-content\/uploads\/2024\/01\/Oppekook-labor-1536x1152.jpg 1536w, https:\/\/www.teeninduskool.ee\/wp-content\/uploads\/2024\/01\/Oppekook-labor.jpg 1920w\" sizes=\"auto, (max-width: 1024px) 100vw, 1024px\" \/><\/p>\n<p><img loading=\"lazy\" decoding=\"async\" class=\"wp-image-18718 size-large aligncenter\" src=\"https:\/\/www.teeninduskool.ee\/wp-content\/uploads\/2024\/01\/Oppekook-labor3-1024x768.jpg\" alt=\"\" width=\"1024\" height=\"768\" srcset=\"https:\/\/www.teeninduskool.ee\/wp-content\/uploads\/2024\/01\/Oppekook-labor3-1024x768.jpg 1024w, https:\/\/www.teeninduskool.ee\/wp-content\/uploads\/2024\/01\/Oppekook-labor3-300x225.jpg 300w, https:\/\/www.teeninduskool.ee\/wp-content\/uploads\/2024\/01\/Oppekook-labor3-768x576.jpg 768w, https:\/\/www.teeninduskool.ee\/wp-content\/uploads\/2024\/01\/Oppekook-labor3-1536x1152.jpg 1536w, https:\/\/www.teeninduskool.ee\/wp-content\/uploads\/2024\/01\/Oppekook-labor3.jpg 1920w\" sizes=\"auto, (max-width: 1024px) 100vw, 1024px\" \/><\/p>\n<p style=\"text-align: center;\"><img loading=\"lazy\" decoding=\"async\" class=\"alignnone wp-image-18716 size-large\" src=\"https:\/\/www.teeninduskool.ee\/wp-content\/uploads\/2024\/01\/Oppekook-labor1-1024x768.jpg\" alt=\"\" width=\"1024\" height=\"768\" srcset=\"https:\/\/www.teeninduskool.ee\/wp-content\/uploads\/2024\/01\/Oppekook-labor1-1024x768.jpg 1024w, https:\/\/www.teeninduskool.ee\/wp-content\/uploads\/2024\/01\/Oppekook-labor1-300x225.jpg 300w, https:\/\/www.teeninduskool.ee\/wp-content\/uploads\/2024\/01\/Oppekook-labor1-768x576.jpg 768w, https:\/\/www.teeninduskool.ee\/wp-content\/uploads\/2024\/01\/Oppekook-labor1-1536x1152.jpg 1536w, https:\/\/www.teeninduskool.ee\/wp-content\/uploads\/2024\/01\/Oppekook-labor1.jpg 1920w\" sizes=\"auto, (max-width: 1024px) 100vw, 1024px\" \/><\/p>\n<p style=\"text-align: center;\"><img loading=\"lazy\" decoding=\"async\" class=\"alignnone wp-image-18717 size-large\" src=\"https:\/\/www.teeninduskool.ee\/wp-content\/uploads\/2024\/01\/Oppekook-labor2-1024x768.jpg\" alt=\"\" width=\"1024\" height=\"768\" srcset=\"https:\/\/www.teeninduskool.ee\/wp-content\/uploads\/2024\/01\/Oppekook-labor2-1024x768.jpg 1024w, https:\/\/www.teeninduskool.ee\/wp-content\/uploads\/2024\/01\/Oppekook-labor2-300x225.jpg 300w, https:\/\/www.teeninduskool.ee\/wp-content\/uploads\/2024\/01\/Oppekook-labor2-768x576.jpg 768w, https:\/\/www.teeninduskool.ee\/wp-content\/uploads\/2024\/01\/Oppekook-labor2-1536x1152.jpg 1536w, https:\/\/www.teeninduskool.ee\/wp-content\/uploads\/2024\/01\/Oppekook-labor2.jpg 1920w\" sizes=\"auto, (max-width: 1024px) 100vw, 1024px\" \/><\/p>\n<p style=\"text-align: center;\"><img loading=\"lazy\" decoding=\"async\" class=\"alignnone wp-image-18759 size-large\" src=\"https:\/\/www.teeninduskool.ee\/wp-content\/uploads\/2024\/01\/Oppekook-laborssss-1024x768.jpg\" alt=\"\" width=\"1024\" height=\"768\" srcset=\"https:\/\/www.teeninduskool.ee\/wp-content\/uploads\/2024\/01\/Oppekook-laborssss-1024x768.jpg 1024w, https:\/\/www.teeninduskool.ee\/wp-content\/uploads\/2024\/01\/Oppekook-laborssss-300x225.jpg 300w, https:\/\/www.teeninduskool.ee\/wp-content\/uploads\/2024\/01\/Oppekook-laborssss-768x576.jpg 768w, https:\/\/www.teeninduskool.ee\/wp-content\/uploads\/2024\/01\/Oppekook-laborssss-1536x1152.jpg 1536w, https:\/\/www.teeninduskool.ee\/wp-content\/uploads\/2024\/01\/Oppekook-laborssss.jpg 1920w\" sizes=\"auto, (max-width: 1024px) 100vw, 1024px\" \/><\/p>\n<p style=\"text-align: center;\">\n","protected":false},"excerpt":{"rendered":"<p>\u00d5ppek\u00f6\u00f6k, labor \u00d5ppek\u00f6\u00f6gid asuvad B-korpuses. Igas laboris on olemas k\u00f6\u00f6gitehnika ja k\u00f6\u00f6gin\u00f5ud, samuti on degusteerimisruum. On v\u00f5imalus kasutada ka lauaarvuti.<\/p>\n","protected":false},"author":9,"featured_media":0,"parent":0,"menu_order":0,"comment_status":"closed","ping_status":"closed","template":"","meta":{"footnotes":""},"class_list":["post-18714","page","type-page","status-publish","hentry"],"_links":{"self":[{"href":"https:\/\/www.teeninduskool.ee\/index.php?rest_route=\/wp\/v2\/pages\/18714","targetHints":{"allow":["GET"]}}],"collection":[{"href":"https:\/\/www.teeninduskool.ee\/index.php?rest_route=\/wp\/v2\/pages"}],"about":[{"href":"https:\/\/www.teeninduskool.ee\/index.php?rest_route=\/wp\/v2\/types\/page"}],"author":[{"embeddable":true,"href":"https:\/\/www.teeninduskool.ee\/index.php?rest_route=\/wp\/v2\/users\/9"}],"replies":[{"embeddable":true,"href":"https:\/\/www.teeninduskool.ee\/index.php?rest_route=%2Fwp%2Fv2%2Fcomments&post=18714"}],"version-history":[{"count":2,"href":"https:\/\/www.teeninduskool.ee\/index.php?rest_route=\/wp\/v2\/pages\/18714\/revisions"}],"predecessor-version":[{"id":18760,"href":"https:\/\/www.teeninduskool.ee\/index.php?rest_route=\/wp\/v2\/pages\/18714\/revisions\/18760"}],"wp:attachment":[{"href":"https:\/\/www.teeninduskool.ee\/index.php?rest_route=%2Fwp%2Fv2%2Fmedia&parent=18714"}],"curies":[{"name":"wp","href":"https:\/\/api.w.org\/{rel}","templated":true}]}}