{"id":18720,"date":"2024-01-19T09:34:15","date_gmt":"2024-01-19T07:34:15","guid":{"rendered":"https:\/\/www.teeninduskool.ee\/?page_id=18720"},"modified":"2024-11-18T09:03:27","modified_gmt":"2024-11-18T07:03:27","slug":"oppekook-b123","status":"publish","type":"page","link":"https:\/\/www.teeninduskool.ee\/?page_id=18720","title":{"rendered":"\u00d5ppek\u00f6\u00f6k (B123)"},"content":{"rendered":"<h1 style=\"text-align: center;\">\u00d5ppek\u00f6\u00f6k (B123)<\/h1>\n<p>T\u00e4iesti renoveeritud \u00f5ppek\u00f6\u00f6k B-123 asub B-korpuses esimesel korrusel. Laboris on olemas lauaarvuti, projektor ja k\u00f5larid, samuti ka k\u00f6\u00f6gitehnika ja k\u00f6\u00f6gin\u00f5ud.<\/p>\n<p>&nbsp;<\/p>\n<p style=\"text-align: center;\"><img loading=\"lazy\" decoding=\"async\" class=\"alignnone wp-image-20656 size-large\" src=\"https:\/\/www.teeninduskool.ee\/wp-content\/uploads\/2024\/11\/12-_MG_9261-1024x683.jpg\" alt=\"\" width=\"1024\" height=\"683\" srcset=\"https:\/\/www.teeninduskool.ee\/wp-content\/uploads\/2024\/11\/12-_MG_9261-1024x683.jpg 1024w, https:\/\/www.teeninduskool.ee\/wp-content\/uploads\/2024\/11\/12-_MG_9261-300x200.jpg 300w, https:\/\/www.teeninduskool.ee\/wp-content\/uploads\/2024\/11\/12-_MG_9261-768x512.jpg 768w, https:\/\/www.teeninduskool.ee\/wp-content\/uploads\/2024\/11\/12-_MG_9261-1536x1024.jpg 1536w, https:\/\/www.teeninduskool.ee\/wp-content\/uploads\/2024\/11\/12-_MG_9261-2048x1365.jpg 2048w\" sizes=\"auto, (max-width: 1024px) 100vw, 1024px\" \/><\/p>\n<p>&nbsp;<\/p>\n<p style=\"text-align: center;\"><img loading=\"lazy\" decoding=\"async\" class=\"alignnone wp-image-20657 size-large\" src=\"https:\/\/www.teeninduskool.ee\/wp-content\/uploads\/2024\/11\/8-_MG_9267-1024x683.jpg\" alt=\"\" width=\"1024\" height=\"683\" srcset=\"https:\/\/www.teeninduskool.ee\/wp-content\/uploads\/2024\/11\/8-_MG_9267-1024x683.jpg 1024w, https:\/\/www.teeninduskool.ee\/wp-content\/uploads\/2024\/11\/8-_MG_9267-300x200.jpg 300w, https:\/\/www.teeninduskool.ee\/wp-content\/uploads\/2024\/11\/8-_MG_9267-768x512.jpg 768w, https:\/\/www.teeninduskool.ee\/wp-content\/uploads\/2024\/11\/8-_MG_9267-1536x1024.jpg 1536w, https:\/\/www.teeninduskool.ee\/wp-content\/uploads\/2024\/11\/8-_MG_9267-2048x1366.jpg 2048w\" sizes=\"auto, (max-width: 1024px) 100vw, 1024px\" \/><\/p>\n<p>&nbsp;<\/p>\n<p><img loading=\"lazy\" decoding=\"async\" class=\"aligncenter wp-image-20658 size-large\" src=\"https:\/\/www.teeninduskool.ee\/wp-content\/uploads\/2024\/11\/3-_MG_9275-1024x683.jpg\" alt=\"\" width=\"1024\" height=\"683\" srcset=\"https:\/\/www.teeninduskool.ee\/wp-content\/uploads\/2024\/11\/3-_MG_9275-1024x683.jpg 1024w, https:\/\/www.teeninduskool.ee\/wp-content\/uploads\/2024\/11\/3-_MG_9275-300x200.jpg 300w, https:\/\/www.teeninduskool.ee\/wp-content\/uploads\/2024\/11\/3-_MG_9275-768x512.jpg 768w, https:\/\/www.teeninduskool.ee\/wp-content\/uploads\/2024\/11\/3-_MG_9275-1536x1024.jpg 1536w, https:\/\/www.teeninduskool.ee\/wp-content\/uploads\/2024\/11\/3-_MG_9275-2048x1365.jpg 2048w\" sizes=\"auto, (max-width: 1024px) 100vw, 1024px\" \/><\/p>\n<p>&nbsp;<\/p>\n<p><img loading=\"lazy\" decoding=\"async\" class=\"aligncenter wp-image-20659 size-large\" src=\"https:\/\/www.teeninduskool.ee\/wp-content\/uploads\/2024\/11\/9-_MG_9266-1024x683.jpg\" alt=\"\" width=\"1024\" height=\"683\" srcset=\"https:\/\/www.teeninduskool.ee\/wp-content\/uploads\/2024\/11\/9-_MG_9266-1024x683.jpg 1024w, https:\/\/www.teeninduskool.ee\/wp-content\/uploads\/2024\/11\/9-_MG_9266-300x200.jpg 300w, https:\/\/www.teeninduskool.ee\/wp-content\/uploads\/2024\/11\/9-_MG_9266-768x512.jpg 768w, https:\/\/www.teeninduskool.ee\/wp-content\/uploads\/2024\/11\/9-_MG_9266-1536x1024.jpg 1536w, https:\/\/www.teeninduskool.ee\/wp-content\/uploads\/2024\/11\/9-_MG_9266-2048x1366.jpg 2048w\" sizes=\"auto, (max-width: 1024px) 100vw, 1024px\" \/><\/p>\n<p>&nbsp;<\/p>\n<p><img loading=\"lazy\" decoding=\"async\" class=\"aligncenter wp-image-20660 size-large\" src=\"https:\/\/www.teeninduskool.ee\/wp-content\/uploads\/2024\/11\/10-_MG_9265-683x1024.jpg\" alt=\"\" width=\"683\" height=\"1024\" srcset=\"https:\/\/www.teeninduskool.ee\/wp-content\/uploads\/2024\/11\/10-_MG_9265-683x1024.jpg 683w, https:\/\/www.teeninduskool.ee\/wp-content\/uploads\/2024\/11\/10-_MG_9265-200x300.jpg 200w, https:\/\/www.teeninduskool.ee\/wp-content\/uploads\/2024\/11\/10-_MG_9265-768x1152.jpg 768w, https:\/\/www.teeninduskool.ee\/wp-content\/uploads\/2024\/11\/10-_MG_9265-1024x1536.jpg 1024w, https:\/\/www.teeninduskool.ee\/wp-content\/uploads\/2024\/11\/10-_MG_9265-1366x2048.jpg 1366w, https:\/\/www.teeninduskool.ee\/wp-content\/uploads\/2024\/11\/10-_MG_9265-scaled.jpg 1707w\" sizes=\"auto, (max-width: 683px) 100vw, 683px\" \/><\/p>\n<p>&nbsp;<\/p>\n<p><img loading=\"lazy\" decoding=\"async\" class=\"aligncenter wp-image-20661 size-large\" src=\"https:\/\/www.teeninduskool.ee\/wp-content\/uploads\/2024\/11\/11-_MG_9264-683x1024.jpg\" alt=\"\" width=\"683\" height=\"1024\" srcset=\"https:\/\/www.teeninduskool.ee\/wp-content\/uploads\/2024\/11\/11-_MG_9264-683x1024.jpg 683w, https:\/\/www.teeninduskool.ee\/wp-content\/uploads\/2024\/11\/11-_MG_9264-200x300.jpg 200w, https:\/\/www.teeninduskool.ee\/wp-content\/uploads\/2024\/11\/11-_MG_9264-768x1152.jpg 768w, https:\/\/www.teeninduskool.ee\/wp-content\/uploads\/2024\/11\/11-_MG_9264-1024x1536.jpg 1024w, https:\/\/www.teeninduskool.ee\/wp-content\/uploads\/2024\/11\/11-_MG_9264-1365x2048.jpg 1365w, https:\/\/www.teeninduskool.ee\/wp-content\/uploads\/2024\/11\/11-_MG_9264-scaled.jpg 1707w\" sizes=\"auto, (max-width: 683px) 100vw, 683px\" \/><\/p>\n","protected":false},"excerpt":{"rendered":"<p>\u00d5ppek\u00f6\u00f6k (B123) T\u00e4iesti renoveeritud \u00f5ppek\u00f6\u00f6k B-123 asub B-korpuses esimesel korrusel. Laboris on olemas lauaarvuti, projektor ja k\u00f5larid, samuti ka k\u00f6\u00f6gitehnika ja k\u00f6\u00f6gin\u00f5ud. &nbsp; &nbsp; &nbsp; &nbsp; &nbsp; &nbsp;<\/p>\n","protected":false},"author":9,"featured_media":0,"parent":0,"menu_order":0,"comment_status":"closed","ping_status":"closed","template":"","meta":{"footnotes":""},"class_list":["post-18720","page","type-page","status-publish","hentry"],"_links":{"self":[{"href":"https:\/\/www.teeninduskool.ee\/index.php?rest_route=\/wp\/v2\/pages\/18720","targetHints":{"allow":["GET"]}}],"collection":[{"href":"https:\/\/www.teeninduskool.ee\/index.php?rest_route=\/wp\/v2\/pages"}],"about":[{"href":"https:\/\/www.teeninduskool.ee\/index.php?rest_route=\/wp\/v2\/types\/page"}],"author":[{"embeddable":true,"href":"https:\/\/www.teeninduskool.ee\/index.php?rest_route=\/wp\/v2\/users\/9"}],"replies":[{"embeddable":true,"href":"https:\/\/www.teeninduskool.ee\/index.php?rest_route=%2Fwp%2Fv2%2Fcomments&post=18720"}],"version-history":[{"count":5,"href":"https:\/\/www.teeninduskool.ee\/index.php?rest_route=\/wp\/v2\/pages\/18720\/revisions"}],"predecessor-version":[{"id":20665,"href":"https:\/\/www.teeninduskool.ee\/index.php?rest_route=\/wp\/v2\/pages\/18720\/revisions\/20665"}],"wp:attachment":[{"href":"https:\/\/www.teeninduskool.ee\/index.php?rest_route=%2Fwp%2Fv2%2Fmedia&parent=18720"}],"curies":[{"name":"wp","href":"https:\/\/api.w.org\/{rel}","templated":true}]}}