{"id":19363,"date":"2024-04-19T16:12:59","date_gmt":"2024-04-19T13:12:59","guid":{"rendered":"https:\/\/www.teeninduskool.ee\/?page_id=19363"},"modified":"2025-03-26T10:42:01","modified_gmt":"2025-03-26T08:42:01","slug":"eesti-keel-riigieksamiks","status":"publish","type":"page","link":"https:\/\/www.teeninduskool.ee\/?page_id=19363","title":{"rendered":"Eesti keel riigieksamiks"},"content":{"rendered":"<h1 dir=\"ltr\"><span style=\"font-size: 18pt; color: #e64e7f;\">Eesti keel riigieksamiks<\/span><\/h1>\n<p dir=\"ltr\"><span style=\"color: #e64e7f;\"><strong><span style=\"font-size: 14pt;\">Eesm\u00e4rk<\/span><\/strong><\/span><\/p>\n<ul>\n<li dir=\"ltr\" aria-level=\"1\">\n<p dir=\"ltr\" role=\"presentation\">\u00d5pilane on teadlik eesti keele riigieksami:<\/p>\n<ul>\n<li dir=\"ltr\" aria-level=\"2\">\n<p dir=\"ltr\" role=\"presentation\">eesm\u00e4rkidest, \u00fcldisest sisust ja eksami\u00fclesannete t\u00fc\u00fcpidest;<\/p>\n<\/li>\n<li dir=\"ltr\" aria-level=\"2\">\n<p dir=\"ltr\" role=\"presentation\">\u00fclesehitusest ja korraldusest;<\/p>\n<\/li>\n<li dir=\"ltr\" aria-level=\"2\">\n<p dir=\"ltr\" role=\"presentation\">eeldatavatest tulemustest;<\/p>\n<\/li>\n<li dir=\"ltr\" aria-level=\"2\">\n<p dir=\"ltr\" role=\"presentation\">hindamisp\u00f5him\u00f5tetest.<\/p>\n<\/li>\n<\/ul>\n<\/li>\n<li dir=\"ltr\" aria-level=\"1\">\n<p dir=\"ltr\" role=\"presentation\">\u00d5pilane on saanud \u00fclevaate oma teadmiste ja oskuste tasemest riigieksami sooritamiseks.<\/p>\n<\/li>\n<li dir=\"ltr\" aria-level=\"1\">\n<p dir=\"ltr\" role=\"presentation\">\u00d5pilane on arendanud oma funktsionaalset lugemisoskust, anal\u00fc\u00fcsi ja v\u00e4ljendusoskusi.<\/p>\n<\/li>\n<li dir=\"ltr\" aria-level=\"1\">\n<p dir=\"ltr\" role=\"presentation\">\u00d5pilane teab, millele p\u00f6\u00f6rata t\u00e4helepanu iseseisval eksamiks valmistumisel.<\/p>\n<\/li>\n<\/ul>\n<h2 dir=\"ltr\"><span style=\"font-size: 14pt; color: #e64e7f;\">\u00d5piv\u00e4ljundid<\/span><\/h2>\n<ul>\n<li dir=\"ltr\" aria-level=\"1\">\n<p dir=\"ltr\" role=\"presentation\">kirjutab alusteksti p\u00f5hjal arutleva teksti, kasutades tsitaate ja tekstin\u00e4iteid;<\/p>\n<\/li>\n<li dir=\"ltr\" aria-level=\"1\">\n<p dir=\"ltr\" role=\"presentation\">kinnistab ja parandab \u00f5igekirjaoskust;<\/p>\n<\/li>\n<li dir=\"ltr\" aria-level=\"1\">\n<p dir=\"ltr\" role=\"presentation\">leiab tekstidest vajalikku infot ja esitab seda vastavalt k\u00fcsitule;<\/p>\n<\/li>\n<li dir=\"ltr\" aria-level=\"1\">\n<p dir=\"ltr\" role=\"presentation\">v\u00e4ljendab ennast selgelt ja arusaadavalt.<\/p>\n<\/li>\n<\/ul>\n","protected":false},"excerpt":{"rendered":"<p>Eesti keel riigieksamiks Eesm\u00e4rk \u00d5pilane on teadlik eesti keele riigieksami: eesm\u00e4rkidest, \u00fcldisest sisust ja eksami\u00fclesannete t\u00fc\u00fcpidest; \u00fclesehitusest ja korraldusest; eeldatavatest tulemustest; hindamisp\u00f5him\u00f5tetest. \u00d5pilane on saanud \u00fclevaate oma teadmiste ja oskuste tasemest riigieksami sooritamiseks. \u00d5pilane&#46;&#46;&#46;<\/p>\n","protected":false},"author":13,"featured_media":0,"parent":0,"menu_order":0,"comment_status":"closed","ping_status":"closed","template":"","meta":{"footnotes":""},"class_list":["post-19363","page","type-page","status-publish","hentry"],"_links":{"self":[{"href":"https:\/\/www.teeninduskool.ee\/index.php?rest_route=\/wp\/v2\/pages\/19363","targetHints":{"allow":["GET"]}}],"collection":[{"href":"https:\/\/www.teeninduskool.ee\/index.php?rest_route=\/wp\/v2\/pages"}],"about":[{"href":"https:\/\/www.teeninduskool.ee\/index.php?rest_route=\/wp\/v2\/types\/page"}],"author":[{"embeddable":true,"href":"https:\/\/www.teeninduskool.ee\/index.php?rest_route=\/wp\/v2\/users\/13"}],"replies":[{"embeddable":true,"href":"https:\/\/www.teeninduskool.ee\/index.php?rest_route=%2Fwp%2Fv2%2Fcomments&post=19363"}],"version-history":[{"count":5,"href":"https:\/\/www.teeninduskool.ee\/index.php?rest_route=\/wp\/v2\/pages\/19363\/revisions"}],"predecessor-version":[{"id":21399,"href":"https:\/\/www.teeninduskool.ee\/index.php?rest_route=\/wp\/v2\/pages\/19363\/revisions\/21399"}],"wp:attachment":[{"href":"https:\/\/www.teeninduskool.ee\/index.php?rest_route=%2Fwp%2Fv2%2Fmedia&parent=19363"}],"curies":[{"name":"wp","href":"https:\/\/api.w.org\/{rel}","templated":true}]}}