{"id":19370,"date":"2024-04-19T16:18:56","date_gmt":"2024-04-19T13:18:56","guid":{"rendered":"https:\/\/www.teeninduskool.ee\/?page_id=19370"},"modified":"2025-03-26T10:42:46","modified_gmt":"2025-03-26T08:42:46","slug":"eesti-keel-teise-keelena-riigieksamiks","status":"publish","type":"page","link":"https:\/\/www.teeninduskool.ee\/?page_id=19370","title":{"rendered":"Eesti keel teise keelena riigieksamiks"},"content":{"rendered":"<h1 dir=\"ltr\"><span style=\"font-size: 18pt; color: #e64e7f;\">Eesti keel teise keelena riigieksamiks<\/span><\/h1>\n<h2 dir=\"ltr\"><span style=\"font-size: 14pt; color: #e64e7f;\">Eesm\u00e4rk<\/span><\/h2>\n<p dir=\"ltr\">\u00d5ppija saab p\u00f5hjaliku \u00fclevaate eesti keel teise keelena riigieksami struktuurist, korraldusest ja v\u00f5imalikust sisust, v\u00f5imalikest \u00fclesannete ja teksti t\u00fc\u00fcpidest, raskusastmest, tekstide pikkusest, \u00fclesannete t\u00e4itmisele kuluvast ajast ning tagasisidet keeleoskuse ja selle arendamise v\u00f5imaluste kohta. Mooduli l\u00e4bimise k\u00e4igus saab iga \u00f5ppija personaalse tagasiside oma keeleoskuse kohta osaoskuste l\u00f5ikes koos soovitustega vigade parandamiseks ning keele\u00f5ppe arendamiseks.<\/p>\n<h2 dir=\"ltr\"><span style=\"font-size: 14pt; color: #e64e7f;\">\u00d5piv\u00e4ljundid<\/span><\/h2>\n<ul>\n<li dir=\"ltr\" aria-level=\"1\">\n<p dir=\"ltr\" role=\"presentation\">tutvub \u00f5petaja juhendamisel eksami eristuskirjaga ja lahendab varasemate aastate eksamit\u00f6id ning teeb iseseisva t\u00f6\u00f6na t\u00e4ies mahus l\u00e4bi v\u00e4hemalt kaks varasemate aastate eksamit\u00f6\u00f6d;<\/p>\n<\/li>\n<li dir=\"ltr\" aria-level=\"1\">\n<p dir=\"ltr\" role=\"presentation\">anal\u00fc\u00fcsib \u00f5petaja juhendamisel n\u00e4idiseksamit\u00f6\u00f6 tulemusi, sh k\u00f5iki nelja osaoskust (kuulamist, kirjutamist, r\u00e4\u00e4kimist, lugemist ja keelestruktuure) vastavalt etteantud juhistele ja juhendile ning teeb saadud tulemuste p\u00f5hjal parendusettepanekuid t\u00f6\u00f6 paremaks sooritamiseks;<\/p>\n<\/li>\n<li dir=\"ltr\" aria-level=\"1\">\n<p dir=\"ltr\" role=\"presentation\">lahendab erinevaid grammatika\u00fclesandeid ja loovharjutusi, mis toetavad nii suulise kui kirjaliku keeleoskuse arendamist ning valmistavad ette riigieksamiks.<\/p>\n<\/li>\n<\/ul>\n","protected":false},"excerpt":{"rendered":"<p>Eesti keel teise keelena riigieksamiks Eesm\u00e4rk \u00d5ppija saab p\u00f5hjaliku \u00fclevaate eesti keel teise keelena riigieksami struktuurist, korraldusest ja v\u00f5imalikust sisust, v\u00f5imalikest \u00fclesannete ja teksti t\u00fc\u00fcpidest, raskusastmest, tekstide pikkusest, \u00fclesannete t\u00e4itmisele kuluvast ajast ning tagasisidet&#46;&#46;&#46;<\/p>\n","protected":false},"author":13,"featured_media":0,"parent":0,"menu_order":0,"comment_status":"closed","ping_status":"closed","template":"","meta":{"footnotes":""},"class_list":["post-19370","page","type-page","status-publish","hentry"],"_links":{"self":[{"href":"https:\/\/www.teeninduskool.ee\/index.php?rest_route=\/wp\/v2\/pages\/19370","targetHints":{"allow":["GET"]}}],"collection":[{"href":"https:\/\/www.teeninduskool.ee\/index.php?rest_route=\/wp\/v2\/pages"}],"about":[{"href":"https:\/\/www.teeninduskool.ee\/index.php?rest_route=\/wp\/v2\/types\/page"}],"author":[{"embeddable":true,"href":"https:\/\/www.teeninduskool.ee\/index.php?rest_route=\/wp\/v2\/users\/13"}],"replies":[{"embeddable":true,"href":"https:\/\/www.teeninduskool.ee\/index.php?rest_route=%2Fwp%2Fv2%2Fcomments&post=19370"}],"version-history":[{"count":5,"href":"https:\/\/www.teeninduskool.ee\/index.php?rest_route=\/wp\/v2\/pages\/19370\/revisions"}],"predecessor-version":[{"id":21400,"href":"https:\/\/www.teeninduskool.ee\/index.php?rest_route=\/wp\/v2\/pages\/19370\/revisions\/21400"}],"wp:attachment":[{"href":"https:\/\/www.teeninduskool.ee\/index.php?rest_route=%2Fwp%2Fv2%2Fmedia&parent=19370"}],"curies":[{"name":"wp","href":"https:\/\/api.w.org\/{rel}","templated":true}]}}