{"id":19373,"date":"2024-04-19T16:22:21","date_gmt":"2024-04-19T13:22:21","guid":{"rendered":"https:\/\/www.teeninduskool.ee\/?page_id=19373"},"modified":"2025-03-26T10:43:54","modified_gmt":"2025-03-26T08:43:54","slug":"inglise-keel-riigieksamiks","status":"publish","type":"page","link":"https:\/\/www.teeninduskool.ee\/?page_id=19373","title":{"rendered":"Inglise keel riigieksamiks"},"content":{"rendered":"<h1 dir=\"ltr\"><span style=\"font-size: 18pt; color: #e64e7f;\">Inglise keel riigieksamiks<\/span><\/h1>\n<h2 dir=\"ltr\"><span style=\"font-size: 14pt; color: #e64e7f;\">Eesm\u00e4rk<\/span><\/h2>\n<ul>\n<li dir=\"ltr\" aria-level=\"1\">\n<p dir=\"ltr\" role=\"presentation\">toetada \u00f5ppija ettevalmistamist inglise keele riigieksamiks.<\/p>\n<\/li>\n<\/ul>\n<h2 dir=\"ltr\"><span style=\"font-size: 14pt; color: #e64e7f;\">\u00d5piv\u00e4ljundid<\/span><\/h2>\n<ul>\n<li dir=\"ltr\" aria-level=\"1\">\n<p dir=\"ltr\" role=\"presentation\">kirjalike oskuste arendamine inglise keeles;<\/p>\n<\/li>\n<li dir=\"ltr\" aria-level=\"1\">\n<p dir=\"ltr\" role=\"presentation\">suuliste oskuste arendamine inglise keeles;<\/p>\n<\/li>\n<li dir=\"ltr\" aria-level=\"1\">\n<p dir=\"ltr\" role=\"presentation\">inglise keele kuulamisoskuste arendamine.<\/p>\n<\/li>\n<\/ul>\n","protected":false},"excerpt":{"rendered":"<p>Inglise keel riigieksamiks Eesm\u00e4rk toetada \u00f5ppija ettevalmistamist inglise keele riigieksamiks. \u00d5piv\u00e4ljundid kirjalike oskuste arendamine inglise keeles; suuliste oskuste arendamine inglise keeles; inglise keele kuulamisoskuste arendamine.<\/p>\n","protected":false},"author":13,"featured_media":0,"parent":0,"menu_order":0,"comment_status":"closed","ping_status":"closed","template":"","meta":{"footnotes":""},"class_list":["post-19373","page","type-page","status-publish","hentry"],"_links":{"self":[{"href":"https:\/\/www.teeninduskool.ee\/index.php?rest_route=\/wp\/v2\/pages\/19373","targetHints":{"allow":["GET"]}}],"collection":[{"href":"https:\/\/www.teeninduskool.ee\/index.php?rest_route=\/wp\/v2\/pages"}],"about":[{"href":"https:\/\/www.teeninduskool.ee\/index.php?rest_route=\/wp\/v2\/types\/page"}],"author":[{"embeddable":true,"href":"https:\/\/www.teeninduskool.ee\/index.php?rest_route=\/wp\/v2\/users\/13"}],"replies":[{"embeddable":true,"href":"https:\/\/www.teeninduskool.ee\/index.php?rest_route=%2Fwp%2Fv2%2Fcomments&post=19373"}],"version-history":[{"count":5,"href":"https:\/\/www.teeninduskool.ee\/index.php?rest_route=\/wp\/v2\/pages\/19373\/revisions"}],"predecessor-version":[{"id":21402,"href":"https:\/\/www.teeninduskool.ee\/index.php?rest_route=\/wp\/v2\/pages\/19373\/revisions\/21402"}],"wp:attachment":[{"href":"https:\/\/www.teeninduskool.ee\/index.php?rest_route=%2Fwp%2Fv2%2Fmedia&parent=19373"}],"curies":[{"name":"wp","href":"https:\/\/api.w.org\/{rel}","templated":true}]}}