{"id":19378,"date":"2024-04-19T16:26:36","date_gmt":"2024-04-19T13:26:36","guid":{"rendered":"https:\/\/www.teeninduskool.ee\/?page_id=19378"},"modified":"2025-03-26T10:43:23","modified_gmt":"2025-03-26T08:43:23","slug":"enesearendus","status":"publish","type":"page","link":"https:\/\/www.teeninduskool.ee\/?page_id=19378","title":{"rendered":"Enesearendus"},"content":{"rendered":"<h1 dir=\"ltr\"><span style=\"font-size: 18pt; color: #e64e7f;\">Enesearendus<\/span><\/h1>\n<h2 dir=\"ltr\"><span style=\"font-size: 14pt; color: #e64e7f;\">Eesm\u00e4rk<\/span><\/h2>\n<ul>\n<li dir=\"ltr\" aria-level=\"1\">\n<p dir=\"ltr\" role=\"presentation\">\u00f5ppija sotsiaalsete, emotsionaalsete ja enesekohaste kompetentside ning suhtlemisoskuste arendamine l\u00e4bi enesev\u00e4ljenduse ja loovuse.<\/p>\n<\/li>\n<\/ul>\n<h2 dir=\"ltr\"><span style=\"font-size: 14pt; color: #e64e7f;\">\u00d5piv\u00e4ljundid<\/span><\/h2>\n<ul>\n<li dir=\"ltr\" aria-level=\"1\">\n<p dir=\"ltr\" role=\"presentation\">\u00f5ppija sotsiaalsete, emotsionaalsete ja enesekohaste kompetentside ning suhtlemisoskuste arendamine l\u00e4bi enesev\u00e4ljenduse ja loovuse;<\/p>\n<\/li>\n<li dir=\"ltr\" aria-level=\"1\">\n<p dir=\"ltr\" role=\"presentation\">m\u00f5istab enesearvenduse olemust, kavandab enda enesearendusprojektile realistliku ja saavutatava enesearenduse eesm\u00e4rgi, l\u00e4htudes etteantud ajaraamistikust;<\/p>\n<\/li>\n<li dir=\"ltr\" aria-level=\"1\">\n<p dir=\"ltr\" role=\"presentation\">m\u00f5istab ajaplaneerimise ja tegevusplaani koostamise olemust ning koostab tegevuskava enesearendusplaani elluviimiseks, l\u00e4htudes enda p\u00fcstitatud eesm\u00e4rgist;<\/p>\n<\/li>\n<li dir=\"ltr\" aria-level=\"1\">\n<p dir=\"ltr\" role=\"presentation\">viib l\u00e4bi enesearendusprojekti, anal\u00fc\u00fcsib saadud tulemusi ning koostab kokkuv\u00f5tte ning esitleb enesearendusplaani tegevusi ning tulemusi, l\u00e4htudes enesearendusprojekti l\u00e4biviimisel kogutud t\u00f5endusmaterjalist.<\/p>\n<\/li>\n<\/ul>\n","protected":false},"excerpt":{"rendered":"<p>Enesearendus Eesm\u00e4rk \u00f5ppija sotsiaalsete, emotsionaalsete ja enesekohaste kompetentside ning suhtlemisoskuste arendamine l\u00e4bi enesev\u00e4ljenduse ja loovuse. \u00d5piv\u00e4ljundid \u00f5ppija sotsiaalsete, emotsionaalsete ja enesekohaste kompetentside ning suhtlemisoskuste arendamine l\u00e4bi enesev\u00e4ljenduse ja loovuse; m\u00f5istab enesearvenduse olemust, kavandab enda&#46;&#46;&#46;<\/p>\n","protected":false},"author":13,"featured_media":0,"parent":0,"menu_order":0,"comment_status":"closed","ping_status":"closed","template":"","meta":{"footnotes":""},"class_list":["post-19378","page","type-page","status-publish","hentry"],"_links":{"self":[{"href":"https:\/\/www.teeninduskool.ee\/index.php?rest_route=\/wp\/v2\/pages\/19378","targetHints":{"allow":["GET"]}}],"collection":[{"href":"https:\/\/www.teeninduskool.ee\/index.php?rest_route=\/wp\/v2\/pages"}],"about":[{"href":"https:\/\/www.teeninduskool.ee\/index.php?rest_route=\/wp\/v2\/types\/page"}],"author":[{"embeddable":true,"href":"https:\/\/www.teeninduskool.ee\/index.php?rest_route=\/wp\/v2\/users\/13"}],"replies":[{"embeddable":true,"href":"https:\/\/www.teeninduskool.ee\/index.php?rest_route=%2Fwp%2Fv2%2Fcomments&post=19378"}],"version-history":[{"count":5,"href":"https:\/\/www.teeninduskool.ee\/index.php?rest_route=\/wp\/v2\/pages\/19378\/revisions"}],"predecessor-version":[{"id":21401,"href":"https:\/\/www.teeninduskool.ee\/index.php?rest_route=\/wp\/v2\/pages\/19378\/revisions\/21401"}],"wp:attachment":[{"href":"https:\/\/www.teeninduskool.ee\/index.php?rest_route=%2Fwp%2Fv2%2Fmedia&parent=19378"}],"curies":[{"name":"wp","href":"https:\/\/api.w.org\/{rel}","templated":true}]}}