{"id":19381,"date":"2024-04-19T16:30:36","date_gmt":"2024-04-19T13:30:36","guid":{"rendered":"https:\/\/www.teeninduskool.ee\/?page_id=19381"},"modified":"2025-03-26T13:05:33","modified_gmt":"2025-03-26T11:05:33","slug":"riigikaitselaager","status":"publish","type":"page","link":"https:\/\/www.teeninduskool.ee\/?page_id=19381","title":{"rendered":"Riigikaitselaager"},"content":{"rendered":"<h1 dir=\"ltr\"><span style=\"font-size: 18pt; color: #e64e7f;\">Riigikaitselaager<\/span><\/h1>\n<h2 dir=\"ltr\"><strong><span style=\"font-size: 14pt; color: #e64e7f;\">Eesm\u00e4rk<\/span><\/strong><\/h2>\n<ul>\n<li dir=\"ltr\" aria-level=\"1\">\n<p dir=\"ltr\" role=\"presentation\">tutvustada riigikaitse praktilisi oskusi.<\/p>\n<\/li>\n<\/ul>\n<p dir=\"ltr\"><span style=\"color: #e64e7f;\"><strong><span style=\"font-size: 14pt;\">Alaeesm\u00e4rgid<\/span><\/strong><\/span><\/p>\n<ul>\n<li dir=\"ltr\" aria-level=\"1\">\n<p dir=\"ltr\" role=\"presentation\">tagada l\u00f5imimine ning koost\u00f6\u00f6 erinevate rahvuste vahel;<\/p>\n<\/li>\n<li dir=\"ltr\" aria-level=\"1\">\n<p dir=\"ltr\" role=\"presentation\">tutvustada osalejaid kaitsev\u00e4e korraga ja korraldusega;<\/p>\n<\/li>\n<li dir=\"ltr\" aria-level=\"1\">\n<p dir=\"ltr\" role=\"presentation\">tutvustada osalejatele v\u00e4lioskusi ja teadmisi;<\/p>\n<\/li>\n<li dir=\"ltr\" aria-level=\"1\">\n<p dir=\"ltr\" role=\"presentation\">siduda osalejaid Kaitsev\u00e4e infov\u00e4ljaga.<\/p>\n<\/li>\n<\/ul>\n<h2 dir=\"ltr\"><span style=\"font-size: 14pt; color: #e64e7f;\">\u00d5piv\u00e4ljundid<\/span><\/h2>\n<ul>\n<li dir=\"ltr\" aria-level=\"1\">\n<p dir=\"ltr\" role=\"presentation\">tunneb ning oskab kasutada \u00fcksikv\u00f5itleja ja all\u00fcksuse \u00fcldvarustust ning teab selle otstarvet;<\/p>\n<\/li>\n<li dir=\"ltr\" aria-level=\"1\">\n<p dir=\"ltr\" role=\"presentation\">tegutseb \u00fchtse meeskonnana organiseeritult jao ja r\u00fchma kooseisus, saab aru s\u00f5jav\u00e4elisest rivikorrast ning oskab esmaseid riviv\u00f5tteid paigal ja liikumisel kolonnis;<\/p>\n<\/li>\n<li dir=\"ltr\" aria-level=\"1\">\n<p dir=\"ltr\" role=\"presentation\">tunneb ja kasutab peamisi moondamise ning varjatud liikumise v\u00f5imalusi erineval maastikul ja erinevas valguses;<\/p>\n<\/li>\n<li dir=\"ltr\" aria-level=\"1\">\n<p dir=\"ltr\" role=\"presentation\">tunneb ning j\u00e4rgib relvadega, k\u00e4sigranaatidega \u00fcmberk\u00e4imise ohutuseeskirju ja -n\u00f5udeid;<\/p>\n<\/li>\n<li dir=\"ltr\" aria-level=\"1\">\n<p dir=\"ltr\" role=\"presentation\">oskab hinnata ohte ja k\u00e4ituda erinevate ohtude korral; oskab tegutseda h\u00e4daolukorras;<\/p>\n<\/li>\n<li dir=\"ltr\" aria-level=\"1\">\n<p dir=\"ltr\" role=\"presentation\">orienteerub kaardi ja kompassi j\u00e4rgi v\u00e4he- ja keskmiselt liigendatud maastikul.<\/p>\n<\/li>\n<\/ul>\n","protected":false},"excerpt":{"rendered":"<p>Riigikaitselaager Eesm\u00e4rk tutvustada riigikaitse praktilisi oskusi. Alaeesm\u00e4rgid tagada l\u00f5imimine ning koost\u00f6\u00f6 erinevate rahvuste vahel; tutvustada osalejaid kaitsev\u00e4e korraga ja korraldusega; tutvustada osalejatele v\u00e4lioskusi ja teadmisi; siduda osalejaid Kaitsev\u00e4e infov\u00e4ljaga. \u00d5piv\u00e4ljundid tunneb ning oskab kasutada&#46;&#46;&#46;<\/p>\n","protected":false},"author":13,"featured_media":0,"parent":0,"menu_order":0,"comment_status":"closed","ping_status":"closed","template":"","meta":{"footnotes":""},"class_list":["post-19381","page","type-page","status-publish","hentry"],"_links":{"self":[{"href":"https:\/\/www.teeninduskool.ee\/index.php?rest_route=\/wp\/v2\/pages\/19381","targetHints":{"allow":["GET"]}}],"collection":[{"href":"https:\/\/www.teeninduskool.ee\/index.php?rest_route=\/wp\/v2\/pages"}],"about":[{"href":"https:\/\/www.teeninduskool.ee\/index.php?rest_route=\/wp\/v2\/types\/page"}],"author":[{"embeddable":true,"href":"https:\/\/www.teeninduskool.ee\/index.php?rest_route=\/wp\/v2\/users\/13"}],"replies":[{"embeddable":true,"href":"https:\/\/www.teeninduskool.ee\/index.php?rest_route=%2Fwp%2Fv2%2Fcomments&post=19381"}],"version-history":[{"count":5,"href":"https:\/\/www.teeninduskool.ee\/index.php?rest_route=\/wp\/v2\/pages\/19381\/revisions"}],"predecessor-version":[{"id":21405,"href":"https:\/\/www.teeninduskool.ee\/index.php?rest_route=\/wp\/v2\/pages\/19381\/revisions\/21405"}],"wp:attachment":[{"href":"https:\/\/www.teeninduskool.ee\/index.php?rest_route=%2Fwp%2Fv2%2Fmedia&parent=19381"}],"curies":[{"name":"wp","href":"https:\/\/api.w.org\/{rel}","templated":true}]}}