{"id":197,"date":"2017-03-02T11:00:53","date_gmt":"2017-03-02T09:00:53","guid":{"rendered":"https:\/\/www.teeninduskool.ee\/?page_id=197"},"modified":"2020-05-23T19:54:15","modified_gmt":"2020-05-23T16:54:15","slug":"pilveprint","status":"publish","type":"page","link":"https:\/\/www.teeninduskool.ee\/?page_id=197","title":{"rendered":"Print in City"},"content":{"rendered":"<p class=\"art-postheader\">Print in City on avalik prinditeenus, mis v\u00f5imaldab panna t\u00f6\u00f6 printima oma v\u00f5i m\u00f5nest teisest interneti\u00fchendusega arvutist ja saada see k\u00e4tte \u00fchest paljudest prindipunktidest.<\/p>\n<div class=\"art-postcontent\">\n<div class=\"art-article\">\n<p>See on lihtne: laadige prinditav fail, m\u00e4\u00e4rake, kuidas printida, valige prindipunkt, tasuge t\u00f6\u00f6 eest ning minge t\u00f6\u00f6le j\u00e4rele.<br \/>\nMeie koolis Print in City masin asub valvelaua k\u00f5rval A-korpuse 1. korrusel. Laadi alla <a href=\"https:\/\/www.teeninduskool.ee\/pilveprint\/Pilveprint.pdf\">kasutusjuhed.<\/a><\/p>\n<p>Vormista oma tellimus <a href=\"https:\/\/ee.printincity.com\/\">Print in City<\/a> veebilehel.<\/p>\n<\/div>\n<\/div>\n<p>&nbsp;<\/p>\n","protected":false},"excerpt":{"rendered":"<p>Print in City on avalik prinditeenus, mis v\u00f5imaldab panna t\u00f6\u00f6 printima oma v\u00f5i m\u00f5nest teisest interneti\u00fchendusega arvutist ja saada see k\u00e4tte \u00fchest paljudest prindipunktidest. See on lihtne: laadige prinditav fail, m\u00e4\u00e4rake, kuidas printida, valige&#46;&#46;&#46;<\/p>\n","protected":false},"author":4,"featured_media":7060,"parent":200,"menu_order":0,"comment_status":"closed","ping_status":"closed","template":"","meta":{"footnotes":""},"class_list":["post-197","page","type-page","status-publish","has-post-thumbnail","hentry"],"_links":{"self":[{"href":"https:\/\/www.teeninduskool.ee\/index.php?rest_route=\/wp\/v2\/pages\/197","targetHints":{"allow":["GET"]}}],"collection":[{"href":"https:\/\/www.teeninduskool.ee\/index.php?rest_route=\/wp\/v2\/pages"}],"about":[{"href":"https:\/\/www.teeninduskool.ee\/index.php?rest_route=\/wp\/v2\/types\/page"}],"author":[{"embeddable":true,"href":"https:\/\/www.teeninduskool.ee\/index.php?rest_route=\/wp\/v2\/users\/4"}],"replies":[{"embeddable":true,"href":"https:\/\/www.teeninduskool.ee\/index.php?rest_route=%2Fwp%2Fv2%2Fcomments&post=197"}],"version-history":[{"count":1,"href":"https:\/\/www.teeninduskool.ee\/index.php?rest_route=\/wp\/v2\/pages\/197\/revisions"}],"predecessor-version":[{"id":10682,"href":"https:\/\/www.teeninduskool.ee\/index.php?rest_route=\/wp\/v2\/pages\/197\/revisions\/10682"}],"up":[{"embeddable":true,"href":"https:\/\/www.teeninduskool.ee\/index.php?rest_route=\/wp\/v2\/pages\/200"}],"wp:featuredmedia":[{"embeddable":true,"href":"https:\/\/www.teeninduskool.ee\/index.php?rest_route=\/wp\/v2\/media\/7060"}],"wp:attachment":[{"href":"https:\/\/www.teeninduskool.ee\/index.php?rest_route=%2Fwp%2Fv2%2Fmedia&parent=197"}],"curies":[{"name":"wp","href":"https:\/\/api.w.org\/{rel}","templated":true}]}}