{"id":200,"date":"2017-03-02T12:18:09","date_gmt":"2017-03-02T10:18:09","guid":{"rendered":"https:\/\/www.teeninduskool.ee\/?page_id=200"},"modified":"2023-11-08T09:36:39","modified_gmt":"2023-11-08T07:36:39","slug":"opilasele","status":"publish","type":"page","link":"https:\/\/www.teeninduskool.ee\/?page_id=200","title":{"rendered":"\u00d5ppet\u00f6\u00f6 korraldus"},"content":{"rendered":"<p class=\"art-postheader\"><strong style=\"font-size: 16px;\">\u00d5PPET\u00d6\u00d6 TOIMUB KURSUSES\u00dcSTEEMIS<\/strong><span style=\"font-size: 16px;\">. Kursuses\u00fcsteemis l\u00e4bib \u00f5pilane \u00f5ppeained\/moodulid tunnijaotuses kehtestatud j\u00e4rjekorras.<\/span><\/p>\n<div class=\"art-postcontent\">\n<div class=\"art-article\">\n<p><strong>\u00d5PILASE \u00dcLEVIIMINE J\u00c4RGMISELE KURSUSELE EELDAB EELMISE KURSUSE \u00d5PPEAINETE OMANDAMIST<\/strong>.<\/p>\n<p>\u00d5ppeaasta koosneb 4 \u00f5ppeperioodist ning \u00f5ppevaheaegadest (2 n\u00e4dalat j\u00f5uluvaheaega ja 2 kuud suvevaheaega, \u00fcldjuhul juulis-augustis).<\/p>\n<p>\u00d5ppeaasta on jagatud 4 perioodiks, milles iga\u00fches on 10 n\u00e4dalat. Iga k\u00fcmnes n\u00e4dal on hindamisn\u00e4dal, kus toimuvad kokkuv\u00f5tvad (mooduli)hindamised, praktikate kaitsmised, kooli suur\u00fcritused ja vajadusel j\u00e4relevastamised. \u00d5ppet\u00f6\u00f6 toimub koolip\u00f5hises vormis viiel p\u00e4eval n\u00e4dalas, t\u00f6\u00f6kohap\u00f5histes r\u00fchmades vastavalt \u00f5ppegraafikule.<\/p>\n<p>K\u00f5ikidel erialadel on teoreetilised tunnid, praktilised tunnid ja praktika; kodut\u00f6\u00f6deks on \u00f5ppekavas ette n\u00e4htud iseseisva t\u00f6\u00f6 tunnid.<\/p>\n<p><strong>\u00d5PILASE P\u00d5HJUSETA PUUDUMINE \u00d5PPET\u00d6\u00d6ST POLE LUBATUD<\/strong> (p\u00f5hjendatuks loetakse t\u00f5endi olemasolul).<strong> \u00d5PILASE PUUDUMISEL PIKEMAKS PERIOODIKS ESITAB LAPSEVANEM\/HOOLDAJA KIRJALIKU AVALDUSE R\u00dcHMAJUHENDAJALE V\u00c4HEMALT 1 N\u00c4DAL VAREM<\/strong>. Puudumine (ka haiguse t\u00f5ttu) ei vabasta \u00f5pilast \u00f5ppematerjali omandamisest.<\/p>\n<p>T\u00e4psemat teavet saab kooli <a href=\"https:\/\/www.teeninduskool.ee\/?page_id=2843\">\u00f5ppekorralduseeskirjast<\/a>.<\/p>\n<\/div>\n<\/div>\n","protected":false},"excerpt":{"rendered":"<p>\u00d5PPET\u00d6\u00d6 TOIMUB KURSUSES\u00dcSTEEMIS. Kursuses\u00fcsteemis l\u00e4bib \u00f5pilane \u00f5ppeained\/moodulid tunnijaotuses kehtestatud j\u00e4rjekorras. \u00d5PILASE \u00dcLEVIIMINE J\u00c4RGMISELE KURSUSELE EELDAB EELMISE KURSUSE \u00d5PPEAINETE OMANDAMIST. \u00d5ppeaasta koosneb 4 \u00f5ppeperioodist ning \u00f5ppevaheaegadest (2 n\u00e4dalat j\u00f5uluvaheaega ja 2 kuud suvevaheaega, \u00fcldjuhul juulis-augustis).&#46;&#46;&#46;<\/p>\n","protected":false},"author":4,"featured_media":0,"parent":0,"menu_order":0,"comment_status":"closed","ping_status":"closed","template":"","meta":{"footnotes":""},"class_list":["post-200","page","type-page","status-publish","hentry"],"_links":{"self":[{"href":"https:\/\/www.teeninduskool.ee\/index.php?rest_route=\/wp\/v2\/pages\/200","targetHints":{"allow":["GET"]}}],"collection":[{"href":"https:\/\/www.teeninduskool.ee\/index.php?rest_route=\/wp\/v2\/pages"}],"about":[{"href":"https:\/\/www.teeninduskool.ee\/index.php?rest_route=\/wp\/v2\/types\/page"}],"author":[{"embeddable":true,"href":"https:\/\/www.teeninduskool.ee\/index.php?rest_route=\/wp\/v2\/users\/4"}],"replies":[{"embeddable":true,"href":"https:\/\/www.teeninduskool.ee\/index.php?rest_route=%2Fwp%2Fv2%2Fcomments&post=200"}],"version-history":[{"count":4,"href":"https:\/\/www.teeninduskool.ee\/index.php?rest_route=\/wp\/v2\/pages\/200\/revisions"}],"predecessor-version":[{"id":18188,"href":"https:\/\/www.teeninduskool.ee\/index.php?rest_route=\/wp\/v2\/pages\/200\/revisions\/18188"}],"wp:attachment":[{"href":"https:\/\/www.teeninduskool.ee\/index.php?rest_route=%2Fwp%2Fv2%2Fmedia&parent=200"}],"curies":[{"name":"wp","href":"https:\/\/api.w.org\/{rel}","templated":true}]}}