{"id":20159,"date":"2024-09-13T09:56:55","date_gmt":"2024-09-13T06:56:55","guid":{"rendered":"https:\/\/www.teeninduskool.ee\/?page_id=20159"},"modified":"2024-09-13T09:56:55","modified_gmt":"2024-09-13T06:56:55","slug":"vaike-garderoob","status":"publish","type":"page","link":"https:\/\/www.teeninduskool.ee\/?page_id=20159","title":{"rendered":"V\u00e4ike garderoob"},"content":{"rendered":"<p>Kui garderoobis on du\u0161\u0161, siis du\u0161\u0161i kasutamine on hinna sees. Saun tellitakse eraldi.<\/p>\n<p>&nbsp;<\/p>\n<p>&nbsp;<\/p>\n<p><img loading=\"lazy\" decoding=\"async\" class=\"wp-image-20160 size-large aligncenter\" src=\"https:\/\/www.teeninduskool.ee\/wp-content\/uploads\/2024\/09\/vaike_garderoob_2024_09-01-1024x576.jpg\" alt=\"\" width=\"1024\" height=\"576\" srcset=\"https:\/\/www.teeninduskool.ee\/wp-content\/uploads\/2024\/09\/vaike_garderoob_2024_09-01-1024x576.jpg 1024w, https:\/\/www.teeninduskool.ee\/wp-content\/uploads\/2024\/09\/vaike_garderoob_2024_09-01-300x169.jpg 300w, https:\/\/www.teeninduskool.ee\/wp-content\/uploads\/2024\/09\/vaike_garderoob_2024_09-01-768x432.jpg 768w, https:\/\/www.teeninduskool.ee\/wp-content\/uploads\/2024\/09\/vaike_garderoob_2024_09-01-1536x864.jpg 1536w, https:\/\/www.teeninduskool.ee\/wp-content\/uploads\/2024\/09\/vaike_garderoob_2024_09-01.jpg 1600w\" sizes=\"auto, (max-width: 1024px) 100vw, 1024px\" \/> <img loading=\"lazy\" decoding=\"async\" class=\"wp-image-20161 size-large aligncenter\" src=\"https:\/\/www.teeninduskool.ee\/wp-content\/uploads\/2024\/09\/vaike_garderoob_2024_09-02-1024x576.jpg\" alt=\"\" width=\"1024\" height=\"576\" srcset=\"https:\/\/www.teeninduskool.ee\/wp-content\/uploads\/2024\/09\/vaike_garderoob_2024_09-02-1024x576.jpg 1024w, https:\/\/www.teeninduskool.ee\/wp-content\/uploads\/2024\/09\/vaike_garderoob_2024_09-02-300x169.jpg 300w, https:\/\/www.teeninduskool.ee\/wp-content\/uploads\/2024\/09\/vaike_garderoob_2024_09-02-768x432.jpg 768w, https:\/\/www.teeninduskool.ee\/wp-content\/uploads\/2024\/09\/vaike_garderoob_2024_09-02-1536x864.jpg 1536w, https:\/\/www.teeninduskool.ee\/wp-content\/uploads\/2024\/09\/vaike_garderoob_2024_09-02.jpg 1600w\" sizes=\"auto, (max-width: 1024px) 100vw, 1024px\" \/> <img loading=\"lazy\" decoding=\"async\" class=\"wp-image-20162 size-large aligncenter\" src=\"https:\/\/www.teeninduskool.ee\/wp-content\/uploads\/2024\/09\/vaike_garderoob_2024_09-03-1024x576.jpg\" alt=\"\" width=\"1024\" height=\"576\" srcset=\"https:\/\/www.teeninduskool.ee\/wp-content\/uploads\/2024\/09\/vaike_garderoob_2024_09-03-1024x576.jpg 1024w, https:\/\/www.teeninduskool.ee\/wp-content\/uploads\/2024\/09\/vaike_garderoob_2024_09-03-300x169.jpg 300w, https:\/\/www.teeninduskool.ee\/wp-content\/uploads\/2024\/09\/vaike_garderoob_2024_09-03-768x432.jpg 768w, https:\/\/www.teeninduskool.ee\/wp-content\/uploads\/2024\/09\/vaike_garderoob_2024_09-03-1536x864.jpg 1536w, https:\/\/www.teeninduskool.ee\/wp-content\/uploads\/2024\/09\/vaike_garderoob_2024_09-03.jpg 1600w\" sizes=\"auto, (max-width: 1024px) 100vw, 1024px\" \/> <img loading=\"lazy\" decoding=\"async\" class=\"wp-image-20163 size-large aligncenter\" src=\"https:\/\/www.teeninduskool.ee\/wp-content\/uploads\/2024\/09\/vaike_garderoob_2024_09-04-1024x576.jpg\" alt=\"\" width=\"1024\" height=\"576\" srcset=\"https:\/\/www.teeninduskool.ee\/wp-content\/uploads\/2024\/09\/vaike_garderoob_2024_09-04-1024x576.jpg 1024w, https:\/\/www.teeninduskool.ee\/wp-content\/uploads\/2024\/09\/vaike_garderoob_2024_09-04-300x169.jpg 300w, https:\/\/www.teeninduskool.ee\/wp-content\/uploads\/2024\/09\/vaike_garderoob_2024_09-04-768x432.jpg 768w, https:\/\/www.teeninduskool.ee\/wp-content\/uploads\/2024\/09\/vaike_garderoob_2024_09-04-1536x864.jpg 1536w, https:\/\/www.teeninduskool.ee\/wp-content\/uploads\/2024\/09\/vaike_garderoob_2024_09-04.jpg 1600w\" sizes=\"auto, (max-width: 1024px) 100vw, 1024px\" \/><\/p>\n","protected":false},"excerpt":{"rendered":"<p>Kui garderoobis on du\u0161\u0161, siis du\u0161\u0161i kasutamine on hinna sees. Saun tellitakse eraldi. &nbsp; &nbsp;<\/p>\n","protected":false},"author":9,"featured_media":0,"parent":0,"menu_order":0,"comment_status":"closed","ping_status":"closed","template":"","meta":{"footnotes":""},"class_list":["post-20159","page","type-page","status-publish","hentry"],"_links":{"self":[{"href":"https:\/\/www.teeninduskool.ee\/index.php?rest_route=\/wp\/v2\/pages\/20159","targetHints":{"allow":["GET"]}}],"collection":[{"href":"https:\/\/www.teeninduskool.ee\/index.php?rest_route=\/wp\/v2\/pages"}],"about":[{"href":"https:\/\/www.teeninduskool.ee\/index.php?rest_route=\/wp\/v2\/types\/page"}],"author":[{"embeddable":true,"href":"https:\/\/www.teeninduskool.ee\/index.php?rest_route=\/wp\/v2\/users\/9"}],"replies":[{"embeddable":true,"href":"https:\/\/www.teeninduskool.ee\/index.php?rest_route=%2Fwp%2Fv2%2Fcomments&post=20159"}],"version-history":[{"count":1,"href":"https:\/\/www.teeninduskool.ee\/index.php?rest_route=\/wp\/v2\/pages\/20159\/revisions"}],"predecessor-version":[{"id":20164,"href":"https:\/\/www.teeninduskool.ee\/index.php?rest_route=\/wp\/v2\/pages\/20159\/revisions\/20164"}],"wp:attachment":[{"href":"https:\/\/www.teeninduskool.ee\/index.php?rest_route=%2Fwp%2Fv2%2Fmedia&parent=20159"}],"curies":[{"name":"wp","href":"https:\/\/api.w.org\/{rel}","templated":true}]}}