{"id":203,"date":"2017-03-02T12:19:26","date_gmt":"2017-03-02T10:19:26","guid":{"rendered":"https:\/\/www.teeninduskool.ee\/?page_id=203"},"modified":"2023-10-20T09:18:16","modified_gmt":"2023-10-20T06:18:16","slug":"sisekord","status":"publish","type":"page","link":"https:\/\/www.teeninduskool.ee\/?page_id=203","title":{"rendered":"Tallinna Teeninduskooli \u00f5pilaste sisekorraeeskiri"},"content":{"rendered":"<p class=\"art-postheader\" style=\"text-align: right;\"><span style=\"font-size: 10pt;\"><em>Kinnitatud direktori 08.03.2023 k\u00e4skkirjaga nr 1-2\/23\/7, <a href=\"https:\/\/www.teeninduskool.ee\/wp-content\/uploads\/2023\/03\/Lisa_Opilaste-sisekorraeeskiri-2023.pdf\">pdfina<\/a><\/em><\/span><\/p>\n<div class=\"art-postcontent\">\n<div class=\"art-article\">\n<h3 class=\"Default\">1. \u00dclds\u00e4tted<\/h3>\n<p class=\"Default\">1.1. Tallinna Teeninduskooli (edaspidi kool) \u00f5pilaste sisekorraeeskiri s\u00e4testab \u00f5pilaste \u00f5igused ja kohustused.<br \/>\n1.2. Teko \u00f5pilane on isik, kes on direktori k\u00e4skkirjaga arvatud kooli \u00f5pilaste nimekirja.<\/p>\n<h3 class=\"Default\">2. \u00d5pilasel on \u00f5igus:<\/h3>\n<p class=\"Default\">2.1. v\u00f5tta osa \u00f5ppet\u00f6\u00f6st vastavalt kooli sisekorraeeskirjale;<br \/>\n2.2. tutvuda enne kooli \u00f5ppima asumist ja koolis \u00f5ppides \u00f5ppekavaga, kooli p\u00f5him\u00e4\u00e4ruse ning sisekorra\u2013 ja \u00f5ppekorralduseeskirjaga;<br \/>\n2.3. saada \u00f5ppekavaj\u00e4rgset \u00f5pet, kasutada \u00f5ppekavaj\u00e4rgses t\u00f6\u00f6s t\u00f6\u00f6vahendeid ja -materjale tasuta;<br \/>\n2.4. saada koolis \u00f5ppimise perioodiks \u00f5pilaspilet;<br \/>\n2.5. valida valikmooduleid kooli \u00f5ppekorralduseeskirjas s\u00e4testatud korras;<br \/>\n2.6. saada \u00f5petajalt nende t\u00f6\u00f6aja piires konsultatsioone \u00f5ppet\u00f6\u00f6d puudutavates k\u00fcsimustes;<br \/>\n2.7. saada \u00f5ppimise toetamiseks tasuta tugiteenuseid;<br \/>\n2.8. osaleda \u00f5pilasesinduse valimisel ning kandideerida \u00f5pilasesindusse;<br \/>\n2.9. osaleda \u00f5pilaskonna esindajana n\u00f5ukogu t\u00f6\u00f6s;<br \/>\n2.10. kasutada \u00f5ppev\u00e4lises tegevuses tasuta oma kooli ruume, raamatukogu, \u00f5ppe-, spordi-, tehnilisi ja muid vahendeid koolis kehtestatud korras;<br \/>\n2.11. saada akadeemilist puhkust \u00f5ppekorralduseeskirjas s\u00e4testatud korras;<br \/>\n2.12 saada toetusi \u00f5ppetoetuste ja \u00f5ppelaenu seadusega s\u00e4testatud tingimustel ja korras;<br \/>\n2.13. saada toetust koolil\u00f5una kulude katmiseks seadusega s\u00e4testatud korras;<br \/>\n2.14. saada s\u00f5idukulu h\u00fcvitamist seadusega s\u00e4testatud korras;<br \/>\n2.15. p\u00f6\u00f6rduda tervislikel p\u00f5hjustel \u00f5ppet\u00f6\u00f6 ajal tervishoiuteenuse osutaja poole;<br \/>\n2.16. saada koolist teavet kooli \u00f5ppekorralduse ja oma \u00f5iguste kohta;<br \/>\n2.18. kasutada teisi seaduse, kooli p\u00f5him\u00e4\u00e4ruse ja muude \u00f5igusaktidega kehtestatud \u00f5igusi.<\/p>\n<h3 class=\"Default\">3. \u00d5pilane on kohustatud:<\/h3>\n<p class=\"Default\">3.1. tutvuma \u00f5ppekorraldus- ja sisekorraeeskirjaga ning j\u00e4rgima oma kohustusi; osalema \u00f5ppet\u00f6\u00f6s ja t\u00e4itma \u00f5igeaegselt \u00f5ppekavas ette n\u00e4htud \u00fclesandeid;<br \/>\n3.2. j\u00f5udma tundi hilinemiseta;<br \/>\n3.3. v\u00f5tma \u00f5ppet\u00f6\u00f6le kaasa \u00f5ppet\u00f6\u00f6ks vajalikud vahendid ja materjalid;<br \/>\n3.4. puudumise korral teatama r\u00fchma- v\u00f5i praktikajuhendajale puudumise p\u00f5hjustest esimesel puudumise p\u00e4eval ja esitama kirjalikku taasesitamist v\u00f5imaldava teatise puudumise<br \/>\np\u00f5hjendatuks lugemiseks hiljemalt 2 p\u00e4eva jooksul p\u00e4rast \u00f5ppet\u00f6\u00f6le j\u00f5udmist;<br \/>\n3.5. k\u00e4ituma vastavalt \u00fcldtunnustatud moraalinormidele nii koolis kui ka kooliga seotud aladel, nt praktikabaas, ettev\u00f5te, kus \u00f5pilasena ollakse;<br \/>\n3.6. t\u00e4itma t\u00f6\u00f6tervishoiu- ja tuleohutuseeskirju;<br \/>\n3.7. praktikal ja praktilistes tundides kandma eririietust ja jalan\u00f5usid, omama kokkulepitud t\u00f6\u00f6vahendeid;<br \/>\n3.8. tegutsema h\u00e4daolukorras (tulekahju, veeavarii, pommi\u00e4hvardus jms) vastavalt h\u00e4daolukorra lahendamise plaanile ja kooli t\u00f6\u00f6tajate korraldustele;<br \/>\n3.9. riietuma korrektselt ja t\u00e4itma isiklikku h\u00fcgieeni n\u00f5udeid;<br \/>\n3.10. hoidma kooli ja praktikabaasi head mainet;<br \/>\n3.11. hoidma heaperemehelikult kooli ja kaas\u00f5pilaste vara ja vahendeid ning tagastama need saadud seisukorras v\u00f5i h\u00fcvitama tekitatud kahju;<br \/>\n3.12. j\u00e4reltundide v\u00f5i -eksamite sooritamisel varustama end isiklike t\u00f6\u00f6vahendite ja materjalidega;<br \/>\n3.13. t\u00e4itma kooli t\u00f6\u00f6tajate korraldusi;<br \/>\n3.14. kandma koolis kaasas \u00f5pilaspiletit ning esitama selle esimesel n\u00f5udmisel kooli t\u00f6\u00f6tajatele;<br \/>\n3.15. tagastama \u00f5pilaspileti peale v\u00e4ljaarvamist kooli \u00f5pilaste nimekirjast;<br \/>\n3.16. h\u00fcvitama \u00f5pilaspileti korduva v\u00e4ljaandmisega seotud otsesed kulud;<br \/>\n3.17. tagastama \u00f5igeaegselt infokogusse sealt laenutatud raamatud jm materjalid;<br \/>\n3.18. t\u00e4itma ja esitama ringk\u00e4igulehe koolist v\u00e4ljaarvamise korral;<br \/>\n3.19. t\u00e4itma teisi \u00f5igus- ja haldusaktidest tulenevaid kohustusi;<br \/>\n3.20. kasutama kooli antud meili nimi.perenimi@teeninduskool.ee . Domeeni omanik on Tallinna Teeninduskool, selle kaudu edastatakse kooli- ja \u00f5ppet\u00f6\u00f6alast infot; seda ei kasutada<br \/>\nisiklikuks kirjavahetuseks. Kui \u00f5ppija kasutab kooli poolt antud e-posti aadressi isiklike ekirjade saatmiseks v\u00f5i vastuv\u00f5tmiseks, siis peab ta arvestama, et kooli esindaja v\u00f5ib n\u00e4ha<br \/>\nkirjade sisu meilikontode haldamisel. Sama kehtib ka koolis loodud meililistide kohta.<\/p>\n<h3 class=\"Default\">4. \u00d5pilasel on keelatud:<\/h3>\n<p class=\"Default\">4.1. k\u00e4ituda teist isikut h\u00e4irival v\u00f5i ohtu seadval viisil, eelk\u00f5ige:<\/p>\n<p class=\"Default\" style=\"padding-left: 40px;\">4.1.1. teist isikut l\u00fc\u00fca, t\u00f5ugata, kakelda, loopida asju teise isiku, looma v\u00f5i asja pihta neid ohtu seades v\u00f5i k\u00e4ituda muul viisil v\u00e4givaldselt;<br \/>\n4.1.2. teist isikut s\u00f5naga, \u017eestiga v\u00f5i muul moel solvata, hirmutada v\u00f5i \u00e4hvardada, sh veebikommunikatsiooni vahendusel;<br \/>\n4.1.3. pakkuda isikut h\u00e4irival viisil talle kaupa v\u00f5i teenust v\u00f5i h\u00e4irival viisil kerjata;<br \/>\n4.1.4. reostada, rikkuda, h\u00e4vitada v\u00f5i \u00fcmber paigutada avalikus kasutuses olevat asja v\u00f5i kasutada seda muul kui etten\u00e4htud otstarbel, sealhulgas panna j\u00e4\u00e4tmeid mujale kui selleks<br \/>\netten\u00e4htud kohta;<\/p>\n<p class=\"Default\">4.2. kasutada lifti, v\u00e4ljaarvatud otseselt \u00f5ppet\u00f6\u00f6ga seotud p\u00f5hjused (kauba, vahendite transport) ja erivajadusega seotud p\u00f5hjused;<br \/>\n4.3. rikkuda \u00f5pitava eriala kutse-eetikat;<br \/>\n4.4. segada kaas\u00f5pilasi ja \u00f5petajaid tunni ajal ning takistada tunni l\u00e4biviimist;<br \/>\n4.5. sooritada teiste \u00f5pilaste eest teadmiste kontrolli;<br \/>\n4.6. teadlikult esitada enesekohaseid valeandmeid;<br \/>\n4.7. esitada kellegi teise kirjaliku v\u00f5i praktilise t\u00f6\u00f6 osasid oma nime all ilma n\u00f5uetekohase viitamiseta vastavalt kooli \u00f5pilast\u00f6\u00f6de juhendi n\u00f5uetele;<br \/>\n4.8. kasutada tunni ajal info- ja kommunikatsioonitehnoloogia vahendeid mitte\u00f5ppeotstarbeliselt;<br \/>\n4.9. teha \u00f5ppet\u00f6\u00f6 ajal nutiseadmetega kaas\u00f5pilastest v\u00f5i \u00f5petajatest salvestisi ning neid avaldada osapoolte n\u00f5usolekuta;<br \/>\n4.10. viibida klassiruumides \u00fcleriietes;<br \/>\n4.11. ilmuda \u00f5ppet\u00f6\u00f6le alkoholi-, narkootilises v\u00f5i toksilises joobes v\u00f5i ps\u00fchhotroopse aine m\u00f5ju all;<br \/>\n4.12. suitsetada kooli ruumides ja territooriumil, tarbida e-sigarette ning mokatubakat;<br \/>\n4.13. tarbida kooli ruumides ja territooriumil energiajooke;<br \/>\n4.14. m\u00e4ngida kooli ruumides hasartm\u00e4nge, sealhulgas kaardim\u00e4nge;<br \/>\n4.15. Koolis on \u00f5pilasele keelatud j\u00e4rgmised esemed ja ained:<\/p>\n<ul>\n<li class=\"Default\">relv relvaseaduse t\u00e4henduses; (v.a toitlustamise erialade praktilised tunnid, kus nugade omamine ja kasutamine on lubatud);<\/li>\n<li class=\"Default\">l\u00f5hkeaine, p\u00fcrotehniline aine ja p\u00fcrotehniline toode l\u00f5hkematerjaliseaduse t\u00e4henduses;<\/li>\n<li class=\"Default\">aine, mida kasutatakse m\u00fcrgistuse v\u00f5i joobe tekitamiseks;<\/li>\n<li class=\"Default\">aine, mis on seaduse alusel keelatud \u00f5pilase vanusest tulenevalt;<\/li>\n<li class=\"Default\">muu ese v\u00f5i aine, mida kasutatakse \u00f5pilase v\u00f5i teise isiku elu v\u00f5i tervise ohtu seadmiseks v\u00f5i v\u00f5\u00f5ra asja kahjustamiseks.<\/li>\n<\/ul>\n<h3 class=\"Default\">5. \u00d5pilaste tunnustamine ja m\u00f5jutusmeetmete rakendamine<\/h3>\n<p class=\"Default\">5.1. \u00d5pilaste tunnustamine toimub vastavalt \u00f5ppekorralduseeskirjale.<\/p>\n<p class=\"Default\">5.2. \u00d5pilase suhtes v\u00f5ib sisekorraeeskirjade rikkumise eest rakendada j\u00e4rgmisi m\u00f5jutusmeetmeid:<\/p>\n<ul>\n<li class=\"Default\">m\u00e4rkus (suuline v\u00f5i kirjalik)<\/li>\n<li class=\"Default\">vestlus (r\u00fchmajuhendaja, tugispetsialist, juhtiv\u00f5petaja, juhtkond)<\/li>\n<li class=\"Default\">vanemate teavitamine<\/li>\n<li class=\"Default\">noomitus (kirjalik)<\/li>\n<li class=\"Default\">\u00f5ppetoetuse maksmise peatamine v\u00f5i l\u00f5petamine<\/li>\n<li class=\"Default\">kutsumine tugikomisjoni, \u00f5ppevaldkonna koosolekule<\/li>\n<li class=\"Default\">kahju h\u00fcvitamine vastavalt v\u00f5la\u00f5igusseaduse \u00a7 1052 ja 1053.<\/li>\n<\/ul>\n<\/div>\n<\/div>\n","protected":false},"excerpt":{"rendered":"<p>Kinnitatud direktori 08.03.2023 k\u00e4skkirjaga nr 1-2\/23\/7, pdfina 1. \u00dclds\u00e4tted 1.1. Tallinna Teeninduskooli (edaspidi kool) \u00f5pilaste sisekorraeeskiri s\u00e4testab \u00f5pilaste \u00f5igused ja kohustused. 1.2. Teko \u00f5pilane on isik, kes on direktori k\u00e4skkirjaga arvatud kooli \u00f5pilaste nimekirja.&#46;&#46;&#46;<\/p>\n","protected":false},"author":4,"featured_media":1879,"parent":0,"menu_order":0,"comment_status":"closed","ping_status":"closed","template":"","meta":{"footnotes":""},"class_list":["post-203","page","type-page","status-publish","has-post-thumbnail","hentry"],"_links":{"self":[{"href":"https:\/\/www.teeninduskool.ee\/index.php?rest_route=\/wp\/v2\/pages\/203","targetHints":{"allow":["GET"]}}],"collection":[{"href":"https:\/\/www.teeninduskool.ee\/index.php?rest_route=\/wp\/v2\/pages"}],"about":[{"href":"https:\/\/www.teeninduskool.ee\/index.php?rest_route=\/wp\/v2\/types\/page"}],"author":[{"embeddable":true,"href":"https:\/\/www.teeninduskool.ee\/index.php?rest_route=\/wp\/v2\/users\/4"}],"replies":[{"embeddable":true,"href":"https:\/\/www.teeninduskool.ee\/index.php?rest_route=%2Fwp%2Fv2%2Fcomments&post=203"}],"version-history":[{"count":5,"href":"https:\/\/www.teeninduskool.ee\/index.php?rest_route=\/wp\/v2\/pages\/203\/revisions"}],"predecessor-version":[{"id":16409,"href":"https:\/\/www.teeninduskool.ee\/index.php?rest_route=\/wp\/v2\/pages\/203\/revisions\/16409"}],"wp:featuredmedia":[{"embeddable":true,"href":"https:\/\/www.teeninduskool.ee\/index.php?rest_route=\/wp\/v2\/media\/1879"}],"wp:attachment":[{"href":"https:\/\/www.teeninduskool.ee\/index.php?rest_route=%2Fwp%2Fv2%2Fmedia&parent=203"}],"curies":[{"name":"wp","href":"https:\/\/api.w.org\/{rel}","templated":true}]}}