{"id":21007,"date":"2025-01-23T15:14:15","date_gmt":"2025-01-23T13:14:15","guid":{"rendered":"https:\/\/www.teeninduskool.ee\/?page_id=21007"},"modified":"2025-02-28T12:35:12","modified_gmt":"2025-02-28T10:35:12","slug":"teko-meedias","status":"publish","type":"page","link":"https:\/\/www.teeninduskool.ee\/?page_id=21007","title":{"rendered":"Teko meedias"},"content":{"rendered":"<p>Tallinna Teeninduskooli kohta leiad lugusid nii Eesti kui ka v\u00e4lismaisest meediast:<\/p>\n<table style=\"height: 231px; width: 100%; background-color: #fcfafa;\" width=\"100%\">\n<tbody>\n<tr style=\"height: 33px;\">\n<th style=\"width: 800px; background-color: #cd2662; height: 33px;\"><strong><span style=\"color: #ffffff;\">2025<\/span><\/strong><\/th>\n<\/tr>\n<tr style=\"height: 24px;\">\n<td style=\"width: 800px; background-color: #f0f0f0; vertical-align: top; text-align: left; height: 24px;\">Postimees, 8.02.2025- <a href=\"https:\/\/digiajakirjad.postimees.ee\/8187951\/nadala-retseptid-mida-pakkuda-koige-suurematele-sopradele\">Retseptilehek\u00fclg<\/a><\/td>\n<\/tr>\n<tr style=\"height: 24px;\">\n<td style=\"width: 800px; background-color: #fafafa; text-align: left; vertical-align: top; height: 24px;\">Kanal 2, 6.02.2025 &#8211; <a href=\"https:\/\/kanal2.ee\/et\/t\/5826\/ohtu\">\u00d5htu saade<\/a><\/td>\n<\/tr>\n<tr style=\"height: 24px;\">\n<td style=\"width: 800px; background-color: #f0f0f0; vertical-align: top; text-align: left; height: 24px;\">TV3 , 30.01.2025- <a href=\"https:\/\/www.tv3.ee\/tv3\/saade\/tv3-uudised\/\">TV3Uudised<\/a><\/td>\n<\/tr>\n<tr style=\"height: 24px;\">\n<td style=\"width: 800px; background-color: #fcfafa; text-align: left; vertical-align: top; height: 24px;\">ERR, 23.01.2025 <a href=\"https:\/\/jupiter.err.ee\/1609571552\/aktuaalne-kaamera-ilm\">AK Uudised<\/a><\/td>\n<\/tr>\n<tr style=\"height: 50px;\">\n<td style=\"width: 800px; background-color: #f0f0f0; vertical-align: top; text-align: left; height: 30px;\">Delfi, 22.01.2025-\u00a0 <a href=\"https:\/\/www.delfi.ee\/artikkel\/120351488\/video-ja-fotod-tallinna-kutsekoolid-liidetakse-kaheks-kolledziks-kallas-oppekohti-tekib-juurde\">VIDEO ja FOTOD | Tallinna kutsekoolid liidetakse kaheks kolled\u017eiks. Kallas: \u00f5ppekohti tekib juurde<\/a><\/td>\n<\/tr>\n<tr style=\"background-color: #ffffff;\">\n<td style=\"width: 800px; background-color: #ffffff; text-align: left; vertical-align: top; height: 24px;\">TV 3, 22.01.2025- <a href=\"https:\/\/www.tv3.ee\/tv3\/saade\/tv3-uudised\/?type=episodes&amp;video=8755720\/#tvplay-player\">TV3 Uudised<\/a><\/td>\n<\/tr>\n<tr style=\"height: 24px;\">\n<td style=\"width: 800px; background-color: #f0f0f0; vertical-align: top; text-align: left; height: 24px;\">Postimees, 22.01.2025 &#8211; <a href=\"https:\/\/www.postimees.ee\/8177430\/haridusministeerium-koondab-tallinna-kutseoppe-kahe-uue-kolledzi-alla-oppekohti-tuleb-juurde-uhiselamuid-mitte\">Haridusministeerium koondab Tallinna kutse\u00f5ppe kahe uue kolled\u017ei alla: \u00f5ppekohti tuleb juurde, \u00fchiselamuid mitte<\/a><\/td>\n<\/tr>\n<tr style=\"height: 24px;\">\n<td style=\"width: 800px; background-color: #fcfafa; text-align: left; vertical-align: top; height: 24px;\">\u00d5htuleht, 22.01.2025 &#8211; <a href=\"https:\/\/www.ohtuleht.ee\/1123114\/riik-askeldab-pealinnas-kuus-kutsekooli-liidetakse-kaheks-ulisuureks-kolledziks\">Riik askeldab pealinnas: kuus kutsekooli liidetakse kaheks \u00fclisuureks kolled\u017eiks<\/a><\/td>\n<\/tr>\n<\/tbody>\n<\/table>\n<p>&nbsp;<\/p>\n<table style=\"height: 168px; width: 100%;\" width=\"100%\">\n<tbody>\n<tr style=\"height: 24px;\">\n<th style=\"width: 800px; background-color: #cd2662; height: 24px;\"><span style=\"color: #ffffff;\">2024<\/span><\/th>\n<\/tr>\n<tr style=\"height: 24px;\">\n<td style=\"width: 800px; background-color: #f0f0f0; text-align: left; vertical-align: top; height: 24px;\">ERR, 29.10.2024 &#8211; <a href=\"https:\/\/eeter.err.ee\/1609505629\/galerii-tallinna-teeninduskoolis-tahistati-leivapaeva-rekordpika-voileivaga\" target=\"_blank\" rel=\"noopener\">Tallinna Teeninduskoolis t\u00e4histati leivap\u00e4eva rekordpika v\u00f5ileivaga<\/a><\/td>\n<\/tr>\n<tr style=\"height: 24px;\">\n<td style=\"width: 800px; background-color: #ffffff; text-align: left; vertical-align: top; height: 24px;\">\u00d5htuleht, 29.10.2024 &#8211; <a href=\"https:\/\/www.ohtuleht.ee\/toidutare\/1117464\/toekat-ampsu-tahad-tana-sudapaeval-saab-tasuta-voileiba\" target=\"_blank\" rel=\"noopener\">Toekat ampsu tahad?<\/a><\/td>\n<\/tr>\n<tr style=\"height: 24px;\">\n<td style=\"width: 800px; background-color: #f0f0f0; text-align: left; vertical-align: top; height: 24px;\">\u00d5htuleht, 03.07.2024 &#8211; <a href=\"https:\/\/www.ohtuleht.ee\/1110167\/tallinna-teeninduskooli-hakkas-juhtima-kristi-tarik\" target=\"_blank\" rel=\"noopener\">Tallinna Teeninduskooli hakkas juhtima Kristi Tarik<\/a><\/td>\n<\/tr>\n<tr style=\"height: 24px;\">\n<td style=\"width: 800px; background-color: #ffffff; text-align: left; vertical-align: top; height: 24px;\">ERR, 07.02.2024 &#8211; <a href=\"https:\/\/eeter.err.ee\/1609245564\/tallinna-teeninduskool-valis-parima-isetehtud-kommi\" target=\"_blank\" rel=\"noopener\">Tallinna Teeninduskool valis parima isetehtud kommi<\/a><\/td>\n<\/tr>\n<tr style=\"height: 24px;\">\n<td style=\"width: 800px; background-color: #f0f0f0; text-align: left; vertical-align: top; height: 24px;\"><\/td>\n<\/tr>\n<tr style=\"height: 24px;\">\n<td style=\"width: 800px; background-color: #ffffff; text-align: left; vertical-align: top; height: 24px;\"><\/td>\n<\/tr>\n<\/tbody>\n<\/table>\n","protected":false},"excerpt":{"rendered":"<p>Tallinna Teeninduskooli kohta leiad lugusid nii Eesti kui ka v\u00e4lismaisest meediast: 2025 Postimees, 8.02.2025- Retseptilehek\u00fclg Kanal 2, 6.02.2025 &#8211; \u00d5htu saade TV3 , 30.01.2025- TV3Uudised ERR, 23.01.2025 AK Uudised Delfi, 22.01.2025-\u00a0 VIDEO ja FOTOD&#46;&#46;&#46;<\/p>\n","protected":false},"author":9,"featured_media":0,"parent":0,"menu_order":0,"comment_status":"closed","ping_status":"closed","template":"","meta":{"footnotes":""},"class_list":["post-21007","page","type-page","status-publish","hentry"],"_links":{"self":[{"href":"https:\/\/www.teeninduskool.ee\/index.php?rest_route=\/wp\/v2\/pages\/21007","targetHints":{"allow":["GET"]}}],"collection":[{"href":"https:\/\/www.teeninduskool.ee\/index.php?rest_route=\/wp\/v2\/pages"}],"about":[{"href":"https:\/\/www.teeninduskool.ee\/index.php?rest_route=\/wp\/v2\/types\/page"}],"author":[{"embeddable":true,"href":"https:\/\/www.teeninduskool.ee\/index.php?rest_route=\/wp\/v2\/users\/9"}],"replies":[{"embeddable":true,"href":"https:\/\/www.teeninduskool.ee\/index.php?rest_route=%2Fwp%2Fv2%2Fcomments&post=21007"}],"version-history":[{"count":5,"href":"https:\/\/www.teeninduskool.ee\/index.php?rest_route=\/wp\/v2\/pages\/21007\/revisions"}],"predecessor-version":[{"id":21187,"href":"https:\/\/www.teeninduskool.ee\/index.php?rest_route=\/wp\/v2\/pages\/21007\/revisions\/21187"}],"wp:attachment":[{"href":"https:\/\/www.teeninduskool.ee\/index.php?rest_route=%2Fwp%2Fv2%2Fmedia&parent=21007"}],"curies":[{"name":"wp","href":"https:\/\/api.w.org\/{rel}","templated":true}]}}