{"id":216,"date":"2017-03-02T14:26:54","date_gmt":"2017-03-02T12:26:54","guid":{"rendered":"https:\/\/www.teeninduskool.ee\/?page_id=216"},"modified":"2017-03-02T14:26:54","modified_gmt":"2017-03-02T12:26:54","slug":"tookohapohine-ope","status":"publish","type":"page","link":"https:\/\/www.teeninduskool.ee\/?page_id=216","title":{"rendered":"T\u00f6\u00f6kohap\u00f5hine \u00f5pe"},"content":{"rendered":"<h2 class=\"art-postheader\">T\u00f6\u00f6kohap\u00f5hine \u00f5pe<\/h2>\n<div class=\"art-postcontent\">\n<div class=\"art-article\">\n<p><a href=\"https:\/\/www.google.com\/calendar\/embed?src=neenbavrm4745kmf8260gtdu6o%40group.calendar.google.com&amp;ctz=Europe\/Tallinn\" target=\"_blank\">T\u00f6\u00f6kohap\u00f5histe\u00a0gruppide koolis k\u00e4imise graafik<\/a><\/p>\n<\/div>\n<\/div>\n","protected":false},"excerpt":{"rendered":"<p>T\u00f6\u00f6kohap\u00f5hine \u00f5pe T\u00f6\u00f6kohap\u00f5histe\u00a0gruppide koolis k\u00e4imise graafik<\/p>\n","protected":false},"author":4,"featured_media":0,"parent":200,"menu_order":0,"comment_status":"closed","ping_status":"closed","template":"","meta":{"footnotes":""},"class_list":["post-216","page","type-page","status-publish","hentry"],"_links":{"self":[{"href":"https:\/\/www.teeninduskool.ee\/index.php?rest_route=\/wp\/v2\/pages\/216","targetHints":{"allow":["GET"]}}],"collection":[{"href":"https:\/\/www.teeninduskool.ee\/index.php?rest_route=\/wp\/v2\/pages"}],"about":[{"href":"https:\/\/www.teeninduskool.ee\/index.php?rest_route=\/wp\/v2\/types\/page"}],"author":[{"embeddable":true,"href":"https:\/\/www.teeninduskool.ee\/index.php?rest_route=\/wp\/v2\/users\/4"}],"replies":[{"embeddable":true,"href":"https:\/\/www.teeninduskool.ee\/index.php?rest_route=%2Fwp%2Fv2%2Fcomments&post=216"}],"version-history":[{"count":0,"href":"https:\/\/www.teeninduskool.ee\/index.php?rest_route=\/wp\/v2\/pages\/216\/revisions"}],"up":[{"embeddable":true,"href":"https:\/\/www.teeninduskool.ee\/index.php?rest_route=\/wp\/v2\/pages\/200"}],"wp:attachment":[{"href":"https:\/\/www.teeninduskool.ee\/index.php?rest_route=%2Fwp%2Fv2%2Fmedia&parent=216"}],"curies":[{"name":"wp","href":"https:\/\/api.w.org\/{rel}","templated":true}]}}