{"id":21679,"date":"2025-05-15T11:02:14","date_gmt":"2025-05-15T08:02:14","guid":{"rendered":"https:\/\/www.teeninduskool.ee\/?page_id=21679"},"modified":"2025-05-15T11:23:11","modified_gmt":"2025-05-15T08:23:11","slug":"vastuvotu-labiviimise-tingimused-ja-kord","status":"publish","type":"page","link":"https:\/\/www.teeninduskool.ee\/?page_id=21679","title":{"rendered":"Vastuv\u00f5tu l\u00e4biviimise tingimused ja kord"},"content":{"rendered":"<ol>\n<li><a href=\"https:\/\/www.teeninduskool.ee\/wp-content\/uploads\/2025\/05\/Oppijate-vastuvotukord.pdf\">\u00d5ppijate vastuv\u00f5tukord<\/a><\/li>\n<li><a href=\"https:\/\/www.teeninduskool.ee\/wp-content\/uploads\/2025\/05\/Vastuvotukomisjoni-tookord.pdf\">Vastuv\u00f5tukomisjoni t\u00f6\u00f6kord<\/a><\/li>\n<li><a href=\"https:\/\/www.teeninduskool.ee\/wp-content\/uploads\/2025\/05\/Kutseoppe-tasulise-tasemeoppe-kord.pdf\">Kutse\u00f5ppe tasulise taseme\u00f5ppe kord<\/a><\/li>\n<li><a href=\"https:\/\/www.teeninduskool.ee\/wp-content\/uploads\/2025\/05\/Vastuvotu-hindamiskomisjonide-koosseisud.pdf\">Vastuv\u00f5tu hindamiskomisjonide koosseisud<\/a><\/li>\n<li><a href=\"https:\/\/www.teeninduskool.ee\/wp-content\/uploads\/2025\/05\/Pohikoolijargse-vastuvotu-2025-hindamismeetodid-ning-kriteeriumid.pdf\">P\u00f5hikoolij\u00e4rgse vastuv\u00f5tu 2025 hindamismeetodid ning -kriteeriumid<\/a><\/li>\n<li><a href=\"https:\/\/www.teeninduskool.ee\/wp-content\/uploads\/2025\/05\/Keskkoolijargse-vastuvotu-2025-hindamismeetodid-ning-kriteeriumid.pdf\">Keskkoolij\u00e4rgse vastuv\u00f5tu 2025 hindamismeetodid ning -kriteeriumid<\/a><\/li>\n<\/ol>\n<p>&nbsp;<\/p>\n","protected":false},"excerpt":{"rendered":"<p>\u00d5ppijate vastuv\u00f5tukord Vastuv\u00f5tukomisjoni t\u00f6\u00f6kord Kutse\u00f5ppe tasulise taseme\u00f5ppe kord Vastuv\u00f5tu hindamiskomisjonide koosseisud P\u00f5hikoolij\u00e4rgse vastuv\u00f5tu 2025 hindamismeetodid ning -kriteeriumid Keskkoolij\u00e4rgse vastuv\u00f5tu 2025 hindamismeetodid ning -kriteeriumid &nbsp;<\/p>\n","protected":false},"author":9,"featured_media":0,"parent":0,"menu_order":0,"comment_status":"closed","ping_status":"closed","template":"","meta":{"footnotes":""},"class_list":["post-21679","page","type-page","status-publish","hentry"],"_links":{"self":[{"href":"https:\/\/www.teeninduskool.ee\/index.php?rest_route=\/wp\/v2\/pages\/21679","targetHints":{"allow":["GET"]}}],"collection":[{"href":"https:\/\/www.teeninduskool.ee\/index.php?rest_route=\/wp\/v2\/pages"}],"about":[{"href":"https:\/\/www.teeninduskool.ee\/index.php?rest_route=\/wp\/v2\/types\/page"}],"author":[{"embeddable":true,"href":"https:\/\/www.teeninduskool.ee\/index.php?rest_route=\/wp\/v2\/users\/9"}],"replies":[{"embeddable":true,"href":"https:\/\/www.teeninduskool.ee\/index.php?rest_route=%2Fwp%2Fv2%2Fcomments&post=21679"}],"version-history":[{"count":5,"href":"https:\/\/www.teeninduskool.ee\/index.php?rest_route=\/wp\/v2\/pages\/21679\/revisions"}],"predecessor-version":[{"id":21697,"href":"https:\/\/www.teeninduskool.ee\/index.php?rest_route=\/wp\/v2\/pages\/21679\/revisions\/21697"}],"wp:attachment":[{"href":"https:\/\/www.teeninduskool.ee\/index.php?rest_route=%2Fwp%2Fv2%2Fmedia&parent=21679"}],"curies":[{"name":"wp","href":"https:\/\/api.w.org\/{rel}","templated":true}]}}