{"id":21690,"date":"2025-05-15T11:05:20","date_gmt":"2025-05-15T08:05:20","guid":{"rendered":"https:\/\/www.teeninduskool.ee\/?page_id=21690"},"modified":"2025-05-19T15:56:31","modified_gmt":"2025-05-19T12:56:31","slug":"vastuvott","status":"publish","type":"page","link":"https:\/\/www.teeninduskool.ee\/?page_id=21690","title":{"rendered":"Vastuv\u00f5tt"},"content":{"rendered":"<h1><a href=\"https:\/\/www.teeninduskool.ee\/?p=21595\">Vastuv\u00f5tt 2025<\/a><\/h1>\n<h1><a href=\"https:\/\/www.teeninduskool.ee\/?page_id=21679\">Vastuv\u00f5tu l\u00e4biviimise tingimused ja kord<\/a><\/h1>\n","protected":false},"excerpt":{"rendered":"<p>Vastuv\u00f5tt 2025 Vastuv\u00f5tu l\u00e4biviimise tingimused ja kord<\/p>\n","protected":false},"author":9,"featured_media":0,"parent":0,"menu_order":0,"comment_status":"closed","ping_status":"closed","template":"","meta":{"footnotes":""},"class_list":["post-21690","page","type-page","status-publish","hentry"],"_links":{"self":[{"href":"https:\/\/www.teeninduskool.ee\/index.php?rest_route=\/wp\/v2\/pages\/21690","targetHints":{"allow":["GET"]}}],"collection":[{"href":"https:\/\/www.teeninduskool.ee\/index.php?rest_route=\/wp\/v2\/pages"}],"about":[{"href":"https:\/\/www.teeninduskool.ee\/index.php?rest_route=\/wp\/v2\/types\/page"}],"author":[{"embeddable":true,"href":"https:\/\/www.teeninduskool.ee\/index.php?rest_route=\/wp\/v2\/users\/9"}],"replies":[{"embeddable":true,"href":"https:\/\/www.teeninduskool.ee\/index.php?rest_route=%2Fwp%2Fv2%2Fcomments&post=21690"}],"version-history":[{"count":3,"href":"https:\/\/www.teeninduskool.ee\/index.php?rest_route=\/wp\/v2\/pages\/21690\/revisions"}],"predecessor-version":[{"id":21693,"href":"https:\/\/www.teeninduskool.ee\/index.php?rest_route=\/wp\/v2\/pages\/21690\/revisions\/21693"}],"wp:attachment":[{"href":"https:\/\/www.teeninduskool.ee\/index.php?rest_route=%2Fwp%2Fv2%2Fmedia&parent=21690"}],"curies":[{"name":"wp","href":"https:\/\/api.w.org\/{rel}","templated":true}]}}