{"id":218,"date":"2024-03-02T14:28:00","date_gmt":"2024-03-02T12:28:00","guid":{"rendered":"https:\/\/www.teeninduskool.ee\/?page_id=218"},"modified":"2024-11-02T13:36:49","modified_gmt":"2024-11-02T11:36:49","slug":"kirjalike-toode-vormistamise-juhend","status":"publish","type":"page","link":"https:\/\/www.teeninduskool.ee\/?page_id=218","title":{"rendered":"Kirjalike t\u00f6\u00f6de vormistamise ja slaidiesitluse koostamise juhendid"},"content":{"rendered":"<h2 class=\"art-postheader\">Kirjalike t\u00f6\u00f6de vormistamise ja slaidiesitluse koostamise juhendid<\/h2>\n<div class=\"art-postcontent\">\n<div class=\"art-article\">\n<p><span title=\"Tallinna teeninduskooli kirjalike t\u00f6\u00f6de vormistamise juhend\"><a href=\"https:\/\/www.teeninduskool.ee\/wp-content\/uploads\/2024\/09\/Kirjalike_toode_vormistamise_juhend_2024.pdf\">Tallinna teeninduskooli kirjalike t\u00f6\u00f6de vormistamise juhend<\/a><\/span><\/p>\n<\/div>\n<p><a href=\"https:\/\/www.teeninduskool.ee\/wp-content\/uploads\/2024\/05\/Slaidiesitluse_koostamise_juhend.pdf\">Slaidiesitluse_koostamise_juhend<\/a><\/p>\n<p><a href=\"https:\/\/www.teeninduskool.ee\/wp-content\/uploads\/2024\/05\/Teko_pohi_lai.zip\">Power Pointi esitluse_p\u00f5hi<\/a><\/p>\n<\/div>\n","protected":false},"excerpt":{"rendered":"<p>Kirjalike t\u00f6\u00f6de vormistamise ja slaidiesitluse koostamise juhendid Tallinna teeninduskooli kirjalike t\u00f6\u00f6de vormistamise juhend Slaidiesitluse_koostamise_juhend Power Pointi esitluse_p\u00f5hi<\/p>\n","protected":false},"author":4,"featured_media":0,"parent":200,"menu_order":0,"comment_status":"closed","ping_status":"closed","template":"","meta":{"footnotes":""},"class_list":["post-218","page","type-page","status-publish","hentry"],"_links":{"self":[{"href":"https:\/\/www.teeninduskool.ee\/index.php?rest_route=\/wp\/v2\/pages\/218","targetHints":{"allow":["GET"]}}],"collection":[{"href":"https:\/\/www.teeninduskool.ee\/index.php?rest_route=\/wp\/v2\/pages"}],"about":[{"href":"https:\/\/www.teeninduskool.ee\/index.php?rest_route=\/wp\/v2\/types\/page"}],"author":[{"embeddable":true,"href":"https:\/\/www.teeninduskool.ee\/index.php?rest_route=\/wp\/v2\/users\/4"}],"replies":[{"embeddable":true,"href":"https:\/\/www.teeninduskool.ee\/index.php?rest_route=%2Fwp%2Fv2%2Fcomments&post=218"}],"version-history":[{"count":5,"href":"https:\/\/www.teeninduskool.ee\/index.php?rest_route=\/wp\/v2\/pages\/218\/revisions"}],"predecessor-version":[{"id":20490,"href":"https:\/\/www.teeninduskool.ee\/index.php?rest_route=\/wp\/v2\/pages\/218\/revisions\/20490"}],"up":[{"embeddable":true,"href":"https:\/\/www.teeninduskool.ee\/index.php?rest_route=\/wp\/v2\/pages\/200"}],"wp:attachment":[{"href":"https:\/\/www.teeninduskool.ee\/index.php?rest_route=%2Fwp%2Fv2%2Fmedia&parent=218"}],"curies":[{"name":"wp","href":"https:\/\/api.w.org\/{rel}","templated":true}]}}