{"id":248,"date":"2017-03-02T14:49:58","date_gmt":"2017-03-02T12:49:58","guid":{"rendered":"https:\/\/www.teeninduskool.ee\/?page_id=248"},"modified":"2023-10-20T09:24:42","modified_gmt":"2023-10-20T06:24:42","slug":"kooli-wifi-vork","status":"publish","type":"page","link":"https:\/\/www.teeninduskool.ee\/?page_id=248","title":{"rendered":"Kooli WiFi v\u00f5rk"},"content":{"rendered":"<h2 class=\"art-postheader\">Kooli WiFi v\u00f5rk<\/h2>\n<p><span data-contrast=\"auto\">Kooli \u00f5pilastele ja k\u00fclastajatele on m\u00e4\u00e4ratud WiFi v\u00f5rk <strong>TEKO Guest<\/strong>. <\/span><\/p>\n<p><span data-contrast=\"auto\">Kooli Wifi v\u00f5rgu kasutamist kontrollitakse ja koolil on \u00f5igus vajadusel piirata v\u00f5rgu juurdep\u00e4\u00e4su.<\/span><span data-contrast=\"auto\">\u00a0<\/span><span data-ccp-props=\"{&quot;201341983&quot;:0,&quot;335559739&quot;:160,&quot;335559740&quot;:259}\">\u00a0<\/span><\/p>\n<p><span data-contrast=\"auto\">Kasutades kooli WiFi v\u00f5rku kinnitate, et olete lugenud ja n\u00f5ustute k\u00e4esoleva lepinguga:<\/span><span data-ccp-props=\"{&quot;201341983&quot;:0,&quot;335559739&quot;:160,&quot;335559740&quot;:259}\">\u00a0<\/span><\/p>\n<p><span data-ccp-props=\"{&quot;201341983&quot;:0,&quot;335559739&quot;:160,&quot;335559740&quot;:259}\">\u00a0<\/span><\/p>\n<p><span data-contrast=\"auto\">(*) Traadita v\u00f5rgu teenust pakub Tallinna Teeninduskool ja v\u00f5ib t\u00e4iesti oma \u00e4ran\u00e4gemise j\u00e4rgi Teie juurdep\u00e4\u00e4su v\u00f5rgule blokeerida, peatada v\u00f5i l\u00f5petada igal ajal mistahes p\u00f5hjusel.<\/span><span data-ccp-props=\"{&quot;201341983&quot;:0,&quot;335559739&quot;:160,&quot;335559740&quot;:259}\">\u00a0<\/span><\/p>\n<p><span data-contrast=\"auto\">(*) Te n\u00f5ustute mitte kasutama traadita v\u00f5rku mistahes eesm\u00e4rgil, mis on ebaseaduslik v\u00f5i muul viisil keelatud ja vastutate t\u00e4ielikult oma tegevuste eest.<\/span><span data-ccp-props=\"{&quot;201341983&quot;:0,&quot;335559739&quot;:160,&quot;335559740&quot;:259}\">\u00a0<\/span><\/p>\n<p><span data-contrast=\"auto\">(*) Traadita v\u00f5rk on \u00e4ra toodud \u201cnagu on\u201d \u2013 ilma igasuguse tagatiseta.<\/span><span data-ccp-props=\"{&quot;201341983&quot;:0,&quot;335559739&quot;:160,&quot;335559740&quot;:259}\">\u00a0<\/span><\/p>\n<p><span data-ccp-props=\"{&quot;201341983&quot;:0,&quot;335559739&quot;:160,&quot;335559740&quot;:259}\">\u00a0<\/span><span data-contrast=\"auto\">\u00a0<\/span><\/p>\n<p><span data-contrast=\"auto\">T\u00e4name ja soovime meeldivat WiFi kasutamist!<\/span><span data-ccp-props=\"{&quot;201341983&quot;:0,&quot;335559739&quot;:160,&quot;335559740&quot;:259}\">\u00a0<\/span><\/p>\n<p>&nbsp;<\/p>\n<div class=\"art-postcontent\">\n<div class=\"art-article\">\n<p><!--Selleks et kasutada kooli wifi v\u00f5rku (OPILASED) Tuleb ennast \u00fchendada OPILASED v\u00f5rguga, n\u00f5ustuda kasutajatingimustega veebilehel ja saategi kasutada internetti. --><\/p>\n<\/div>\n<\/div>\n","protected":false},"excerpt":{"rendered":"<p>Kooli WiFi v\u00f5rk Kooli \u00f5pilastele ja k\u00fclastajatele on m\u00e4\u00e4ratud WiFi v\u00f5rk TEKO Guest. Kooli Wifi v\u00f5rgu kasutamist kontrollitakse ja koolil on \u00f5igus vajadusel piirata v\u00f5rgu juurdep\u00e4\u00e4su.\u00a0\u00a0 Kasutades kooli WiFi v\u00f5rku kinnitate, et olete lugenud&#46;&#46;&#46;<\/p>\n","protected":false},"author":4,"featured_media":0,"parent":200,"menu_order":0,"comment_status":"closed","ping_status":"closed","template":"","meta":{"footnotes":""},"class_list":["post-248","page","type-page","status-publish","hentry"],"_links":{"self":[{"href":"https:\/\/www.teeninduskool.ee\/index.php?rest_route=\/wp\/v2\/pages\/248","targetHints":{"allow":["GET"]}}],"collection":[{"href":"https:\/\/www.teeninduskool.ee\/index.php?rest_route=\/wp\/v2\/pages"}],"about":[{"href":"https:\/\/www.teeninduskool.ee\/index.php?rest_route=\/wp\/v2\/types\/page"}],"author":[{"embeddable":true,"href":"https:\/\/www.teeninduskool.ee\/index.php?rest_route=\/wp\/v2\/users\/4"}],"replies":[{"embeddable":true,"href":"https:\/\/www.teeninduskool.ee\/index.php?rest_route=%2Fwp%2Fv2%2Fcomments&post=248"}],"version-history":[{"count":4,"href":"https:\/\/www.teeninduskool.ee\/index.php?rest_route=\/wp\/v2\/pages\/248\/revisions"}],"predecessor-version":[{"id":17415,"href":"https:\/\/www.teeninduskool.ee\/index.php?rest_route=\/wp\/v2\/pages\/248\/revisions\/17415"}],"up":[{"embeddable":true,"href":"https:\/\/www.teeninduskool.ee\/index.php?rest_route=\/wp\/v2\/pages\/200"}],"wp:attachment":[{"href":"https:\/\/www.teeninduskool.ee\/index.php?rest_route=%2Fwp%2Fv2%2Fmedia&parent=248"}],"curies":[{"name":"wp","href":"https:\/\/api.w.org\/{rel}","templated":true}]}}