{"id":257,"date":"2017-03-02T14:55:52","date_gmt":"2017-03-02T12:55:52","guid":{"rendered":"https:\/\/www.teeninduskool.ee\/?page_id=257"},"modified":"2026-02-16T10:15:56","modified_gmt":"2026-02-16T08:15:56","slug":"abiks-uuele-tootajale","status":"publish","type":"page","link":"https:\/\/www.teeninduskool.ee\/?page_id=257","title":{"rendered":"Teko t\u00f6\u00f6taja meelespea"},"content":{"rendered":"<p><span style=\"color: #cd2662;\"><strong>T\u00d6\u00d6LE ASUMINE<\/strong><\/span><\/p>\n<ol>\n<li>Vajalikud dokumendid t\u00f6\u00f6le asumiseks: isikutunnistus, diplom, viimase 5 aasta t\u00e4ienduskoolituste tunnistused, terviset\u00f5end, 1 passifoto, arvelduskonto number. T\u00f6\u00f6le vormistamine toimub kantseleis. Personalispetsialist<strong>\u00a0Elen Protten<\/strong> (kabinet B127) telefon 605 3102, 565 5998 <a href=\"mailto:elen.protten@teeninduskool.ee\">elen.protten@teeninduskool.ee<\/a><\/li>\n<li>Leping tuleb vormistada hiljemalt t\u00f6\u00f6leasumise p\u00e4eval, sest IT-juht teeb juurdep\u00e4\u00e4sud ja \u00f5ppejuht v\u00f5tab vastu k\u00e4sunduslepinguga t\u00f6\u00f6tavate \u00f5petajate aruanded ainult p\u00e4rast lepingu vormistamist.<\/li>\n<\/ol>\n<p><span style=\"color: #cd2662;\"><strong>T\u00d6\u00d6KORRALDUS<\/strong><\/span><\/p>\n<ol>\n<li>Paroolid, e-posti aadress, wifi \u2013 v\u00f5ta \u00fchendust <strong>IT-juhiga Sergei Ustrikov<\/strong> (kabinet B133) telefon 605 3127, 5682 1320 <a href=\"mailto:sergei.ustrikov@teeninduskool.ee\">sergei.ustrikov@teeninduskool.ee.<\/a><br \/>\nReeglina teeb IT-juht t\u00f6\u00f6tajatele kooli e-posti aadressi. V\u00e4ikese koormusega \u00f5petajad v\u00f5ivad kasutada ka isiklikku e- posti aadressi, siis<br \/>\n1.1. annab t\u00f6\u00f6leasuja oma isikliku e-posti aadressi IT-juhile (avalikustatakse kooli kodulehel) v\u00f5i<br \/>\n1.2. IT-juht teeb kooli e-posti aadressi ja t\u00f6\u00f6leasuja palvel teeb suunamise t\u00f6\u00f6taja isiklikule e-posti aadressile.<br \/>\nE-posti peab lugema ja sellele vastama v\u00e4hemalt \u00fcks kord t\u00f6\u00f6p\u00e4eva jooksul. Kui t\u00f6\u00f6taja on l\u00e4hetuses v\u00f5i koolitusel ega saa e-postile p\u00e4eva jooksul vastata, siis tuleb aktiveerida automaatvastus, milles on info selle kohta, mis perioodil on t\u00f6\u00f6taja \u00e4ra ja kes teda asendab, sh asendaja e-posti aadress ja\/v\u00f5i telefon.<\/li>\n<li>Puhkused, koolitused, l\u00e4hetused, majanduskulu, vabad p\u00e4evad &#8211; vormistamine Riigit\u00f6\u00f6taja Iseteenindusportaalis <a href=\"http:\/\/www.riigitootaja.ee\">www.riigitootaja.ee<\/a> &#8211; abistab <strong>kantseleijuhataja Elen Protten<\/strong>, majanduskulu osas <strong>finantsjuht Eve Kont-Kontson, <\/strong>, telefon tel 56 833 834, e-post <a href=\"mailto:eve.kont-kontson@tmk.edu.ee\">eve.kont-kontson@tmk.edu.ee<\/a><\/li>\n<li>Haiguse korral ava t\u00f6\u00f6v\u00f5imetusleht ning teata kohe otsesele juhile ja kantseleijuhatajale. Kui oled \u00f5petaja, siis ka \u00f5ppejuhile.<strong> \u00d5ppejuht Anne Nuka<\/strong> (kabinet A214, telefon 605 3106, 56980840 <a href=\"mailto:anne.nuka@teeninduskool.ee\">anne.nuka@teeninduskool.ee<\/a>)<\/li>\n<li>K\u00e4sunduslepinguga t\u00f6\u00f6tavate \u00f5petajate aruanded tuleb esitada \u00f5ppejuhile iga kuu hiljemalt 23. kuup\u00e4evaks.<\/li>\n<li>Tervisep\u00e4evad &#8211; kokkuleppel otsese juhiga v\u00f5ib ilma t\u00f6\u00f6v\u00f5imetusleheta kodus olla 2 p\u00e4eva kalendriaastas. Teata otsesele juhile ja kantseleijuhatajale. Kui oled \u00f5petaja, siis ka \u00f5ppejuhile. Vormistamine Riigit\u00f6\u00f6taja Iseteenindusportaalis <a href=\"http:\/\/www.riigitootaja.ee\">www.riigitootaja.ee<\/a><\/li>\n<li><a href=\"https:\/\/www.teeninduskool.ee\/?page_id=300\">T\u00f6\u00f6korraldust reguleerivad dokumendid<\/a>, struktuur, t\u00f6\u00f6tajate andmed, juhtkond jm oluline info on kooli kodulehel, kohustuslikud dokumendid<br \/>\nkodulehe siseveebi kasutajatunnus: opetaja<br \/>\nparool: Eestisada<\/li>\n<li>Raamatukogust saab laenutada raamatuid ja ajakirju ning t\u00f6\u00f6l ajutiseks kasutamiseks fotoaparaati, laptopi, videokaamerat ja diktofone. Lisaks saab tellida kantseleitarbeid.<br \/>\n<strong>Raamatukoguhoidja Merike Vilgo<\/strong> (kabinet B207) telefon 6053110, <a href=\"mailto:raamatukogu@teeninduskool.ee\">raamatukogu@teeninduskool.ee<\/a><br \/>\n<strong>arhivaar Heli Kirotar<\/strong>, tema kaudu k\u00e4ib ka kantseleitarvete tellimine,\u00a0telefon 6053110, 6053113 <a href=\"mailto:heli.kirotar@teeninduskool.ee\">heli.kirotar@teeninduskool.ee<\/a><\/li>\n<li>Kooli \u00fcldine e-posti aadress on <a href=\"mailto:info@teeninduskool.ee\">info@teeninduskool.ee<\/a> ja kiri suunatakse edasi \u00f5igele isikule.<\/li>\n<li>Tuge HEV \u00f5ppijaga toimetulekuks saab tugikeskusest A-108, A-109, A-110.<\/li>\n<li>Igap\u00e4evane arvutitugi, MOODLE \u2013 <strong>Kaido Tiits<\/strong> (kabinet A209) telefon 6053115, 511 9160 kaido.tiits @teeninduskool.ee<\/li>\n<li>Tuge infos\u00fcsteemi TAHVEL kasutamiseks saab tugiisik\/mentorilt, valdkonna juhtiv\u00f5petajalt ja \u00f5ppeinfospetsialistilt (Rita M\u00fc\u00fcr, kabinet A309, telefon 605 3129, 5663 9960 <a href=\"mailto:rita.myyr@teeninduskool.ee\">rita.myyr@teeninduskool.ee<\/a>)<\/li>\n<li>\u00d5ppematerjalide info saab haridustehnoloogilt Katrin Uurman\u00b4ilt, kab A-307, <a href=\"mailto:katrin.uurman@teeninduskool.ee\">katrin.uurman@teeninduskool.ee<\/a><\/li>\n<li>Tunniplaanide info Anne Nuka, kab-A214, <a href=\"mailto:anne.nuka@teeninduskool.ee\">anne.nuka@teeninduskool.ee<\/a><\/li>\n<li>Sisselogimine \u00f5petaja t\u00f6\u00f6kohal \u2013 juhendi sisselogimiseks saab administraatorilt v\u00f5tit v\u00f5tt<\/li>\n<li><a href=\"https:\/\/www.teeninduskool.ee\/wp-content\/uploads\/2023\/09\/Laualefonid_final-6.09.2023.pdf\">Kooli lauatelefonid<\/a><\/li>\n<li><a href=\"https:\/\/www.teeninduskool.ee\/wp-content\/uploads\/2023\/09\/Projektorid-ja-PowerPoint.pdf\">\u00d5ppeklasside dataprojektori kasutamise juhend<\/a>. Mida saab teha, kui pilt projektorilt puudub.<\/li>\n<li>Wi-Fi kasutamine. \u00d5pilased ja k\u00fclalised kasutavad avaliku v\u00f5rku <b>Teko guest<\/b>. T\u00f6\u00f6tajad saavad parooli IT juhilt Sergei Ustrikovi k\u00e4est ja v\u00f5ivad kasutada oma l\u00e4paka- v\u00f5i nutiseadmetega WiFi v\u00f5rk <b>PTEKO<\/b>. Kooli s\u00fclearvutitele on m\u00f5eldud v\u00f5rk\u00a0<b>TTEKO<\/b>;<\/li>\n<li><strong>IT-abi, arvutid, printerid, projektorid, telefonid \u2013 Sergei Ustrikov,<\/strong> kab B-133<\/li>\n<li><strong>Haldusprobleemid<\/strong>, m\u00f6\u00f6bel, k\u00f6\u00f6gitehnika \u2013 Mark Liivam\u00e4gi, kab B-133. Saab probleemidest teavitada ka kodulehelt &#8211;\u00a0<a id=\"LPlnk780092\" href=\"https:\/\/www.teeninduskool.ee\/?page_id=13727\" target=\"_blank\" rel=\"noopener noreferrer\" data-auth=\"NotApplicable\" data-linkindex=\"0\">https:\/\/www.teeninduskool.ee\/?page_id=13727<\/a><\/li>\n<li>Meditsiini\u00f5de osutab esmast abi nii \u00f5pilastele kui t\u00f6\u00f6tajatele (kabinet A113) telefon 6053112, majasisene l\u00fchinumber 112,\u00a05620 4331.\u00a0<strong>Esmaabikarbid<\/strong> asuvad lisaks valvelauas, k\u00f5ikides \u00f5ppek\u00f6\u00f6kides ja \u2013laborites ning kehalise kasvatuse \u00f5petaja kabinetis.<\/li>\n<li>\u00dcler\u00f5ivad saab j\u00e4tta nii B-korpuse 0-korruse garderoobi kui \u00f5petajate riietusruumi (B035).<\/li>\n<li>T\u00f6\u00f6tajad saavad tasuta kasutada spordi- ja j\u00f5usaali.<\/li>\n<li>Toiduainete tellimiseks praktilistesse tundidesse tuleb t\u00e4ita tellimisleht ja esitada elektrooniliselt 1 n\u00e4dal enne praktilist tundi <strong>laohoidjale Jelena Sivagina<\/strong> <a href=\"mailto:jelena.sivagina@teeninduskool.ee\">jelena.sivagina@teeninduskool.ee<\/a> telefon 6053116<\/li>\n<li>Toiduainete tellimiseks erinevateks kooli\u00fcritusteks ja v\u00e4ljas\u00f5itudeks tuleb t\u00e4ita tellimisleht ja esitada n\u00e4dal varem elektrooniliselt <strong>toitlustusjuhile Pille Pajula-Palmiste <\/strong>(kabinet B120) telefon 6053125, 5050470 <a href=\"mailto:pille.pajula-palmiste@teeninduskool.ee\">pille.pajula-palmiste@teeninduskool.ee<\/a><\/li>\n<li>Praktiliste tundide l\u00e4biviimisega seotud \u00f5petajad ja toitlustusosakonna t\u00f6\u00f6tajad saavad t\u00f6\u00f6riided tellida Teko <a href=\"https:\/\/www.teeninduskool.ee\/?s=koolilaat\">koolilaadal<\/a> osalevatelt firmadelt (iga aasta septembrikuus).<\/li>\n<li>Kui Sul on infot, teateid, fotosid v\u00f5i videoid <a href=\"https:\/\/www.facebook.com\/tallinnateeninduskool\/\">Facebook\u00b4i<\/a>, <a href=\"https:\/\/www.instagram.com\/tallinna_teeninduskool\/\">Instagram\u00b4i<\/a> v\u00f5i kodulehele, siis saada need <strong>infojuhile Kerli Koppel <\/strong>(kabinet B126) <a href=\"mailto:kerli.koppel@teeninduskool.ee\">kerli.koppel@teeninduskool.ee<\/a>telefon 682 6138.<\/li>\n<li>Projektit\u00f6\u00f6ga tegelevad <strong>projektijuhid Astrid Maidla<\/strong> (kabinet B121) telefon 6053117 <a href=\"mailto:astrid.maidla@teeninduskool.ee\">astrid.maidla@teeninduskool.ee<\/a><\/li>\n<li>T\u00f6\u00f6le asumisel m\u00e4\u00e4ratakse \u00f5petajale direktori k\u00e4skkirjaga tugiisik\/mentor, kes toetab sisseelamist \u00fche aasta v\u00e4ltel.<\/li>\n<li>Haridus- ja Teadusministeerium on loonud t\u00f6\u00f6alastest rikkumistest teavitamise veebilehe ja veebivormi, mis on k\u00e4ttesaadavad aadressil: <a href=\"https:\/\/hm.ee\/rikkumine\" data-auth=\"NotApplicable\">https:\/\/hm.ee\/rikkumine <\/a>Tallinna Teeninduskool ei ava eraldi teavituskanalit rikkumisteadete vastuv\u00f5tmiseks, vaid kasutab ministeeriumi loodud keskkonda. Kui teil on teavet v\u00f5i p\u00f5hjendatud kahtlus, et asutuse tegevusega seoses on toimunud t\u00f6\u00f6alane rikkumine, soovitame sellest esmalt teavitada oma otsest juhti. Kui see ei ole v\u00f5imalik, palume rikkumisest teavitamiseks kasutada Haridus- ja Teadusministeeriumi veebilehte.<\/li>\n<\/ol>\n","protected":false},"excerpt":{"rendered":"<p>T\u00d6\u00d6LE ASUMINE Vajalikud dokumendid t\u00f6\u00f6le asumiseks: isikutunnistus, diplom, viimase 5 aasta t\u00e4ienduskoolituste tunnistused, terviset\u00f5end, 1 passifoto, arvelduskonto number. T\u00f6\u00f6le vormistamine toimub kantseleis. Personalispetsialist\u00a0Elen Protten (kabinet B127) telefon 605 3102, 565 5998 elen.protten@teeninduskool.ee Leping tuleb&#46;&#46;&#46;<\/p>\n","protected":false},"author":4,"featured_media":0,"parent":254,"menu_order":0,"comment_status":"closed","ping_status":"closed","template":"","meta":{"footnotes":""},"class_list":["post-257","page","type-page","status-publish","hentry"],"_links":{"self":[{"href":"https:\/\/www.teeninduskool.ee\/index.php?rest_route=\/wp\/v2\/pages\/257","targetHints":{"allow":["GET"]}}],"collection":[{"href":"https:\/\/www.teeninduskool.ee\/index.php?rest_route=\/wp\/v2\/pages"}],"about":[{"href":"https:\/\/www.teeninduskool.ee\/index.php?rest_route=\/wp\/v2\/types\/page"}],"author":[{"embeddable":true,"href":"https:\/\/www.teeninduskool.ee\/index.php?rest_route=\/wp\/v2\/users\/4"}],"replies":[{"embeddable":true,"href":"https:\/\/www.teeninduskool.ee\/index.php?rest_route=%2Fwp%2Fv2%2Fcomments&post=257"}],"version-history":[{"count":5,"href":"https:\/\/www.teeninduskool.ee\/index.php?rest_route=\/wp\/v2\/pages\/257\/revisions"}],"predecessor-version":[{"id":22846,"href":"https:\/\/www.teeninduskool.ee\/index.php?rest_route=\/wp\/v2\/pages\/257\/revisions\/22846"}],"up":[{"embeddable":true,"href":"https:\/\/www.teeninduskool.ee\/index.php?rest_route=\/wp\/v2\/pages\/254"}],"wp:attachment":[{"href":"https:\/\/www.teeninduskool.ee\/index.php?rest_route=%2Fwp%2Fv2%2Fmedia&parent=257"}],"curies":[{"name":"wp","href":"https:\/\/api.w.org\/{rel}","templated":true}]}}