{"id":261,"date":"2017-03-02T14:58:05","date_gmt":"2017-03-02T12:58:05","guid":{"rendered":"https:\/\/www.teeninduskool.ee\/?page_id=261"},"modified":"2023-11-27T13:26:04","modified_gmt":"2023-11-27T11:26:04","slug":"dokumendid-ja-blanketid","status":"publish","type":"page","link":"https:\/\/www.teeninduskool.ee\/?page_id=261","title":{"rendered":"Siseinfo"},"content":{"rendered":"<table class=\"category\" style=\"height: 540px; width: 128.668%;\">\n<tbody>\n<tr style=\"height: 24px;\">\n<td style=\"width: 1067px; text-align: left; vertical-align: top; height: 24px;\"><a href=\"https:\/\/www.teeninduskool.ee\/wp-content\/uploads\/2023\/10\/Tallinna_Teeninduskooli_hadaolukordades_tegutsemise_juhend_2023.pdf\"><span style=\"font-family: verdana, geneva, sans-serif;\">Tallinna Teeninduskooli h\u00e4daolukordades tegutsemise juhend<\/span><\/a><\/td>\n<\/tr>\n<tr style=\"height: 24px;\">\n<td style=\"width: 1067px; text-align: left; vertical-align: top; height: 24px;\"><span style=\"font-family: verdana, geneva, sans-serif;\"><a href=\"https:\/\/www.teeninduskool.ee\/wp-content\/uploads\/2023\/06\/Tallinna-Teeninduskooli-teabehalduse-kord_0.pdf\">Teabehalduse kord<\/a><\/span><\/td>\n<\/tr>\n<tr style=\"height: 24px;\">\n<td style=\"width: 1067px; text-align: left; vertical-align: top; height: 24px;\"><a href=\"https:\/\/teeninduskoolee.sharepoint.com\/:x:\/r\/sites\/teko\/_layouts\/15\/Doc.aspx?sourcedoc=%7BE70C6F6B-E7D9-49A8-BBA8-4E50ADC19C14%7D&amp;file=2023_24%20t%C3%B6%C3%B6plaan.xlsx&amp;action=default&amp;mobileredirect=true&amp;DefaultItemOpen=1&amp;login_hint=kerli.koppel%40teeninduskool.ee&amp;ct=1701084139951&amp;wdOrigin=OFFICECOM-WEB.MAIN.REC&amp;cid=58e309c8-e19d-42b6-9fd7-46a2808a93c2&amp;wdPreviousSessionSrc=HarmonyWeb&amp;wdPreviousSession=26e6287b-72f0-463c-ab1d-1fcc411d4214\"><span style=\"font-family: verdana,geneva,sans-serif;\">T\u00f6\u00f6plaan 2023\/2024<\/span><\/a><\/td>\n<\/tr>\n<tr style=\"height: 24px;\">\n<td style=\"width: 1067px; text-align: left; vertical-align: top; height: 24px;\"><span style=\"font-family: verdana,geneva,sans-serif;\">\u00a0 <a href=\"https:\/\/teeninduskoolee.sharepoint.com\/:b:\/s\/teko\/ESaFbpfEsbNIojg0hgz0fFUBuY5h4SF7Cu8vXqkRE_dq-Q?e=y7uHHG\">Sta\u017eeerimisplaan 2022\/2023<\/a><\/span><\/td>\n<\/tr>\n<tr style=\"height: 24px;\">\n<td style=\"width: 1067px; text-align: left; vertical-align: top; height: 24px;\"><span style=\"font-family: verdana,geneva,sans-serif;\">\u00a0 <a href=\"https:\/\/teeninduskoolee.sharepoint.com\/:b:\/s\/teko\/EavQ47x3NENCjQhB4BCbG-YBMSQZ5MC-lGC_DlwUSDV7ag?e=Oafgry\">Koolitusplaan 2022\/2023<\/a><\/span><\/td>\n<\/tr>\n<tr style=\"height: 24px;\">\n<td style=\"width: 1067px; text-align: left; height: 24px; vertical-align: top;\">\u00a0 \u00a0<a href=\"https:\/\/teeninduskoolee.sharepoint.com\/:w:\/s\/Koolinukogu\/ET4ssv7Q9B9Ij5MZgzJse9QBOcyRTKgszphcA7GvrUCxAg?e=kJrJg7\"><span style=\"font-family: verdana,geneva,sans-serif;\">T\u00f6\u00f6plaan 2021\/2022<\/span><\/a><\/td>\n<\/tr>\n<tr style=\"height: 24px;\">\n<td style=\"width: 1067px; text-align: left; vertical-align: top; height: 24px;\"><a href=\"https:\/\/teeninduskoolee.sharepoint.com\/:b:\/s\/teko\/EQuGNHJ8VThDsO6Y2qfdNlwBWlhJ994cd5AW_3HKyaCVUg?e=njbg8e\"><span style=\"font-family: verdana,geneva,sans-serif;\">Digistrateegia 2025<\/span><\/a><\/td>\n<\/tr>\n<tr style=\"height: 24px;\">\n<td style=\"width: 1067px; text-align: left; height: 24px; vertical-align: top;\"><a href=\"https:\/\/teeninduskoolee.sharepoint.com\/:f:\/s\/teko\/EoK3oOXZCTZNgbTd5QWOOf8BHKq5LbIOHFYUd1d8IP3ULA?e=B6knhI\"><span style=\"font-family: verdana,geneva,sans-serif;\">HTM infokirjad<\/span><\/a><\/td>\n<\/tr>\n<tr style=\"height: 24px;\">\n<td style=\"width: 1067px; text-align: left; height: 24px; vertical-align: top;\"><a href=\"https:\/\/teeninduskoolee-my.sharepoint.com\/:f:\/g\/personal\/anu_uusmaa_teeninduskool_ee\/En2n9123x1dHlD0WIIZox2EB_WHOhnxLHABJYTIgZ49e8Q?e=pC7uHI\"><span style=\"font-family: verdana,geneva,sans-serif;\">Videod koolis toimunud s\u00fcndmustest<\/span><\/a><\/td>\n<\/tr>\n<tr style=\"height: 24px;\">\n<td style=\"width: 1067px; text-align: left; height: 24px; vertical-align: top;\"><a href=\"https:\/\/teeninduskoolee-my.sharepoint.com\/:f:\/g\/personal\/anu_uusmaa_teeninduskool_ee\/EkPdenP1qR9HrsMN6CIu65kBKFU13yyofcGM4UrkvaNUew?e=kwgdhH\"><span style=\"font-family: verdana,geneva,sans-serif;\">Pildid koolis toimunud s\u00fcndmustest<\/span><\/a><\/td>\n<\/tr>\n<tr style=\"height: 24px;\">\n<td style=\"width: 1067px; text-align: left; height: 24px; vertical-align: top;\"><a href=\"https:\/\/teeninduskoolee.sharepoint.com\/:w:\/r\/sites\/teko\/Shared%20Documents\/General\/Kolleegide%20s%C3%BCnnip%C3%A4evad\/Kolleegide%20s%C3%BCnnip%C3%A4evad.docx?d=we328829788ca40eea7b7555f988caa66&amp;csf=1&amp;web=1&amp;e=zrTqzB\"><span style=\"font-family: verdana,geneva,sans-serif;\">\u00d5nnitle kolleegi!<\/span><\/a><\/td>\n<\/tr>\n<tr style=\"height: 24px;\">\n<td style=\"width: 1067px; text-align: left; height: 24px; vertical-align: top;\"><a href=\"https:\/\/teeninduskoolee.sharepoint.com\/:f:\/s\/teko\/EkkoACGxIu5PuOewjyXRLhkBCfDB64-hkOwY16cDnXxYxg?e=00b506\"><span style=\"font-family: verdana,geneva,sans-serif;\">Koolituspakkumised<\/span><\/a><\/td>\n<\/tr>\n<tr style=\"height: 24px;\">\n<td style=\"width: 1067px; text-align: left; height: 24px; vertical-align: top;\"><a href=\"https:\/\/teeninduskoolee.sharepoint.com\/:f:\/s\/teko\/EoYH9CQ0BOhDi4Y0TLjZAX0BntYFtgvtJpqS58Xsl0RuFQ?e=w3Cty9\"><span style=\"font-family: verdana,geneva,sans-serif;\">J\u00f5ulutervitused<\/span><\/a><\/td>\n<\/tr>\n<tr style=\"height: 24px;\">\n<td style=\"width: 1067px; background-color: #cd2662; text-align: left; height: 24px; vertical-align: top;\"><strong><span style=\"font-family: verdana, geneva, sans-serif; color: #ffffff;\">DOKUMENDIP\u00d5HJAD<\/span><\/strong><\/td>\n<\/tr>\n<tr class=\"cat-list-row0\" style=\"height: 24px;\">\n<td class=\"list-title\" style=\"height: 24px; width: 1067px; text-align: left; vertical-align: top;\"><span style=\"font-family: verdana,geneva,sans-serif;\">\u00a0 <a href=\"?page_id=336\">\u00dcldine<\/a><\/span><\/td>\n<\/tr>\n<tr class=\"cat-list-row1\" style=\"height: 24px;\">\n<td class=\"list-title\" style=\"height: 24px; width: 1067px; text-align: left; vertical-align: top;\"><span style=\"font-family: verdana,geneva,sans-serif;\">\u00a0 <a href=\"https:\/\/www.teeninduskool.ee\/?page_id=342\">Kokaeksami protokollid\/blanketid<\/a><\/span><\/td>\n<\/tr>\n<tr class=\"cat-list-row0\" style=\"height: 24px;\">\n<td class=\"list-title\" style=\"height: 24px; width: 1067px; text-align: left; vertical-align: top;\"><span style=\"font-family: verdana,geneva,sans-serif;\">\u00a0 <a href=\"https:\/\/www.teeninduskool.ee\/?page_id=345\">\u00d5ppeosakond<\/a><\/span><\/td>\n<\/tr>\n<tr class=\"cat-list-row1\" style=\"height: 24px;\">\n<td class=\"list-title\" style=\"height: 24px; width: 1067px; text-align: left; vertical-align: top;\"><span style=\"font-family: verdana,geneva,sans-serif;\">\u00a0 <a href=\"https:\/\/www.teeninduskool.ee\/?page_id=348\">Kantselei<\/a><\/span><\/td>\n<\/tr>\n<tr class=\"cat-list-row0\" style=\"height: 30.8125px;\">\n<td class=\"list-title\" style=\"height: 30px; width: 1067px; text-align: left; vertical-align: top;\"><span style=\"font-family: verdana,geneva,sans-serif;\">\u00a0 <a href=\"https:\/\/www.teeninduskool.ee\/?page_id=354\">Majandus<\/a><\/span><\/td>\n<\/tr>\n<tr class=\"cat-list-row0\" style=\"height: 30.8125px;\">\n<td class=\"list-title\" style=\"height: 30px; width: 1067px; text-align: left; vertical-align: top;\">\u00a0 \u00a0<a href=\"?page_id=2687\"><span style=\"font-family: verdana,geneva,sans-serif;\">Toitlustus<\/span><\/a><\/td>\n<\/tr>\n<tr style=\"height: 24px;\">\n<td style=\"width: 1067px; height: 24px; background-color: #cd2662; text-align: left; vertical-align: top;\"><span style=\"color: #ffffff;\"><strong>VARIA<\/strong><\/span><\/td>\n<\/tr>\n<tr style=\"height: 24px;\">\n<td style=\"width: 1067px; text-align: left; height: 24px; vertical-align: top;\"><a href=\"https:\/\/www.teeninduskool.ee\/wp-content\/uploads\/2022\/05\/Koolireiside-korraldamise-juhend2022.pdf\">Koolireiside korraldamise juhend 2022<\/a><\/td>\n<\/tr>\n<\/tbody>\n<\/table>\n","protected":false},"excerpt":{"rendered":"<p>Tallinna Teeninduskooli h\u00e4daolukordades tegutsemise juhend Teabehalduse kord T\u00f6\u00f6plaan 2023\/2024 \u00a0 Sta\u017eeerimisplaan 2022\/2023 \u00a0 Koolitusplaan 2022\/2023 \u00a0 \u00a0T\u00f6\u00f6plaan 2021\/2022 Digistrateegia 2025 HTM infokirjad Videod koolis toimunud s\u00fcndmustest Pildid koolis toimunud s\u00fcndmustest \u00d5nnitle kolleegi! Koolituspakkumised J\u00f5ulutervitused&#46;&#46;&#46;<\/p>\n","protected":false},"author":4,"featured_media":0,"parent":254,"menu_order":0,"comment_status":"closed","ping_status":"closed","template":"","meta":{"footnotes":""},"class_list":["post-261","page","type-page","status-publish","hentry"],"_links":{"self":[{"href":"https:\/\/www.teeninduskool.ee\/index.php?rest_route=\/wp\/v2\/pages\/261","targetHints":{"allow":["GET"]}}],"collection":[{"href":"https:\/\/www.teeninduskool.ee\/index.php?rest_route=\/wp\/v2\/pages"}],"about":[{"href":"https:\/\/www.teeninduskool.ee\/index.php?rest_route=\/wp\/v2\/types\/page"}],"author":[{"embeddable":true,"href":"https:\/\/www.teeninduskool.ee\/index.php?rest_route=\/wp\/v2\/users\/4"}],"replies":[{"embeddable":true,"href":"https:\/\/www.teeninduskool.ee\/index.php?rest_route=%2Fwp%2Fv2%2Fcomments&post=261"}],"version-history":[{"count":5,"href":"https:\/\/www.teeninduskool.ee\/index.php?rest_route=\/wp\/v2\/pages\/261\/revisions"}],"predecessor-version":[{"id":18299,"href":"https:\/\/www.teeninduskool.ee\/index.php?rest_route=\/wp\/v2\/pages\/261\/revisions\/18299"}],"up":[{"embeddable":true,"href":"https:\/\/www.teeninduskool.ee\/index.php?rest_route=\/wp\/v2\/pages\/254"}],"wp:attachment":[{"href":"https:\/\/www.teeninduskool.ee\/index.php?rest_route=%2Fwp%2Fv2%2Fmedia&parent=261"}],"curies":[{"name":"wp","href":"https:\/\/api.w.org\/{rel}","templated":true}]}}