{"id":2853,"date":"2017-09-05T15:27:03","date_gmt":"2017-09-05T12:27:03","guid":{"rendered":"https:\/\/www.teeninduskool.ee\/?page_id=2853"},"modified":"2023-10-20T09:19:25","modified_gmt":"2023-10-20T06:19:25","slug":"praktilise-too-korralduse-alused","status":"publish","type":"page","link":"https:\/\/www.teeninduskool.ee\/?page_id=2853","title":{"rendered":"Praktilise t\u00f6\u00f6 korraldus ja t\u00f6\u00f6ohutusalane juhendamine Tallinna Teeninduskoolis"},"content":{"rendered":"<p style=\"text-align: right;\"><span style=\"font-size: 10pt;\"><em>Kinnitatud kooli n\u00f5ukogus 25.08.2021<br \/>\nTerviktekst <a href=\"https:\/\/www.teeninduskool.ee\/wp-content\/uploads\/2021\/08\/Oppekorralduseeskiri_25_08_2021.pdf\">pdfina<\/a><br \/>\n<\/em><em>Tallinna Teeninduskooli \u00f5ppekorralduseeskirja lisa 3<br \/>\n<\/em><\/span><\/p>\n<h3><span style=\"color: #cd2662;\">1 \u00dclds\u00e4tted<\/span><\/h3>\n<p>1.1. Praktiline t\u00f6\u00f6 on \u00f5ppe-eesm\u00e4rgi saavutamine teoreetiliselt \u00f5pitud teadmiste ja oskuste t\u00f6\u00f6s rakendamise kaudu.<\/p>\n<p>1.2. Praktiline t\u00f6\u00f6 toimub \u00f5ppekeskkonnas ja v\u00f5ib olla nii harjutustund, praktikum kui laboratoorne t\u00f6\u00f6 v\u00f5i koolipraktika \u00f5ppelaboris, kooli suurk\u00f6\u00f6gis, restoranik\u00f6\u00f6gis, vms praktiliseks tegevuseks kohandatud kooliruumides. \u00d5pilased on kohustatud praktikal ja praktilistes tundides kandma eririietust ja jalan\u00f5usid, omama kokkulepitud t\u00f6\u00f6vahendeid ning t\u00e4itma h\u00fcgieeni- ja t\u00f6\u00f6ohutusn\u00f5udeid.<\/p>\n<p>1.3. Praktiline t\u00f6\u00f6 planeeritakse igaks \u00f5ppeaastaks l\u00e4htudes konkreetse eriala \u00f5ppekavast<\/p>\n<p>1.4. Tunnijaotuse igaks j\u00e4rgnevaks \u00f5ppeaastaks koostavad valdkondade juhtiv\u00f5petajad.<\/p>\n<p>1.5. Tunnijaotus on \u00f5ppeaasta ajaline \u00f5ppet\u00f6\u00f6 jaotus \u00f5pper\u00fchmade kaupa, milles m\u00e4\u00e4ratakse \u00f5pper\u00fchma kontakt- ja praktilise \u00f5ppe maht ning ajakava, praktika, \u00f5ppen\u00e4dalad, kutse- ja riigieksamite periood(id) ning koolivaheajad. J\u00e4rgmise \u00f5ppeaasta \u00f5ppet\u00f6\u00f6graafik koostatakse \u00d5ISis.<\/p>\n<p>1.6. Tunnijaotust muudetakse vastavalt vajadusele \u00f5ppeaasta kestel.<\/p>\n<h3><span style=\"color: #cd2662;\">2 Praktilise t\u00f6\u00f6 korraldamine<\/span><\/h3>\n<p>2.1. Praktiline t\u00f6\u00f6 toimub vastavalt \u00f5ppekavale ja tunnijaotusele kutse\u00f5petaja otsesel juhendamisel.<\/p>\n<p>2.2. Praktilisel t\u00f6\u00f6l jagatakse \u00f5pper\u00fchm alar\u00fchmadeks s\u00f5ltuvalt \u00f5pilaste arvust, juhendamise vajadusest, t\u00f6\u00f6ohutuse tagamisest ning t\u00f6\u00f6korralduse v\u00f5imalustest.<\/p>\n<h3><span style=\"color: #cd2662;\">3 T\u00f6\u00f6ohutusalase juhendamise tingimused ja kord<\/span><\/h3>\n<p>3.1. Iga \u00f5ppekava sisaldab t\u00f6\u00f6ohutusalast \u00f5pet, mille kestel antakse \u00f5pilasele esmane t\u00f6\u00f6ohutusalane koolitus (sh oskused esmaabi osutamiseks) ja mis toimub esimesel \u00f5ppeaastal. Esmakursuslastele viiakse enne esimest praktilist tundi l\u00e4bi esmane sissejuhatav t\u00f6\u00f6ohutualane juhendamine.<\/p>\n<p>3.2. Iga j\u00e4rgneva praktilise mooduli sissejuhatuses viib \u00f5petaja l\u00e4bi t\u00e4iendava t\u00f6\u00f6tervishoiu ja -ohutusalase juhendamise, mis k\u00e4sitleb konkreetse mooduli praktilise \u00f5ppega seotud ohtusid ning annab juhised ohu korral k\u00e4itumiseks.<\/p>\n<p>3.3. Nii esmane kui t\u00e4iendav t\u00f6\u00f6ohutusalane v\u00e4lja\u00f5pe registreeritakse \u00f5pper\u00fchmap\u00f5histel t\u00f6\u00f6ohutusalase juhendamise lehtedel ning allkirjastatakse juhendaja\/juhendatava poolt.<\/p>\n","protected":false},"excerpt":{"rendered":"<p>Kinnitatud kooli n\u00f5ukogus 25.08.2021 Terviktekst pdfina Tallinna Teeninduskooli \u00f5ppekorralduseeskirja lisa 3 1 \u00dclds\u00e4tted 1.1. Praktiline t\u00f6\u00f6 on \u00f5ppe-eesm\u00e4rgi saavutamine teoreetiliselt \u00f5pitud teadmiste ja oskuste t\u00f6\u00f6s rakendamise kaudu. 1.2. Praktiline t\u00f6\u00f6 toimub \u00f5ppekeskkonnas ja v\u00f5ib&#46;&#46;&#46;<\/p>\n","protected":false},"author":4,"featured_media":0,"parent":2843,"menu_order":0,"comment_status":"closed","ping_status":"closed","template":"","meta":{"footnotes":""},"class_list":["post-2853","page","type-page","status-publish","hentry"],"_links":{"self":[{"href":"https:\/\/www.teeninduskool.ee\/index.php?rest_route=\/wp\/v2\/pages\/2853","targetHints":{"allow":["GET"]}}],"collection":[{"href":"https:\/\/www.teeninduskool.ee\/index.php?rest_route=\/wp\/v2\/pages"}],"about":[{"href":"https:\/\/www.teeninduskool.ee\/index.php?rest_route=\/wp\/v2\/types\/page"}],"author":[{"embeddable":true,"href":"https:\/\/www.teeninduskool.ee\/index.php?rest_route=\/wp\/v2\/users\/4"}],"replies":[{"embeddable":true,"href":"https:\/\/www.teeninduskool.ee\/index.php?rest_route=%2Fwp%2Fv2%2Fcomments&post=2853"}],"version-history":[{"count":5,"href":"https:\/\/www.teeninduskool.ee\/index.php?rest_route=\/wp\/v2\/pages\/2853\/revisions"}],"predecessor-version":[{"id":13801,"href":"https:\/\/www.teeninduskool.ee\/index.php?rest_route=\/wp\/v2\/pages\/2853\/revisions\/13801"}],"up":[{"embeddable":true,"href":"https:\/\/www.teeninduskool.ee\/index.php?rest_route=\/wp\/v2\/pages\/2843"}],"wp:attachment":[{"href":"https:\/\/www.teeninduskool.ee\/index.php?rest_route=%2Fwp%2Fv2%2Fmedia&parent=2853"}],"curies":[{"name":"wp","href":"https:\/\/api.w.org\/{rel}","templated":true}]}}