{"id":2856,"date":"2017-09-05T15:36:25","date_gmt":"2017-09-05T12:36:25","guid":{"rendered":"https:\/\/www.teeninduskool.ee\/?page_id=2856"},"modified":"2023-10-20T09:19:51","modified_gmt":"2023-10-20T06:19:51","slug":"2856-2","status":"publish","type":"page","link":"https:\/\/www.teeninduskool.ee\/?page_id=2856","title":{"rendered":"Praktikakorralduse alused Tallinna Teeninduskoolis"},"content":{"rendered":"<p style=\"text-align: right;\"><span style=\"font-size: 10pt;\"><em>Kinnitatud kooli n\u00f5ukogus 31.08.2022<br \/>\nTallinna Teeninduskooli <a href=\"https:\/\/www.teeninduskool.ee\/wp-content\/uploads\/2022\/09\/OKE_2022_31_08.pdf\">\u00f5ppekorralduseeskirja<\/a> lisa 4<\/em><\/span><span style=\"font-size: 10pt;\"><em>\u00a0<\/em><\/span><\/p>\n<h3><span style=\"color: #cd2662;\">1 \u00dclds\u00e4tted<\/span><\/h3>\n<p>1.1 Kooli praktikakorralduse aluseks on <a href=\"https:\/\/www.riigiteataja.ee\/akt\/102072013001?leiaKehtiv\">Kutse\u00f5ppeasutuse seadus<\/a> \u00a730 ja haridus- ja teadusministri 12.09.2013 m\u00e4\u00e4rus nr 32 <a href=\"https:\/\/www.riigiteataja.ee\/akt\/113092013006\">Praktika korraldamise ning l\u00e4biviimise tingimused ja kord<\/a> RT I, 13.09.2013, 6<\/p>\n<p>1.2 Praktika on kutse\u00f5ppe taseme\u00f5ppe osa, mille ajal \u00f5pilane t\u00e4idab t\u00f6\u00f6keskkonnas juhendaja juhendamisel kindlate \u00f5pieesm\u00e4rkidega t\u00f6\u00f6- ja \u00f5ppe\u00fclesandeid. Praktika sooritamise k\u00e4igus kinnistab \u00f5pilane teoreetilisi teadmisi ja t\u00e4iendab praktilisi oskusi ning kujundab hoiakuid.<\/p>\n<p>1.3 Koolis vastutab praktikakorralduse eest \u00f5ppedirektor, \u00f5ppekavar\u00fchmas juhtiv\u00f5petaja ja \u00f5pper\u00fchmas praktikajuhendaja.<\/p>\n<p>1.4 Praktika arvestamiseks kasutatakse \u00d5ISi, kus praktikajuhendaja t\u00e4idab lepingud, \u00f5pilane praktikap\u00e4eviku ja tagasiside. T\u00f6\u00f6andja hindab \u00f5pilase t\u00f6\u00f6d praktikakohas, tutvub aruandega ning annab tagasisidet.<\/p>\n<p>1.5 Praktikal viibimise ajal laienevad \u00f5pilasele t\u00f6\u00f6tervishoiu- ja t\u00f6\u00f6ohutuse alased \u00f5igusaktid.<\/p>\n<p>1.6 Praktikadokumente, mille s\u00e4ilitusaeg ei tulene muudest \u00f5igusaktidest, s\u00e4ilitatakse 5 aastat.<\/p>\n<h3><span style=\"color: #cd2662;\">2 Praktika ettevalmistamine<\/span><\/h3>\n<p>2.1 \u00d5ppet\u00f6\u00f6graafik, sh praktika koostatakse \u00f5ppeaastaks l\u00e4htuvalt eriala \u00f5ppekavast ja kinnitatakse kooli direktori k\u00e4skkirjaga. Praktikakoht ja ettev\u00f5ttepoolne juhendaja t\u00e4psustatakse praktikalepingus.<\/p>\n<p>2.2 Praktikakoha leidmine toimub kooli eestvedamisel \u00f5pilase, kooli ja praktikakoha koost\u00f6\u00f6s.<\/p>\n<p>2.3 Praktikakoha vastavuse tingimustele, mis v\u00f5imaldavad t\u00e4ita praktikale seatud eesm\u00e4rke ja saavutada \u00f5ppekavas esitatud \u00f5piv\u00e4ljundeid, otsustavad \u00fchiselt kooli ja praktikakoha esindajad.<\/p>\n<p>2.4 Kooli, \u00f5pilase v\u00f5i tema seadusliku esindaja ja praktikat l\u00e4biviiva isiku v\u00f5i asutuse vahelised suhted praktika korraldamisel reguleeritakse enne praktika algust s\u00f5lmitava lepinguga, milles lepitakse kokku praktika toimumise t\u00e4psemas korralduses ning praktikalepingu poolte \u00f5igustes ja kohustustes.<\/p>\n<p>2.5 V\u00e4ljaspool Eesti Vabariiki toimuva praktika jaoks vormistatakse praktikaleping ja selle lisad inglise keeles.<\/p>\n<h3><span style=\"color: #cd2662;\">3 Praktika juhendamine ja praktikalepingu s\u00f5lmimine, koost\u00f6\u00f6 ettev\u00f5ttepoolse juhendajaga<\/span><\/h3>\n<p>3.1 Koolipoolse praktikajuhendaja, ettev\u00f5tte (ettev\u00f5ttepoolse juhendaja) ja \u00f5pilase \u00fclesanded on esitatud kolmepoolses praktikalepingus ja k\u00e4esoleva korra lisades vastavalt 5.6, 5.7 ja 5.9 Reeglina suunatakse praktikale \u00f5ppija, kellel pole \u00f5ppev\u00f5lgnevusi praktika alguse kuup\u00e4evaks. Kui \u00f5ppijal on \u00f5ppev\u00f5lgnevused, siis suunatakse ta praktikale p\u00e4rast \u00f5ppev\u00f5lgnevuste likvideerimist, sel juhul muutub ka praktikalepingus praktikaperiood, perioodi l\u00f5pu m\u00e4\u00e4rab praktikajuhendaja. \u00d5ppet\u00f6\u00f6(praktika)graafikus m\u00e4rgitud t\u00e4htajaks sooritamata praktika on \u00f5ppev\u00f5lgnevus kuni selle sooritamiseni.<\/p>\n<p>3.2 Praktikat juhendavad koost\u00f6\u00f6s nii kooli- kui ka praktikakohapoolsed asjakohase ettevalmistusega praktikajuhendajad.<\/p>\n<p>3.3 Koolipoolne praktikajuhendaja juhendab ja n\u00f5ustab \u00f5pilast kogu praktikaperioodi v\u00e4ltel ning vajadusel teavitab ja n\u00f5ustab praktikakohapoolset juhendajat praktika ettevalmistamise ja l\u00e4biviimise k\u00fcsimustes, sh dokumentatsiooni koostamisel.<\/p>\n<p>3.4 Koolipoolne praktikajuhendaja koostab \u00f5pilase individuaalse praktikakava, milles p\u00fcstitab koos \u00f5pilase ja praktikakohapoolse juhendajaga \u00f5ppekavast tuleneva individuaalse praktika\u00fclesande, milles kirjeldab \u00f5pilase poolt koolis l\u00e4bitud \u00f5pinguid ja praktika oodatavaid \u00f5piv\u00e4ljundeid.<\/p>\n<p>3.5 Kool korraldab v\u00f5imalusel ettev\u00f5ttepoolsele juhendajale v\u00e4lja\u00f5ppe juhul, kui see eelnevalt puudub. Ettev\u00f5tete juhendajaid ettevalmistava koolituse maht on 1 \u00f5ppep\u00e4ev ja teemad: praktika eesm\u00e4rgid, \u00fclesanded, dokumentatsioon, juhendamine, hindamine, tagasiside andmine ja saamine.<\/p>\n<p>3.6 Koolituste ja infoseminaride korralduse eest vastutab \u00f5ppekavar\u00fchma juhtiv\u00f5petaja.<\/p>\n<p>3.7 Koolituse korralduskulud kantakse kooli eelarvest v\u00f5i asjakohastest projektidest.<\/p>\n<h3><span style=\"color: #cd2662;\">4 Praktikaaruande kaitsmine<\/span><\/h3>\n<p>4.1 Praktikajuhendaja korraldab praktika l\u00f5ppemisele j\u00e4rgneva kahe n\u00e4dala jooksul praktika avaliku kaitsmise, koht ja aeg on n\u00e4htavad tunniplaanis. K\u00f5ik praktikaaruanded kuuluvad kaitsmisele.<\/p>\n<p>4.2 \u00d5ppija \u00f5piv\u00e4ljundite saavutatuse hindamisse kaasatakse \u00f5pilane, kooli- ja praktikakohapoolsed juhendajad.<\/p>\n<p>4.3 Praktika sooritamise tulemuse ehk koondhinde aluseks on ettev\u00f5ttest \u00f5pilase oskustele antud koondhinne, praktikaaruande vormistamise ja kaitsmise hinne.<\/p>\n<p>4.4 Puuduste esinemisel praktikadokumentatsioonis, aruande mitterahuldaval kaitsmisel v\u00f5i m\u00f5juva p\u00f5hjuseta kaitsmisele mitte ilmumisel m\u00e4\u00e4ratakse \u00f5pilasele korduskaitsmine.<\/p>\n<p>4.5 Praktikajuhendaja kogub praktikakorralduse parendamiseks tagasisidet \u00f5pilaselt, anal\u00fc\u00fcsib seda ning koostab igal praktika l\u00f5pul koondaruande (vt lisa 6.7)<\/p>\n<p>4.6 Juhtiv\u00f5petaja koostab \u00f5ppeaasta l\u00f5pul k\u00f5igi oma valdkonna praktikaaruannetest koondaruande ja esitab selle \u00f5ppedirektorile.<\/p>\n<p>4.7 Kool kogub praktikakorralduse parendamiseks tagasisidet \u00f5pilaselt, koolilt ja praktikakohalt, anal\u00fc\u00fcsib seda ning koostab igal \u00f5ppeaastal praktika koondaruande.<\/p>\n<p>4.8 Varasemaid \u00f5pi- ning t\u00f6\u00f6kogemust tunnustab Tallinna Teeninduskool individuaalse hindamise korras \u00f5ppija taotluse alusel, l\u00e4htudes <a href=\"https:\/\/www.teeninduskool.ee\/wp-content\/uploads\/2022\/09\/OKE_2022_31_08.pdf\">Tallinna Teeninduskooli \u00f5ppekorralduseeskirjast<\/a>.<\/p>\n<h3><span style=\"color: #cd2662;\">5 Praktikadokumendid<\/span><\/h3>\n<p>Praktikakorraldusega seotud kohustuslikud dokumendid esitatakse kutse\u00f5ppeasutuse seaduse \u00a7 20 alusel kehtestatud haridus- ja teadusministri m\u00e4\u00e4ruses.<\/p>\n<p><strong>\u00d5ppet\u00f6\u00f6graafik\/praktikagraafik<\/strong> &#8211; kooli \u00f5ppekavadest tulenev \u00f5ppeaasta praktikakorralduskava.<\/p>\n<p><strong>Praktikaleping<\/strong> (<a href=\"https:\/\/www.teeninduskool.ee\/wp-content\/uploads\/2021\/08\/OKE2021_lisa4-1.docx\">Lisa 4.1<\/a>) &#8211; kolmepoolne leping, mille osapoolteks on kool, ettev\u00f5te ja \u00f5pilane. T\u00f6\u00f6kohap\u00f5histes \u00f5pper\u00fchmades s\u00e4testatakse praktika korraldus \u00f5ppelepingus; eraldi praktikalepingut ei s\u00f5lmita.<\/p>\n<p><strong>Praktikaaruanne<\/strong> &#8211; \u00f5pilase kokkuv\u00f5te (elektroonne vorm \u00d5ISis) praktikaettev\u00f5tte struktuurist ja t\u00f6\u00f6korraldusest, praktikal sooritatud t\u00f6\u00f6\u00fclesannetest, t\u00f6\u00f6\u00fclesannete vastavusest praktika eesm\u00e4rkidele. Praktikaaruande osadeks on praktikap\u00e4evik, ettev\u00f5ttepoolse juhendaja kokkuv\u00f5ttev hinnang jt k\u00e4esolevas korras esitatud dokumendid.<\/p>\n<p><strong>Praktikap\u00e4evik<\/strong> &#8211; elektroonne vorm \u00d5ISis, mis sisaldab \u00f5ppesisu ja mahtu, \u00f5pikogemuse anal\u00fc\u00fcsi ja juhendaja hinnangut igap\u00e4evasele \u00f5ppeprotsessile.<\/p>\n<p><strong>Tagasisidevorm \u00f5pilasele<\/strong> (<a href=\"https:\/\/www.teeninduskool.ee\/wp-content\/uploads\/2021\/08\/OKE2021_lisa4-2.docx\">Lisa 4.2<\/a>) &#8211; praktika hindamine, mille t\u00e4itmise \u00d5ISis korraldab valdkonna juhtiv\u00f5petaja vahetult p\u00e4rast praktika sooritamist. Tulemused esitatakse juhtiv\u00f5petajale ja nende p\u00f5hjal tunnustatakse praktikaettev\u00f5tteid.<\/p>\n<p><strong>Ettev\u00f5tte eelhindamise vorm<\/strong> (<a href=\"https:\/\/www.teeninduskool.ee\/wp-content\/uploads\/2021\/08\/OKE2021_lisa4-3.docx\">Lisa 4.3<\/a>) &#8211; enesehindamisevorm asutusele, mis taotleb praktikakohaks olemist ja milles esitatakse tingimused, mis v\u00f5imaldavad praktikaks seatud \u00f5pieesm\u00e4rkide ja \u00fclesannete t\u00e4itmist.<\/p>\n<p><strong>\u00d5pper\u00fchma praktika koondaruanne<\/strong> (<a href=\"https:\/\/www.teeninduskool.ee\/wp-content\/uploads\/2021\/08\/OKE2021_lisa4-4.docx\">Lisa 4.4<\/a>) &#8211; \u00f5pper\u00fchma praktikaaruannete anal\u00fc\u00fcs, mille koostab koolipoolne praktikajuhendaja vahetult p\u00e4rast \u00f5pper\u00fchma praktika kaitsmist ja esitab \u00f5ppekavar\u00fchma juhtiv\u00f5petajale.<\/p>\n<p><strong>\u00d5ppekavar\u00fchma praktikate koondaruanne<\/strong> (<a href=\"https:\/\/www.teeninduskool.ee\/wp-content\/uploads\/2021\/08\/OKE2021_lisa4-5.docx\">Lisa 4.5<\/a>) \u2013 kokkuv\u00f5te ja anal\u00fc\u00fcs, mille koostab juhtiv\u00f5petaja \u00f5ppekavar\u00fchma \u00f5pper\u00fchmade koondaruannete p\u00f5hjal \u00f5ppeaasta l\u00f5pul.<\/p>\n<p><strong>Praktikajuhendid ettev\u00f5tte- ja koolipoolsele juhendajale<\/strong> (<a href=\"https:\/\/www.teeninduskool.ee\/wp-content\/uploads\/2021\/08\/OKE2021_lisa4-6.docx\">Lisa 4.6<\/a> ja <a href=\"https:\/\/www.teeninduskool.ee\/wp-content\/uploads\/2021\/08\/OKE2021_lisa4-7.docx\">Lisa 4.7<\/a>) \u2013 materjal, mis sisaldab praktika eesm\u00e4rke, \u00fclesandeid, juhendamist, hindamist ja tagasiside andmist.<\/p>\n<p><strong>\u00d5pilase individuaalne praktikakava<\/strong> (<a href=\"https:\/\/www.teeninduskool.ee\/wp-content\/uploads\/2021\/08\/OKE2021_lisa4-8.docx\">Lisa 4.8<\/a>) &#8211; kooli \u00f5ppekavast l\u00e4htuv dokument, mis m\u00e4\u00e4ratleb \u00fchel erialal toimuva praktika eesm\u00e4rgid, \u00f5ppija \u00fclesanded, oodatavad \u00f5piv\u00e4ljundid ja praktika hindamise. Individuaalne praktikakava on praktikalepingu kohustuslik lisa.<\/p>\n<p><strong>Juhend \u00f5ppijale-praktikandile<\/strong> (<a href=\"https:\/\/www.teeninduskool.ee\/wp-content\/uploads\/2021\/08\/OKE2021_lisa4-9.docx\">Lisa 4.9<\/a>) &#8211; \u00f5ppija \u00fclesanded praktika kavandamisel. l\u00e4biviimisel ja aruandluse koostamisel.<\/p>\n<p><strong>Ettev\u00f5ttepoolse praktikajuhendaja kirjalik hinnang praktikandile<\/strong> (<a href=\"https:\/\/www.teeninduskool.ee\/wp-content\/uploads\/2021\/08\/OKE2021_lisa4-10.docx\">Lisa 4.10<\/a>)<\/p>\n","protected":false},"excerpt":{"rendered":"<p>Kinnitatud kooli n\u00f5ukogus 31.08.2022 Tallinna Teeninduskooli \u00f5ppekorralduseeskirja lisa 4\u00a0 1 \u00dclds\u00e4tted 1.1 Kooli praktikakorralduse aluseks on Kutse\u00f5ppeasutuse seadus \u00a730 ja haridus- ja teadusministri 12.09.2013 m\u00e4\u00e4rus nr 32 Praktika korraldamise ning l\u00e4biviimise tingimused ja kord&#46;&#46;&#46;<\/p>\n","protected":false},"author":4,"featured_media":0,"parent":2843,"menu_order":0,"comment_status":"closed","ping_status":"closed","template":"","meta":{"footnotes":""},"class_list":["post-2856","page","type-page","status-publish","hentry"],"_links":{"self":[{"href":"https:\/\/www.teeninduskool.ee\/index.php?rest_route=\/wp\/v2\/pages\/2856","targetHints":{"allow":["GET"]}}],"collection":[{"href":"https:\/\/www.teeninduskool.ee\/index.php?rest_route=\/wp\/v2\/pages"}],"about":[{"href":"https:\/\/www.teeninduskool.ee\/index.php?rest_route=\/wp\/v2\/types\/page"}],"author":[{"embeddable":true,"href":"https:\/\/www.teeninduskool.ee\/index.php?rest_route=\/wp\/v2\/users\/4"}],"replies":[{"embeddable":true,"href":"https:\/\/www.teeninduskool.ee\/index.php?rest_route=%2Fwp%2Fv2%2Fcomments&post=2856"}],"version-history":[{"count":5,"href":"https:\/\/www.teeninduskool.ee\/index.php?rest_route=\/wp\/v2\/pages\/2856\/revisions"}],"predecessor-version":[{"id":15454,"href":"https:\/\/www.teeninduskool.ee\/index.php?rest_route=\/wp\/v2\/pages\/2856\/revisions\/15454"}],"up":[{"embeddable":true,"href":"https:\/\/www.teeninduskool.ee\/index.php?rest_route=\/wp\/v2\/pages\/2843"}],"wp:attachment":[{"href":"https:\/\/www.teeninduskool.ee\/index.php?rest_route=%2Fwp%2Fv2%2Fmedia&parent=2856"}],"curies":[{"name":"wp","href":"https:\/\/api.w.org\/{rel}","templated":true}]}}