{"id":29,"date":"2017-02-28T10:18:29","date_gmt":"2017-02-28T08:18:29","guid":{"rendered":"https:\/\/www.teeninduskool.ee\/?page_id=29"},"modified":"2026-04-02T14:16:40","modified_gmt":"2026-04-02T11:16:40","slug":"taienduskoolitus","status":"publish","type":"page","link":"https:\/\/www.teeninduskool.ee\/?page_id=29","title":{"rendered":"Koolituskeskus"},"content":{"rendered":"<table style=\"height: 96px; width: 100%; border-collapse: collapse; background-color: #cd2662; border-color: #ffffff; border-style: solid;\" border=\"5\" cellspacing=\"5\" cellpadding=\"5\">\n<tbody>\n<tr style=\"height: 48px; border-style: solid; border-color: #ffffff; background-color: #cd2662;\">\n<td style=\"width: 33.3333%; background-color: #cd2662; vertical-align: top; height: 48px; border-style: solid; border-color: #ffffff;\"><a href=\"https:\/\/haridusportaal.edu.ee\/koolitused-juhan?trainingOrganizer=Tallinna%20Teeninduskool\" <!--https:\/\/koolitus.edu.ee\/calendar?calendar_filter[organizer]=174-->><strong><span style=\"color: #ffffff;\">Leia sobiv koolitus<\/span><\/strong><\/a><\/td>\n<td style=\"width: 33.3333%; background-color: #cd2662; vertical-align: top; height: 48px; border-style: solid; border-color: #ffffff;\"><a href=\"https:\/\/www.teeninduskool.ee\/?page_id=14557\"><strong><span style=\"color: #ffffff;\">T\u00e4iendkoolituse tunniplaan<\/span><\/strong><\/a><\/td>\n<td style=\"width: 33.3333%; background-color: #cd2662; vertical-align: top; height: 48px; border-style: solid; border-color: #ffffff;\"><a href=\"https:\/\/www.teeninduskool.ee\/?page_id=14453\"><span style=\"color: #ffffff;\"><strong>T\u00e4iendus\u00f5ppe korraldamise tingimused ja kord\u00a0<\/strong><\/span><\/a><\/td>\n<\/tr>\n<tr style=\"height: 48px;\">\n<td style=\"width: 33.3333%; background-color: #cd2662; vertical-align: top; height: 48px; border-style: solid; border-color: #ffffff;\"><a href=\"https:\/\/www.teeninduskool.ee\/?page_id=16530\"><span style=\"color: #ffffff;\"><strong>T\u00e4iendus\u00f5ppe \u00f5ppekavad<\/strong><\/span><\/a><\/td>\n<td style=\"width: 33.3333%; background-color: #cd2662; vertical-align: top; height: 48px; border-style: solid; border-color: #ffffff;\"><span style=\"color: #ffffff;\"><a style=\"color: #ffffff;\" href=\"https:\/\/www.teeninduskool.ee\/?page_id=14486\"><strong>T\u00e4iendus\u00f5ppe \u00f5ppekvaliteedi tagamise kord<\/strong><\/a><\/span><\/td>\n<td style=\"width: 33.3333%; background-color: #cd2662; vertical-align: top; height: 48px; border-style: solid; border-color: #ffffff;\"><strong><span style=\"color: #ffffff;\"><a style=\"color: #ffffff;\" href=\"https:\/\/forms.office.com\/r\/vbxwEhweTG\">J\u00e4ta koolitusele tagasiside<\/a><\/span><\/strong><\/td>\n<\/tr>\n<\/tbody>\n<\/table>\n<p><span style=\"color: #cd2662;\"><strong>V\u00f5tke meiega \u00fchendust<\/strong><\/span>, teeme k\u00f5ik selleks, et iga huviline leiaks endale sobiva koolituse, info koolituste ning registreerimise kohta jagavad:<\/p>\n<table style=\"width: 100%;\">\n<tbody>\n<tr>\n<td style=\"text-align: left; vertical-align: top;\"><span style=\"font-size: 10pt; color: #cd2662;\"><em>nimi<\/em><\/span><\/td>\n<td style=\"text-align: left; vertical-align: top;\"><span style=\"font-size: 10pt; color: #cd2662;\"><em>kontakt<\/em><\/span><\/td>\n<\/tr>\n<tr class=\"alt\">\n<td style=\"text-align: left; vertical-align: top;\"><strong>Moonika Aedmaa<\/strong><\/td>\n<td style=\"text-align: left; vertical-align: top;\"><strong>Amet:<\/strong>koolituskeskuse juht<strong><br \/>\nTelefon:<\/strong>\u00a0605 3117<strong><br \/>\nMobiil:\u00a0<\/strong>5694 1100<strong><br \/>\nKabinet:\u00a0<\/strong>B129<strong><br \/>\nE-post:\u00a0<\/strong><a href=\"mailto:moonika.aedmaa@teeninduskool.ee\">moonika.aedmaa@teeninduskool.ee<\/a><\/td>\n<\/tr>\n<tr>\n<td style=\"text-align: left; vertical-align: top;\"><strong>Anna Treiberk<\/strong><\/td>\n<td style=\"text-align: left; vertical-align: top;\"><strong>Amet: <\/strong>koolituskeskuse sekret\u00e4r<strong><br \/>\nTelefon:\u00a0<\/strong>605 3117<strong><br \/>\nKabinet:\u00a0<\/strong>B129<strong><br \/>\nE-post:\u00a0<\/strong><a href=\"mailto:anna.treiberk@teeninduskool.ee\">anna.treiberk@teeninduskool.ee<\/a><\/td>\n<\/tr>\n<\/tbody>\n<\/table>\n<p>Soovid korraldada vahvat kammkarpide grillimise t\u00f6\u00f6tuba oma kolleegidele, kuulata loengut kuulsast baleriinist Anna Pavlovast ning \u00f5ppida ise pavlova kooke k\u00fcpsetama v\u00f5i kuidas on seotud sopran Nelly Melba ja melba kaste? \u00d5ppida tundma erinevate rahvaste toite ja toidufotograafia p\u00f5hit\u00f5desid? Saada teada, mis on <em>trashcooking<\/em>, karving, <em>Gong Fu Cha<\/em> ehk<em> Cha Dao<\/em> teerituaal, laktoositalumatus v\u00f5i mida meremehed aastasadu tagasi merel s\u00f5id? Pidada oma lapse s\u00fcnnip\u00e4eva retseptiraamatu j\u00e4rgi kokates?<\/p>\n<ul style=\"list-style-type: circle;\">\n<li>Oled ammu m\u00f5elnud, et v\u00f5iks kokakursused l\u00e4bida v\u00f5i oma kondiitrioskusi t\u00e4iendada?<\/li>\n<li>Tahad oma t\u00f6\u00f6tajaid tulemuslikult m\u00fc\u00fcma ja kliente teenindama \u00f5petada?<\/li>\n<li>V\u00f5imalustel pole piire. Meil on ideed. Sul on endal idee? Tule, teeme selle koos teoks!<\/li>\n<\/ul>\n<p>Teko Koolituskeskus on Tallinna Teeninduskooli all\u00fcksus, mis pakub erinevaid huvikoolitusi, t\u00e4ienduskoolitusi, seminare, loenguid, \u00f5ppep\u00e4evi ning t\u00f6\u00f6tubasid nii t\u00e4iskasvanutele kui ka lastele. Samuti korraldame t\u00e4iendus\u00f5ppe kursuseid ning tasuta RKT (riiklik koolitustellimus) koolitusi.<\/p>\n<p><strong>Meie pakume v\u00f5imalust:<\/strong><\/p>\n<ul style=\"list-style-type: circle;\">\n<li>kaasajastada t\u00f6\u00f6alaseid teadmisi ja oskusi t\u00e4ienduskoolitustel;<\/li>\n<li>korraldada koolitusi-\u00f5ppep\u00e4evi vastavalt tellija soovidele;<\/li>\n<li>l\u00e4bi viia seminare (ruumide rent, toitlustus);<\/li>\n<li>korraldada ettev\u00f5tete sisekoolitused.<\/li>\n<\/ul>\n<p><strong>Koolitusi viivad l\u00e4bi\u00a0<\/strong>Tallinna Teeninduskooli kogenud \u00f5petajad, tunnustatud koolitajad erinevatest koolitusorganisatsioonidest ning suurte kogemustega praktikud.<\/p>\n<p><strong>\u00d5ppet\u00f6\u00f6 toimub<\/strong>\u00a0Tallinna Teeninduskooli \u00f5ppehoonete B- korpuses aadressil Majaka 2, Tallinn (<a title=\"Asukoht\" href=\"https:\/\/www.teeninduskool.ee\/index.php\/kontakt\" target=\"_blank\" rel=\"noopener noreferrer\">vaata asukohta siit<\/a>), kus paiknevad kaasaegselt sisustatud teooriaklassid ning praktika sooritamiseks vajalikud \u00f5ppek\u00f6\u00f6gid.<\/p>\n<p><strong>Koolituse tellija vajadustest l\u00e4htuvalt viime koolitusi l\u00e4bi ka kliendi ehk tellija ruumides, koostame sobivad \u00f5ppekavad ning kaasame professionaalsed koolitajad.<\/strong><\/p>\n<p>Kursuste mahtu arvestatakse<strong> akadeemilistes tundides<\/strong>,\u00a0kus \u00fcks akadeemiline tund on 45 minutit.<\/p>\n<p>T\u00e4iendus\u00f5ppe l\u00e4bimist kinnitab Tallinna Teeninduskooli poolt\u00a0<strong>v\u00e4ljaantav tunnistus v\u00f5i t\u00f5end.<\/strong><\/p>\n<h4><span style=\"color: #cd2662;\">Allj\u00e4rgnevalt kiirvastused tekkida v\u00f5ivatele k\u00fcsimustele:<\/span><\/h4>\n<ul>\n<li><strong>Kas on v\u00f5imalik saada tulumaksusoodustust?\u00a0<\/strong>Koolitusel osalejatel on v\u00f5imalik maksuametile esitatud \u00fcksikisiku tuludeklaratsiooni ja meie poolt v\u00e4ljastatud t\u00f5endi alusel koolitusrahast tulumaks tagasi saada vastavalt tulumaksuseadusele\u00a0\u00a726.\u00a0Kutse omandamist toetavatel koolitustel on tulumaksutagastus.\u00a0Kool ei tulumaksutagastuse t\u00f5endit ei v\u00e4ljasta, andmed kantakse otse tuludeklaratsioonile.<\/li>\n<li><strong>Kus on v\u00f5imalik leida majutuskohta koolituse ajaks?\u00a0<\/strong>Meie\u00a0<a href=\"https:\/\/www.teeninduskool.ee\/?page_id=17311\" target=\"_blank\" rel=\"noopener noreferrer\">\u00f5ppe-hostelis<\/a>\u00a0on v\u00f5imalik koolituse ajaks eelnevalt endale majutus broneerida.<\/li>\n<li><strong>Kas koolituste eest on v\u00f5imalik tasuda osamaksetena? V\u00f5i sularahas?\u00a0<\/strong>Kursuse eest on v\u00f5imalik tasuda osamaksetena, kuid sellest tuleb eelnevalt koolitusjuhile teada anda. Sularahas tasumine pole v\u00f5imalik.<\/li>\n<li><strong>Milleks on vajalik isikukoodi?\u00a0<\/strong>Isikukood on vajalik arve koostamiseks ning samuti selleks, et v\u00e4ljastada Teile tunnistus v\u00f5i t\u00f5end.<\/li>\n<\/ul>\n<p>&nbsp;<\/p>\n","protected":false},"excerpt":{"rendered":"<p>Leia sobiv koolitus T\u00e4iendkoolituse tunniplaan T\u00e4iendus\u00f5ppe korraldamise tingimused ja kord\u00a0 T\u00e4iendus\u00f5ppe \u00f5ppekavad T\u00e4iendus\u00f5ppe \u00f5ppekvaliteedi tagamise kord J\u00e4ta koolitusele tagasiside V\u00f5tke meiega \u00fchendust, teeme k\u00f5ik selleks, et iga huviline leiaks endale sobiva koolituse, info koolituste&#46;&#46;&#46;<\/p>\n","protected":false},"author":4,"featured_media":0,"parent":0,"menu_order":0,"comment_status":"closed","ping_status":"closed","template":"","meta":{"footnotes":""},"class_list":["post-29","page","type-page","status-publish","hentry"],"_links":{"self":[{"href":"https:\/\/www.teeninduskool.ee\/index.php?rest_route=\/wp\/v2\/pages\/29","targetHints":{"allow":["GET"]}}],"collection":[{"href":"https:\/\/www.teeninduskool.ee\/index.php?rest_route=\/wp\/v2\/pages"}],"about":[{"href":"https:\/\/www.teeninduskool.ee\/index.php?rest_route=\/wp\/v2\/types\/page"}],"author":[{"embeddable":true,"href":"https:\/\/www.teeninduskool.ee\/index.php?rest_route=\/wp\/v2\/users\/4"}],"replies":[{"embeddable":true,"href":"https:\/\/www.teeninduskool.ee\/index.php?rest_route=%2Fwp%2Fv2%2Fcomments&post=29"}],"version-history":[{"count":5,"href":"https:\/\/www.teeninduskool.ee\/index.php?rest_route=\/wp\/v2\/pages\/29\/revisions"}],"predecessor-version":[{"id":23034,"href":"https:\/\/www.teeninduskool.ee\/index.php?rest_route=\/wp\/v2\/pages\/29\/revisions\/23034"}],"wp:attachment":[{"href":"https:\/\/www.teeninduskool.ee\/index.php?rest_route=%2Fwp%2Fv2%2Fmedia&parent=29"}],"curies":[{"name":"wp","href":"https:\/\/api.w.org\/{rel}","templated":true}]}}