{"id":3082,"date":"2017-09-15T08:33:07","date_gmt":"2017-09-15T05:33:07","guid":{"rendered":"https:\/\/www.teeninduskool.ee\/?page_id=3082"},"modified":"2023-10-20T09:22:21","modified_gmt":"2023-10-20T06:22:21","slug":"opiobjektid","status":"publish","type":"page","link":"https:\/\/www.teeninduskool.ee\/?page_id=3082","title":{"rendered":"\u00d5piobjektid"},"content":{"rendered":"<ol>\n<li><a href=\"https:\/\/www.teeninduskool.ee\/eope\/arve\/\">Arve-saateleht. Kauba arvele v\u00f5tmine ja maha kandmine vastavalt tootmisprotsessile<\/a><\/li>\n<li><a href=\"https:\/\/www.teeninduskool.ee\/eope\/gnnoud\/\">GN N\u00d5UD toidu valmistamisel ja v\u00e4ljastamisel<\/a><\/li>\n<li><a href=\"https:\/\/www.teeninduskool.ee\/eope\/hakkliha\/\">Hakkliharoad<\/a><\/li>\n<li><a href=\"https:\/\/www.teeninduskool.ee\/eope\/juustu\/\">Juustu kasutamine toiduvalmistamisel<\/a><\/li>\n<li><a href=\"https:\/\/www.teeninduskool.ee\/eope\/kartuliroad\/\">Kartuliroad ja -lisandid<\/a><\/li>\n<li><a href=\"https:\/\/www.teeninduskool.ee\/eope\/kastmed\/\">P\u00f5hikastmed suurk\u00f6\u00f6gis<\/a> (vene keeles)<\/li>\n<li><a href=\"https:\/\/www.teeninduskool.ee\/eope\/kastmed2\/\">P\u00f5hikastmed suurk\u00f6\u00f6gis-2<\/a> (vene keeles)<\/li>\n<li><a href=\"https:\/\/www.teeninduskool.ee\/eope\/kissellid\/\">Kissellid, magusad supid ja kompotid<\/a><\/li>\n<li><a href=\"https:\/\/www.teeninduskool.ee\/eope\/koogiviljade\/\">K\u00f6\u00f6giviljade eelt\u00f6\u00f6tlused ja t\u00fckelduskujud<\/a><\/li>\n<li><a href=\"https:\/\/www.teeninduskool.ee\/eope\/kreemid\/\">Kreemid<\/a><\/li>\n<li><a href=\"https:\/\/www.teeninduskool.ee\/eope\/magusroad\/\">K\u00fclmutatud magusroad<\/a><\/li>\n<li><a href=\"https:\/\/www.teeninduskool.ee\/eope\/menuu\/\">Men\u00fc\u00fc toitainelise ja energeetilise v\u00e4\u00e4rtuse arvutamine ja kliendi vajadustega arvestamine<\/a><\/li>\n<li><a href=\"https:\/\/www.teeninduskool.ee\/eope\/munaroad\/\">Munaroad<\/a><\/li>\n<li><a href=\"https:\/\/www.teeninduskool.ee\/eope\/probleemsete\/\">Probleemsete toiduainete kalkuleerimine<\/a><\/li>\n<li><a href=\"https:\/\/www.teeninduskool.ee\/eope\/restoranid\/\">Restoranid<\/a><\/li>\n<li><a href=\"https:\/\/www.teeninduskool.ee\/eope\/suurk66gid\/\">Suurk\u00f6\u00f6gid<\/a><\/li>\n<li><a href=\"https:\/\/www.teeninduskool.ee\/eope\/toiduainete\/\">Toiduainete p\u00f5hilised k\u00e4itlemisviisid ja meetodid<\/a> (vene keeles)<\/li>\n<li><a href=\"https:\/\/www.teeninduskool.ee\/eope\/vahud\/\">Vahud<\/a><\/li>\n<li><a href=\"https:\/\/www.teeninduskool.ee\/eope\/vaikelooma\/\">Portsjonroad v\u00e4ikeloomalihast<\/a><\/li>\n<li><a href=\"https:\/\/www.teeninduskool.ee\/eope\/vaikesetuki\/\">V\u00e4ikeset\u00fckilised liharoad<\/a><\/li>\n<li><a href=\"https:\/\/www.teeninduskool.ee\/eope\/veiseliha\/\">Portsjonroad veiselihast<\/a><\/li>\n<li><a href=\"https:\/\/www.teeninduskool.ee\/eope\/pagarioppe_pohikursus\">Pagari\u00f5ppe p\u00f5hikursuse \u00f5ppematerjal (digitaalkursus)<\/a><\/li>\n<li><a href=\"https:\/\/www.teeninduskool.ee\/eope\/pagarioppe_pohikursus\/pagarioppe_pohikursuse_oppematerjal_opik.pdf\">Pagari\u00f5ppe p\u00f5hikursuse \u00f5ppematerjal (PDF)<\/a><\/li>\n<li><a href=\"https:\/\/www.teeninduskool.ee\/eope\/Kondiitri_tehnoloogia.pdf\">Kondiitritoodete tehnoloogia. Praktilised t\u00f6\u00f6d ja \u00fclesanded (PDF)<\/a><\/li>\n<\/ol>\n<p>&nbsp;<\/p>\n","protected":false},"excerpt":{"rendered":"<p>Arve-saateleht. Kauba arvele v\u00f5tmine ja maha kandmine vastavalt tootmisprotsessile GN N\u00d5UD toidu valmistamisel ja v\u00e4ljastamisel Hakkliharoad Juustu kasutamine toiduvalmistamisel Kartuliroad ja -lisandid P\u00f5hikastmed suurk\u00f6\u00f6gis (vene keeles) P\u00f5hikastmed suurk\u00f6\u00f6gis-2 (vene keeles) Kissellid, magusad supid ja&#46;&#46;&#46;<\/p>\n","protected":false},"author":4,"featured_media":0,"parent":200,"menu_order":0,"comment_status":"closed","ping_status":"closed","template":"","meta":{"footnotes":""},"class_list":["post-3082","page","type-page","status-publish","hentry"],"_links":{"self":[{"href":"https:\/\/www.teeninduskool.ee\/index.php?rest_route=\/wp\/v2\/pages\/3082","targetHints":{"allow":["GET"]}}],"collection":[{"href":"https:\/\/www.teeninduskool.ee\/index.php?rest_route=\/wp\/v2\/pages"}],"about":[{"href":"https:\/\/www.teeninduskool.ee\/index.php?rest_route=\/wp\/v2\/types\/page"}],"author":[{"embeddable":true,"href":"https:\/\/www.teeninduskool.ee\/index.php?rest_route=\/wp\/v2\/users\/4"}],"replies":[{"embeddable":true,"href":"https:\/\/www.teeninduskool.ee\/index.php?rest_route=%2Fwp%2Fv2%2Fcomments&post=3082"}],"version-history":[{"count":1,"href":"https:\/\/www.teeninduskool.ee\/index.php?rest_route=\/wp\/v2\/pages\/3082\/revisions"}],"predecessor-version":[{"id":10934,"href":"https:\/\/www.teeninduskool.ee\/index.php?rest_route=\/wp\/v2\/pages\/3082\/revisions\/10934"}],"up":[{"embeddable":true,"href":"https:\/\/www.teeninduskool.ee\/index.php?rest_route=\/wp\/v2\/pages\/200"}],"wp:attachment":[{"href":"https:\/\/www.teeninduskool.ee\/index.php?rest_route=%2Fwp%2Fv2%2Fmedia&parent=3082"}],"curies":[{"name":"wp","href":"https:\/\/api.w.org\/{rel}","templated":true}]}}