{"id":3237,"date":"2017-11-13T12:24:16","date_gmt":"2017-11-13T10:24:16","guid":{"rendered":"https:\/\/www.teeninduskool.ee\/?page_id=3237"},"modified":"2025-03-19T11:44:10","modified_gmt":"2025-03-19T09:44:10","slug":"koolielu","status":"publish","type":"page","link":"https:\/\/www.teeninduskool.ee\/?page_id=3237","title":{"rendered":"Koolielu"},"content":{"rendered":"<table style=\"width: 100%; border-collapse: collapse; height: 24px;\">\n<tbody>\n<tr style=\"height: 24px;\">\n<td style=\"width: 25%; background-color: #cd2662; height: 24px; text-align: center;\"><strong><a href=\"https:\/\/www.teeninduskool.ee\/?page_id=12043\"><span style=\"color: #ffffff;\">\u00d5ppija meelespea<\/span><\/a><\/strong><\/td>\n<td style=\"width: 25%; background-color: #cd2662; height: 24px; text-align: center;\"><span style=\"color: #ffffff;\"><strong>\u00d5pilasesindus<\/strong><\/span><\/td>\n<td style=\"width: 25%; background-color: #cd2662; height: 24px; text-align: center;\"><a href=\"https:\/\/www.teeninduskool.ee\/wp-content\/uploads\/2023\/08\/Opilasesinduse_pohikiri_valmis_Teko.pdf\"><span style=\"color: #ffffff;\"><strong>\u00d5pilasesinduse p\u00f5hikiri<\/strong><\/span><\/a><\/td>\n<td style=\"width: 25%; background-color: #cd2662; text-align: center;\"><a href=\"https:\/\/seren.ee\/tootekategooria\/koolivorm\/tallinna-teeninduskool\/\"><span style=\"color: #ffffff;\"><strong>Kooli riided<\/strong><\/span><\/a><\/td>\n<\/tr>\n<tr>\n<td style=\"width: 25%; background-color: #cd2662; text-align: center;\"><a href=\"#vabaaeg\"><strong><span style=\"color: #ffffff;\">\u00d5pilase vaba aeg<\/span><\/strong><\/a><\/td>\n<td style=\"width: 25%; background-color: #cd2662; text-align: center;\"><a href=\"#praktika\"><span style=\"color: #ffffff;\"><strong>Praktika<\/strong><\/span><\/a><\/td>\n<td style=\"width: 25%; background-color: #cd2662; text-align: center;\"><a href=\"#sotsiaalmeedia\"><span style=\"color: #ffffff;\"><strong>Sotsiaalmeedia<\/strong><\/span><\/a><\/td>\n<td style=\"width: 25%; background-color: #cd2662; text-align: center;\"><span style=\"color: #ffffff;\"><strong>\u00a0<\/strong><\/span><\/td>\n<\/tr>\n<\/tbody>\n<\/table>\n<p>&nbsp;<\/p>\n<p>Kooliriiete n\u00e4idistooted:<\/p>\n<table style=\"width: 100%; border-collapse: collapse; border-style: hidden;\">\n<tbody>\n<tr style=\"background-color: #ffffff;\">\n<td style=\"width: 50%;\"><a href=\"https:\/\/seren.ee\/toode\/teko-valge-rinna-ja-kuljelogoga-ning-3-4-varrukatega-a-loikeline-kleit-taiskasvanule-tumeroheline\/\" target=\"_blank\" rel=\"noopener\"><img loading=\"lazy\" decoding=\"async\" class=\"alignnone size-medium wp-image-21342\" src=\"https:\/\/www.teeninduskool.ee\/wp-content\/uploads\/2025\/03\/TEKO-A-kleit-poolpikkvarrukas-tumeroheline-scaled-1-300x300.jpg\" alt=\"\" width=\"300\" height=\"300\" srcset=\"https:\/\/www.teeninduskool.ee\/wp-content\/uploads\/2025\/03\/TEKO-A-kleit-poolpikkvarrukas-tumeroheline-scaled-1-300x300.jpg 300w, https:\/\/www.teeninduskool.ee\/wp-content\/uploads\/2025\/03\/TEKO-A-kleit-poolpikkvarrukas-tumeroheline-scaled-1-1024x1024.jpg 1024w, https:\/\/www.teeninduskool.ee\/wp-content\/uploads\/2025\/03\/TEKO-A-kleit-poolpikkvarrukas-tumeroheline-scaled-1-150x150.jpg 150w, https:\/\/www.teeninduskool.ee\/wp-content\/uploads\/2025\/03\/TEKO-A-kleit-poolpikkvarrukas-tumeroheline-scaled-1-768x768.jpg 768w, https:\/\/www.teeninduskool.ee\/wp-content\/uploads\/2025\/03\/TEKO-A-kleit-poolpikkvarrukas-tumeroheline-scaled-1-1536x1536.jpg 1536w, https:\/\/www.teeninduskool.ee\/wp-content\/uploads\/2025\/03\/TEKO-A-kleit-poolpikkvarrukas-tumeroheline-scaled-1-2048x2048.jpg 2048w, https:\/\/www.teeninduskool.ee\/wp-content\/uploads\/2025\/03\/TEKO-A-kleit-poolpikkvarrukas-tumeroheline-scaled-1-80x80.jpg 80w, https:\/\/www.teeninduskool.ee\/wp-content\/uploads\/2025\/03\/TEKO-A-kleit-poolpikkvarrukas-tumeroheline-scaled-1-320x320.jpg 320w\" sizes=\"auto, (max-width: 300px) 100vw, 300px\" \/><\/a><br \/>\n<span style=\"font-size: 10pt;\">Teko valge rinna- ja k\u00fcljelogoga kleit, tumeroheline<\/span><\/td>\n<td style=\"width: 50%;\"><a href=\"https:\/\/seren.ee\/toode\/teko-suure-valge-logoga-ning-turjalogoga-unisex-pusa-ii-roosa\/\" target=\"_blank\" rel=\"noopener\"><img loading=\"lazy\" decoding=\"async\" class=\"alignnone size-medium wp-image-21343\" src=\"https:\/\/www.teeninduskool.ee\/wp-content\/uploads\/2025\/03\/TEKO-roosa-pusa-scaled-1-300x300.jpg\" alt=\"\" width=\"300\" height=\"300\" srcset=\"https:\/\/www.teeninduskool.ee\/wp-content\/uploads\/2025\/03\/TEKO-roosa-pusa-scaled-1-300x300.jpg 300w, https:\/\/www.teeninduskool.ee\/wp-content\/uploads\/2025\/03\/TEKO-roosa-pusa-scaled-1-1024x1024.jpg 1024w, https:\/\/www.teeninduskool.ee\/wp-content\/uploads\/2025\/03\/TEKO-roosa-pusa-scaled-1-150x150.jpg 150w, https:\/\/www.teeninduskool.ee\/wp-content\/uploads\/2025\/03\/TEKO-roosa-pusa-scaled-1-768x768.jpg 768w, https:\/\/www.teeninduskool.ee\/wp-content\/uploads\/2025\/03\/TEKO-roosa-pusa-scaled-1-1536x1536.jpg 1536w, https:\/\/www.teeninduskool.ee\/wp-content\/uploads\/2025\/03\/TEKO-roosa-pusa-scaled-1-2048x2048.jpg 2048w, https:\/\/www.teeninduskool.ee\/wp-content\/uploads\/2025\/03\/TEKO-roosa-pusa-scaled-1-80x80.jpg 80w, https:\/\/www.teeninduskool.ee\/wp-content\/uploads\/2025\/03\/TEKO-roosa-pusa-scaled-1-320x320.jpg 320w\" sizes=\"auto, (max-width: 300px) 100vw, 300px\" \/><\/a><\/p>\n<p><span style=\"font-size: 10pt;\">Teko suure valge logoga ning turjalogoga unisex pusa, roosa<\/span><\/td>\n<\/tr>\n<tr style=\"background-color: #ffffff;\">\n<td style=\"width: 50%;\"><a href=\"https:\/\/seren.ee\/toode\/teko-suure-valge-logo-ning-turjalogoga-t-sark-naistele-laimiroheline\/\" target=\"_blank\" rel=\"noopener\"><img loading=\"lazy\" decoding=\"async\" class=\"alignnone size-medium wp-image-21344\" src=\"https:\/\/www.teeninduskool.ee\/wp-content\/uploads\/2025\/03\/TEKO-naiste-t-sark-lime-roheline-scaled-1-300x300.jpg\" alt=\"\" width=\"300\" height=\"300\" srcset=\"https:\/\/www.teeninduskool.ee\/wp-content\/uploads\/2025\/03\/TEKO-naiste-t-sark-lime-roheline-scaled-1-300x300.jpg 300w, https:\/\/www.teeninduskool.ee\/wp-content\/uploads\/2025\/03\/TEKO-naiste-t-sark-lime-roheline-scaled-1-1024x1024.jpg 1024w, https:\/\/www.teeninduskool.ee\/wp-content\/uploads\/2025\/03\/TEKO-naiste-t-sark-lime-roheline-scaled-1-150x150.jpg 150w, https:\/\/www.teeninduskool.ee\/wp-content\/uploads\/2025\/03\/TEKO-naiste-t-sark-lime-roheline-scaled-1-768x768.jpg 768w, https:\/\/www.teeninduskool.ee\/wp-content\/uploads\/2025\/03\/TEKO-naiste-t-sark-lime-roheline-scaled-1-1536x1536.jpg 1536w, https:\/\/www.teeninduskool.ee\/wp-content\/uploads\/2025\/03\/TEKO-naiste-t-sark-lime-roheline-scaled-1-2048x2048.jpg 2048w, https:\/\/www.teeninduskool.ee\/wp-content\/uploads\/2025\/03\/TEKO-naiste-t-sark-lime-roheline-scaled-1-80x80.jpg 80w, https:\/\/www.teeninduskool.ee\/wp-content\/uploads\/2025\/03\/TEKO-naiste-t-sark-lime-roheline-scaled-1-320x320.jpg 320w\" sizes=\"auto, (max-width: 300px) 100vw, 300px\" \/><\/a><br \/>\n<span style=\"font-size: 10pt;\">Teko suure valge logo ning turjalogoga T-s\u00e4rk naistele, laimiroheline<\/span><\/td>\n<td style=\"width: 50%;\"><a href=\"https:\/\/seren.ee\/toode\/teko-valge-rinna-ja-turjalogoga-polosark-naistele-must\/\" target=\"_blank\" rel=\"noopener\"><img loading=\"lazy\" decoding=\"async\" class=\"alignnone size-medium wp-image-21345\" src=\"https:\/\/www.teeninduskool.ee\/wp-content\/uploads\/2025\/03\/TEKO-naiste-polo-must-scaled-1-300x300.jpg\" alt=\"\" width=\"300\" height=\"300\" srcset=\"https:\/\/www.teeninduskool.ee\/wp-content\/uploads\/2025\/03\/TEKO-naiste-polo-must-scaled-1-300x300.jpg 300w, https:\/\/www.teeninduskool.ee\/wp-content\/uploads\/2025\/03\/TEKO-naiste-polo-must-scaled-1-1024x1024.jpg 1024w, https:\/\/www.teeninduskool.ee\/wp-content\/uploads\/2025\/03\/TEKO-naiste-polo-must-scaled-1-150x150.jpg 150w, https:\/\/www.teeninduskool.ee\/wp-content\/uploads\/2025\/03\/TEKO-naiste-polo-must-scaled-1-768x768.jpg 768w, https:\/\/www.teeninduskool.ee\/wp-content\/uploads\/2025\/03\/TEKO-naiste-polo-must-scaled-1-1536x1536.jpg 1536w, https:\/\/www.teeninduskool.ee\/wp-content\/uploads\/2025\/03\/TEKO-naiste-polo-must-scaled-1-2048x2048.jpg 2048w, https:\/\/www.teeninduskool.ee\/wp-content\/uploads\/2025\/03\/TEKO-naiste-polo-must-scaled-1-80x80.jpg 80w, https:\/\/www.teeninduskool.ee\/wp-content\/uploads\/2025\/03\/TEKO-naiste-polo-must-scaled-1-320x320.jpg 320w\" sizes=\"auto, (max-width: 300px) 100vw, 300px\" \/><\/a><br \/>\n<span style=\"font-size: 10pt;\">Teko valge rinna- ja turjalogoga polos\u00e4rk naistele, must<\/span><\/td>\n<\/tr>\n<\/tbody>\n<\/table>\n<p>&nbsp;<\/p>\n<p>Tekol on Teko logodega kooliriided!<\/p>\n<p>Teko kooliriideid saab tellida\u00a0<a href=\"https:\/\/seren.ee\/tootekategooria\/koolivorm\/tallinna-teeninduskool\/\">SIIT<\/a><\/p>\n<p>&nbsp;<\/p>\n<table style=\"height: 23px; width: 100%; border-collapse: collapse; background-color: #cd2662;\">\n<tbody>\n<tr style=\"height: 23px;\">\n<td style=\"width: 1375px; height: 23px; background-color: #cd2662;\"><span style=\"color: #ffffff;\"><a name=\"vabaaeg\"><\/a><strong>\u00d5pilase vaba aeg<\/strong><\/span><\/td>\n<\/tr>\n<\/tbody>\n<\/table>\n<p><strong>\u00d5pilasteater SEKAM<\/strong> tegutseb \u00f5petaja Annely Kallo juhendamisel oktoobrist maini E, K ja R 11.30-11.50 kabinetis A206. Huvi korral v\u00f5ta \u00fchendust <a href=\"mailto:annely.kallo@teeninduskool.ee\">Annely R. Kalloga.<\/a><\/p>\n<p>&nbsp;<\/p>\n<table style=\"height: 23px; width: 100%; border-collapse: collapse; background-color: #cd2662;\">\n<tbody>\n<tr style=\"height: 23px;\">\n<td style=\"width: 1375px; height: 23px; background-color: #cd2662;\"><span style=\"color: #ffffff;\"><a name=\"praktika\"><\/a><strong>Praktika<\/strong><\/span><\/td>\n<\/tr>\n<\/tbody>\n<\/table>\n<p>Tallinna Teeninduskoolis on \u00f5pilastel v\u00f5imalik k\u00e4ia praktikal erinevates kohtades<\/p>\n<p>Vaata praktikakohtade kaarti <a href=\"https:\/\/www.google.com\/maps\/d\/u\/0\/viewer?mid=183XRP2sJ38npmDrSxuhCb74Y9sjacDk&amp;ll=45.97221907071232%2C-28.6692302&amp;z=3\">siit<\/a><\/p>\n<p>&nbsp;<\/p>\n<table style=\"height: 23px; width: 100%; border-collapse: collapse; background-color: #cd2662;\">\n<tbody>\n<tr style=\"height: 23px;\">\n<td style=\"width: 1375px; height: 23px; background-color: #cd2662;\"><span style=\"color: #ffffff;\"><a name=\"sotsiaalmeedia\"><\/a><strong>J\u00e4lgi meid sotsiaalmeedias<\/strong><\/span><\/td>\n<\/tr>\n<\/tbody>\n<\/table>\n<p><a href=\"https:\/\/www.facebook.com\/tallinnateeninduskool\/\" target=\"_blank\" rel=\"noopener\">Facebook<\/a><\/p>\n<p><a href=\"https:\/\/www.instagram.com\/tallinna_teeninduskool\/\" target=\"_blank\" rel=\"noopener\">Instagram<\/a><\/p>\n<p><a href=\"https:\/\/www.tiktok.com\/@tallinnateeninduskool\" target=\"_blank\" rel=\"noopener\">TikTok<\/a><\/p>\n<p>Kasuta teemaviiteid: #tallinnateeninduskool #teko #tervekselukskasulikudoskused #kutseharidus<\/p>\n","protected":false},"excerpt":{"rendered":"<p>\u00d5ppija meelespea \u00d5pilasesindus \u00d5pilasesinduse p\u00f5hikiri Kooli riided \u00d5pilase vaba aeg Praktika Sotsiaalmeedia \u00a0 &nbsp; Kooliriiete n\u00e4idistooted: Teko valge rinna- ja k\u00fcljelogoga kleit, tumeroheline Teko suure valge logoga ning turjalogoga unisex pusa, roosa Teko suure&#46;&#46;&#46;<\/p>\n","protected":false},"author":4,"featured_media":11946,"parent":0,"menu_order":0,"comment_status":"closed","ping_status":"closed","template":"","meta":{"footnotes":""},"class_list":["post-3237","page","type-page","status-publish","has-post-thumbnail","hentry"],"_links":{"self":[{"href":"https:\/\/www.teeninduskool.ee\/index.php?rest_route=\/wp\/v2\/pages\/3237","targetHints":{"allow":["GET"]}}],"collection":[{"href":"https:\/\/www.teeninduskool.ee\/index.php?rest_route=\/wp\/v2\/pages"}],"about":[{"href":"https:\/\/www.teeninduskool.ee\/index.php?rest_route=\/wp\/v2\/types\/page"}],"author":[{"embeddable":true,"href":"https:\/\/www.teeninduskool.ee\/index.php?rest_route=\/wp\/v2\/users\/4"}],"replies":[{"embeddable":true,"href":"https:\/\/www.teeninduskool.ee\/index.php?rest_route=%2Fwp%2Fv2%2Fcomments&post=3237"}],"version-history":[{"count":5,"href":"https:\/\/www.teeninduskool.ee\/index.php?rest_route=\/wp\/v2\/pages\/3237\/revisions"}],"predecessor-version":[{"id":21377,"href":"https:\/\/www.teeninduskool.ee\/index.php?rest_route=\/wp\/v2\/pages\/3237\/revisions\/21377"}],"wp:featuredmedia":[{"embeddable":true,"href":"https:\/\/www.teeninduskool.ee\/index.php?rest_route=\/wp\/v2\/media\/11946"}],"wp:attachment":[{"href":"https:\/\/www.teeninduskool.ee\/index.php?rest_route=%2Fwp%2Fv2%2Fmedia&parent=3237"}],"curies":[{"name":"wp","href":"https:\/\/api.w.org\/{rel}","templated":true}]}}