{"id":33,"date":"2018-06-07T10:20:26","date_gmt":"2018-06-07T07:20:26","guid":{"rendered":"https:\/\/www.teeninduskool.ee\/?page_id=33"},"modified":"2020-05-23T19:54:15","modified_gmt":"2020-05-23T16:54:15","slug":"tallinna-teeninduskooli-opilasesinduse-pohikiri","status":"publish","type":"page","link":"https:\/\/www.teeninduskool.ee\/?page_id=33","title":{"rendered":"Tallinna Teeninduskooli \u00f5pilasesinduse p\u00f5hikiri"},"content":{"rendered":"<p><em><span style=\"font-size: 10pt;\">Vastu v\u00f5etud 07.05. 2018 Teko \u00d5E \u00fcldkoosoleku otsusega.\u00a0<\/span><span style=\"font-size: 10pt;\">Kinnitatud kooli n\u00f5ukogu poolt\u00a030. mai 2018 nr 1-6\/33<\/span><\/em><\/p>\n<h3><span style=\"color: #cd2662;\">I \u00dcLDS\u00c4TTED<\/span><\/h3>\n<p>1.1. Tallinna Teeninduskooli (edaspidi Teko) \u00f5pilasesinduse (edaspidi \u00d5E) moodustavad<br \/>\nkutse\u00f5ppe taseme\u00f5ppe \u00f5pilased.<br \/>\n1.2. Teko \u00d5E otsustab ja korraldab iseseisvalt, koosk\u00f5las kutse\u00f5ppeasutuste seaduse ja<br \/>\nseaduse alusel antud \u00f5igusaktidega \u00f5pilaselu k\u00fcsimusi, l\u00e4htudes Teko \u00f5pilaste huvidest,<br \/>\nvajadustest, \u00f5igustest ja kohustustest.<br \/>\n1.3. Teko \u00d5E-l on \u00f5igus:<br \/>\n1.3.1. moodustada teiste \u00d5E-dega liite ja organisatsioone \u00f5igusaktidega s\u00e4testatud alustel ja<br \/>\nkorras;<br \/>\n1.3.2. astuda rahvusvaheliste organisatsioonide liikmeks v\u00f5i arendada nendega koost\u00f6\u00f6d;<br \/>\n1.3.3. nimetada oma esindaja kooli n\u00f5ukokku ja \u00f5ppetoetuste komisjoni;<br \/>\n1.3.3.1. \u00d5E esindajaks on \u00d5E president;<br \/>\n1.3.4. otsustada ja korraldada k\u00f5iki muid \u00f5pilaselu k\u00fcsimusi, mis seaduse ja seaduse alusel<br \/>\nantud \u00f5igusaktide kohaselt kuuluvad \u00d5E p\u00e4devusse ning mis ei ole samadel alustel antud<br \/>\nkellegi teise otsustada ega korraldada.<br \/>\n1.4. \u00d5E esindusorgan on \u00f5pilasesinduse n\u00f5ukogu (edaspidi n\u00f5ukogu), mis esindab \u00d5E-d<br \/>\nsuhetes kooli, Eesti ja rahvusvaheliste organisatsioonide, asutuste ja isikutega.<br \/>\n1.5. N\u00f5ukogu kutsutakse kokku \u00d5E p\u00f5hikirjas s\u00e4testatud korras (IV osa \u2013 n\u00f5ukogu<br \/>\nkokkukutsumise kord) jooksvaks \u00f5ppeaastaks hiljemalt jooksva \u00f5ppeaasta oktoobri esimesel<br \/>\nn\u00e4dalal.<br \/>\n1.6. \u00d5E t\u00f6\u00f6s osalemise \u00f5igus on k\u00f5ikidel Teko kutse\u00f5ppe taseme\u00f5ppe \u00f5pilastel.<br \/>\n1.7. \u00d5E-l on p\u00f5hikiri, milles s\u00e4testatakse \u00d5E esindus- ja t\u00e4itevorganite moodustamise kord,<br \/>\nnende \u00f5igused, kohustused, vastutus ning t\u00f6\u00f6kord.<br \/>\n1.8. \u00d5E p\u00f5hikirja v\u00f5tab vastu ja seda muudab \u00d5E lihth\u00e4\u00e4lteenamusega oma \u00fcldkoosolekul.<br \/>\n1.9. Teko igal \u00f5pper\u00fchmal on \u00f5igus valida v\u00e4hemalt \u00fcks oma esindaja \u00d5E \u00fcldkoosolekule.<br \/>\n1.10. Igal Teko \u00f5pper\u00fchmal on \u00fcldkoosolekul n\u00f5ukogu valimistel \u00fcks h\u00e4\u00e4l.<br \/>\n1.11. Teko \u00d5E \u00f5pper\u00fchmade esindajate \u00fcldkoosolek on otsustusv\u00f5imeline, kui sellest v\u00f5tavad<br \/>\nosa v\u00e4hemalt 51% \u00f5pper\u00fchmade esindajaid. \u00dcldkoosoleku otsused, v.a. isikuvalimised,<br \/>\nv\u00f5etakse vastu avalikul h\u00e4\u00e4letusel lihth\u00e4\u00e4lteenamusega.<br \/>\n1.12. \u00d5pilasesindus esitab \u00d5E p\u00f5hikirja kooli n\u00f5ukogule kinnitamiseks. Kooli n\u00f5ukogu<br \/>\nkinnitab \u00d5E p\u00f5hikirja, kui see vastab seadusele ja seaduse alusel antud \u00f5igusaktidele.<\/p>\n<h3><span style=\"color: #cd2662;\">II \u00d5PILASESINDUS (\u00d5E)<\/span><\/h3>\n<p>2.1. Teko \u00f5pilaskonna vastutav ja korraldav esindusorgan on \u00d5E.<br \/>\n2.2. Teko \u00d5E moodustavad ja tema liikmed on \u00f5pper\u00fchmade \u00fcldkoosolekule valitud<br \/>\nesindajad.<br \/>\n2.3. \u00d5E ei ole juriidiline isik. Tal on \u00f5igus kasutada eesm\u00e4rgip\u00e4raselt, vastavalt Teko<br \/>\njuhtkonnaga s\u00f5lmitud leppele, kooli rekvisiite, kooli ruume, tehnilisi vahendeid,<br \/>\ntegevustoetust ja \u00d5E -le sihtotstarbeliselt eraldatud vahendeid.<br \/>\n2.4. \u00d5E l\u00e4htub oma tegevuses Teko \u00d5E p\u00f5hikirjast, Teko p\u00f5him\u00e4\u00e4rusest, Eesti Vabariigis<br \/>\nkehtivatest \u00f5igusaktidest, kooli juhtkonnaga s\u00f5lmitud lepetest ja heast tavast.<br \/>\n2.5. \u00d5E peab oma \u00fcldkoosolekuid mitte harvemini kui \u00fcks kord kuus kuu esimesel n\u00e4dalal.<br \/>\nKorralise \u00d5E \u00fcldkoosoleku kutsub kokku \u00d5E president.<br \/>\n2.6. \u00d5E \u00fcldkoosolekud toimuvad reeglina \u00f5ppet\u00f6\u00f6v\u00e4lisel ajal alates 15.45.<br \/>\n2.7. Erakorralise \u00d5E \u00fcldkoosoleku kokkukutsumise \u00f5igus on n\u00f5ukogul, 1\/3 \u00d5E liikmetel ja<br \/>\nkooli direktoril.<br \/>\n2.8. \u00d5E \u00fcldkoosolekul v\u00f5etakse otsused vastu p\u00f5hikirjas s\u00e4testatud korras. Isikuvalimised<br \/>\ntoimuvad salajasel h\u00e4\u00e4letusel ja \u00d5E \u00fcldkoosolekul kinnitatud korras.<\/p>\n<h3><span style=\"color: #cd2662;\">III \u00d5PILASESINDUSE \u00dcLESANDED<\/span><\/h3>\n<p>3.1. Esindab ja kaitseb Teko \u00f5pilaste \u00f5igusi ja huve;<br \/>\n3.2. Selgitab Teko \u00f5pilastele nende \u00f5igusi ja kohustusi;<br \/>\n3.3. Aitab kaasa koolielu probleemide lahendamisele;<br \/>\n3.4. J\u00e4rgib, uuendab ja edendab kooli traditsioone;<br \/>\n3.5. Kujundab korrektseid ja \u00fcksteist austavaid k\u00e4itumistavasid \u00f5pilaste, \u00f5petajate, kooli<br \/>\njuhtkonna ja personali vahel;<br \/>\n3.6. Parendab \u00f5pilaste vaba aja sisustamise v\u00f5imalusi ja aitab kaasa \u00f5pilaste omavahelise<br \/>\nsuhtlemise soodustamisele;<br \/>\n3.7. Kaasab aktiivseid \u00f5pilasi \u00d5E tegevusse;<br \/>\n3.8. Arendab koost\u00f6\u00f6d koolide \u00f5pilasesindustega, piirkondlike-, vabariiklike- ja<br \/>\nrahvusvaheliste organisatsioonidega;<br \/>\n3.9. Esitab Teko \u00d5E p\u00f5hikirja kinnitamiseks kooli n\u00f5ukogule.<\/p>\n<h3><span style=\"color: #cd2662;\">IV \u00d5PILASESINDUSE N\u00d5UKOGU<\/span><\/h3>\n<p>4.1. \u00d5E valib oma \u00fcldkoosolekul n\u00f5ukogu \u00fcheks \u00f5ppeaastaks. Juhatuse volitused kestavad<br \/>\nkuni uue n\u00f5ukogu valimiseni.<br \/>\n4.2. N\u00f5ukogu liikmed valitakse \u00d5E liikmete hulgast \u00fclesseatud kandidaatide hulgast avalikul<br \/>\nh\u00e4\u00e4letusel.<br \/>\n4.3. K\u00f5igil \u00d5E liikmetel on \u00f5igus \u00fcles seada oma kandidatuur \u00d5E n\u00f5ukogu valimisteks,<br \/>\nhiljemalt n\u00e4dal enne \u00d5E \u00fcldkoosoleku algust.<br \/>\n4.4. N\u00f5ukogu on seitsme (7) liikmeline. Juhatuse koosseisu moodustavad: president,<br \/>\nasepresident, sekret\u00e4r ja alaliste toimkondade juhatajad: spordivaldkonna juht; \u00f5igus- ja<br \/>\nsotsiaalvaldkonna juht; meediavaldkonna juht; kultuurivaldkonna juht.<\/p>\n<p><strong>4.5. \u00d5E n\u00f5ukogu<\/strong><br \/>\n4.5.1. koostab oma tegevuse korraldamiseks t\u00f6\u00f6plaani;<br \/>\n4.5.2. aitab kaasa \u00f5ppet\u00f6\u00f6 korralduse ja koolielu probleemide lahendamisele;<br \/>\n4.5.3. esindab \u00d5E-d koolisiseselt ja v\u00e4ljaspool kooli;<br \/>\n4.5.4. valmistab ette ja viib l\u00e4bi \u00d5E \u00fcldkoosolekuid;<br \/>\n4.5.5. kindlustab kooli juhtkonnaga s\u00f5lmitud kokkulepete t\u00e4itmise;<br \/>\n4.5.6. viib ellu \u00d5E \u00fcldkoosolekul vastu v\u00f5etud otsuseid;<br \/>\n4.5.7. korraldab Teko \u00f5pilas\u00fcritusi ja vaba aja sisustamist;<br \/>\n4.5.8. teavitab \u00d5E liikmeid oma tegevusest;<br \/>\n4.6. \u00d5E n\u00f5ukogu annab aru oma tegevusest \u00d5E \u00fcldkoosolekutel.<\/p>\n<p><strong>4.7. President<\/strong><br \/>\n4.7.1. juhib ja koordineerib \u00d5E n\u00f5ukogu t\u00f6\u00f6d;<br \/>\n4.7.2. juhatab \u00d5E \u00fcldkoosolekuid;<br \/>\n4.7.3. valmistab vastavalt aasta t\u00f6\u00f6plaanile ette \u00d5E n\u00f5ukogu koosolekute p\u00e4evakorrad ja viib<br \/>\nl\u00e4bi koosolekud;<br \/>\n4.7.4. esitab \u00d5E n\u00f5ukogu ja \u00d5E \u00fcldkoosoleku otsuste alusel ettepanekuid ja p\u00f6\u00f6rdumisi kooli<br \/>\njuhtkonnale ja\/v\u00f5i n\u00f5ukogule;<br \/>\n4.7.5. korraldab kooli juhtkonnaga kokkuleppe alusel \u00fchiseid koosolekuid.<br \/>\n4.8 Asepresident<br \/>\n4.8.1. presidendi puudumisel t\u00e4idab asepresident k\u00f5iki presidendi kohustusi, mida ta<br \/>\nv\u00f5imalusel koosk\u00f5lastab presidendiga;<br \/>\n4.8.2. v\u00f5ib esindada kooli ja \u00f5pilasi presidendi volituse alusel;<br \/>\n4.8.3. asepresident on kohustatud osalema k\u00f5ikidel \u00d5E n\u00f5ukogu koosolekutel, va.<br \/>\nm\u00f5juva p\u00f5hjuse olemasolul.<\/p>\n<p><strong>4.9. Sekret\u00e4r<\/strong><br \/>\n4.9.1. hoiab korras \u00d5E dokumentatsiooni;<br \/>\n4.9.2. peab \u00d5E liikmete listi ja arvestust \u00d5E liikmete \u00fcle;<br \/>\n4.9.3. koostab koosolekute protokollid ja esitab kinnitamiseks koosoleku juhatajale;<br \/>\n4.9.4. edastab \u00d5E liikmetele juhatuse koosolekute protokollid ja vajaliku info.<\/p>\n<p><strong>4.10. Valdkonna juht<\/strong><br \/>\n4.10.1. Valdkonna juht moodustab \u00d5E liikmetest oma toimkonna, mille koosseisu kinnitab<br \/>\n\u00d5E n\u00f5ukogu.<br \/>\n4.10.2 Valdkonnad t\u00e4idavad nende p\u00e4devusse kuuluvaid \u00fclesandeid ja \u00d5E n\u00f5ukogu poolt<br \/>\nvastu v\u00f5etud otsuseid.<br \/>\n4.11. Valdkondade liikmed moodustavad \u00d5E aktiivi.<br \/>\n4.12. N\u00f5ukogu alalised valdkonnad on:<br \/>\n4.12.1 \u00d5igus-ja sotsiaalvaldkond:<br \/>\n4.12.1.1. teeb koost\u00f6\u00f6d kooli n\u00f5ustamiskeskusega;<br \/>\n4.12.1.2. esindab \u00d5E-d Teko \u00f5ppe- ja kasvatust\u00f6\u00f6- ning \u00f5ppetoetuste komisjonis;<br \/>\n4.12.1.3. loob ja hoiab \u00d5E suhteid teiste koolide ja noorte\u00fchingutega;<br \/>\n4.12.1.4. tunneb \u00f5ppet\u00f6\u00f6d ja koolielu puudutavaid \u00f5igusakte;<br \/>\n4.12.1.5. korraldab k\u00fcsitlusi \u00f5pilaste probleemide ja huvide v\u00e4ljaselgitamiseks;<br \/>\n4.12.1.6. teeb ettepanekuid toitlustamise, \u00f5pilaskodu, \u00f5ppekeskkonna ja \u00f5ppekorralduse<br \/>\nparendamiseks.<\/p>\n<p><strong>4.12.2 Meediavaldkond<\/strong><br \/>\n4.12.2.1. uuendab regulaarselt \u00d5E ajaveebi, Instagrami kontot ja avaldab infot \u00d5E Facebook`i<br \/>\nlehel;<br \/>\n4.12.2.2. koostab r\u00fchmavanemate listi ja edastab selle kaudu \u00f5pilasi puudutavat infot;<br \/>\n4.12.2.3. j\u00e4\u00e4dvustab kooli \u00f5pilas\u00fcritusi;<br \/>\n4.12.2.4. kogub \u00d5E arvutisse \u00fcrituste pildi- ja videomaterjali<br \/>\n4.12.2.5. vastutab \u00f5pilas\u00fcrituste reklaami teostamise ja \u00fclespaneku eest.<\/p>\n<p><strong>4.12.3 Kultuurivaldkond<\/strong><br \/>\n4.12.3.1. valmistab koost\u00f6\u00f6s kooli huvijuhi ja \u00d5E-ga ette \u00f5pilas\u00fcritusi;<br \/>\n4.12.3.2 viib kava- v\u00f5i \u00f5htujuhina l\u00e4bi erinevaid kooli \u00fcritusi &#8211; koolipeod, aktused, kontserdid<br \/>\njm;<br \/>\n4.12.3.3. aitab kaasa ja osaleb kooli tutvustavate \u00fcrituste korraldamisel;<br \/>\n4.12.3.4. pakub v\u00e4lja uute \u00fcrituste ideid ja seisab hea traditsioonide k\u00e4igushoidmise eest.<\/p>\n<p><strong>4.12.4 Spordivaldkond<\/strong><br \/>\n4.12.4.1. teeb koost\u00f6\u00f6d kehalise kasvatuse \u00f5petajatega;<br \/>\n4.12.5.2. organiseerib ja viib l\u00e4bi \u00fclekoolilisi spordi\u00fcritusi;<br \/>\n4.12.5.3 koordineerib \u00f5pilaste osav\u00f5ttu kutsekoolidevahelistest karika- ja meistriv\u00f5istlustest;<br \/>\n4.12.5.4. propageerib sporditegevust \u00d5E seas.<\/p>\n<p>4.13. N\u00f5ukogu t\u00f6\u00f6vormiks on koosolek, mis on otsustusv\u00f5imeline, kui sellest v\u00f5tab osa<br \/>\nv\u00e4hemalt viis (5) n\u00f5ukogu liiget. Koosolekud v\u00f5ivad olla ka elektroonilised.<br \/>\n4.14. N\u00f5ukogu otsused v\u00f5etakse vastu avalikul h\u00e4\u00e4letusel lihth\u00e4\u00e4lteenamusega. V\u00f5rdsel h\u00e4\u00e4lte<br \/>\njagunemisel otsustab koosoleku \u00d5E presidendi h\u00e4\u00e4l.<br \/>\n4.15. N\u00f5ukogu v\u00f5ib moodustada oma otsusega ajutisi toimkondi, m\u00e4\u00e4rates kindlaks nende<br \/>\nkoosseisu, \u00fclesanded ja tegevusaja.<\/p>\n<h3><span style=\"color: #cd2662;\">V \u00d5PILASESINDUSE PRESIDENDI VALIMISE KORD<\/span><\/h3>\n<p>5.1. Kandidaatide \u00fclesseadmine ja registreerimine:<br \/>\n5.1.1. K\u00f5igil kutse\u00f5ppe taseme\u00f5ppe \u00f5pilastel on \u00f5igus \u00fcles seada oma kandidatuur \u00d5E<br \/>\npresidendi valimisteks hiljemalt \u00fcks (1) n\u00e4dal enne jooksva \u00f5ppeaasta teist \u00d5E \u00fcldkoosolekut;<br \/>\n5.1.2. Juhatusse kandideerijate eelregistreerimise ja tutvustamise korraldab eelmine president.<br \/>\n5.2. Valimiste korraldus:<br \/>\n5.2.1. president valitakse isikuvalimistel salajasel e-h\u00e4\u00e4letusel (\u00d5IS-i kaudu);<br \/>\n5.3.2. enda tutvustamiseks ja t\u00e4iendavatele k\u00fcsimustele vastamiseks antakse igale<br \/>\nkandidaadile aega kuni 5 minutit \u00d5E \u00fcldkoosolekul ning kaks (2) n\u00e4dalat \u00fclekooliselt<br \/>\n(plakatid, videoklipp, interaktiivne tutvustus jne);<br \/>\n5.3.3. presidendiks kandideerib kaks v\u00f5i enam kandidaati, osutub valituks k\u00f5ige enim h\u00e4\u00e4li<br \/>\nsaanud kandidaat;<br \/>\n5.3.12. valimistulemused kinnitab \u00d5E \u00fcldkoosolek protokolli alusel.<\/p>\n<h3><span style=\"color: #cd2662;\">VI MAJANDAMINE<\/span><\/h3>\n<p>6.1. \u00d5E tegevuse vahendid moodustuvad Teko-poolsetest toetustest, \u00d5E poolt l\u00e4bi viidud<br \/>\nkorjandustest, sponsorite toetustest ja projektide vahenditest.<\/p>\n<h3><span style=\"color: #cd2662;\">VII L\u00d5PPS\u00c4TTED<\/span><\/h3>\n<p>7.1. Teko \u00d5E p\u00f5hikirja muutmise v\u00f5ivad algatada \u00d5E n\u00f5ukogu, 1\/3 \u00d5E liikmetest v\u00f5i 1\/10<br \/>\n\u00f5pilaskonna liikmetest.<br \/>\n7.2. P\u00f5hikirja muudatused v\u00f5tab vastu \u00d5E \u00fcldkoosolek ja kinnitab kooli n\u00f5ukogu oma<br \/>\notsusega.<br \/>\n7.3. N\u00f5ukogu liikmel on \u00f5igus astuda tagasi n\u00f5ukogust oma avalduse alusel. Teko l\u00f5petamisel<br \/>\nl\u00f5ppevad n\u00f5ukogu liikme volitused \u00fcheaegselt v\u00e4lja arvamisega \u00f5pilaste nimekirjast.<br \/>\n7.4. N\u00f5ukogu liikme umbusaldamise ettepaneku v\u00f5ib teha 1\/3 \u00d5E liikmetest v\u00f5i 1\/3 n\u00f5ukogu<br \/>\nliikmetest.<br \/>\n7.5. N\u00f5ukogu liikmele v\u00f5ib avaldada umbusaldust, kui ta:<br \/>\n7.5.1. ei t\u00e4ida \u00d5E n\u00f5ukogus temale pandud \u00fclesandeid;<br \/>\n7.5.2. kahjustab oma tegevusega kooli v\u00f5i \u00d5E mainet.<br \/>\n7.6. N\u00f5ukogu liikmele esitatud umbusalduse alusel peatatakse n\u00f5ukogu otsusega tema<br \/>\nvolitused kuni \u00d5E \u00fcldkoosoleku otsuseni.<br \/>\n7.7. Puuduoleva v\u00f5i peatatud volitustega n\u00f5ukogu liikme \u00fclesandeid t\u00e4idab \u00d5E president.<br \/>\n7.10. Teko \u00d5E p\u00f5hikiri j\u00f5ustub p\u00e4rast kinnitamist kooli n\u00f5ukogu poolt.<\/p>\n","protected":false},"excerpt":{"rendered":"<p>Vastu v\u00f5etud 07.05. 2018 Teko \u00d5E \u00fcldkoosoleku otsusega.\u00a0Kinnitatud kooli n\u00f5ukogu poolt\u00a030. mai 2018 nr 1-6\/33 I \u00dcLDS\u00c4TTED 1.1. Tallinna Teeninduskooli (edaspidi Teko) \u00f5pilasesinduse (edaspidi \u00d5E) moodustavad kutse\u00f5ppe taseme\u00f5ppe \u00f5pilased. 1.2. Teko \u00d5E otsustab ja&#46;&#46;&#46;<\/p>\n","protected":false},"author":4,"featured_media":1879,"parent":0,"menu_order":0,"comment_status":"closed","ping_status":"closed","template":"","meta":{"footnotes":""},"class_list":["post-33","page","type-page","status-publish","has-post-thumbnail","hentry"],"_links":{"self":[{"href":"https:\/\/www.teeninduskool.ee\/index.php?rest_route=\/wp\/v2\/pages\/33","targetHints":{"allow":["GET"]}}],"collection":[{"href":"https:\/\/www.teeninduskool.ee\/index.php?rest_route=\/wp\/v2\/pages"}],"about":[{"href":"https:\/\/www.teeninduskool.ee\/index.php?rest_route=\/wp\/v2\/types\/page"}],"author":[{"embeddable":true,"href":"https:\/\/www.teeninduskool.ee\/index.php?rest_route=\/wp\/v2\/users\/4"}],"replies":[{"embeddable":true,"href":"https:\/\/www.teeninduskool.ee\/index.php?rest_route=%2Fwp%2Fv2%2Fcomments&post=33"}],"version-history":[{"count":1,"href":"https:\/\/www.teeninduskool.ee\/index.php?rest_route=\/wp\/v2\/pages\/33\/revisions"}],"predecessor-version":[{"id":10669,"href":"https:\/\/www.teeninduskool.ee\/index.php?rest_route=\/wp\/v2\/pages\/33\/revisions\/10669"}],"wp:featuredmedia":[{"embeddable":true,"href":"https:\/\/www.teeninduskool.ee\/index.php?rest_route=\/wp\/v2\/media\/1879"}],"wp:attachment":[{"href":"https:\/\/www.teeninduskool.ee\/index.php?rest_route=%2Fwp%2Fv2%2Fmedia&parent=33"}],"curies":[{"name":"wp","href":"https:\/\/api.w.org\/{rel}","templated":true}]}}