{"id":336,"date":"2017-03-07T08:51:57","date_gmt":"2017-03-07T06:51:57","guid":{"rendered":"https:\/\/www.teeninduskool.ee\/?page_id=336"},"modified":"2025-04-11T15:45:14","modified_gmt":"2025-04-11T12:45:14","slug":"uldine","status":"publish","type":"page","link":"https:\/\/www.teeninduskool.ee\/?page_id=336","title":{"rendered":"\u00dcldised dokumendid"},"content":{"rendered":"<h2 class=\"art-postheader\"><span style=\"font-family: verdana,geneva,sans-serif;\">\u00dcldine<\/span><\/h2>\n<table>\n<tbody>\n<tr>\n<td style=\"text-align: left;\"><span style=\"font-family: verdana,geneva,sans-serif;\"><a href=\"https:\/\/www.teeninduskool.ee\/failid\/tootajablanketid\/oppeosakond\/eestikeelsele%20ppele%20lemineku%20kava%202014-20.pdf\"><span title=\"eestikeelsele ppele lemineku kava 2014-20.pdf\">Eestikeelsele \u00f5ppele \u00fclemineku kava 2014-2020<\/span><\/a><\/span><\/td>\n<\/tr>\n<tr>\n<td style=\"text-align: left;\"><span style=\"font-family: verdana,geneva,sans-serif;\" title=\"kuvariga ttamise kompensatsioon.pdf\"><a href=\"https:\/\/www.teeninduskool.ee\/failid\/tootajablanketid\/stazeerimise%20kord.pdf\">Kutse\u00f5petajate\u00a0<span title=\"stazeerimise kord.pdf\">sta\u017eeerimise korra kinnitamine<\/span><\/a><\/span><\/td>\n<\/tr>\n<tr>\n<td style=\"text-align: left;\"><span style=\"font-family: verdana,geneva,sans-serif;\" title=\"kuvariga ttamise kompensatsioon.pdf\"><span title=\"stazeerimise kord.pdf\"><a href=\"https:\/\/www.teeninduskool.ee\/failid\/tootajablanketid\/tallinna%20teeninduskooli%20pilaste%20oluliste%20rikkumiste%20loetelu.pdf\">T<span title=\"tallinna teeninduskooli pilaste oluliste rikkumiste loetelu.pdf\">allinna Teeninduskooli \u00f5pilaste oluliste rikkumiste loetelu<\/span><\/a><\/span><\/span><\/td>\n<\/tr>\n<tr>\n<td style=\"text-align: left;\"><a href=\"https:\/\/www.teeninduskool.ee\/wp-content\/uploads\/2023\/10\/kk-enesetiendamise-kord.pdf\"><span style=\"font-family: verdana,geneva,sans-serif;\" title=\"kuvariga ttamise kompensatsioon.pdf\"><span title=\"stazeerimise kord.pdf\"><span title=\"kk enesetiendamise kord.pdf\">Sisekoolituste ning iseseisva eneset\u00e4iendamise kord<\/span><\/span><\/span><\/a><\/td>\n<\/tr>\n<tr>\n<td style=\"text-align: left;\"><a href=\"https:\/\/www.teeninduskool.ee\/wp-content\/uploads\/2023\/10\/Prillide-voi-muu-nagemisteravust-korrigeerivate-abivahenite-maksumuse-osaline-huvitamine.pdf\"><span style=\"font-family: verdana,geneva,sans-serif;\" title=\"kuvariga ttamise kompensatsioon.pdf\"><span title=\"stazeerimise kord.pdf\"><span title=\"kk enesetiendamise kord.pdf\">Kuvariga t\u00f6\u00f6ks etten\u00e4htud prillide v\u00f5i muud n\u00e4gemisteravust korrigeerivate abivahendite maksumuse \u00a0h\u00fcvitamine<\/span><\/span><\/span><\/a><\/td>\n<\/tr>\n<tr>\n<td style=\"text-align: left;\"><a href=\"https:\/\/www.teeninduskool.ee\/wp-content\/uploads\/2023\/11\/LAHKUMISAVALDUS.doc\"><span style=\"font-family: verdana,geneva,sans-serif;\" title=\"kuvariga ttamise kompensatsioon.pdf\"><span title=\"stazeerimise kord.pdf\"><span title=\"kk enesetiendamise kord.pdf\">Lahkumisavaldus<\/span><\/span><\/span><\/a><\/td>\n<\/tr>\n<tr>\n<td style=\"text-align: left;\"><a href=\"https:\/\/www.teeninduskool.ee\/wp-content\/uploads\/2025\/04\/Sisehindmise_labiviimise_kord.docx\"><span style=\"font-family: verdana,geneva,sans-serif;\" title=\"kuvariga ttamise kompensatsioon.pdf\"><span title=\"stazeerimise kord.pdf\"><span title=\"kk enesetiendamise kord.pdf\">Sisehindamise l\u00e4biviimise kord<\/span><\/span><\/span><\/a><\/td>\n<\/tr>\n<\/tbody>\n<\/table>\n<p>&nbsp;<\/p>\n","protected":false},"excerpt":{"rendered":"<p>\u00dcldine Eestikeelsele \u00f5ppele \u00fclemineku kava 2014-2020 Kutse\u00f5petajate\u00a0sta\u017eeerimise korra kinnitamine Tallinna Teeninduskooli \u00f5pilaste oluliste rikkumiste loetelu Sisekoolituste ning iseseisva eneset\u00e4iendamise kord Kuvariga t\u00f6\u00f6ks etten\u00e4htud prillide v\u00f5i muud n\u00e4gemisteravust korrigeerivate abivahendite maksumuse \u00a0h\u00fcvitamine Lahkumisavaldus Sisehindamise l\u00e4biviimise&#46;&#46;&#46;<\/p>\n","protected":false},"author":4,"featured_media":0,"parent":261,"menu_order":0,"comment_status":"closed","ping_status":"closed","template":"","meta":{"footnotes":""},"class_list":["post-336","page","type-page","status-publish","hentry"],"_links":{"self":[{"href":"https:\/\/www.teeninduskool.ee\/index.php?rest_route=\/wp\/v2\/pages\/336","targetHints":{"allow":["GET"]}}],"collection":[{"href":"https:\/\/www.teeninduskool.ee\/index.php?rest_route=\/wp\/v2\/pages"}],"about":[{"href":"https:\/\/www.teeninduskool.ee\/index.php?rest_route=\/wp\/v2\/types\/page"}],"author":[{"embeddable":true,"href":"https:\/\/www.teeninduskool.ee\/index.php?rest_route=\/wp\/v2\/users\/4"}],"replies":[{"embeddable":true,"href":"https:\/\/www.teeninduskool.ee\/index.php?rest_route=%2Fwp%2Fv2%2Fcomments&post=336"}],"version-history":[{"count":5,"href":"https:\/\/www.teeninduskool.ee\/index.php?rest_route=\/wp\/v2\/pages\/336\/revisions"}],"predecessor-version":[{"id":21460,"href":"https:\/\/www.teeninduskool.ee\/index.php?rest_route=\/wp\/v2\/pages\/336\/revisions\/21460"}],"up":[{"embeddable":true,"href":"https:\/\/www.teeninduskool.ee\/index.php?rest_route=\/wp\/v2\/pages\/261"}],"wp:attachment":[{"href":"https:\/\/www.teeninduskool.ee\/index.php?rest_route=%2Fwp%2Fv2%2Fmedia&parent=336"}],"curies":[{"name":"wp","href":"https:\/\/api.w.org\/{rel}","templated":true}]}}