{"id":345,"date":"2017-03-07T09:25:21","date_gmt":"2017-03-07T07:25:21","guid":{"rendered":"https:\/\/www.teeninduskool.ee\/?page_id=345"},"modified":"2025-04-11T15:46:41","modified_gmt":"2025-04-11T12:46:41","slug":"oppeosakond","status":"publish","type":"page","link":"https:\/\/www.teeninduskool.ee\/?page_id=345","title":{"rendered":"\u00d5ppeosakonna dokumendid"},"content":{"rendered":"<div class=\"art-postcontent\">\n<div class=\"art-article\">\n<ul style=\"list-style-type: circle;\">\n<li style=\"list-style-type: none\">\n<ul style=\"list-style-type: circle;\">\n<li><a href=\"https:\/\/www.teeninduskool.ee\/failid\/tootajablanketid\/oppeosakond\/eestikeelsele%20ppele%20lemineku%20kava%202014-20.pdf\">E<span title=\"eestikeelsele ppele lemineku kava 2014-20.pdf\">estikeelsele \u00f5ppele \u00fclemineku kava<\/span><\/a><\/li>\n<li><span title=\"eestikeelsele ppele lemineku kava 2014-20.pdf\"><a href=\"https:\/\/www.teeninduskool.ee\/tootajateblanketid\/eksamiprotokoll.xls\">Eksami protokoll<\/a><\/span><\/li>\n<li><span title=\"eestikeelsele ppele lemineku kava 2014-20.pdf\"><a href=\"https:\/\/www.teeninduskool.ee\/tootajateblanketid\/eksami%20protokoll2.docx\">Eksami protokoll (2-osaline eksam)<\/a><\/span><\/li>\n<li><a href=\"https:\/\/www.teeninduskool.ee\/wp-content\/uploads\/2018\/09\/IndividuaalneOppetoograafik_2018.docx\">Individuaalne \u00f5ppet\u00f6\u00f6graafik<\/a><\/li>\n<li><span title=\"eestikeelsele ppele lemineku kava 2014-20.pdf\"><a href=\"https:\/\/www.teeninduskool.ee\/tootajateblanketid\/isesisva_enesetaiendamise_hindamisleht.doc\">Isesisva enesetaiendamise hindamisleht<\/a><\/span><\/li>\n<li><span title=\"eestikeelsele ppele lemineku kava 2014-20.pdf\"><a href=\"https:\/\/www.teeninduskool.ee\/tootajateblanketid\/loputoohindamiseprotokoll.doc\">L\u00f5put\u00f6\u00f6 hindamise protokoll<\/a><\/span><\/li>\n<li><span title=\"eestikeelsele ppele lemineku kava 2014-20.pdf\"><a href=\"https:\/\/www.teeninduskool.ee\/tootajateblanketid\/loputooteemadeblankettkoguruhmale.doc\">L\u00f5put\u00f6\u00f6 teemade blankett kogu r\u00fchmale<\/a><\/span><\/li>\n<li><span title=\"eestikeelsele ppele lemineku kava 2014-20.pdf\"><a href=\"https:\/\/www.teeninduskool.ee\/tootajateblanketid\/Moodulihindamprotokoll.xls\">Moodulihindamise protokoll<\/a><\/span><\/li>\n<li><a href=\"https:\/\/www.teeninduskool.ee\/wp-content\/uploads\/2019\/09\/esildis_valjaarvamine2019.doc\">N\u00e4idisesildis \u00f5pilase v\u00e4ljaarvamiseks<\/a><\/li>\n<li><span title=\"eestikeelsele ppele lemineku kava 2014-20.pdf\"><a href=\"https:\/\/www.teeninduskool.ee\/tootajateblanketid\/stazeerimise_hindamisleht.doc\">Sta\u017eeerimise hindamisleht<\/a><\/span><\/li>\n<li><span title=\"eestikeelsele ppele lemineku kava 2014-20.pdf\"><a href=\"https:\/\/www.teeninduskool.ee\/tootajateblanketid\/stazeerimisleping.doc\">Sta\u017eeerimisleping<\/a><\/span><\/li>\n<li><a href=\"https:\/\/www.teeninduskool.ee\/failid\/tootajablanketid\/haridusliku_erivajadusega_oppija_tugiryhma_tookorra_kinnitamine%20.pdf\"><span title=\"eestikeelsele ppele lemineku kava 2014-20.pdf\"><span title=\"opingute_ulekandmise_taotlus_2014.doc\"><span title=\"\">Tallinna Teeninduskooli haridusliku erivajadusega \u00f5ppija tugir\u00fchma t\u00f6\u00f6korra kinnitamine<\/span><\/span><\/span><\/a><\/li>\n<li><a href=\"https:\/\/www.teeninduskool.ee\/wp-content\/uploads\/2021\/05\/opilase-ringkaiguleht.pdf\">\u00d5pilase ringk\u00e4iguleht<\/a><\/li>\n<li><a href=\"https:\/\/www.teeninduskool.ee\/wp-content\/uploads\/2018\/09\/oppevola_kustatamine2018.docx\">\u00d5ppev\u00f5la kustatamise teatis<\/a><\/li>\n<li><a href=\"https:\/\/www.teeninduskool.ee\/wp-content\/uploads\/2023\/11\/Kirjaliku-noomituse-esildis.docx\">Kirjaliku noomituse esildis<\/a><\/li>\n<li><a href=\"https:\/\/www.teeninduskool.ee\/wp-content\/uploads\/2023\/11\/Valjaarvamise-esildis.docx\">V\u00e4ljaarvamise esildis<\/a><\/li>\n<\/ul>\n<\/li>\n<\/ul>\n<\/div>\n<\/div>\n","protected":false},"excerpt":{"rendered":"<p>Eestikeelsele \u00f5ppele \u00fclemineku kava Eksami protokoll Eksami protokoll (2-osaline eksam) Individuaalne \u00f5ppet\u00f6\u00f6graafik Isesisva enesetaiendamise hindamisleht L\u00f5put\u00f6\u00f6 hindamise protokoll L\u00f5put\u00f6\u00f6 teemade blankett kogu r\u00fchmale Moodulihindamise protokoll N\u00e4idisesildis \u00f5pilase v\u00e4ljaarvamiseks Sta\u017eeerimise hindamisleht Sta\u017eeerimisleping Tallinna Teeninduskooli haridusliku&#46;&#46;&#46;<\/p>\n","protected":false},"author":4,"featured_media":0,"parent":261,"menu_order":0,"comment_status":"closed","ping_status":"closed","template":"","meta":{"footnotes":""},"class_list":["post-345","page","type-page","status-publish","hentry"],"_links":{"self":[{"href":"https:\/\/www.teeninduskool.ee\/index.php?rest_route=\/wp\/v2\/pages\/345","targetHints":{"allow":["GET"]}}],"collection":[{"href":"https:\/\/www.teeninduskool.ee\/index.php?rest_route=\/wp\/v2\/pages"}],"about":[{"href":"https:\/\/www.teeninduskool.ee\/index.php?rest_route=\/wp\/v2\/types\/page"}],"author":[{"embeddable":true,"href":"https:\/\/www.teeninduskool.ee\/index.php?rest_route=\/wp\/v2\/users\/4"}],"replies":[{"embeddable":true,"href":"https:\/\/www.teeninduskool.ee\/index.php?rest_route=%2Fwp%2Fv2%2Fcomments&post=345"}],"version-history":[{"count":5,"href":"https:\/\/www.teeninduskool.ee\/index.php?rest_route=\/wp\/v2\/pages\/345\/revisions"}],"predecessor-version":[{"id":21461,"href":"https:\/\/www.teeninduskool.ee\/index.php?rest_route=\/wp\/v2\/pages\/345\/revisions\/21461"}],"up":[{"embeddable":true,"href":"https:\/\/www.teeninduskool.ee\/index.php?rest_route=\/wp\/v2\/pages\/261"}],"wp:attachment":[{"href":"https:\/\/www.teeninduskool.ee\/index.php?rest_route=%2Fwp%2Fv2%2Fmedia&parent=345"}],"curies":[{"name":"wp","href":"https:\/\/api.w.org\/{rel}","templated":true}]}}