{"id":3479,"date":"2017-10-12T16:50:44","date_gmt":"2017-10-12T13:50:44","guid":{"rendered":"https:\/\/www.teeninduskool.ee\/?page_id=3479"},"modified":"2024-09-04T15:11:39","modified_gmt":"2024-09-04T12:11:39","slug":"moodle-kasutajakonto-loomine-ja-kursusele-registreerumine","status":"publish","type":"page","link":"https:\/\/www.teeninduskool.ee\/?page_id=3479","title":{"rendered":"Moodle kasutajakonto loomine ja kursusele registreerumine"},"content":{"rendered":"<h4 dir=\"ltr\"><u><span class=\"\" data-darkreader-inline-color=\"\">KUIDAS LUUA KASUTAJAKONTO?<\/span><\/u><\/h4>\n<div draggable=\"true\" data-for=\"section_title\" data-id=\"569908\" data-number=\"1\" data-inplace-in-draggable=\"false\">\n<div data-sectionid=\"569908\">\n<div id=\"action-menu-2\" data-enhance=\"moodle-core-actionmenu\">\n<div id=\"action-menu-2-menubar\">\n<div>\n<div><\/div>\n<\/div>\n<\/div>\n<\/div>\n<\/div>\n<\/div>\n<div id=\"coursecontentcollapse1\">\n<div data-for=\"sectioninfo\">\n<div>\n<div>\n<div>\n<p dir=\"ltr\">Esmalt mine sisselogimise lehele. Sinna j\u00f5udmiseks on kaks erinevat v\u00f5imalust:<\/p>\n<ul>\n<li>vajuta lehe \u00fclemises paremas nurgas asuvat &#8220;Logi sisse&#8221; nuppu<\/li>\n<li>ava noolest parempoolne k\u00fclgmen\u00fc\u00fc<\/li>\n<\/ul>\n<p><img decoding=\"async\" class=\"img-fluid\" role=\"presentation\" src=\"https:\/\/moodle.edu.ee\/pluginfile.php\/6863721\/mod_page\/content\/14\/image%20%281%29.png\" alt=\"\" \/><\/p>\n<p>&nbsp;<\/p>\n<p dir=\"ltr\">Avanev sisselogimise leht n\u00e4eb v\u00e4lja selline:<\/p>\n<\/div>\n<\/div>\n<\/div>\n<\/div>\n<\/div>\n<div class=\"column\">\n<p><img decoding=\"async\" class=\"img-fluid\" role=\"presentation\" src=\"https:\/\/moodle.edu.ee\/pluginfile.php\/6863721\/mod_page\/content\/14\/image.png\" alt=\"\" \/><\/p>\n<h3><u><span class=\"\">UUS KASUTAJA<\/span><\/u><\/h3>\n<p dir=\"ltr\">Kui sul ei ole veel HTM Moodle kasutajakontot saad selle endale ise luua. Uue konto loomiseks vali &#8220;Loo uus konto&#8221;.<\/p>\n<p dir=\"ltr\">Enne konto loomist palub s\u00fcsteem sisestada kontrolliks isikukoodi. Isikukoodi kontroll on vajalik, kuna HTM Moodle&#8217;is tohib igal kasutajal olla ainult \u00fcks konto ja see konto peab olema seotud kasutaja isikukoodiga.<\/p>\n<p><img decoding=\"async\" class=\"img-fluid\" role=\"presentation\" src=\"https:\/\/moodle.edu.ee\/pluginfile.php\/6863721\/mod_page\/content\/14\/pilt%20%281%29.png\" data-darkreader-inline-border-top=\"\" data-darkreader-inline-border-right=\"\" data-darkreader-inline-border-bottom=\"\" data-darkreader-inline-border-left=\"\" \/><\/p>\n<p>&nbsp;<\/p>\n<p dir=\"ltr\">Kontrollil on 2 v\u00f5imalikku tulemust:<\/p>\n<ol>\n<li>Kui<strong> sinu isikukoodiga konto\u00a0on juba olemas<\/strong>, ei saa sa uut kontot luua. Sellisel juhul tegutse vastavalt sisselogimisjuhisele.<\/li>\n<li>Kui\u00a0<strong>sinu isikukoodiga kontot ei ole,<\/strong>\u00a0saad teate <em>&#8220;Selle isikukoodiga seotud kontot ei ole, j\u00e4tka konto loomist&#8221;, <\/em>vajuta &#8220;Edasi&#8221;<\/li>\n<\/ol>\n<div><\/div>\n<p dir=\"ltr\">Uue konto saad luua ainult juhul, kui\u00a0<strong>sinu isikukoodiga kontot ei leitud.<\/strong>\u00a0&#8220;Edasi&#8221; nupp viib sind lehele, kus saad tutvuda ja n\u00f5ustuda kasutustingimustega (kahel lehel). Kasutustingimustega n\u00f5ustumise j\u00e4rel saad sisestada konto jaoks oma andmed.<\/p>\n<p><img loading=\"lazy\" decoding=\"async\" class=\"img-fluid atto_image_button_left\" role=\"presentation\" src=\"https:\/\/moodle.edu.ee\/pluginfile.php\/6863721\/mod_page\/content\/14\/pilt%20%282%29.png\" width=\"333\" height=\"686\" data-darkreader-inline-border-top=\"\" data-darkreader-inline-border-right=\"\" data-darkreader-inline-border-bottom=\"\" data-darkreader-inline-border-left=\"\" \/><\/p>\n<p>&nbsp;<\/p>\n<p dir=\"ltr\">Sinu kasutajanimi on see v\u00e4\u00e4rtus, millega edaspidi saad sisse logida. Kasutajanime saab muuta ainult HTM Moodle&#8217;i kasutajatugi &#8211; selleks p\u00f6\u00f6rdu aadressile\u00a0<em>moodle@tugi.edu.ee.<\/em><\/p>\n<p dir=\"ltr\">Punase h\u00fc\u00fcum\u00e4rgiga t\u00e4histatud lahtrid on kohustuslikud, \u00fclej\u00e4\u00e4nud vabatahtlikud.<\/p>\n<p dir=\"ltr\">Kindlasti tee linnuke ka turbek\u00fcsimuse lahtrisse ja vasta piltk\u00fcsimusele.<\/p>\n<p dir=\"ltr\">Kui andmed on sisestatud ja turbek\u00fcsimusele vastatud, vajuta &#8220;Loo minu uus kasutajakonto&#8221;.<\/p>\n<p>&nbsp;<\/p>\n<p>S\u00fcsteem saadab sulle seej\u00e4rel kinnituskirja sellele meiliaadressile, mille konto loomisel sisestasid. Kui kirja ei tule, vaata ka r\u00e4mpspostkasti &#8211; teinekord v\u00f5ivad linke sisaldavad kirjad r\u00e4mpsufiltritesse kinni j\u00e4\u00e4da. Kui kirja ka r\u00e4mpspostkastis ei ole, p\u00f6\u00f6rdu palun kasutajatoe poole (<em>moodle@tugi.edu.ee<\/em>), et kontrollida, kas konto sai loodud ja meiliaadress \u00f5igesti sisestatud.<\/p>\n<div>\n<h4 dir=\"ltr\"><u><span class=\"\" data-darkreader-inline-color=\"\">KUIDAS SISSE LOGIDA?<\/span><br \/>\n<\/u><\/h4>\n<\/div>\n<div draggable=\"true\" data-for=\"section_title\" data-id=\"569909\" data-number=\"2\">\n<div data-sectionid=\"569909\">\n<div id=\"action-menu-3\" data-enhance=\"moodle-core-actionmenu\">\n<div id=\"action-menu-3-menubar\">\n<div>\n<div><\/div>\n<\/div>\n<\/div>\n<\/div>\n<\/div>\n<\/div>\n<div id=\"coursecontentcollapse2\">\n<div data-for=\"sectioninfo\">\n<div>\n<div>\n<div>\n<div data-for=\"page-activity-header\">\n<div id=\"intro\">\n<p><strong>Esimest korda logimisel tuleb kasutada kasutajanime ja parooli. Seej\u00e4rel saab kontole lisada isikukoodi, mis v\u00f5imaldab ID-kaardi, Mobiil-ID, Smart-ID ja HarID logimist.<br \/>\n<\/strong><\/p>\n<p><strong>1. Kasutajanime ja parooliga<\/strong><\/p>\n<div>Sisesta oma kasutajanimi ja parool ning vajuta nuppu &#8220;Logi sisse&#8221;<\/div>\n<div>Kui sa ei m\u00e4leta oma kasutajanime v\u00f5i oled unustanud parooli, proovi palun esmalt konto andmeid taastada lingilt <a href=\"https:\/\/moodle.edu.ee\/login\/forgot_password.php\">&#8220;Parool ununenud?&#8221;<\/a><\/div>\n<div><\/div>\n<div><strong>2. ID-kaardi, Mobiil-ID v\u00f5i Smart-ID abil<\/strong><\/div>\n<div>Sisselogimiseks suunatakse kasutaja riigi autentimisteenuise lehele, kus tuleb valida sobiv meetod ning j\u00e4lgida ekraanil olevaid juhiseid.<\/div>\n<div>*<em> Mobiil-ID v\u00f5i Smart-ID abil sisselogimine eeldab kasutajal vastava teenuse olemasolu. Mobiil-ID teenuse tellimiseks tuleb p\u00f6\u00f6rduda oma mobiilioperaatori poole, Smart-ID tellimiseks ja aktiveerimiseks leiab juhised <a href=\"https:\/\/www.smart-id.com\/et\" target=\"_blank\" rel=\"noopener\">Smart-ID veebilehelt<\/a>.\u00a0<\/em><\/div>\n<div><strong>3. HarID kontoga<\/strong><\/div>\n<\/div>\n<\/div>\n<\/div>\n<\/div>\n<\/div>\n<\/div>\n<\/div>\n<p>HarID on kasutuses enamikus haridusinfos\u00fcsteemides sisse logimise vahendina.<br \/>\nKonto puudumisel saad selle luua <a href=\"https:\/\/harid.ee\/et\/users\/sign_up\">SIIN<\/a><\/p>\n<p><strong>4. TAAT kontoga<\/strong><\/p>\n<p>Kui sa ei tea TAAT logimisandmeid, v\u00f5ta \u00fchendust oma kooli haridustehnoloogi v\u00f5i IT-spetsialistiga.<\/p>\n<p>&nbsp;<\/p>\n<\/div>\n<div><u><span class=\"\" data-darkreader-inline-color=\"\">KUIDAS PAROOLI L\u00c4HTESTADA?<\/span><\/u><\/div>\n<div data-sectionid=\"569910\">\n<div id=\"action-menu-4\" data-enhance=\"moodle-core-actionmenu\">\n<div id=\"action-menu-4-menubar\">\n<div>\n<div><\/div>\n<\/div>\n<\/div>\n<\/div>\n<\/div>\n<div draggable=\"true\" data-for=\"section_title\" data-id=\"569910\" data-number=\"3\">\n<div data-sectionid=\"569910\">\n<div id=\"action-menu-4\" data-enhance=\"moodle-core-actionmenu\">\n<div id=\"action-menu-4-menubar\">\n<div>\n<div><\/div>\n<\/div>\n<\/div>\n<\/div>\n<\/div>\n<\/div>\n<div id=\"coursecontentcollapse3\">\n<div data-for=\"sectioninfo\">\n<div>\n<div>\n<div>\n<p>Parooli saad l\u00e4htestada sisse logimise lehel. Sinna j\u00f5udmiseks on kaks erinevat v\u00f5imalust:<\/p>\n<ul>\n<li>vajuta lehe \u00fclemises paremas nurgas oleva &#8220;Logi sisse&#8221; nuppu<\/li>\n<li>ava noolest parempoolne k\u00fclgmen\u00fc\u00fc<\/li>\n<\/ul>\n<p>&nbsp;<\/p>\n<p>Sisselogimise lehel on link &#8220;Parool ununenud?&#8221;<\/p>\n<p><img decoding=\"async\" class=\"img-fluid\" role=\"presentation\" src=\"https:\/\/moodle.edu.ee\/pluginfile.php\/6863721\/mod_page\/content\/14\/pilt%20%283%29.png\" data-darkreader-inline-border-top=\"\" data-darkreader-inline-border-right=\"\" data-darkreader-inline-border-bottom=\"\" data-darkreader-inline-border-left=\"\" \/><\/p>\n<\/div>\n<\/div>\n<\/div>\n<\/div>\n<\/div>\n<p>Sellele vajutades avaneb leht, millel k\u00fcsitakse l\u00e4htestamiseks vajalikke andmeid:<\/p>\n<p><img loading=\"lazy\" decoding=\"async\" class=\"img-fluid atto_image_button_left\" role=\"presentation\" src=\"https:\/\/moodle.edu.ee\/pluginfile.php\/6863721\/mod_page\/content\/14\/pilt%20%284%29.png\" width=\"341\" height=\"269\" data-darkreader-inline-border-top=\"\" data-darkreader-inline-border-right=\"\" data-darkreader-inline-border-bottom=\"\" data-darkreader-inline-border-left=\"\" \/><\/p>\n<p>&nbsp;<\/p>\n<p>T\u00e4ida kindlasti ainult\u00a0<strong>\u00fcks<\/strong> lahter &#8211; sisesta\u00a0<strong>kas<\/strong>\u00a0kasutajanimi\u00a0<strong>v\u00f5i\u00a0<\/strong>e-posti aadress. Kui sisestad m\u00f5lemad, l\u00e4heb s\u00fcsteem segadusse ja ei saada kirja v\u00e4lja.<\/p>\n<p>P\u00e4rast &#8220;Otsing&#8221; vajutamist saad teate:<\/p>\n<p><em>&#8220;Kui sisestasite \u00f5ige kasutajanime v\u00f5i meiliaadressi, siis peaks teile olema saadetud meilis\u00f5num.<\/em><br \/>\n<em>See sisaldab h\u00f5lpsalt t\u00e4idetavaid juhiseid parooli muutmise kinnitamise ja l\u00f5puleviimise kohta. Probleemide korral p\u00f6\u00f6rduge \u00f5pikeskkonna administraatori poole.&#8221;<\/em><\/p>\n<p>See teade tuleb ka siis, kui sisestasid vale kasutajanime v\u00f5i e-posti aadressi.<\/p>\n<p><strong>Parooli l\u00e4htestamise kiri saadetakse ainult sellele e-postile, mis on sinu Moodle kontoga seotud.<\/strong><\/p>\n<p>Kui oled p\u00e4rast viimast Moodle&#8217;i kasutamist v\u00f5tnud kasutusele uue e-posti aadressi ja ei oma enam juurdep\u00e4\u00e4su eelmisele e-posti aadressile, siis p\u00f6\u00f6rdu kasutajatoe poole <em>moodle@tugi.edu.ee<\/em><em>. <\/em>Saame sinu kontol e-posti aadressi \u00e4ra uuendada, et saaksid tellida parooli l\u00e4htestamise uuele aadressile.<\/p>\n<p>Kui oled sisestanud \u00f5ige aadressi v\u00f5i kasutajanime, tuleb sinu postkasti kiri, mis n\u00e4eb v\u00e4lja selline:<\/p>\n<p><span data-darkreader-inline-bgcolor=\"\" data-darkreader-inline-color=\"\"><em>Tere!<\/em><\/span><br \/>\n<span data-darkreader-inline-bgcolor=\"\" data-darkreader-inline-color=\"\"><em>Teie konto parool saidil HTM Moodle sooviti l\u00e4htestada.<\/em><\/span><br \/>\n<span data-darkreader-inline-bgcolor=\"\" data-darkreader-inline-color=\"\"><em>Selle soovi kinnitamiseks ja kontole uue parooli m\u00e4\u00e4ramiseks avage j\u00e4rgmine veebiaadress:<\/em><\/span><br \/>\n<span data-darkreader-inline-bgcolor=\"\" data-darkreader-inline-color=\"\"><em>https:\/\/moodle.edu.ee\/login\/forgot_password.php?token=<\/em><\/span><br \/>\n<span data-darkreader-inline-bgcolor=\"\" data-darkreader-inline-color=\"\"><em>(See link kehtib 30 minutit alates l\u00e4htestamissoovi esitamisest).<\/em><\/span><br \/>\n<span data-darkreader-inline-bgcolor=\"\" data-darkreader-inline-color=\"\"><em>Kui te ei soovinud parooli vahetada, ei pea te midagi tegema.<\/em><\/span><\/p>\n<p><span data-darkreader-inline-bgcolor=\"\" data-darkreader-inline-color=\"\">Vajutades lingile (pane t\u00e4hele, et <strong>link kehtib 30 minutit<\/strong>), j\u00f5uad sellisele lehele:<\/span><\/p>\n<p><img loading=\"lazy\" decoding=\"async\" class=\"img-fluid atto_image_button_left\" role=\"presentation\" src=\"https:\/\/moodle.edu.ee\/pluginfile.php\/6863721\/mod_page\/content\/14\/pilt%20%285%29.png\" width=\"337\" height=\"206\" data-darkreader-inline-border-top=\"\" data-darkreader-inline-border-right=\"\" data-darkreader-inline-border-bottom=\"\" data-darkreader-inline-border-left=\"\" \/><\/p>\n<p>&nbsp;<\/p>\n<p>&nbsp;<\/p>\n<p>Palun sisesta uus parool ja korda seda kinnituseks.<\/p>\n<p>Seej\u00e4rel vajuta &#8220;Salvesta muudatused&#8221;.<\/p>\n<p>&nbsp;<\/p>\n<ol>\n<li>Edasi liikumiseks kliki nupul <strong>Kursused<\/strong>. Kuvatakse k\u00f5ik loodud kursused koolide kaupa.<\/li>\n<li>Kursuste kategooriate alt vali <strong>Tallinna Teeninduskool<\/strong>, avaneb kooli kursuste loetelu, millest vali oma kursus. Kursused on reeglina kaitstud v\u00f5tmega, mille annab v\u00f5i saadab teile \u00f5petaja. Esmakordsel sisenemisel kursusele on vaja sisestada see kursusele registreerumise <strong>v\u00f5ti<\/strong> (<em>enrolment key<\/em>).<\/li>\n<li>Kliki nupul &#8220;<strong>Registreeri mind&#8221;<\/strong> (<em>enrol me<\/em>).<\/li>\n<\/ol>\n","protected":false},"excerpt":{"rendered":"<p>KUIDAS LUUA KASUTAJAKONTO? Esmalt mine sisselogimise lehele. Sinna j\u00f5udmiseks on kaks erinevat v\u00f5imalust: vajuta lehe \u00fclemises paremas nurgas asuvat &#8220;Logi sisse&#8221; nuppu ava noolest parempoolne k\u00fclgmen\u00fc\u00fc &nbsp; Avanev sisselogimise leht n\u00e4eb v\u00e4lja selline: UUS&#46;&#46;&#46;<\/p>\n","protected":false},"author":4,"featured_media":0,"parent":42,"menu_order":0,"comment_status":"closed","ping_status":"closed","template":"","meta":{"footnotes":""},"class_list":["post-3479","page","type-page","status-publish","hentry"],"_links":{"self":[{"href":"https:\/\/www.teeninduskool.ee\/index.php?rest_route=\/wp\/v2\/pages\/3479","targetHints":{"allow":["GET"]}}],"collection":[{"href":"https:\/\/www.teeninduskool.ee\/index.php?rest_route=\/wp\/v2\/pages"}],"about":[{"href":"https:\/\/www.teeninduskool.ee\/index.php?rest_route=\/wp\/v2\/types\/page"}],"author":[{"embeddable":true,"href":"https:\/\/www.teeninduskool.ee\/index.php?rest_route=\/wp\/v2\/users\/4"}],"replies":[{"embeddable":true,"href":"https:\/\/www.teeninduskool.ee\/index.php?rest_route=%2Fwp%2Fv2%2Fcomments&post=3479"}],"version-history":[{"count":4,"href":"https:\/\/www.teeninduskool.ee\/index.php?rest_route=\/wp\/v2\/pages\/3479\/revisions"}],"predecessor-version":[{"id":20100,"href":"https:\/\/www.teeninduskool.ee\/index.php?rest_route=\/wp\/v2\/pages\/3479\/revisions\/20100"}],"up":[{"embeddable":true,"href":"https:\/\/www.teeninduskool.ee\/index.php?rest_route=\/wp\/v2\/pages\/42"}],"wp:attachment":[{"href":"https:\/\/www.teeninduskool.ee\/index.php?rest_route=%2Fwp%2Fv2%2Fmedia&parent=3479"}],"curies":[{"name":"wp","href":"https:\/\/api.w.org\/{rel}","templated":true}]}}