{"id":348,"date":"2017-03-07T09:27:17","date_gmt":"2017-03-07T07:27:17","guid":{"rendered":"https:\/\/www.teeninduskool.ee\/?page_id=348"},"modified":"2020-09-15T10:18:48","modified_gmt":"2020-09-15T07:18:48","slug":"kantselei","status":"publish","type":"page","link":"https:\/\/www.teeninduskool.ee\/?page_id=348","title":{"rendered":"Kantselei"},"content":{"rendered":"<h2 class=\"art-postheader\"><a style=\"font-size: 16px;\" href=\"https:\/\/www.teeninduskool.ee\/tootajateblanketid\/uletunnitoo_tegemise_kokkulepe.doc\" target=\"_blank\" rel=\"noopener noreferrer\">\u00dcletunnit\u00f6\u00f6 tegemise kokkulepe<\/a><\/h2>\n<div class=\"art-postcontent\">\n<div class=\"art-article\">\n<p><a href=\"https:\/\/www.teeninduskool.ee\/wp-content\/uploads\/2017\/03\/Soidup\u00e4evik_2016.xls\">Soidup\u00e4evik<\/a><\/p>\n<\/div>\n<\/div>\n<div class=\"art-postcontent\"><a href=\"https:\/\/www.teeninduskool.ee\/tootajateblanketid\/lisatasumaaramiseesildis..doc\">Lisatasu m\u00e4\u00e4ramise esildis<\/a><\/div>\n","protected":false},"excerpt":{"rendered":"<p>\u00dcletunnit\u00f6\u00f6 tegemise kokkulepe Soidup\u00e4evik Lisatasu m\u00e4\u00e4ramise esildis<\/p>\n","protected":false},"author":4,"featured_media":0,"parent":261,"menu_order":0,"comment_status":"closed","ping_status":"closed","template":"","meta":{"footnotes":""},"class_list":["post-348","page","type-page","status-publish","hentry"],"_links":{"self":[{"href":"https:\/\/www.teeninduskool.ee\/index.php?rest_route=\/wp\/v2\/pages\/348","targetHints":{"allow":["GET"]}}],"collection":[{"href":"https:\/\/www.teeninduskool.ee\/index.php?rest_route=\/wp\/v2\/pages"}],"about":[{"href":"https:\/\/www.teeninduskool.ee\/index.php?rest_route=\/wp\/v2\/types\/page"}],"author":[{"embeddable":true,"href":"https:\/\/www.teeninduskool.ee\/index.php?rest_route=\/wp\/v2\/users\/4"}],"replies":[{"embeddable":true,"href":"https:\/\/www.teeninduskool.ee\/index.php?rest_route=%2Fwp%2Fv2%2Fcomments&post=348"}],"version-history":[{"count":2,"href":"https:\/\/www.teeninduskool.ee\/index.php?rest_route=\/wp\/v2\/pages\/348\/revisions"}],"predecessor-version":[{"id":12201,"href":"https:\/\/www.teeninduskool.ee\/index.php?rest_route=\/wp\/v2\/pages\/348\/revisions\/12201"}],"up":[{"embeddable":true,"href":"https:\/\/www.teeninduskool.ee\/index.php?rest_route=\/wp\/v2\/pages\/261"}],"wp:attachment":[{"href":"https:\/\/www.teeninduskool.ee\/index.php?rest_route=%2Fwp%2Fv2%2Fmedia&parent=348"}],"curies":[{"name":"wp","href":"https:\/\/api.w.org\/{rel}","templated":true}]}}