{"id":386,"date":"2017-03-09T08:46:54","date_gmt":"2017-03-09T06:46:54","guid":{"rendered":"https:\/\/www.teeninduskool.ee\/?page_id=386"},"modified":"2017-03-09T08:46:54","modified_gmt":"2017-03-09T06:46:54","slug":"tootoad-ja-sisekoolitused","status":"publish","type":"page","link":"https:\/\/www.teeninduskool.ee\/?page_id=386","title":{"rendered":"T\u00f6\u00f6toad ja sisekoolitused"},"content":{"rendered":"<p>23-24.11.2015<a href=\"https:\/\/www.teeninduskool.ee\/failid\/pavel%20gurjanovi%20meistriklass%2023.-24.%20november%202015.pdf\"> Pavel Gurjanovi meistriklass<\/a><\/p>\n<p>29.03.2012 <a href=\"https:\/\/www.teeninduskool.ee\/failid\/metoodik\/29.03.2012%20Keele%c3%b5petajate%20metoodika%20%c3%b5pituba.pdf\">Keele\u00f5petajate metoodika \u00f5pituba<\/a><\/p>\n<p>27.01.2016 <a href=\"https:\/\/www.teeninduskool.ee\/failid\/metoodik\/27.01.2016%20Dina%20Aarma_Aktiiv%c3%b5ppemeetodid%20kutse%c3%b5ppes.pdf\">Dina Aarma_Aktiiv\u00f5ppemeetodid kutse\u00f5ppes<\/a><\/p>\n<p>23.03.2016 <a href=\"https:\/\/www.teeninduskool.ee\/failid\/metoodik\/23.03.2016%20TLMK%20ja%20Teko%20kohvihommik.pdf\">TLMK ja Teko kohvihommik<\/a><\/p>\n<p>20.04.2016 <a href=\"https:\/\/www.teeninduskool.ee\/failid\/metoodik\/20.04.2016%20Aive%20Antson_%c3%95ppija%20tagasisidestamine.pdf\">Aive Antson_\u00d5ppija tagasisidestamine<\/a><\/p>\n<p>10.02.2016 <a href=\"https:\/\/www.teeninduskool.ee\/failid\/metoodik\/10.02.2016%20Annely%20Kallo_Draama%c3%b5ppe%20elemendid%20aine%c3%b5ppes.pdf\">Annely Kallo_Draama\u00f5ppe elemendid aine\u00f5ppes<\/a><\/p>\n<p>09.03.2016 <a href=\"https:\/\/www.teeninduskool.ee\/failid\/metoodik\/09.03.2016%20Teresa%20Skaperina_Motiveeriv%20intervjueerimine.pdf\">Teresa \u0160kaperina_Motiveeriv intervjueerimine<\/a><\/p>\n<p>07.11.2016 <a href=\"https:\/\/www.teeninduskool.ee\/failid\/metoodik\/07.11.2016%20Kristina%20Johannes_%20Keele%c3%b5ppe%20raamdokumendi%20kasutamine%20%c3%b5ppet%c3%b6%c3%b6%20planeerimisel.pdf\">Kristina Johannes_ Keele\u00f5ppe raamdokumendi kasutamine \u00f5ppet\u00f6\u00f6 planeerimisel<\/a><\/p>\n","protected":false},"excerpt":{"rendered":"<p>23-24.11.2015 Pavel Gurjanovi meistriklass 29.03.2012 Keele\u00f5petajate metoodika \u00f5pituba 27.01.2016 Dina Aarma_Aktiiv\u00f5ppemeetodid kutse\u00f5ppes 23.03.2016 TLMK ja Teko kohvihommik 20.04.2016 Aive Antson_\u00d5ppija tagasisidestamine 10.02.2016 Annely Kallo_Draama\u00f5ppe elemendid aine\u00f5ppes 09.03.2016 Teresa \u0160kaperina_Motiveeriv intervjueerimine 07.11.2016 Kristina Johannes_ Keele\u00f5ppe&#46;&#46;&#46;<\/p>\n","protected":false},"author":4,"featured_media":0,"parent":302,"menu_order":0,"comment_status":"closed","ping_status":"closed","template":"","meta":{"footnotes":""},"class_list":["post-386","page","type-page","status-publish","hentry"],"_links":{"self":[{"href":"https:\/\/www.teeninduskool.ee\/index.php?rest_route=\/wp\/v2\/pages\/386","targetHints":{"allow":["GET"]}}],"collection":[{"href":"https:\/\/www.teeninduskool.ee\/index.php?rest_route=\/wp\/v2\/pages"}],"about":[{"href":"https:\/\/www.teeninduskool.ee\/index.php?rest_route=\/wp\/v2\/types\/page"}],"author":[{"embeddable":true,"href":"https:\/\/www.teeninduskool.ee\/index.php?rest_route=\/wp\/v2\/users\/4"}],"replies":[{"embeddable":true,"href":"https:\/\/www.teeninduskool.ee\/index.php?rest_route=%2Fwp%2Fv2%2Fcomments&post=386"}],"version-history":[{"count":0,"href":"https:\/\/www.teeninduskool.ee\/index.php?rest_route=\/wp\/v2\/pages\/386\/revisions"}],"up":[{"embeddable":true,"href":"https:\/\/www.teeninduskool.ee\/index.php?rest_route=\/wp\/v2\/pages\/302"}],"wp:attachment":[{"href":"https:\/\/www.teeninduskool.ee\/index.php?rest_route=%2Fwp%2Fv2%2Fmedia&parent=386"}],"curies":[{"name":"wp","href":"https:\/\/api.w.org\/{rel}","templated":true}]}}