{"id":3977,"date":"2017-11-13T12:32:04","date_gmt":"2017-11-13T10:32:04","guid":{"rendered":"https:\/\/www.teeninduskool.ee\/?page_id=3977"},"modified":"2020-05-23T19:54:43","modified_gmt":"2020-05-23T16:54:43","slug":"sekam","status":"publish","type":"page","link":"https:\/\/www.teeninduskool.ee\/?page_id=3977","title":{"rendered":"SEKAM"},"content":{"rendered":"<p>Teko \u00f5pilasteater SEKAM on tegutsenud 2008. aastast saadik ja igal aastal tegutseb teatris umbes 20 liiget. Alati on oodatud uued tulijad, eelnev n\u00e4itlemis v\u00f5i lavastamiskogemus pole vajalik. Aastas antakse koolis kolm l\u00fchemat-10-15 minutit kestvat etendust \u2013 Kodanikup\u00e4eval novembri l\u00f5pus, J\u00f5ulude ajal ja Leinap\u00e4eval, mille temaatika ja tegelased saavad noored ise v\u00e4lja pakkuda.<\/p>\n<p><a href=\"https:\/\/www.teeninduskool.ee\/wp-content\/uploads\/2017\/11\/18697566_1466020186801731_69786880_o.png\"><img loading=\"lazy\" decoding=\"async\" class=\"alignleft size-medium wp-image-3980\" src=\"https:\/\/www.teeninduskool.ee\/wp-content\/uploads\/2017\/11\/18697566_1466020186801731_69786880_o-300x187.png\" alt=\"\" width=\"300\" height=\"187\" srcset=\"https:\/\/www.teeninduskool.ee\/wp-content\/uploads\/2017\/11\/18697566_1466020186801731_69786880_o-300x187.png 300w, https:\/\/www.teeninduskool.ee\/wp-content\/uploads\/2017\/11\/18697566_1466020186801731_69786880_o-768x479.png 768w, https:\/\/www.teeninduskool.ee\/wp-content\/uploads\/2017\/11\/18697566_1466020186801731_69786880_o-1024x639.png 1024w, https:\/\/www.teeninduskool.ee\/wp-content\/uploads\/2017\/11\/18697566_1466020186801731_69786880_o.png 2048w\" sizes=\"auto, (max-width: 300px) 100vw, 300px\" \/><\/a><\/p>\n<p>Igan\u00e4dalased proovid toimuvad alates oktoobri keskpaigast 11.30-11.50 aulas v\u00f5i A106, kus osaletakse vastavalt oma tunniplaanile, vahetult enne etendusi on proovid ka peale tunde. Proove juhendavad \u00f5petaja Annely Kallo ja \/ v\u00f5i trupivanem Kristina Velba.\u00a0Lood kirjutab valmis ja toob lavale juhendaja\u00a0<span class=\"il\">Annely<\/span>\u00a0<span class=\"il\">Kallo<\/span>, \u00f5ppurid on alati oodatud k\u00e4tt proovima ka valgus ja heliefetide ja muude lavataguste t\u00f6\u00f6dega.<\/p>\n<p>Igal aastal tuuakse lavale ka \u00fcks pikk lugu \u2013 40-50 min, millega k\u00e4iakse v\u00f5istlemas festivalidel Kanutiaia Kann ja Kooliteatrite festival. Oleme saanud nii meespeaosa, meesk\u00f5rval osa kui naisn\u00e4itleja eripreemia, lisaks ka parima orginaalteksti preemia. Pika etenduse temaatika ning ajastu pakuvad v\u00e4lja trupiliikmed, etendus kantakse ette ka m\u00e4rtsi l\u00f5pul toimuval Kultuuri\u00f5htul koolis.<\/p>\n<p>Kevadel 2018 t\u00e4histab Teko \u00f5pilastetaer SEKAM oma k\u00fcmnenda Leinap\u00e4eva etendusega oma esimest juubelit. K\u00f5ik huvilised on oodatud endast teada andma <a href=\"annely.kallo@teeninduskool.ee\">Annely Kallo<\/a>le v\u00f5i E, K ja R l\u00e4bi astuma kabinetist A106.<\/p>\n","protected":false},"excerpt":{"rendered":"<p>Teko \u00f5pilasteater SEKAM on tegutsenud 2008. aastast saadik ja igal aastal tegutseb teatris umbes 20 liiget. Alati on oodatud uued tulijad, eelnev n\u00e4itlemis v\u00f5i lavastamiskogemus pole vajalik. Aastas antakse koolis kolm l\u00fchemat-10-15 minutit kestvat&#46;&#46;&#46;<\/p>\n","protected":false},"author":4,"featured_media":3978,"parent":0,"menu_order":0,"comment_status":"closed","ping_status":"closed","template":"","meta":{"footnotes":""},"class_list":["post-3977","page","type-page","status-publish","has-post-thumbnail","hentry"],"_links":{"self":[{"href":"https:\/\/www.teeninduskool.ee\/index.php?rest_route=\/wp\/v2\/pages\/3977","targetHints":{"allow":["GET"]}}],"collection":[{"href":"https:\/\/www.teeninduskool.ee\/index.php?rest_route=\/wp\/v2\/pages"}],"about":[{"href":"https:\/\/www.teeninduskool.ee\/index.php?rest_route=\/wp\/v2\/types\/page"}],"author":[{"embeddable":true,"href":"https:\/\/www.teeninduskool.ee\/index.php?rest_route=\/wp\/v2\/users\/4"}],"replies":[{"embeddable":true,"href":"https:\/\/www.teeninduskool.ee\/index.php?rest_route=%2Fwp%2Fv2%2Fcomments&post=3977"}],"version-history":[{"count":1,"href":"https:\/\/www.teeninduskool.ee\/index.php?rest_route=\/wp\/v2\/pages\/3977\/revisions"}],"predecessor-version":[{"id":11023,"href":"https:\/\/www.teeninduskool.ee\/index.php?rest_route=\/wp\/v2\/pages\/3977\/revisions\/11023"}],"wp:featuredmedia":[{"embeddable":true,"href":"https:\/\/www.teeninduskool.ee\/index.php?rest_route=\/wp\/v2\/media\/3978"}],"wp:attachment":[{"href":"https:\/\/www.teeninduskool.ee\/index.php?rest_route=%2Fwp%2Fv2%2Fmedia&parent=3977"}],"curies":[{"name":"wp","href":"https:\/\/api.w.org\/{rel}","templated":true}]}}