{"id":411,"date":"2017-03-09T12:44:22","date_gmt":"2017-03-09T10:44:22","guid":{"rendered":"https:\/\/www.teeninduskool.ee\/?page_id=411"},"modified":"2020-05-27T10:53:40","modified_gmt":"2020-05-27T07:53:40","slug":"kooli-noukogu-protokollid-2014","status":"publish","type":"page","link":"https:\/\/www.teeninduskool.ee\/?page_id=411","title":{"rendered":"Kooli n\u00f5ukogu protokollid 2014"},"content":{"rendered":"<div class=\"art-postheadericons art-metadata-icons\"><strong>2014<\/strong><\/div>\n<div class=\"art-postcontent\">\n<div class=\"art-article\">\n<ul>\n<li><strong><span title=\"kn protokoll okt 2014.pdf\"><a href=\"https:\/\/www.teeninduskool.ee\/failid\/kn\/kn%20protokoll%20okt%202014.pdf\">Tallinna Teeninduskooli n\u00f5ukogu koosoleku protokoll 1.-8.10.2014 nr 1-6\/36<\/a><\/span><\/strong><\/li>\n<\/ul>\n<ul>\n<li><strong><a href=\"https:\/\/www.teeninduskool.ee\/failid\/kn\/kn%20protokoll%2027.08.2014.pdf\">Tallinna Teeninduskooli n\u00f5ukogu koosoleku protokoll 27.08.2014 nr 1-6\/29<\/a><\/strong><\/li>\n<\/ul>\n<p><span style=\"color: #464646;\">Lisad:<br \/>\n<\/span><\/p>\n<ol>\n<li><a href=\"https:\/\/www.teeninduskool.ee\/failid\/kn\/oppekorralduseeskiri.pdf\">\u00d5<span title=\"oppekorralduseeskiri.pdf\">ppekorralduseeskiri<\/span><\/a><\/li>\n<li><a href=\"https:\/\/www.teeninduskool.ee\/failid\/kn\/tooplaanid_o_2014.pdf\">Tallinna Teeninduskooli \u00f5ppeosakonna t\u00f6\u00f6plaan 2014\/2015<\/a><\/li>\n<\/ol>\n<ul>\n<li><strong><a href=\"https:\/\/www.teeninduskool.ee\/failid\/kn\/kn%20protokoll%2026.03.2014.pdf\">Tallinna Teeninduskooli n\u00f5ukogu koosoleku\u00a0<span title=\"kn protokoll 26.03.2014.pdf\">protokoll 26.03.2014 nr 1-6\/13<\/span><\/a><\/strong><\/li>\n<\/ul>\n<p><a href=\"https:\/\/www.teeninduskool.ee\/failid\/kn\/aa%20teko%202013.pdf\">Lisa:<\/a><\/p>\n<ol>\n<li><a href=\"https:\/\/www.teeninduskool.ee\/failid\/kn\/aa%20teko%202013.pdf\">Raamatupidamise aruanne 01.01.2013-31.12.2013<\/a><\/li>\n<\/ol>\n<ul>\n<li><strong><a href=\"https:\/\/www.teeninduskool.ee\/failid\/kn\/kn%20protokoll%2019.02.2014.pdf\">Tallinna Teeninduskooli n\u00f5ukogu koosoleku protokoll 19.02.2014 nr 1-6\/7<\/a><\/strong><\/li>\n<\/ul>\n<ul>\n<li><strong><span title=\"kn protokoll 29.01.2014.pdf\"><a href=\"https:\/\/www.teeninduskool.ee\/failid\/kn\/kn%20protokoll%2029.01.2014.pdf\">Tallinna Teeninduskooli n\u00f5ukogu koosoleku protokoll 29.01.2014 nr 1-6\/3<\/a><\/span><\/strong><\/li>\n<\/ul>\n<p><span title=\"kn protokoll 29.01.2014.pdf\">Lisad:<\/span><\/p>\n<ol>\n<li><a href=\"https:\/\/www.teeninduskool.ee\/failid\/kn\/lisad%201-7_protokolli%20nr%201-6-3%20juurde.pdf\">1-7 29.01.2014 protokolli nr 1-6-3 juurde<\/a><\/li>\n<li><a href=\"https:\/\/www.teeninduskool.ee\/failid\/kn\/lisad%208-10_protokolli%201-6-3%20juurde.pdf\">8-10 29.01.2014 protokolli 1-6-3 juurde.<\/a><\/li>\n<\/ol>\n<\/div>\n<\/div>\n","protected":false},"excerpt":{"rendered":"<p>2014 Tallinna Teeninduskooli n\u00f5ukogu koosoleku protokoll 1.-8.10.2014 nr 1-6\/36 Tallinna Teeninduskooli n\u00f5ukogu koosoleku protokoll 27.08.2014 nr 1-6\/29 Lisad: \u00d5ppekorralduseeskiri Tallinna Teeninduskooli \u00f5ppeosakonna t\u00f6\u00f6plaan 2014\/2015 Tallinna Teeninduskooli n\u00f5ukogu koosoleku\u00a0protokoll 26.03.2014 nr 1-6\/13 Lisa: Raamatupidamise aruanne&#46;&#46;&#46;<\/p>\n","protected":false},"author":4,"featured_media":0,"parent":7010,"menu_order":0,"comment_status":"closed","ping_status":"closed","template":"","meta":{"footnotes":""},"class_list":["post-411","page","type-page","status-publish","hentry"],"_links":{"self":[{"href":"https:\/\/www.teeninduskool.ee\/index.php?rest_route=\/wp\/v2\/pages\/411","targetHints":{"allow":["GET"]}}],"collection":[{"href":"https:\/\/www.teeninduskool.ee\/index.php?rest_route=\/wp\/v2\/pages"}],"about":[{"href":"https:\/\/www.teeninduskool.ee\/index.php?rest_route=\/wp\/v2\/types\/page"}],"author":[{"embeddable":true,"href":"https:\/\/www.teeninduskool.ee\/index.php?rest_route=\/wp\/v2\/users\/4"}],"replies":[{"embeddable":true,"href":"https:\/\/www.teeninduskool.ee\/index.php?rest_route=%2Fwp%2Fv2%2Fcomments&post=411"}],"version-history":[{"count":2,"href":"https:\/\/www.teeninduskool.ee\/index.php?rest_route=\/wp\/v2\/pages\/411\/revisions"}],"predecessor-version":[{"id":11805,"href":"https:\/\/www.teeninduskool.ee\/index.php?rest_route=\/wp\/v2\/pages\/411\/revisions\/11805"}],"up":[{"embeddable":true,"href":"https:\/\/www.teeninduskool.ee\/index.php?rest_route=\/wp\/v2\/pages\/7010"}],"wp:attachment":[{"href":"https:\/\/www.teeninduskool.ee\/index.php?rest_route=%2Fwp%2Fv2%2Fmedia&parent=411"}],"curies":[{"name":"wp","href":"https:\/\/api.w.org\/{rel}","templated":true}]}}