{"id":419,"date":"2017-03-13T10:16:31","date_gmt":"2017-03-13T08:16:31","guid":{"rendered":"https:\/\/www.teeninduskool.ee\/?page_id=419"},"modified":"2017-03-13T10:16:31","modified_gmt":"2017-03-13T08:16:31","slug":"sisekorrast","status":"publish","type":"page","link":"https:\/\/www.teeninduskool.ee\/?page_id=419","title":{"rendered":"Sisekorrast"},"content":{"rendered":"<h2 class=\"art-postheader\">Sisekorrast<\/h2>\n<div class=\"art-postcontent\">\n<div class=\"art-article\">\n<p class=\"Default\">Kinnitatud direktori 11. septembri 2014 k\u00e4skkirjaga nr 1-1\/55<\/p>\n<p class=\"Default\"><strong>Tallinna Teeninduskooli \u00f5pilaste sisekorraeeskiri<\/strong><\/p>\n<p class=\"Default\"><strong>1. \u00dclds\u00e4tted<\/strong><\/p>\n<p class=\"Default\">1.1. Tallinna Teeninduskooli (edaspidi kool) \u00f5pilaste sisekorraeeskiri s\u00e4testab \u00f5pilaste \u00f5igused ja kohustused.<\/p>\n<p class=\"Default\">1.2. Teko \u00f5pilane on isik, kes on direktori k\u00e4skkirjaga arvatud kooli \u00f5pilaste nimekirja.<\/p>\n<p class=\"Default\">1.3.\u00d5pilane peab j\u00e4rgima kooli p\u00f5him\u00e4\u00e4ruse, \u00f5ppekorralduseeskirja, \u00f5pilaste sisekorraeeskirja ja muude \u00f5igusaktidega kehtestatud kohustusi ning kandma vastutust nende rikkumise korral.<\/p>\n<p class=\"Default\"><strong>2. \u00d5pilasel on \u00f5igus:<\/strong><\/p>\n<p class=\"Default\">2.1. v\u00f5tta osa \u00f5ppet\u00f6\u00f6st vastavalt kooli sisekorraeeskirjale;<\/p>\n<p class=\"Default\">2.2. tutvuda enne kooli \u00f5ppima asumist ja koolis \u00f5ppides \u00f5ppekavaga, kooli p\u00f5him\u00e4\u00e4ruse ning sisekorra- ja \u00f5ppekorralduseeskirjaga;<\/p>\n<p class=\"Default\">2.3. saada \u00f5ppekavaj\u00e4rgset \u00f5pet, kasutada \u00f5ppekavaj\u00e4rgses t\u00f6\u00f6s t\u00f6\u00f6vahendeid ja -materjale tasuta;<\/p>\n<p class=\"Default\">2.4. saada koolis \u00f5ppimise perioodiks \u00f5pilaspilet;<\/p>\n<p class=\"Default\">2.5. valida valikmooduleid kooli \u00f5ppekorralduseeskirjas s\u00e4testatud korras;<\/p>\n<p class=\"Default\">2.6. saada \u00f5petajalt nende t\u00f6\u00f6aja piires konsultatsioone \u00f5ppet\u00f6\u00f6d puudutavates k\u00fcsimustes;<\/p>\n<p class=\"Default\">2.7. saada \u00f5ppimise toetamiseks tasuta tugiteenuseid;<\/p>\n<p class=\"Default\">2.8. osaleda \u00f5pilasesinduse valimisel ning kandideerida \u00f5pilasesindusse;<\/p>\n<p class=\"Default\">2.9. osaleda \u00f5pilaskonna esindajana n\u00f5ukogu t\u00f6\u00f6s;<\/p>\n<p class=\"Default\">2.10. kasutada \u00f5ppev\u00e4lises tegevuses tasuta oma kooli ruume, raamatukogu, \u00f5ppe-, spordi-, tehnilisi ja muid vahendeid koolis kehtestatud korras;<\/p>\n<p class=\"Default\">2.11. saada akadeemilist puhkust \u00f5ppekorralduseeskirjas s\u00e4testatud korras;<\/p>\n<p class=\"Default\">2.12 saada toetusi ja \u00f5ppelaenu \u00f5ppetoetuste ja \u00f5ppelaenu seadusega s\u00e4testatud tingimustel ja korras;<\/p>\n<p class=\"Default\">2.13. saada toetust koolil\u00f5una kulude katmiseks seadusega s\u00e4testatud korras;<\/p>\n<p class=\"Default\">2.14. saada s\u00f5idukulu h\u00fcvitamist seadusega s\u00e4testatud korras;<\/p>\n<p class=\"Default\">2.15. p\u00f6\u00f6rduda tervislikel p\u00f5hjustel \u00f5ppet\u00f6\u00f6 ajal tervishoiuteenuse osutaja poole;<\/p>\n<p class=\"Default\">2.16. saada koolist teavet kooli \u00f5ppekorralduse ja oma \u00f5iguste kohta;<\/p>\n<p class=\"Default\">2.18. kasutada teisi seaduse, kooli p\u00f5him\u00e4\u00e4ruse ja muude \u00f5igusaktidega kehtestatud \u00f5igusi.<\/p>\n<p class=\"Default\"><strong>3. \u00d5pilane on kohustatud:<\/strong><\/p>\n<p class=\"Default\">3.1. osalema \u00f5ppet\u00f6\u00f6s ja t\u00e4itma \u00f5igeaegselt \u00f5ppekavas ette n\u00e4htud \u00fclesandeid;<\/p>\n<p class=\"Default\">3.2. j\u00f5udma tundi hilinemiseta;<\/p>\n<p class=\"Default\">3.3. v\u00f5tma \u00f5ppet\u00f6\u00f6le kaasa \u00f5ppet\u00f6\u00f6ks vajalikud vahendid ja materjalid;<\/p>\n<p class=\"Default\">3.4. puudumise korral teatama r\u00fchma- v\u00f5i praktikajuhendajale puudumise p\u00f5hjustest esimesel puudumise p\u00e4eval ja esitama kirjalikku taasesitamist v\u00f5imaldava teatise puudumise p\u00f5hjendatuks lugemiseks hiljemalt 2 p\u00e4eva jooksul p\u00e4rast \u00f5ppet\u00f6\u00f6le j\u00f5udmist;<\/p>\n<p class=\"Default\">3.5. k\u00e4ituma vastavalt \u00fcldtunnustatud moraalinormidele nii koolis kui ka v\u00e4ljaspool kooli;<\/p>\n<p class=\"Default\">3.6. t\u00e4itma t\u00f6\u00f6tervishoiu- ja tuleohutuseeskirju;<\/p>\n<p class=\"Default\">3.7. tegutsema h\u00e4daolukorras (tulekahju, veeavarii, pommi\u00e4hvardus jms) vastavalt h\u00e4daolukorra lahendamise plaanile ja kooli t\u00f6\u00f6tajate korraldustele;<\/p>\n<p class=\"Default\">3.8. riietuma korrektselt ja puhtalt, t\u00e4itma isiklikku h\u00fcgieeni n\u00f5udeid;<\/p>\n<p class=\"Default\">3.9. hoidma kooli ja praktikabaasi head mainet;<\/p>\n<p class=\"Default\">3.10. hoidma heaperemehelikult kooli ja kaas\u00f5pilaste vara ja vahendeid ning tagastama need saadud seisukorras v\u00f5i h\u00fcvitama tekitatud kahju;<\/p>\n<p class=\"Default\">3.11. j\u00e4reltundide v\u00f5i -eksamite sooritamisel varustama end isiklike t\u00f6\u00f6vahendite ja\u00a0 materjalidega;<\/p>\n<p class=\"Default\">3.12. t\u00e4itma kooli t\u00f6\u00f6tajate korraldusi;<\/p>\n<p class=\"Default\">3.13. kandma koolis kaasas \u00f5pilaspiletit ning esitama selle esimesel n\u00f5udmisel kooli t\u00f6\u00f6tajatele;<\/p>\n<p class=\"Default\">3.14. tagastama \u00f5pilaspileti peale v\u00e4ljaarvamist kooli \u00f5pilaste nimekirjast;<\/p>\n<p class=\"Default\">3.15. h\u00fcvitama \u00f5pilaspileti korduva v\u00e4ljaandmisega seotud otsesed kulud;<\/p>\n<p class=\"Default\">3.16. tagastama \u00f5igeaegselt infokogusse sealt laenutatud raamatud jm materjalid;<\/p>\n<p class=\"Default\">3.17. t\u00e4itma ja esitama ringk\u00e4igulehe koolist v\u00e4ljaarvamise korral;<\/p>\n<p class=\"Default\">3.18. t\u00e4itma teisi \u00f5igus- ja haldusaktidest tulenevaid kohustusi.<\/p>\n<p class=\"Default\"><strong>4. \u00d5pilasel on keelatud:<\/strong><\/p>\n<p class=\"Default\">4.1. k\u00e4ituda ebaviisakalt, alandada kaaskodanikke, rakendada nende vastu nii f\u00fc\u00fcsilist kui vaimset v\u00e4givalda;<\/p>\n<p class=\"Default\">4.2. rikkuda \u00f5pitava eriala kutse-eetikat;<\/p>\n<p class=\"Default\">4.3. segada kaas\u00f5pilasi ja \u00f5petajaid tunni ajal ning takistada tunni l\u00e4biviimist;<\/p>\n<p class=\"Default\">4.4. sooritada teiste \u00f5pilaste eest teadmiste kontrolli;<\/p>\n<p class=\"Default\">4.5. teadlikult esitada enesekohaseid valeandmeid;<\/p>\n<p class=\"Default\">4.6. esitada kellegi teise kirjaliku v\u00f5i praktilise t\u00f6\u00f6 osasid oma nime all ilma n\u00f5uetekohase viitamiseta vastavalt kooli \u00f5pilast\u00f6\u00f6de juhendi n\u00f5uetele;<\/p>\n<p class=\"Default\">4.7. kasutada tunni ajal info- ja kommunikatsioonitehnoloogia vahendeid mitte\u00f5ppeotstarbeliselt;<\/p>\n<p class=\"Default\">4.8. viibida klassiruumides \u00fcleriietes;<\/p>\n<p class=\"Default\">4.9. ilmuda \u00f5ppet\u00f6\u00f6le alkoholi-, narkootilises v\u00f5i toksilises joobes v\u00f5i ps\u00fchhotroopse aine m\u00f5ju all;<\/p>\n<p class=\"Default\">4.10. omada, tarvitada ja levitada alkoholi, narkootilisi ning uimastavaid aineid, k\u00fclm- ja tulirelvi (v.a toitlustamise erialade praktilised tunnid, kus nugade omamine ja kasutamine on lubatud);<\/p>\n<p class=\"Default\">4.11. suitsetada kooli ruumides ja territooriumil, tarbida e-sigarette ning mokatubakat;<\/p>\n<p class=\"Default\">4.12. m\u00e4ngida kooli ruumides hasartm\u00e4nge, sealhulgas kaardim\u00e4nge.<\/p>\n<p class=\"Default\"><strong>5. \u00d5pilaste tunnustamine ja m\u00f5jutusmeetmete rakendamine<\/strong><\/p>\n<p class=\"Default\">5.1. \u00d5pilaste tunnustamine toimub vastavalt \u00f5ppekorralduseeskirjale.<\/p>\n<p>5.2. Koolil on \u00f5igus l\u00f5petada v\u00f5i peatada \u00f5pilasele \u00f5ppetoetuse maksmine vastavalt \u201cTallinna Teeninduskooli \u00f5pilaste oluliste rikkumiste loetelule\u201c.<\/p>\n<p class=\"Default\">5.3. \u00d5pilase suhtes v\u00f5ib \u00f5ppev\u00f5lgnevuste, \u00f5ppet\u00f6\u00f6st p\u00f5hjuseta puudumise v\u00f5i \u00f5pilaste sisekorraeeskirjade rikkumise eest rakendada j\u00e4rgmisi m\u00f5jutusmeetmeid:<\/p>\n<p class=\"Default\">1) m\u00e4rkus (suuline);<\/p>\n<p class=\"Default\">2) m\u00e4rkus kooli infos\u00fcsteemis (rikkumised);<\/p>\n<p class=\"Default\">3) noomitus (kirjalik);<\/p>\n<p class=\"Default\">4) tingimisi kooli j\u00e4tmine;<\/p>\n<p>6) koolist v\u00e4ljaarvamine.<\/p>\n<p><a href=\"https:\/\/www.teeninduskool.ee\/failid\/opilasele\/pilaste_sisekorraeeskiri_kodulehele.pdf\"><img decoding=\"async\" src=\"https:\/\/www.teeninduskool.ee\/media\/com_spdownload\/images\/mime-icon-32\/pdf.png\" border=\"0\" \/><span title=\"pilaste_sisekorraeeskiri_kodulehele.pdf\">\u00d5pilaste sisekorraeeskiri.pdf<\/span><\/a><\/p>\n<\/div>\n<\/div>\n","protected":false},"excerpt":{"rendered":"<p>Sisekorrast Kinnitatud direktori 11. septembri 2014 k\u00e4skkirjaga nr 1-1\/55 Tallinna Teeninduskooli \u00f5pilaste sisekorraeeskiri 1. \u00dclds\u00e4tted 1.1. Tallinna Teeninduskooli (edaspidi kool) \u00f5pilaste sisekorraeeskiri s\u00e4testab \u00f5pilaste \u00f5igused ja kohustused. 1.2. Teko \u00f5pilane on isik, kes on&#46;&#46;&#46;<\/p>\n","protected":false},"author":4,"featured_media":0,"parent":363,"menu_order":0,"comment_status":"closed","ping_status":"closed","template":"","meta":{"footnotes":""},"class_list":["post-419","page","type-page","status-publish","hentry"],"_links":{"self":[{"href":"https:\/\/www.teeninduskool.ee\/index.php?rest_route=\/wp\/v2\/pages\/419","targetHints":{"allow":["GET"]}}],"collection":[{"href":"https:\/\/www.teeninduskool.ee\/index.php?rest_route=\/wp\/v2\/pages"}],"about":[{"href":"https:\/\/www.teeninduskool.ee\/index.php?rest_route=\/wp\/v2\/types\/page"}],"author":[{"embeddable":true,"href":"https:\/\/www.teeninduskool.ee\/index.php?rest_route=\/wp\/v2\/users\/4"}],"replies":[{"embeddable":true,"href":"https:\/\/www.teeninduskool.ee\/index.php?rest_route=%2Fwp%2Fv2%2Fcomments&post=419"}],"version-history":[{"count":0,"href":"https:\/\/www.teeninduskool.ee\/index.php?rest_route=\/wp\/v2\/pages\/419\/revisions"}],"up":[{"embeddable":true,"href":"https:\/\/www.teeninduskool.ee\/index.php?rest_route=\/wp\/v2\/pages\/363"}],"wp:attachment":[{"href":"https:\/\/www.teeninduskool.ee\/index.php?rest_route=%2Fwp%2Fv2%2Fmedia&parent=419"}],"curies":[{"name":"wp","href":"https:\/\/api.w.org\/{rel}","templated":true}]}}